{"id":6111,"date":"2010-05-04T10:23:39","date_gmt":"2010-05-04T08:23:39","guid":{"rendered":"http:\/\/blogs.uni-paderborn.de\/mia\/?page_id=6111"},"modified":"2016-01-18T20:07:25","modified_gmt":"2016-01-18T19:07:25","slug":"informationen","status":"publish","type":"page","link":"https:\/\/blogs.uni-paderborn.de\/mia\/informationen\/","title":{"rendered":"Informationen rund um die Uni"},"content":{"rendered":"<div class=\"twoclick_social_bookmarks_post_6111 social_share_privacy clearfix 1.6.4 locale-de_DE sprite-de_DE\"><\/div><div class=\"twoclick-js\"><script type=\"text\/javascript\">\/* <![CDATA[ *\/\njQuery(document).ready(function($){if($('.twoclick_social_bookmarks_post_6111')){$('.twoclick_social_bookmarks_post_6111').socialSharePrivacy({\"txt_help\":\"Wenn Sie diese Felder durch einen Klick aktivieren, werden Informationen an Facebook, Twitter, Flattr, Xing, t3n, LinkedIn, Pinterest oder Google eventuell ins Ausland \\u00fcbertragen und unter Umst\\u00e4nden auch dort gespeichert. N\\u00e4heres erfahren Sie durch einen Klick auf das <em>i<\\\/em>.\",\"settings_perma\":\"Dauerhaft aktivieren und Daten\\u00fcber-tragung zustimmen:\",\"info_link\":\"http:\\\/\\\/www.heise.de\\\/ct\\\/artikel\\\/2-Klicks-fuer-mehr-Datenschutz-1333879.html\",\"uri\":\"https:\\\/\\\/blogs.uni-paderborn.de\\\/mia\\\/informationen\\\/\",\"post_id\":6111,\"post_title_referrer_track\":\"Informationen+rund+um+die+Uni\",\"display_infobox\":\"on\"});}});\n\/* ]]> *\/<\/script><\/div><p><a href=\"http:\/\/www.uni-paderborn.de\/fileadmin\/gleichstellungsbeauftragte\/gleichstellungsbeauftragte\/download\/gesetze\/Rahmenplan2009.pdf\">Rahmenplan zur Gleichstellung von Frauen und M\u00e4nnern an der Universit\u00e4t Paderborn (2009)<\/a><\/p>\n<p>&nbsp;<\/p>\n<p><a href=\"http:\/\/www.uni-paderborn.de\/fileadmin\/gleichstellungsbeauftragte\/gleichstellungsbeauftragte\/download\/information\/BerichtRahmenplan.pdf\">Bericht zum Rahmenplan zur Gleichstellung von Frauen und M\u00e4nnern an der Universit\u00e4t Paderborn (2005-2008)<\/a><\/p>\n<p><a href=\"http:\/\/www.uni-paderborn.de\/universitaet\/gleichstellungsbeauftragte\/frauenfoerderplaene\/\">Frauenf\u00f6rderpl\u00e4ne<\/a><\/p>\n<p><a href=\"http:\/\/www.uni-paderborn.de\/universitaet\/gleichstellungsbeauftragte\/gleichstellungskonzepte\/\">Gleichstellunkskonzepte<\/a><\/p>\n<p><a href=\"http:\/\/www.uni-paderborn.de\/universitaet\/gleichstellungsbeauftragte\/forschungsorientierte-gleichstellungsstandards\/\">Forschungsorientierte Gleichstellungsstandards<\/a><\/p>\n<p><a href=\"http:\/\/www.uni-paderborn.de\/universitaet\/gleichstellungsbeauftragte\/rechtliche-grundlagen\/\">Rechtliche Grundlagen<\/a><\/p>\n","protected":false},"excerpt":{"rendered":"<p>Rahmenplan zur Gleichstellung von Frauen und M\u00e4nnern an der Universit\u00e4t Paderborn (2009) &nbsp; Bericht zum Rahmenplan zur Gleichstellung von Frauen und M\u00e4nnern an der Universit\u00e4t Paderborn (2005-2008) Frauenf\u00f6rderpl\u00e4ne Gleichstellunkskonzepte Forschungsorientierte Gleichstellungsstandards Rechtliche Grundlagen<\/p>\n","protected":false},"author":1,"featured_media":0,"parent":0,"menu_order":5,"comment_status":"closed","ping_status":"closed","template":"","meta":{"footnotes":""},"class_list":["post-6111","page","type-page","status-publish","hentry"],"_links":{"self":[{"href":"https:\/\/blogs.uni-paderborn.de\/mia\/wp-json\/wp\/v2\/pages\/6111","targetHints":{"allow":["GET"]}}],"collection":[{"href":"https:\/\/blogs.uni-paderborn.de\/mia\/wp-json\/wp\/v2\/pages"}],"about":[{"href":"https:\/\/blogs.uni-paderborn.de\/mia\/wp-json\/wp\/v2\/types\/page"}],"author":[{"embeddable":true,"href":"https:\/\/blogs.uni-paderborn.de\/mia\/wp-json\/wp\/v2\/users\/1"}],"replies":[{"embeddable":true,"href":"https:\/\/blogs.uni-paderborn.de\/mia\/wp-json\/wp\/v2\/comments?post=6111"}],"version-history":[{"count":13,"href":"https:\/\/blogs.uni-paderborn.de\/mia\/wp-json\/wp\/v2\/pages\/6111\/revisions"}],"predecessor-version":[{"id":29071,"href":"https:\/\/blogs.uni-paderborn.de\/mia\/wp-json\/wp\/v2\/pages\/6111\/revisions\/29071"}],"wp:attachment":[{"href":"https:\/\/blogs.uni-paderborn.de\/mia\/wp-json\/wp\/v2\/media?parent=6111"}],"curies":[{"name":"wp","href":"https:\/\/api.w.org\/{rel}","templated":true}]}}