{"id":60,"date":"2009-05-20T19:40:22","date_gmt":"2009-05-20T17:40:22","guid":{"rendered":"https:\/\/home.z0id.net\/afpb\/?page_id=60"},"modified":"2017-10-17T21:21:57","modified_gmt":"2017-10-17T20:21:57","slug":"wer-sind-wir","status":"publish","type":"page","link":"https:\/\/blogs.uni-paderborn.de\/mia\/wer-sind-wir\/","title":{"rendered":"Wer sind wir?"},"content":{"rendered":"<div class=\"twoclick_social_bookmarks_post_60 social_share_privacy clearfix 1.6.4 locale-de_DE sprite-de_DE\"><\/div><div class=\"twoclick-js\"><script type=\"text\/javascript\">\/* <![CDATA[ *\/\njQuery(document).ready(function($){if($('.twoclick_social_bookmarks_post_60')){$('.twoclick_social_bookmarks_post_60').socialSharePrivacy({\"txt_help\":\"Wenn Sie diese Felder durch einen Klick aktivieren, werden Informationen an Facebook, Twitter, Flattr, Xing, t3n, LinkedIn, Pinterest oder Google eventuell ins Ausland \\u00fcbertragen und unter Umst\\u00e4nden auch dort gespeichert. N\\u00e4heres erfahren Sie durch einen Klick auf das <em>i<\\\/em>.\",\"settings_perma\":\"Dauerhaft aktivieren und Daten\\u00fcber-tragung zustimmen:\",\"info_link\":\"http:\\\/\\\/www.heise.de\\\/ct\\\/artikel\\\/2-Klicks-fuer-mehr-Datenschutz-1333879.html\",\"uri\":\"https:\\\/\\\/blogs.uni-paderborn.de\\\/mia\\\/wer-sind-wir\\\/\",\"post_id\":60,\"post_title_referrer_track\":\"Wer+sind+wir%3F\",\"display_infobox\":\"on\"});}});\n\/* ]]> *\/<\/script><\/div><p>Wir von MIA, dem Gender- und Frauenprojektbereich der Universit\u00e4t Paderborn, sind Student_innen, die sich f\u00fcr die Gleichstellung von Frauen an unserer Universit\u00e4t und auch au\u00dferhalb davon stark machen. Wir m\u00f6chten \u00fcber aktuelle Geschlechterdebatten informieren, auf Asymmetrien im Geschlechterverh\u00e4ltnis und damit verbundenen Ungerechtigkeiten aufmerksam machen, ihnen entgegenarbeiten und gemeinsam mit euch diskutieren. In unserem Verst\u00e4ndnis von \u201aGeschlecht als soziale Konstruktion\u2018 sind ebenso andere Intersektionen wie beispielsweise die h\u00e4ufig betrachtete Trias \u201egender \u2013 race \u2013 class\u201c mitgedacht \u2013 so dass wir uns gegen \u00a0Diskriminierung auf einer breiten Ebene einsetzen m\u00f6chten.<\/p>\n<p>Auch heute noch wirken frauenfeindliche Strukturen im Unialltag auf uns ein, sexuelle Bel\u00e4stigung oder geschlechtsspezifische Benachteiligung sind da nur zwei Beispiele. Betroffenen stehen wir mit Rat und Tat und einem offenen Ohr zur Seite und helfen gegebenenfalls bei der Wahl vertrauensw\u00fcrdiger Beratungsstellen.<\/p>\n<p>Weiterhin informieren wir \u00fcber spannende Veranstaltungen und organisieren eigene Aktionen, Vortr\u00e4ge, Ausstellungen oder Filmreihen, die sich mit Frauen- und Geschlechter-Themen besch\u00e4ftigen. Es lohnt sich also, immer mal wieder bei uns unter \u201aVeranstaltungen\u2018 zu st\u00f6bern.<\/p>\n<p>Unser Raum (P 9.210 \u2013 im ehemaligen PLAZ), steht im Semester jeden Mittwoch zwischen 13:00 und 14:00 f\u00fcr alle offen, die verschnaufen, diskutieren oder einfach nur einen Kaffee mit uns trinken wollen. Au\u00dferdem haben wir \u00fcber die Jahre eine beachtliche kleine Bibliothek aufgebaut, in der Ihr in Examens- und Diplomarbeiten zur Frauenbewegung, spezifischer Frauenalltagserfahrung oder diverser Diskriminierungserfahrungen, sowie feministischen Zeitschriften, B\u00fcchern und Bildb\u00e4nden schm\u00f6kern k\u00f6nnt. Mit dem Ziel der Geschlechtergleichberechtigung steht unsere T\u00fcr selbstverst\u00e4ndlich jedem Gender offen.<\/p>\n","protected":false},"excerpt":{"rendered":"<p>Wir von MIA, dem Gender- und Frauenprojektbereich der Universit\u00e4t Paderborn, sind Student_innen, die sich f\u00fcr die Gleichstellung von Frauen an unserer Universit\u00e4t und auch au\u00dferhalb davon stark machen. Wir m\u00f6chten \u00fcber aktuelle Geschlechterdebatten informieren, auf Asymmetrien im Geschlechterverh\u00e4ltnis und damit verbundenen Ungerechtigkeiten aufmerksam machen, ihnen entgegenarbeiten und gemeinsam mit euch diskutieren. In unserem Verst\u00e4ndnis von &hellip; <a href=\"https:\/\/blogs.uni-paderborn.de\/mia\/wer-sind-wir\/\" class=\"more-link\"><span class=\"screen-reader-text\">\u201eWer sind wir?\u201c <\/span>weiterlesen<\/a><\/p>\n","protected":false},"author":1,"featured_media":0,"parent":0,"menu_order":1,"comment_status":"closed","ping_status":"open","template":"","meta":{"footnotes":""},"class_list":["post-60","page","type-page","status-publish","hentry"],"_links":{"self":[{"href":"https:\/\/blogs.uni-paderborn.de\/mia\/wp-json\/wp\/v2\/pages\/60","targetHints":{"allow":["GET"]}}],"collection":[{"href":"https:\/\/blogs.uni-paderborn.de\/mia\/wp-json\/wp\/v2\/pages"}],"about":[{"href":"https:\/\/blogs.uni-paderborn.de\/mia\/wp-json\/wp\/v2\/types\/page"}],"author":[{"embeddable":true,"href":"https:\/\/blogs.uni-paderborn.de\/mia\/wp-json\/wp\/v2\/users\/1"}],"replies":[{"embeddable":true,"href":"https:\/\/blogs.uni-paderborn.de\/mia\/wp-json\/wp\/v2\/comments?post=60"}],"version-history":[{"count":13,"href":"https:\/\/blogs.uni-paderborn.de\/mia\/wp-json\/wp\/v2\/pages\/60\/revisions"}],"predecessor-version":[{"id":29393,"href":"https:\/\/blogs.uni-paderborn.de\/mia\/wp-json\/wp\/v2\/pages\/60\/revisions\/29393"}],"wp:attachment":[{"href":"https:\/\/blogs.uni-paderborn.de\/mia\/wp-json\/wp\/v2\/media?parent=60"}],"curies":[{"name":"wp","href":"https:\/\/api.w.org\/{rel}","templated":true}]}}