{"id":43,"date":"2009-05-18T13:37:32","date_gmt":"2009-05-18T11:37:32","guid":{"rendered":"https:\/\/home.z0id.net\/afpb\/?page_id=43"},"modified":"2010-05-26T21:53:12","modified_gmt":"2010-05-26T19:53:12","slug":"links","status":"publish","type":"page","link":"https:\/\/blogs.uni-paderborn.de\/mia\/links\/","title":{"rendered":"Links"},"content":{"rendered":"<div class=\"twoclick_social_bookmarks_post_43 social_share_privacy clearfix 1.6.4 locale-de_DE sprite-de_DE\"><\/div><div class=\"twoclick-js\"><script type=\"text\/javascript\">\/* <![CDATA[ *\/\njQuery(document).ready(function($){if($('.twoclick_social_bookmarks_post_43')){$('.twoclick_social_bookmarks_post_43').socialSharePrivacy({\"txt_help\":\"Wenn Sie diese Felder durch einen Klick aktivieren, werden Informationen an Facebook, Twitter, Flattr, Xing, t3n, LinkedIn, Pinterest oder Google eventuell ins Ausland \\u00fcbertragen und unter Umst\\u00e4nden auch dort gespeichert. N\\u00e4heres erfahren Sie durch einen Klick auf das <em>i<\\\/em>.\",\"settings_perma\":\"Dauerhaft aktivieren und Daten\\u00fcber-tragung zustimmen:\",\"info_link\":\"http:\\\/\\\/www.heise.de\\\/ct\\\/artikel\\\/2-Klicks-fuer-mehr-Datenschutz-1333879.html\",\"uri\":\"https:\\\/\\\/blogs.uni-paderborn.de\\\/mia\\\/links\\\/\",\"post_id\":43,\"post_title_referrer_track\":\"Links\",\"display_infobox\":\"on\"});}});\n\/* ]]> *\/<\/script><\/div><p><strong><span style=\"text-decoration: underline;\"><big><a href=\"http:\/\/www.uni-paderborn.de\/\">Uni Paderborn<\/a> <\/big><\/span><\/strong><br \/>\n<a href=\"http:\/\/groups.uni-paderborn.de\/gleichstellungsbeauftragte\/\">Gleichstellungsbeauftragte<\/a><br \/>\n<a href=\"http:\/\/asta.upb.de:7080\/asta-site\/\">AStA &#8211; Allgemeiner Studierendenausschuss<\/a><br \/>\n<a href=\"http:\/\/groups.uni-paderborn.de\/pluss\/\">P.l.u.s.S. &#8211; Paderborner lesbische und schwule Studierende<\/a><br \/>\n<a href=\"https:\/\/kw.uni-paderborn.de\/institute-einrichtungen\/gender-studien\/\" target=\"_blank\">Zentrum f\u00fcr Gender-Studien in Forschung und Lehre<\/a><br \/>\n<a href=\"http:\/\/www.uni-paderborn.de\/universitaet\/familiengerechte-hochschule\/informationen-fuer-beschaeftigte\/mutterschutz\/\" target=\"_blank\">Familiengerechte Hochschule<\/a><br \/>\n<a href=\"http:\/\/www.girls-day.de\/\" target=\"_blank\">Girls&#8216; Day<\/a><\/p>\n<p><strong><span style=\"text-decoration: underline;\"><big>Politisches:<\/big><\/span><\/strong><br \/>\n<a href=\"http:\/\/groups.uni-paderborn.de\/gleichstellungsbeauftragte\/gesetze\/ges3_a.php\">Gesetz zur Gleichstellung von Frauen und M\u00e4nnern in NRW<\/a><br \/>\n<a href=\"http:\/\/www.bmfsfj.de\">Bundesministerium f\u00fcr Familie, Seniore, Frauen und Jugend<\/a><br \/>\n<a href=\"http:\/\/www.frauenrat.de\/\">Deutscher Frauenrat<\/a><br \/>\n<a href=\"http:\/\/www.frauennrw.de\/\" target=\"_blank\">Frauen NRW <\/a><br \/>\n<a href=\"http:\/\/www1.bpb.de\" target=\"_blank\">Bundeszentrale f\u00fcr politische Bildung<\/a><\/p>\n<p><strong><span style=\"text-decoration: underline;\"><big>Beratungstellen:<\/big><\/span><\/strong><br \/>\n<a href=\"http:\/\/www.frauennotrufe.de\/index.php?dok_id=80\">Bundesverband Frauenberatungsstellen und Frauennotrufe<\/a><br \/>\n<a href=\"http:\/\/hilfe-fuer-maedchen.de\/\">Online-Forum f\u00fcr M\u00e4dchen<\/a><br \/>\n<a href=\"http:\/\/www.wildwasser.de\/\">wildwasser.de &#8211; Gegen sexuelle Gewalt<\/a><br \/>\n<a href=\"http:\/\/www.skf-paderborn.com\/\">Sozialdienst katholischer Frauen e.V.<\/a><br \/>\n<a href=\"http:\/\/www.profamilia.de\/article\/show\/23231.html?PHPSESSID=6834ae20e59296492687e789b580eb0c\">ProFamilia<\/a><br \/>\n<a href=\"http:\/\/www.lilith-paderborn.de\/\">Lilith<\/a><br \/>\n<a href=\"http:\/\/www.fbz-pb.de\/home.html\">Freies Beratungszentrum<\/a><\/p>\n<p><strong><span style=\"text-decoration: underline;\"><big>Verb\u00e4nde \/ Vereine \/ Netzwerke:<\/big><\/span><\/strong><br \/>\n<a href=\"http:\/\/www.d-fr.de\/\">Deutscher Frauenring e.V.<\/a><br \/>\n<a href=\"http:\/\/www.terre-des-femmes.de\/\">Terre des femmes e.V. &#8211; Menschenrechte f\u00fcr Frauen<\/a><a href=\"http:\/\/www.netzwerk-frauenforschung.de\/\"><\/a><br \/>\n<a href=\"http:\/\/www.netzwerk-frauenforschung.de\/\">Netzwerk Frauenforschung<\/a><br \/>\n<a href=\"http:\/\/www.lsvd.de\/\">Lesben- und Schwulenverband in Deutschland<\/a><br \/>\n<a href=\"http:\/\/www.bag-forsa.de\/index.htm\">BAG &#8211; Bundesarbeitsgemeinschaft Feministischer Projekte gg. sexuelle Gewalt an M\u00e4dchen u. Frauen e.V.<\/a><br \/>\n<a href=\"http:\/\/www.woman.de\/\" target=\"_blank\">WOMAN &#8211; Frauenseiten im Internet<\/a><br \/>\n<a href=\"http:\/\/www.freiburger-netzfrauen.de\" target=\"_blank\">Freiburger Netzfrauen e.V.<\/a><br \/>\n<a href=\"http:\/\/www.addf-kassel.de\/\" target=\"_blank\"><span class=\"h3\">Stiftung Archiv der deutschen Frauenbewegung<\/span><\/a><br \/>\n<a href=\"http:\/\/genderblog.de\/\" target=\"_blank\">Genderblog<\/a><\/p>\n<p><strong><span style=\"text-decoration: underline;\"><big>Zeitschriften:<\/big><\/span><\/strong><br \/>\n<a href=\"http:\/\/www.gazelle-magazin.de\/\">Gazelle<\/a><br \/>\n<a href=\"http:\/\/www.emma.de\/\">Emma<\/a><br \/>\n<a href=\"http:\/\/missy-magazine.de\/\" target=\"_blank\">Missy Magazine<\/a><br \/>\n<a href=\"http:\/\/www.femina-politica.de\/\" target=\"_blank\">Femina Politica<\/a><br \/>\n<a href=\"http:\/\/www.feministische-studien.de\/\" target=\"_blank\">Feministische Studien<\/a><br \/>\n<a href=\"http:\/\/www.womanticker.net\/\" target=\"_blank\">Womanticker<\/a><\/p>\n<p><strong><span style=\"text-decoration: underline;\"><big>Homosexualit\u00e4t:<\/big><\/span><\/strong><br \/>\n<a href=\"http:\/\/libs.w4w.net\/\">Lesben Informations- und Beratungsstelle<\/a><\/p>\n<p><strong><span style=\"text-decoration: underline;\"><big>Sonstiges:<\/big><\/span><\/strong><br \/>\n<a href=\"http:\/\/www.wdr.de\/tv\/frautv\/\">FrauTV<\/a><br \/>\n<a href=\"http:\/\/www.fembio.org\/biographie.php\">Frauen.Biografieforschung<\/a><br \/>\n<a href=\"http:\/\/monalisa.zdf.de\/ZDFde\/inhalt\/18\/0,1872,1020210,00.html?dr=1\">ZDF Mona Lisa<\/a><br \/>\n<a href=\"http:\/\/www.unternehmerinnenschule-pb.de\/\"> Unternehmerinnenschule Paderborn<\/a><br \/>\n<a href=\"http:\/\/femconsult.de\/femconsult\/LuceneQuery?style=home\">FemConsult<\/a><br \/>\n<a href=\"http:\/\/maedchenmannschaft.net\/\">M\u00e4dchenmannschaft<\/a><\/p>\n","protected":false},"excerpt":{"rendered":"<p>Uni Paderborn Gleichstellungsbeauftragte AStA &#8211; Allgemeiner Studierendenausschuss P.l.u.s.S. &#8211; Paderborner lesbische und schwule Studierende Zentrum f\u00fcr Gender-Studien in Forschung und Lehre Familiengerechte Hochschule Girls&#8216; Day Politisches: Gesetz zur Gleichstellung von Frauen und M\u00e4nnern in NRW Bundesministerium f\u00fcr Familie, Seniore, Frauen und Jugend Deutscher Frauenrat Frauen NRW Bundeszentrale f\u00fcr politische Bildung Beratungstellen: Bundesverband Frauenberatungsstellen und Frauennotrufe &hellip; <a href=\"https:\/\/blogs.uni-paderborn.de\/mia\/links\/\" class=\"more-link\"><span class=\"screen-reader-text\">\u201eLinks\u201c <\/span>weiterlesen<\/a><\/p>\n","protected":false},"author":1,"featured_media":0,"parent":0,"menu_order":8,"comment_status":"closed","ping_status":"open","template":"","meta":{"footnotes":""},"class_list":["post-43","page","type-page","status-publish","hentry"],"_links":{"self":[{"href":"https:\/\/blogs.uni-paderborn.de\/mia\/wp-json\/wp\/v2\/pages\/43","targetHints":{"allow":["GET"]}}],"collection":[{"href":"https:\/\/blogs.uni-paderborn.de\/mia\/wp-json\/wp\/v2\/pages"}],"about":[{"href":"https:\/\/blogs.uni-paderborn.de\/mia\/wp-json\/wp\/v2\/types\/page"}],"author":[{"embeddable":true,"href":"https:\/\/blogs.uni-paderborn.de\/mia\/wp-json\/wp\/v2\/users\/1"}],"replies":[{"embeddable":true,"href":"https:\/\/blogs.uni-paderborn.de\/mia\/wp-json\/wp\/v2\/comments?post=43"}],"version-history":[{"count":77,"href":"https:\/\/blogs.uni-paderborn.de\/mia\/wp-json\/wp\/v2\/pages\/43\/revisions"}],"predecessor-version":[{"id":6671,"href":"https:\/\/blogs.uni-paderborn.de\/mia\/wp-json\/wp\/v2\/pages\/43\/revisions\/6671"}],"wp:attachment":[{"href":"https:\/\/blogs.uni-paderborn.de\/mia\/wp-json\/wp\/v2\/media?parent=43"}],"curies":[{"name":"wp","href":"https:\/\/api.w.org\/{rel}","templated":true}]}}