{"id":3991,"date":"2009-10-29T10:26:18","date_gmt":"2009-10-29T08:26:18","guid":{"rendered":"http:\/\/blogs.uni-paderborn.de\/mia\/?page_id=3991"},"modified":"2010-05-04T10:36:21","modified_gmt":"2010-05-04T08:36:21","slug":"sicherheitsservice","status":"publish","type":"page","link":"https:\/\/blogs.uni-paderborn.de\/mia\/informationen\/sicherheitsservice\/","title":{"rendered":"Sicherheitsservice"},"content":{"rendered":"<div class=\"twoclick_social_bookmarks_post_3991 social_share_privacy clearfix 1.6.4 locale-de_DE sprite-de_DE\"><\/div><div class=\"twoclick-js\"><script type=\"text\/javascript\">\/* <![CDATA[ *\/\njQuery(document).ready(function($){if($('.twoclick_social_bookmarks_post_3991')){$('.twoclick_social_bookmarks_post_3991').socialSharePrivacy({\"txt_help\":\"Wenn Sie diese Felder durch einen Klick aktivieren, werden Informationen an Facebook, Twitter, Flattr, Xing, t3n, LinkedIn, Pinterest oder Google eventuell ins Ausland \\u00fcbertragen und unter Umst\\u00e4nden auch dort gespeichert. N\\u00e4heres erfahren Sie durch einen Klick auf das <em>i<\\\/em>.\",\"settings_perma\":\"Dauerhaft aktivieren und Daten\\u00fcber-tragung zustimmen:\",\"info_link\":\"http:\\\/\\\/www.heise.de\\\/ct\\\/artikel\\\/2-Klicks-fuer-mehr-Datenschutz-1333879.html\",\"uri\":\"https:\\\/\\\/blogs.uni-paderborn.de\\\/mia\\\/informationen\\\/sicherheitsservice\\\/\",\"post_id\":3991,\"post_title_referrer_track\":\"Sicherheitsservice\",\"display_infobox\":\"on\"});}});\n\/* ]]> *\/<\/script><\/div><p><strong>Sicherheit in den Nachtstunden und am Wochenende<\/strong><\/p>\n<p>In den Nachtstunden und am Wochenende k\u00f6nnen Sie folgende speziellen Serviceleistungen in Anspruch nehmen:<\/p>\n<ul>\n<li>An der Theke der Ortsleihe kann gegen Hinterlegung des Bibliotheksausweises ein Bodyalarmger\u00e4t entliehen werden. Dieses kann bei Gefahr in einfacher Weise bet\u00e4tigt werden und erzeugt einen lauten Alarmton.<\/li>\n<li>Im Eingangsbereich der Bibliothek in der N\u00e4he des Informationszentrums stehen zwei Lesearbeitspl\u00e4tze f\u00fcr Frauen zur Verf\u00fcgung. Diese sind in der Zeit von 20.00 bis 24.00 Uhr f\u00fcr Frauen reserviert bzw. m\u00fcssen f\u00fcr diese zur Benutzung freigegeben werden.<\/li>\n<li>In der Zeit von 20.00 bis 24.00 Uhr besteht die M\u00f6glichkeit, den \u00fcber den Wachdienst der Universit\u00e4t angebotenen Service &#8222;Sicherheitsbegleitung f\u00fcr Frauen&#8220; f\u00fcr Wege vom Arbeitsplatz zu einem Parkplatz auf dem Universit\u00e4tsgel\u00e4nde bzw. zu einer Bushaltestelle an der Universit\u00e4t in Anspruch zu nehmen. Der Service kann auch f\u00fcr den n\u00e4chtlichen Weg aus der Bibliothek angefordert werden unter der Telefon-Nummer 05251\/60-2499.<\/li>\n<\/ul>\n<p>Nach 20.00 Uhr macht der Wachdienst der Universit\u00e4t n\u00e4chtliche Rundg\u00e4nge durch die Bibliothek.<\/p>\n<h6>Quelle: http:\/\/www.ub.uni-paderborn.de\/b-u-s\/sicherheit.shtml<\/h6>\n","protected":false},"excerpt":{"rendered":"<p>Sicherheit in den Nachtstunden und am Wochenende In den Nachtstunden und am Wochenende k\u00f6nnen Sie folgende speziellen Serviceleistungen in Anspruch nehmen: An der Theke der Ortsleihe kann gegen Hinterlegung des Bibliotheksausweises ein Bodyalarmger\u00e4t entliehen werden. Dieses kann bei Gefahr in einfacher Weise bet\u00e4tigt werden und erzeugt einen lauten Alarmton. Im Eingangsbereich der Bibliothek in der &hellip; <a href=\"https:\/\/blogs.uni-paderborn.de\/mia\/informationen\/sicherheitsservice\/\" class=\"more-link\"><span class=\"screen-reader-text\">\u201eSicherheitsservice\u201c <\/span>weiterlesen<\/a><\/p>\n","protected":false},"author":1,"featured_media":0,"parent":6111,"menu_order":3,"comment_status":"closed","ping_status":"open","template":"","meta":{"footnotes":""},"class_list":["post-3991","page","type-page","status-publish","hentry"],"_links":{"self":[{"href":"https:\/\/blogs.uni-paderborn.de\/mia\/wp-json\/wp\/v2\/pages\/3991","targetHints":{"allow":["GET"]}}],"collection":[{"href":"https:\/\/blogs.uni-paderborn.de\/mia\/wp-json\/wp\/v2\/pages"}],"about":[{"href":"https:\/\/blogs.uni-paderborn.de\/mia\/wp-json\/wp\/v2\/types\/page"}],"author":[{"embeddable":true,"href":"https:\/\/blogs.uni-paderborn.de\/mia\/wp-json\/wp\/v2\/users\/1"}],"replies":[{"embeddable":true,"href":"https:\/\/blogs.uni-paderborn.de\/mia\/wp-json\/wp\/v2\/comments?post=3991"}],"version-history":[{"count":15,"href":"https:\/\/blogs.uni-paderborn.de\/mia\/wp-json\/wp\/v2\/pages\/3991\/revisions"}],"predecessor-version":[{"id":29452,"href":"https:\/\/blogs.uni-paderborn.de\/mia\/wp-json\/wp\/v2\/pages\/3991\/revisions\/29452"}],"up":[{"embeddable":true,"href":"https:\/\/blogs.uni-paderborn.de\/mia\/wp-json\/wp\/v2\/pages\/6111"}],"wp:attachment":[{"href":"https:\/\/blogs.uni-paderborn.de\/mia\/wp-json\/wp\/v2\/media?parent=3991"}],"curies":[{"name":"wp","href":"https:\/\/api.w.org\/{rel}","templated":true}]}}