{"id":20211,"date":"2012-07-10T09:02:59","date_gmt":"2012-07-10T07:02:59","guid":{"rendered":"http:\/\/blogs.uni-paderborn.de\/mia\/?page_id=20211"},"modified":"2022-04-06T13:45:53","modified_gmt":"2022-04-06T12:45:53","slug":"bei-mia-mitmachen-werde-aktiv","status":"publish","type":"page","link":"https:\/\/blogs.uni-paderborn.de\/mia\/wer-sind-wir\/bei-mia-mitmachen-werde-aktiv\/","title":{"rendered":"Bei MIA mitmachen &#8211; Werde aktiv!"},"content":{"rendered":"<div class=\"twoclick_social_bookmarks_post_20211 social_share_privacy clearfix 1.6.4 locale-de_DE sprite-de_DE\"><\/div><div class=\"twoclick-js\"><script type=\"text\/javascript\">\/* <![CDATA[ *\/\njQuery(document).ready(function($){if($('.twoclick_social_bookmarks_post_20211')){$('.twoclick_social_bookmarks_post_20211').socialSharePrivacy({\"txt_help\":\"Wenn Sie diese Felder durch einen Klick aktivieren, werden Informationen an Facebook, Twitter, Flattr, Xing, t3n, LinkedIn, Pinterest oder Google eventuell ins Ausland \\u00fcbertragen und unter Umst\\u00e4nden auch dort gespeichert. N\\u00e4heres erfahren Sie durch einen Klick auf das <em>i<\\\/em>.\",\"settings_perma\":\"Dauerhaft aktivieren und Daten\\u00fcber-tragung zustimmen:\",\"info_link\":\"http:\\\/\\\/www.heise.de\\\/ct\\\/artikel\\\/2-Klicks-fuer-mehr-Datenschutz-1333879.html\",\"uri\":\"https:\\\/\\\/blogs.uni-paderborn.de\\\/mia\\\/wer-sind-wir\\\/bei-mia-mitmachen-werde-aktiv\\\/\",\"post_id\":20211,\"post_title_referrer_track\":\"Bei+MIA+mitmachen+%26%238211%3B+Werde+aktiv%21\",\"display_infobox\":\"on\"});}});\n\/* ]]> *\/<\/script><\/div><ul>\n<li>Du hast eine <strong>spannende Idee<\/strong> f\u00fcr eine Aktion oder ein Event an der Universit\u00e4t und wei\u00dft nicht, wie du sie umsetzen kannst. Du bist der Meinung, dass ein ganz bestimmter Film gezeigt werden sollte? Dies hat was mit Frauenf\u00f6rderung, Gender oder Feminismus zu tun?<\/li>\n<li>Du hast generell Lust, bei Aktionen an der Uni zu helfen und m\u00f6chtest <strong>Erfahrungen<\/strong> im Bereich Veranstaltungsorga, Design, Pressearbeit oder sonstigem <strong>sammeln<\/strong>?<\/li>\n<li>Du m\u00f6chtest deinen <strong>Horizont erweitern<\/strong>, dich mit feministischen und gendertheoretischen Themen auch mal au\u00dferhalb des Seminars besch\u00e4ftigen?<\/li>\n<li>Du m\u00f6chtest Menschen treffen, mit denen du dich \u00fcber solche Themen austauschen kannst? Oder m\u00f6chtest du einfach in einer Gruppe von <strong>Gleichgesinnten<\/strong> einen theoretischen Text oder ein aktuelles Thema besprechen?<\/li>\n<\/ul>\n<p><strong>Dann bist du bei MIA genau richtig!!<\/strong><\/p>\n<p>Komme mit deinen Ideen einfach vorbei, sei es bei unserem monatlichen <strong>Offenen Caf\u00e9<\/strong> oder zu unseren <strong>Orga-Treffen<\/strong>. Diese finden jeden <strong>Mittwoch von 13:00-14:00<\/strong> bei uns im MIA-Raum in <strong>P9.210<\/strong> statt. Hier wird in lockerer Runde die n\u00e4chste Veranstaltung geplant, \u00fcber aktuelle Themen gesprochen, das Feuer f\u00fcr neue Projekte gez\u00fcndet und viel Spa\u00df gehabt. Auch au\u00dferhalb dieser festen Zeiten triffst du sicher jemanden von uns auf der Terrasse oder im Raum an.<\/p>\n<p>Der Aktiven-Status bringt einige Vorteile mit sich und ist eine tolle Erfahrung f\u00fcr sp\u00e4tere Berufsoptionen und Netzwerke &#8211; lern uns doch einfach kennen und schnupper bei einzelnen Projekten mit rein, die dein Interesse wecken und vielleicht k\u00f6nnen wir dich ja danach als neues Mitglied in unserer Runde willkommen hei\u00dfen.<\/p>\n<p><strong>Warum Aktive\/r werden?<\/strong><\/p>\n<p>An der Universit\u00e4t Paderborn wird der Grundsatz einer aktiven studentischen Selbstverwaltung gelebt. Dazu geh\u00f6rt auch eine aktive Studierendenschaft, die das Campusleben und eine bunte Campuskultur (mit)gestaltet. \u00dcber die <a href=\"http:\/\/asta.uni-paderborn.de\/\">Webseite des AStAs<\/a> findest du zahlreiche M\u00f6glichkeiten, DICH an der Universit\u00e4t Paderborn einzubringen. Denn Uni ist mehr als Seminare und Pauken!<\/p>\n<p>Gleichzeitig lernst du eine Menge F\u00e4higkeiten und kannst deine Talente f\u00f6rdern und&nbsp; neue entdecken. Du kannst dich, wie beispielsweise bei MIA, mit DEINEN Themen besch\u00e4ftigen, dich f\u00fcr eine bessere Welt einsetzen und deinen Horizont erweitern, neue Menschen kennen lernen und dich auch in andere Fachrichtungen vernetzen.<\/p>\n<p>Also, sei kein Frosch, und komm vorbei! Wir freuen uns auf dich!<\/p>\n","protected":false},"excerpt":{"rendered":"<p>Du hast eine spannende Idee f\u00fcr eine Aktion oder ein Event an der Universit\u00e4t und wei\u00dft nicht, wie du sie umsetzen kannst. Du bist der Meinung, dass ein ganz bestimmter Film gezeigt werden sollte? Dies hat was mit Frauenf\u00f6rderung, Gender oder Feminismus zu tun? Du hast generell Lust, bei Aktionen an der Uni zu helfen &hellip; <a href=\"https:\/\/blogs.uni-paderborn.de\/mia\/wer-sind-wir\/bei-mia-mitmachen-werde-aktiv\/\" class=\"more-link\"><span class=\"screen-reader-text\">\u201eBei MIA mitmachen &#8211; Werde aktiv!\u201c <\/span>weiterlesen<\/a><\/p>\n","protected":false},"author":4551,"featured_media":0,"parent":60,"menu_order":3,"comment_status":"closed","ping_status":"closed","template":"","meta":{"footnotes":""},"class_list":["post-20211","page","type-page","status-publish","hentry"],"_links":{"self":[{"href":"https:\/\/blogs.uni-paderborn.de\/mia\/wp-json\/wp\/v2\/pages\/20211","targetHints":{"allow":["GET"]}}],"collection":[{"href":"https:\/\/blogs.uni-paderborn.de\/mia\/wp-json\/wp\/v2\/pages"}],"about":[{"href":"https:\/\/blogs.uni-paderborn.de\/mia\/wp-json\/wp\/v2\/types\/page"}],"author":[{"embeddable":true,"href":"https:\/\/blogs.uni-paderborn.de\/mia\/wp-json\/wp\/v2\/users\/4551"}],"replies":[{"embeddable":true,"href":"https:\/\/blogs.uni-paderborn.de\/mia\/wp-json\/wp\/v2\/comments?post=20211"}],"version-history":[{"count":24,"href":"https:\/\/blogs.uni-paderborn.de\/mia\/wp-json\/wp\/v2\/pages\/20211\/revisions"}],"predecessor-version":[{"id":29488,"href":"https:\/\/blogs.uni-paderborn.de\/mia\/wp-json\/wp\/v2\/pages\/20211\/revisions\/29488"}],"up":[{"embeddable":true,"href":"https:\/\/blogs.uni-paderborn.de\/mia\/wp-json\/wp\/v2\/pages\/60"}],"wp:attachment":[{"href":"https:\/\/blogs.uni-paderborn.de\/mia\/wp-json\/wp\/v2\/media?parent=20211"}],"curies":[{"name":"wp","href":"https:\/\/api.w.org\/{rel}","templated":true}]}}