{"id":11192,"date":"2011-11-14T14:21:36","date_gmt":"2011-11-14T12:21:36","guid":{"rendered":"http:\/\/blogs.uni-paderborn.de\/mia\/?page_id=11192"},"modified":"2022-04-06T13:44:11","modified_gmt":"2022-04-06T12:44:11","slug":"charity-projekt-city-of-joy","status":"publish","type":"page","link":"https:\/\/blogs.uni-paderborn.de\/mia\/charity-projekt-city-of-joy\/","title":{"rendered":"Charity-Konzert \u201cCity of Joy\u201d"},"content":{"rendered":"<div class=\"twoclick_social_bookmarks_post_11192 social_share_privacy clearfix 1.6.4 locale-de_DE sprite-de_DE\"><\/div><div class=\"twoclick-js\"><script type=\"text\/javascript\">\/* <![CDATA[ *\/\njQuery(document).ready(function($){if($('.twoclick_social_bookmarks_post_11192')){$('.twoclick_social_bookmarks_post_11192').socialSharePrivacy({\"txt_help\":\"Wenn Sie diese Felder durch einen Klick aktivieren, werden Informationen an Facebook, Twitter, Flattr, Xing, t3n, LinkedIn, Pinterest oder Google eventuell ins Ausland \\u00fcbertragen und unter Umst\\u00e4nden auch dort gespeichert. N\\u00e4heres erfahren Sie durch einen Klick auf das <em>i<\\\/em>.\",\"settings_perma\":\"Dauerhaft aktivieren und Daten\\u00fcber-tragung zustimmen:\",\"info_link\":\"http:\\\/\\\/www.heise.de\\\/ct\\\/artikel\\\/2-Klicks-fuer-mehr-Datenschutz-1333879.html\",\"uri\":\"https:\\\/\\\/blogs.uni-paderborn.de\\\/mia\\\/charity-projekt-city-of-joy\\\/\",\"post_id\":11192,\"post_title_referrer_track\":\"Charity-Konzert+%E2%80%9CCity+of+Joy%E2%80%9D\",\"display_infobox\":\"on\"});}});\n\/* ]]> *\/<\/script><\/div><p><img loading=\"lazy\" decoding=\"async\" class=\"alignleft size-medium wp-image-13032\" title=\"charity_konzert_plakat_web\" src=\"http:\/\/groups.uni-paderborn.de\/mia\/wp-content\/uploads\/2011\/11\/charity_konzert_plakat_web-212x300.jpg\" alt=\"\" width=\"212\" height=\"300\" srcset=\"https:\/\/blogs.uni-paderborn.de\/mia\/files\/2011\/11\/charity_konzert_plakat_web-212x300.jpg 212w, https:\/\/blogs.uni-paderborn.de\/mia\/files\/2011\/11\/charity_konzert_plakat_web-723x1024.jpg 723w, https:\/\/blogs.uni-paderborn.de\/mia\/files\/2011\/11\/charity_konzert_plakat_web.jpg 1240w\" sizes=\"auto, (max-width: 212px) 85vw, 212px\" \/><\/p>\n<p><strong>Miteinander gegen Gewalt!<\/strong><\/p>\n<p><em>Charity-Konzert am 10. Dezember 2011 mit Sookee, Manja, Naima Husseini und DAMIANAH<\/em><\/p>\n<p>Miteinander gegen Gewalt \u2013 unter diesem Motto veranstalten der Frauenprojektbereich MIA und der Projektbereich Eine Welt der Universit\u00e4t Paderborn am 10. Dezember 2011 ein Charity-Konzert in der Kulturwerkstatt zugunsten des Frauendorfes \u201eCity of Joy\u201c. Mit der Vision \u201eturning pain into power&#8220; wurde die \u201eCity of Joy\u201c Anfang 2011 in Bukavu er\u00f6ffnet, um vergewaltigten, misshandelten und gequ\u00e4lten Frauen und M\u00e4dchen im Kongo Schutz und Hilfe zu bieten. <a href=\"http:\/\/groups.uni-paderborn.de\/mia\/?page_id=9532\">\u2192&nbsp;Mehr Infos zur &#8222;City of Joy&#8220;<\/a><\/p>\n<figure style=\"width: 120px\" class=\"wp-caption alignleft\"><a href=\"http:\/\/groups.uni-paderborn.de\/mia\/wp-content\/uploads\/2011\/11\/Sookee.jpg\" target=\"_blank\" rel=\"noopener\"><img decoding=\"async\" class=\"  \" title=\"Sookee\" src=\"http:\/\/groups.uni-paderborn.de\/mia\/wp-content\/uploads\/2011\/11\/Sookee-200x300.jpg\" alt=\"\" width=\"120\"><\/a><figcaption class=\"wp-caption-text\">Rapperin Sokee<\/figcaption><\/figure>\n<p>Zur Unterst\u00fctzung des Projekts, erheben am 10. Dezember hochkar\u00e4tige K\u00fcnstlerinnen und K\u00fcnstler gemeinsam ihre Stimmen. Die deutsche Rapperin <a href=\"http:\/\/www.sookee.de\/\"><strong>Sookee<\/strong><\/a> wird ihre brachiale und nachdenkliche Sprachakrobatik, die sich auch auf ihrem j\u00fcngst erschienenen dritten Album \u201ebitches, butches, dykes &amp; divas\u201c wiederfindet, einmal mehr unter Beweis stellen.<\/p>\n<figure style=\"width: 120px\" class=\"wp-caption alignright\"><a href=\"http:\/\/groups.uni-paderborn.de\/mia\/wp-content\/uploads\/2011\/11\/n87686624496_1549314_2202701.jpg\" target=\"_blank\" rel=\"noopener\"><img decoding=\"async\" title=\"Manja\" src=\"http:\/\/groups.uni-paderborn.de\/mia\/wp-content\/uploads\/2011\/11\/n87686624496_1549314_2202701-199x300.jpg\" alt=\"\" width=\"120\"><\/a><figcaption class=\"wp-caption-text\">Sanfte T\u00f6ne mit Manja<\/figcaption><\/figure>\n<p>Herzenswarme und zum Tr\u00e4umen einladende Songs werden dagegen von Pop Soul Reggea S\u00e4ngerin <a href=\"http:\/\/manja.tv\/\"><strong>Manja<\/strong><\/a> zum Besten gegeben, die gerade mit ihrem Programm \u201eInseltour\u201c durch Deutschland reist.<\/p>\n<figure id=\"attachment_12722\" aria-describedby=\"caption-attachment-12722\" style=\"width: 150px\" class=\"wp-caption alignleft\"><a href=\"http:\/\/groups.uni-paderborn.de\/mia\/wp-content\/uploads\/2011\/11\/Naima-Husseini_PR_-03_kl.jpg\" target=\"_blank\" rel=\"noopener\"><img decoding=\"async\" class=\"size-full wp-image-12722\" title=\"Naima Husseini Cover\" src=\"http:\/\/groups.uni-paderborn.de\/mia\/wp-content\/uploads\/2011\/11\/Naima-Husseini_PR_-03_kl.jpg\" alt=\"\" width=\"150\" srcset=\"https:\/\/blogs.uni-paderborn.de\/mia\/files\/2011\/11\/Naima-Husseini_PR_-03_kl.jpg 1036w, https:\/\/blogs.uni-paderborn.de\/mia\/files\/2011\/11\/Naima-Husseini_PR_-03_kl-300x213.jpg 300w, https:\/\/blogs.uni-paderborn.de\/mia\/files\/2011\/11\/Naima-Husseini_PR_-03_kl-1024x729.jpg 1024w\" sizes=\"(max-width: 709px) 85vw, (max-width: 909px) 67vw, (max-width: 1362px) 62vw, 840px\" \/><\/a><figcaption id=\"caption-attachment-12722\" class=\"wp-caption-text\">Naima Husseini<\/figcaption><\/figure>\n<p>Als dritte Frau im Bunde wird die Hamburgerin <a href=\"http:\/\/www.naimahusseini.de\/naima11\/index.htm\"><strong>Naima Husseini<\/strong><\/a> ihre ganz eigene Interpretation von Pop pr\u00e4sentieren, mit Songs aus ihrem Debutalbum \u201eNaima Husseini\u201c, das 2009 erschienen ist. Zu diesem bunten Programm wird das&nbsp; Paderborner Percussion-Ensemble <strong><a href=\"http:\/\/www.youtube.com\/watch?v=-2-j_EMRsBU\" target=\"_blank\" rel=\"noopener\">DAMIANAH<\/a><\/strong> afrikanische Rhythmen und Kl\u00e4nge beisteuern.<\/p>\n<figure style=\"width: 150px\" class=\"wp-caption alignright\"><br \/><a href=\"http:\/\/groups.uni-paderborn.de\/mia\/wp-content\/uploads\/2011\/11\/damianah.jpg\"><img decoding=\"async\" class=\"alignright size-medium wp-image-13412\" title=\"damianah\" src=\"http:\/\/groups.uni-paderborn.de\/mia\/wp-content\/uploads\/2011\/11\/damianah-300x198.jpg\" alt=\"\" width=\"150\" srcset=\"https:\/\/blogs.uni-paderborn.de\/mia\/files\/2011\/11\/damianah-300x198.jpg 300w, https:\/\/blogs.uni-paderborn.de\/mia\/files\/2011\/11\/damianah.jpg 350w\" sizes=\"(max-width: 300px) 85vw, 300px\" \/><\/a><figcaption class=\"wp-caption-text\">DAMIANAH<\/figcaption><\/figure>\n<p>Der gesamte Erl\u00f6s der Veranstaltung kommt der \u201eCity of Joy\u201c zugute. Mit diesem Charity-Projekt soll zugleich auf das weltweite Problem der sexuellen Gewalt gegen Frauen aufmerksam gemacht werden. Um \u00fcber dieses Thema aufzukl\u00e4ren, findet im Vorfeld des Konzerts eine Info-Woche an der Universit\u00e4t Paderborn statt, mit Vortrag, Filmvorf\u00fchrung, Lesung und weiteren Aktionen:<\/p>\n<ul>\n<li><a href=\"http:\/\/groups.uni-paderborn.de\/mia\/?page_id=12612\"><strong>Mi. 7.12. &#8211; 20 Uhr<\/strong>: Lesung der \u201eVagina Monologe\u201c von Eve Ensler (Studiob\u00fchne)<\/a>.<\/li>\n<li><a href=\"http:\/\/groups.uni-paderborn.de\/mia\/?page_id=12632\"><strong>Do. 8.12. &#8211; 20 Uhr<\/strong>: Vorf\u00fchrung der Dokumentation \u201eIm Schatten des B\u00f6sen<\/a> \u2013 Der Krieg gegen die Frauen im Kongo\u201c von Susanne Babila mit&nbsp;einleitendem Vortrag von Stefanie Werdermann zum Thema \u201eSexuelle Gewalt im Kongo\u201c.<\/li>\n<\/ul>\n<p>\u201eMiteinander gegen Gewalt\u201c \u2013 wir freuen uns auf spannende Veranstaltungen und eine grandiose musikalische Nacht als Zeichen des Engagements!<\/p>\n<h3>Die Konzert-Infos in K\u00fcrze<\/h3>\n<p>Wann: 10. Dezember 2011<br \/>\nWo: Kulturwerkstatt Paderborn, Bahnhofstra\u00dfe 64<br \/>\nEinlass: 20:30 Uhr<br \/>\nBeginn: 21:00 Uhr<br \/>\nEnde: ca. 3:00 Uhr<br \/>\nVorverkauf: 8,- \u20ac<br \/>\nAbendkasse: 9,- \u20ac<br \/>\nVorverkaufsstellen:&nbsp;<a href=\"http:\/\/www.ticket-direct.de\" target=\"_blank\" rel=\"noopener\">TICKET-DIRECT<\/a>, K\u00f6nigsstra\u00dfe 64 (Tel.:05251\/280512),&nbsp;<a href=\"http:\/\/www.kaffeebohne-paderborn.de\" target=\"_blank\" rel=\"noopener\">La Bohnita<\/a>, Michaelstr. 7 (Tel.: 05251\/2840715) und im&nbsp;<a href=\"http:\/\/groups.uni-paderborn.de\/mia\/wp-content\/uploads\/2010\/04\/offenes_cafe.jpg\" target=\"_blank\" rel=\"noopener\">MIA-Caf\u00e9<\/a>.<\/p>\n<table>\n<tbody>\n<tr>\n<td style=\"margin-bottom: 10px\" align=\"center\" valign=\"middle\"><a href=\"http:\/\/einewelt.upb.de\"><img decoding=\"async\" class=\"alignleft size-medium wp-image-13242\" title=\"Logo_Eine-Welt_grossss\" src=\"http:\/\/groups.uni-paderborn.de\/mia\/wp-content\/uploads\/2011\/11\/Logo_Eine-Welt_grossss-300x300.jpg\" alt=\"\" height=\"170\"><\/a><\/td>\n<td align=\"center\" valign=\"middle\"><span style=\"font-size: x-small\"><span style=\"line-height: 19px\"><a href=\"http:\/\/groups.uni-paderborn.de\/mia\/\"><img decoding=\"async\" class=\"alignleft size-medium wp-image-13292\" title=\"logo_web\" src=\"http:\/\/groups.uni-paderborn.de\/mia\/wp-content\/uploads\/2011\/11\/logo_web-300x300.jpg\" alt=\"\" height=\"250\"><\/a><\/span><\/span><\/td>\n<\/tr>\n<\/tbody>\n<\/table>\n<p>&nbsp;<\/p>\n<h3>Sponsoren<\/h3>\n<p>Wir danken herzlich den Sponsoren des &#8222;City of Joy&#8220;-Projekts:<\/p>\n<table>\n<tbody>\n<tr>\n<td style=\"margin-bottom: 10px\" align=\"center\" valign=\"middle\"><a href=\"http:\/\/www.ticket-direct.de\/\" target=\"_blank\" rel=\"noopener\"><img decoding=\"async\" class=\"size-medium wp-image-11412\" title=\"Ticket Direct\" src=\"http:\/\/groups.uni-paderborn.de\/mia\/wp-content\/uploads\/2011\/11\/Ticket-Direct-300x106.jpg\" alt=\"\" width=\"150\" srcset=\"https:\/\/blogs.uni-paderborn.de\/mia\/files\/2011\/11\/Ticket-Direct-300x106.jpg 300w, https:\/\/blogs.uni-paderborn.de\/mia\/files\/2011\/11\/Ticket-Direct-1024x364.jpg 1024w, https:\/\/blogs.uni-paderborn.de\/mia\/files\/2011\/11\/Ticket-Direct.jpg 1099w\" sizes=\"(max-width: 300px) 85vw, 300px\" \/><\/a><\/td>\n<td align=\"center\" valign=\"middle\"><span style=\"font-size: x-small\"><span style=\"line-height: 19px\"><a href=\"http:\/\/www.haus-sicherheit.de\/Home\/\" target=\"_blank\" rel=\"noopener\"><img decoding=\"async\" title=\"Haussicherheit\" src=\"http:\/\/groups.uni-paderborn.de\/mia\/wp-content\/uploads\/2011\/11\/Haussicherheit-300x186.jpg\" alt=\"\" width=\"150\"><\/a><\/span><\/span><\/td>\n<td align=\"center\" valign=\"middle\"><span style=\"font-size: x-small\"><span style=\"line-height: 19px\"><a href=\"http:\/\/www.suedhotel.de\/index_.php\" target=\"_blank\" rel=\"noopener\"><img decoding=\"async\" title=\"suedhotel\" src=\"http:\/\/groups.uni-paderborn.de\/mia\/wp-content\/uploads\/2011\/11\/suedhotel.png\" alt=\"\" width=\"150\"><\/a><\/span><\/span><\/td>\n<\/tr>\n<tr>\n<td align=\"center\" valign=\"middle\"><a href=\"http:\/\/www.d-druck.net\/\"><img decoding=\"async\" title=\"d-Druck_Logo\" src=\"http:\/\/groups.uni-paderborn.de\/mia\/wp-content\/uploads\/2011\/11\/d-Druck_Logo.jpg\" alt=\"\" width=\"170\"><\/a><\/td>\n<td align=\"center\" valign=\"middle\"><a href=\"http:\/\/www.warsteiner.de\/\" target=\"_blank\" rel=\"noopener\"><img decoding=\"async\" title=\"WAR_Rundlogo_gross\" src=\"http:\/\/groups.uni-paderborn.de\/mia\/wp-content\/uploads\/2011\/11\/Warsteiner-300x300.jpg\" alt=\"\" width=\"120\"><\/a><\/td>\n<td align=\"center\" valign=\"middle\"><a href=\"http:\/\/www.hotel-aspethera.de\/\" target=\"_blank\" rel=\"noopener\"><img decoding=\"async\" class=\"alignnone wp-image-11212\" title=\"aspethera_logo_neu\" src=\"http:\/\/groups.uni-paderborn.de\/mia\/wp-content\/uploads\/2011\/11\/aspethera_logo_neu-300x265.jpg\" alt=\"\" width=\"130\"><\/a><\/td>\n<\/tr>\n<tr>\n<td align=\"center\" valign=\"middle\"><a href=\"http:\/\/www.airport-pad.com\/\" target=\"_blank\" rel=\"noopener\"><img decoding=\"async\" title=\"Musterlogo_PAD_Verlauf_10cm\" src=\"http:\/\/groups.uni-paderborn.de\/mia\/wp-content\/uploads\/2011\/11\/Musterlogo_PAD_Verlauf_10cm-300x125.jpg\" alt=\"\" width=\"150\"><\/a><\/td>\n<td align=\"center\" valign=\"middle\"><img decoding=\"async\" class=\"alignnone size-medium wp-image-12202\" title=\"fairtrademerch-logo\" src=\"http:\/\/groups.uni-paderborn.de\/mia\/wp-content\/uploads\/2011\/11\/fairtrademerch-logo-300x35.jpg\" alt=\"\" width=\"170\" srcset=\"https:\/\/blogs.uni-paderborn.de\/mia\/files\/2011\/11\/fairtrademerch-logo-300x35.jpg 300w, https:\/\/blogs.uni-paderborn.de\/mia\/files\/2011\/11\/fairtrademerch-logo-1024x121.jpg 1024w\" sizes=\"(max-width: 300px) 85vw, 300px\" \/><\/td>\n<td align=\"center\" valign=\"middle\"><a href=\"http:\/\/www.ejpb.eu\/\" target=\"_blank\" rel=\"noopener\"><img decoding=\"async\" class=\"alignnone size-medium wp-image-11242\" style=\"font-size: 13px;line-height: 19px\" title=\"Logo_neu.cdr\" src=\"http:\/\/groups.uni-paderborn.de\/mia\/wp-content\/uploads\/2011\/11\/Evangelische_Jugend-300x113.jpg\" alt=\"\" width=\"150\" srcset=\"https:\/\/blogs.uni-paderborn.de\/mia\/files\/2011\/11\/Evangelische_Jugend-300x113.jpg 300w, https:\/\/blogs.uni-paderborn.de\/mia\/files\/2011\/11\/Evangelische_Jugend-1024x385.jpg 1024w, https:\/\/blogs.uni-paderborn.de\/mia\/files\/2011\/11\/Evangelische_Jugend.jpg 1181w\" sizes=\"(max-width: 300px) 85vw, 300px\" \/><\/a><\/td>\n<\/tr>\n<tr>\n<td align=\"center\" valign=\"middle\"><a href=\"http:\/\/asta.upb.de\/\" target=\"_blank\" rel=\"noopener\"><img decoding=\"async\" class=\"size-full wp-image-12152  alignleft\" title=\"AStA\" src=\"http:\/\/groups.uni-paderborn.de\/mia\/wp-content\/uploads\/2011\/11\/AStA.jpg\" alt=\"\" width=\"170\" srcset=\"https:\/\/blogs.uni-paderborn.de\/mia\/files\/2011\/11\/AStA.jpg 694w, https:\/\/blogs.uni-paderborn.de\/mia\/files\/2011\/11\/AStA-300x39.jpg 300w\" sizes=\"(max-width: 694px) 85vw, 694px\" \/><\/a><\/td>\n<td align=\"center\" valign=\"middle\"><a style=\"color: #ff4b33\" href=\"http:\/\/femref.blogsport.de\/\"><img decoding=\"async\" class=\"alignleft size-medium wp-image-13142\" style=\"border-style: initial;border-color: initial\" title=\"femref\" src=\"http:\/\/groups.uni-paderborn.de\/mia\/wp-content\/uploads\/2011\/11\/femref-300x43.jpg\" alt=\"\" width=\"170\" srcset=\"https:\/\/blogs.uni-paderborn.de\/mia\/files\/2011\/11\/femref-300x43.jpg 300w, https:\/\/blogs.uni-paderborn.de\/mia\/files\/2011\/11\/femref.jpg 819w\" sizes=\"(max-width: 300px) 85vw, 300px\" \/><\/a><\/td>\n<td><a href=\"http:\/\/www.derdom.de\/\"><img decoding=\"async\" class=\"alignleft size-medium wp-image-13092\" title=\"Fahrzeugbeschriftung-Dom\" src=\"http:\/\/groups.uni-paderborn.de\/mia\/wp-content\/uploads\/2011\/11\/Der-Dom-300x82.jpg\" alt=\"\" width=\"150\"><\/a><\/td>\n<\/tr>\n<tr>\n<td align=\"center\" valign=\"middle\"><a href=\"http:\/\/www.hotel-gerold.de\/\"><img decoding=\"async\" class=\"alignleft size-medium wp-image-13122\" title=\"hotel restaurant gerold schriftzug\" src=\"http:\/\/groups.uni-paderborn.de\/mia\/wp-content\/uploads\/2011\/11\/hotel-restaurant-gerold-schriftzug-300x116.jpg\" alt=\"\" width=\"150\" srcset=\"https:\/\/blogs.uni-paderborn.de\/mia\/files\/2011\/11\/hotel-restaurant-gerold-schriftzug-300x116.jpg 300w, https:\/\/blogs.uni-paderborn.de\/mia\/files\/2011\/11\/hotel-restaurant-gerold-schriftzug.jpg 802w\" sizes=\"(max-width: 300px) 85vw, 300px\" \/><\/a><\/td>\n<td align=\"center\" valign=\"middle\"><img decoding=\"async\" class=\"alignleft size-medium wp-image-13752\" title=\"Logo7sachen\" src=\"http:\/\/groups.uni-paderborn.de\/mia\/wp-content\/uploads\/2011\/11\/Logo7sachen-300x225.jpg\" alt=\"\" width=\"170\" srcset=\"https:\/\/blogs.uni-paderborn.de\/mia\/files\/2011\/11\/Logo7sachen-300x225.jpg 300w, https:\/\/blogs.uni-paderborn.de\/mia\/files\/2011\/11\/Logo7sachen.jpg 800w\" sizes=\"(max-width: 300px) 85vw, 300px\" \/><\/td>\n<td align=\"center\" valign=\"middle\"><a href=\"http:\/\/www.wexelwirken.net\/\"><img decoding=\"async\" class=\"alignleft size-medium wp-image-13762\" title=\"wexselwirken\" src=\"http:\/\/groups.uni-paderborn.de\/mia\/wp-content\/uploads\/2011\/11\/wexselwirken-300x65.jpg\" alt=\"\" width=\"200\" srcset=\"https:\/\/blogs.uni-paderborn.de\/mia\/files\/2011\/11\/wexselwirken-300x65.jpg 300w, https:\/\/blogs.uni-paderborn.de\/mia\/files\/2011\/11\/wexselwirken-1024x224.jpg 1024w\" sizes=\"(max-width: 300px) 85vw, 300px\" \/><\/a><\/td>\n<\/tr>\n<tr>\n<td align=\"center\" valign=\"middle\"><\/td>\n<td><\/td>\n<\/tr>\n<\/tbody>\n<\/table>\n","protected":false},"excerpt":{"rendered":"<p>Miteinander gegen Gewalt! Charity-Konzert am 10. Dezember 2011 mit Sookee, Manja, Naima Husseini und DAMIANAH Miteinander gegen Gewalt \u2013 unter diesem Motto veranstalten der Frauenprojektbereich MIA und der Projektbereich Eine Welt der Universit\u00e4t Paderborn am 10. Dezember 2011 ein Charity-Konzert in der Kulturwerkstatt zugunsten des Frauendorfes \u201eCity of Joy\u201c. Mit der Vision \u201eturning pain into &hellip; <a href=\"https:\/\/blogs.uni-paderborn.de\/mia\/charity-projekt-city-of-joy\/\" class=\"more-link\"><span class=\"screen-reader-text\">\u201eCharity-Konzert \u201cCity of Joy\u201d\u201c <\/span>weiterlesen<\/a><\/p>\n","protected":false},"author":12,"featured_media":0,"parent":0,"menu_order":0,"comment_status":"closed","ping_status":"closed","template":"","meta":{"footnotes":""},"class_list":["post-11192","page","type-page","status-publish","hentry"],"_links":{"self":[{"href":"https:\/\/blogs.uni-paderborn.de\/mia\/wp-json\/wp\/v2\/pages\/11192","targetHints":{"allow":["GET"]}}],"collection":[{"href":"https:\/\/blogs.uni-paderborn.de\/mia\/wp-json\/wp\/v2\/pages"}],"about":[{"href":"https:\/\/blogs.uni-paderborn.de\/mia\/wp-json\/wp\/v2\/types\/page"}],"author":[{"embeddable":true,"href":"https:\/\/blogs.uni-paderborn.de\/mia\/wp-json\/wp\/v2\/users\/12"}],"replies":[{"embeddable":true,"href":"https:\/\/blogs.uni-paderborn.de\/mia\/wp-json\/wp\/v2\/comments?post=11192"}],"version-history":[{"count":181,"href":"https:\/\/blogs.uni-paderborn.de\/mia\/wp-json\/wp\/v2\/pages\/11192\/revisions"}],"predecessor-version":[{"id":29485,"href":"https:\/\/blogs.uni-paderborn.de\/mia\/wp-json\/wp\/v2\/pages\/11192\/revisions\/29485"}],"wp:attachment":[{"href":"https:\/\/blogs.uni-paderborn.de\/mia\/wp-json\/wp\/v2\/media?parent=11192"}],"curies":[{"name":"wp","href":"https:\/\/api.w.org\/{rel}","templated":true}]}}