{"id":1042,"date":"2009-07-20T00:46:54","date_gmt":"2009-07-19T22:46:54","guid":{"rendered":"http:\/\/blogs.uni-paderborn.de\/mia\/?page_id=1042"},"modified":"2015-01-07T18:14:36","modified_gmt":"2015-01-07T16:14:36","slug":"beratung","status":"publish","type":"page","link":"https:\/\/blogs.uni-paderborn.de\/mia\/wer-sind-wir\/beratung\/","title":{"rendered":"Beratung und Hilfe"},"content":{"rendered":"<div class=\"twoclick_social_bookmarks_post_1042 social_share_privacy clearfix 1.6.4 locale-de_DE sprite-de_DE\"><\/div><div class=\"twoclick-js\"><script type=\"text\/javascript\">\/* <![CDATA[ *\/\njQuery(document).ready(function($){if($('.twoclick_social_bookmarks_post_1042')){$('.twoclick_social_bookmarks_post_1042').socialSharePrivacy({\"txt_help\":\"Wenn Sie diese Felder durch einen Klick aktivieren, werden Informationen an Facebook, Twitter, Flattr, Xing, t3n, LinkedIn, Pinterest oder Google eventuell ins Ausland \\u00fcbertragen und unter Umst\\u00e4nden auch dort gespeichert. N\\u00e4heres erfahren Sie durch einen Klick auf das <em>i<\\\/em>.\",\"settings_perma\":\"Dauerhaft aktivieren und Daten\\u00fcber-tragung zustimmen:\",\"info_link\":\"http:\\\/\\\/www.heise.de\\\/ct\\\/artikel\\\/2-Klicks-fuer-mehr-Datenschutz-1333879.html\",\"uri\":\"https:\\\/\\\/blogs.uni-paderborn.de\\\/mia\\\/wer-sind-wir\\\/beratung\\\/\",\"post_id\":1042,\"post_title_referrer_track\":\"Beratung+und+Hilfe\",\"display_infobox\":\"on\"});}});\n\/* ]]> *\/<\/script><\/div><p>Wir haben ein offenes Ohr f\u00fcr deine Probleme und bieten dir Hilfe mit Rat und Tat, wo immer es uns m\u00f6glich ist &#8211; sei es bei Bel\u00e4stigung oder Diskriminierungserfahrung, oder auch bei Konflikten, pers\u00f6nlichen Fragen oder Schwierigkeiten in der Uni.<\/p>\n<p>Manchmal kann ein Gespr\u00e4ch unter vier Augen schon helfen. Wir vermitteln aber auch an die richtigen Ansprechpartner und Stellen, begleiten dich auch n\u00f6tigenfalls zu Gespr\u00e4chen und helfen bei Formalit\u00e4ten.<\/p>\n<p>Neben unseren regelm\u00e4\u00dfigen Treffen nehmen wir uns nat\u00fcrlich auch pers\u00f6nlich Zeit &#8211; du kannst dich jederzeit melden oder vorbei kommen!<\/p>\n<p>_______________________________<\/p>\n<p style=\"padding-left: 30px;margin: 0cm\">Raum: P 9.210<br \/>\nTel.: 05251\/60-4252<\/p>\n<p>_______________________________<\/p>\n<h3>Beratungsstellen<\/h3>\n<p><a href=\"http:\/\/groups.uni-paderborn.de\/gleichstellungsbeauftragte\/\">Gleichstellungsb\u00fcro Uni Paderborn<\/a><br \/>\nGleichstellungsbeauftragte: Irmgard Pilgrim<br \/>\nRaum: E 2.103<br \/>\nTel.: 05251\/60-3724<br \/>\nE-Mail: irmgard.pilgrim@uni-paderborn.de<\/p>\n<p><a href=\"http:\/\/www.frauennotrufe.de\/index.php?dok_id=80\">Bundesverband Frauenberatungsstellen und Frauennotrufe<\/a><br \/>\n<a href=\"http:\/\/www.bag-forsa.de\/index.htm\">Gewalt an M\u00e4dchen und Frauen e.V.<\/a><br \/>\n<a href=\"http:\/\/hilfe-fuer-maedchen.de\/\">Online-Forum f\u00fcr M\u00e4dchen<\/a><br \/>\n<a href=\"http:\/\/www.wildwasser.de\/\">wildwasser.de &#8211; Gegen sexuelle Gewalt<\/a><\/p>\n","protected":false},"excerpt":{"rendered":"<p>Wir haben ein offenes Ohr f\u00fcr deine Probleme und bieten dir Hilfe mit Rat und Tat, wo immer es uns m\u00f6glich ist &#8211; sei es bei Bel\u00e4stigung oder Diskriminierungserfahrung, oder auch bei Konflikten, pers\u00f6nlichen Fragen oder Schwierigkeiten in der Uni. Manchmal kann ein Gespr\u00e4ch unter vier Augen schon helfen. Wir vermitteln aber auch an die &hellip; <a href=\"https:\/\/blogs.uni-paderborn.de\/mia\/wer-sind-wir\/beratung\/\" class=\"more-link\"><span class=\"screen-reader-text\">\u201eBeratung und Hilfe\u201c <\/span>weiterlesen<\/a><\/p>\n","protected":false},"author":4551,"featured_media":0,"parent":60,"menu_order":4,"comment_status":"closed","ping_status":"open","template":"","meta":{"footnotes":""},"class_list":["post-1042","page","type-page","status-publish","hentry"],"_links":{"self":[{"href":"https:\/\/blogs.uni-paderborn.de\/mia\/wp-json\/wp\/v2\/pages\/1042","targetHints":{"allow":["GET"]}}],"collection":[{"href":"https:\/\/blogs.uni-paderborn.de\/mia\/wp-json\/wp\/v2\/pages"}],"about":[{"href":"https:\/\/blogs.uni-paderborn.de\/mia\/wp-json\/wp\/v2\/types\/page"}],"author":[{"embeddable":true,"href":"https:\/\/blogs.uni-paderborn.de\/mia\/wp-json\/wp\/v2\/users\/4551"}],"replies":[{"embeddable":true,"href":"https:\/\/blogs.uni-paderborn.de\/mia\/wp-json\/wp\/v2\/comments?post=1042"}],"version-history":[{"count":16,"href":"https:\/\/blogs.uni-paderborn.de\/mia\/wp-json\/wp\/v2\/pages\/1042\/revisions"}],"predecessor-version":[{"id":27861,"href":"https:\/\/blogs.uni-paderborn.de\/mia\/wp-json\/wp\/v2\/pages\/1042\/revisions\/27861"}],"up":[{"embeddable":true,"href":"https:\/\/blogs.uni-paderborn.de\/mia\/wp-json\/wp\/v2\/pages\/60"}],"wp:attachment":[{"href":"https:\/\/blogs.uni-paderborn.de\/mia\/wp-json\/wp\/v2\/media?parent=1042"}],"curies":[{"name":"wp","href":"https:\/\/api.w.org\/{rel}","templated":true}]}}