{"id":838,"date":"2021-03-02T11:52:20","date_gmt":"2021-03-02T10:52:20","guid":{"rendered":"https:\/\/blogs.uni-paderborn.de\/lingutools\/?page_id=838"},"modified":"2021-03-02T12:34:10","modified_gmt":"2021-03-02T11:34:10","slug":"textkorpora","status":"publish","type":"page","link":"https:\/\/blogs.uni-paderborn.de\/lingutools\/textkorpora\/","title":{"rendered":"Textkorpora"},"content":{"rendered":"<div class=\"twoclick_social_bookmarks_post_838 social_share_privacy clearfix 1.6.4 locale-de_DE sprite-de_DE\"><\/div><div class=\"twoclick-js\"><script type=\"text\/javascript\">\/* <![CDATA[ *\/\njQuery(document).ready(function($){if($('.twoclick_social_bookmarks_post_838')){$('.twoclick_social_bookmarks_post_838').socialSharePrivacy({\"txt_help\":\"Wenn Sie diese Felder durch einen Klick aktivieren, werden Informationen an Facebook, Twitter, Flattr, Xing, t3n, LinkedIn, Pinterest oder Google eventuell ins Ausland \\u00fcbertragen und unter Umst\\u00e4nden auch dort gespeichert. N\\u00e4heres erfahren Sie durch einen Klick auf das <em>i<\\\/em>.\",\"settings_perma\":\"Dauerhaft aktivieren und Daten\\u00fcber-tragung zustimmen:\",\"info_link\":\"http:\\\/\\\/www.heise.de\\\/ct\\\/artikel\\\/2-Klicks-fuer-mehr-Datenschutz-1333879.html\",\"uri\":\"https:\\\/\\\/blogs.uni-paderborn.de\\\/lingutools\\\/textkorpora\\\/\",\"post_id\":838,\"post_title_referrer_track\":\"Textkorpora\",\"display_infobox\":\"on\"});}});\n\/* ]]> *\/<\/script><\/div>\n<p>Hier finden Sie sowohl eine Auswahl gro\u00dfer Referenzkorpora als auch ein kleines Textkorpus aus Zeitungskommentaren, die Sie f\u00fcr eigene Untersuchungen nutzen k\u00f6nnen.<\/p>\n","protected":false},"excerpt":{"rendered":"<p>Hier finden Sie sowohl eine Auswahl gro\u00dfer Referenzkorpora als auch ein kleines Textkorpus aus Zeitungskommentaren, die Sie f\u00fcr eigene Untersuchungen nutzen k\u00f6nnen.<\/p>\n","protected":false},"author":7825,"featured_media":0,"parent":0,"menu_order":0,"comment_status":"closed","ping_status":"closed","template":"","meta":{"footnotes":""},"class_list":["post-838","page","type-page","status-publish","hentry"],"_links":{"self":[{"href":"https:\/\/blogs.uni-paderborn.de\/lingutools\/wp-json\/wp\/v2\/pages\/838","targetHints":{"allow":["GET"]}}],"collection":[{"href":"https:\/\/blogs.uni-paderborn.de\/lingutools\/wp-json\/wp\/v2\/pages"}],"about":[{"href":"https:\/\/blogs.uni-paderborn.de\/lingutools\/wp-json\/wp\/v2\/types\/page"}],"author":[{"embeddable":true,"href":"https:\/\/blogs.uni-paderborn.de\/lingutools\/wp-json\/wp\/v2\/users\/7825"}],"replies":[{"embeddable":true,"href":"https:\/\/blogs.uni-paderborn.de\/lingutools\/wp-json\/wp\/v2\/comments?post=838"}],"version-history":[{"count":2,"href":"https:\/\/blogs.uni-paderborn.de\/lingutools\/wp-json\/wp\/v2\/pages\/838\/revisions"}],"predecessor-version":[{"id":866,"href":"https:\/\/blogs.uni-paderborn.de\/lingutools\/wp-json\/wp\/v2\/pages\/838\/revisions\/866"}],"wp:attachment":[{"href":"https:\/\/blogs.uni-paderborn.de\/lingutools\/wp-json\/wp\/v2\/media?parent=838"}],"curies":[{"name":"wp","href":"https:\/\/api.w.org\/{rel}","templated":true}]}}