{"id":836,"date":"2021-03-02T11:52:20","date_gmt":"2021-03-02T10:52:20","guid":{"rendered":"https:\/\/blogs.uni-paderborn.de\/lingutools\/?page_id=836"},"modified":"2021-03-02T12:33:14","modified_gmt":"2021-03-02T11:33:14","slug":"korpusanalysetools","status":"publish","type":"page","link":"https:\/\/blogs.uni-paderborn.de\/lingutools\/korpusanalysetools\/","title":{"rendered":"Korpusanalysetools"},"content":{"rendered":"<div class=\"twoclick_social_bookmarks_post_836 social_share_privacy clearfix 1.6.4 locale-de_DE sprite-de_DE\"><\/div><div class=\"twoclick-js\"><script type=\"text\/javascript\">\/* <![CDATA[ *\/\njQuery(document).ready(function($){if($('.twoclick_social_bookmarks_post_836')){$('.twoclick_social_bookmarks_post_836').socialSharePrivacy({\"txt_help\":\"Wenn Sie diese Felder durch einen Klick aktivieren, werden Informationen an Facebook, Twitter, Flattr, Xing, t3n, LinkedIn, Pinterest oder Google eventuell ins Ausland \\u00fcbertragen und unter Umst\\u00e4nden auch dort gespeichert. N\\u00e4heres erfahren Sie durch einen Klick auf das <em>i<\\\/em>.\",\"settings_perma\":\"Dauerhaft aktivieren und Daten\\u00fcber-tragung zustimmen:\",\"info_link\":\"http:\\\/\\\/www.heise.de\\\/ct\\\/artikel\\\/2-Klicks-fuer-mehr-Datenschutz-1333879.html\",\"uri\":\"https:\\\/\\\/blogs.uni-paderborn.de\\\/lingutools\\\/korpusanalysetools\\\/\",\"post_id\":836,\"post_title_referrer_track\":\"Korpusanalysetools\",\"display_infobox\":\"on\"});}});\n\/* ]]> *\/<\/script><\/div>\n<p>Im Internet stehen Ihnen eine Vielfalt verschiedener Annotations- und Analysetools zur Verf\u00fcgung, mit denen Sie Textmaterial linguistisch untersuchen k\u00f6nnen. Im Folgenden werden Ihnen einige Tools Schritt f\u00fcr Schritt und orientiert an konkreten Forschungsfragen vorgestellt. <\/p>\n","protected":false},"excerpt":{"rendered":"<p>Im Internet stehen Ihnen eine Vielfalt verschiedener Annotations- und Analysetools zur Verf\u00fcgung, mit denen Sie Textmaterial linguistisch untersuchen k\u00f6nnen. Im Folgenden werden Ihnen einige Tools Schritt f\u00fcr Schritt und orientiert an konkreten Forschungsfragen vorgestellt.<\/p>\n","protected":false},"author":7825,"featured_media":0,"parent":0,"menu_order":0,"comment_status":"closed","ping_status":"closed","template":"","meta":{"footnotes":""},"class_list":["post-836","page","type-page","status-publish","hentry"],"_links":{"self":[{"href":"https:\/\/blogs.uni-paderborn.de\/lingutools\/wp-json\/wp\/v2\/pages\/836","targetHints":{"allow":["GET"]}}],"collection":[{"href":"https:\/\/blogs.uni-paderborn.de\/lingutools\/wp-json\/wp\/v2\/pages"}],"about":[{"href":"https:\/\/blogs.uni-paderborn.de\/lingutools\/wp-json\/wp\/v2\/types\/page"}],"author":[{"embeddable":true,"href":"https:\/\/blogs.uni-paderborn.de\/lingutools\/wp-json\/wp\/v2\/users\/7825"}],"replies":[{"embeddable":true,"href":"https:\/\/blogs.uni-paderborn.de\/lingutools\/wp-json\/wp\/v2\/comments?post=836"}],"version-history":[{"count":2,"href":"https:\/\/blogs.uni-paderborn.de\/lingutools\/wp-json\/wp\/v2\/pages\/836\/revisions"}],"predecessor-version":[{"id":865,"href":"https:\/\/blogs.uni-paderborn.de\/lingutools\/wp-json\/wp\/v2\/pages\/836\/revisions\/865"}],"wp:attachment":[{"href":"https:\/\/blogs.uni-paderborn.de\/lingutools\/wp-json\/wp\/v2\/media?parent=836"}],"curies":[{"name":"wp","href":"https:\/\/api.w.org\/{rel}","templated":true}]}}