{"id":823,"date":"2021-03-02T11:16:10","date_gmt":"2021-03-02T10:16:10","guid":{"rendered":"https:\/\/blogs.uni-paderborn.de\/lingutools\/?page_id=823"},"modified":"2021-03-02T11:30:02","modified_gmt":"2021-03-02T10:30:02","slug":"video-tutorials-catma","status":"publish","type":"page","link":"https:\/\/blogs.uni-paderborn.de\/lingutools\/video-tutorials-catma\/","title":{"rendered":"Video-Tutorials (CATMA)"},"content":{"rendered":"<div class=\"twoclick_social_bookmarks_post_823 social_share_privacy clearfix 1.6.4 locale-de_DE sprite-de_DE\"><\/div><div class=\"twoclick-js\"><script type=\"text\/javascript\">\/* <![CDATA[ *\/\njQuery(document).ready(function($){if($('.twoclick_social_bookmarks_post_823')){$('.twoclick_social_bookmarks_post_823').socialSharePrivacy({\"txt_help\":\"Wenn Sie diese Felder durch einen Klick aktivieren, werden Informationen an Facebook, Twitter, Flattr, Xing, t3n, LinkedIn, Pinterest oder Google eventuell ins Ausland \\u00fcbertragen und unter Umst\\u00e4nden auch dort gespeichert. N\\u00e4heres erfahren Sie durch einen Klick auf das <em>i<\\\/em>.\",\"settings_perma\":\"Dauerhaft aktivieren und Daten\\u00fcber-tragung zustimmen:\",\"info_link\":\"http:\\\/\\\/www.heise.de\\\/ct\\\/artikel\\\/2-Klicks-fuer-mehr-Datenschutz-1333879.html\",\"uri\":\"https:\\\/\\\/blogs.uni-paderborn.de\\\/lingutools\\\/video-tutorials-catma\\\/\",\"post_id\":823,\"post_title_referrer_track\":\"Video-Tutorials+%28CATMA%29\",\"display_infobox\":\"on\"});}});\n\/* ]]> *\/<\/script><\/div>\n<p> Die nachfolgenden Videos sind Schritt-f\u00fcr-Schritt Tutorials zur Textannotation CATMA (Computer Assisted Text Markup and Analysis). Die Videos sind f\u00fcr Einsteiger geeignet und helfen dabei, die Grundlagen der linguistischen  Korpusanalyse kennenzulernen. Viel Spa\u00df! <\/p>\n\n\n\n<h2 class=\"wp-block-heading\">Textannotationen mit <a href=\"http:\/\/www.catma.de\">CATMA<\/a><\/h2>\n\n\n\n<figure class=\"wp-block-embed-youtube wp-block-embed is-type-video is-provider-youtube wp-embed-aspect-16-9 wp-has-aspect-ratio\"><div class=\"wp-block-embed__wrapper\">\n<iframe loading=\"lazy\" title=\"Video 01: CATMA - Projekte und Tagsets erstellen\" width=\"660\" height=\"371\" src=\"https:\/\/www.youtube.com\/embed\/dZsu-7ZEJds?feature=oembed\" frameborder=\"0\" allow=\"accelerometer; autoplay; clipboard-write; encrypted-media; gyroscope; picture-in-picture; web-share\" referrerpolicy=\"strict-origin-when-cross-origin\" allowfullscreen><\/iframe>\n<\/div><figcaption>Projekte und Tagsets erstellen<\/figcaption><\/figure>\n\n\n\n<figure class=\"wp-block-embed-youtube wp-block-embed is-type-video is-provider-youtube wp-embed-aspect-16-9 wp-has-aspect-ratio\"><div class=\"wp-block-embed__wrapper\">\n<iframe loading=\"lazy\" title=\"Video 02: CATMA - Annotieren und Analysieren\" width=\"660\" height=\"371\" src=\"https:\/\/www.youtube.com\/embed\/BkOlgTUsn18?feature=oembed\" frameborder=\"0\" allow=\"accelerometer; autoplay; clipboard-write; encrypted-media; gyroscope; picture-in-picture; web-share\" referrerpolicy=\"strict-origin-when-cross-origin\" allowfullscreen><\/iframe>\n<\/div><figcaption>Annotieren und Analysieren<\/figcaption><\/figure>\n\n\n\n<figure class=\"wp-block-embed-youtube wp-block-embed is-type-video is-provider-youtube wp-embed-aspect-16-9 wp-has-aspect-ratio\"><div class=\"wp-block-embed__wrapper\">\n<iframe loading=\"lazy\" title=\"Video 03: CATMA - Suchanfragen und Auswertungen\" width=\"660\" height=\"371\" src=\"https:\/\/www.youtube.com\/embed\/79-5U3rlSKs?feature=oembed\" frameborder=\"0\" allow=\"accelerometer; autoplay; clipboard-write; encrypted-media; gyroscope; picture-in-picture; web-share\" referrerpolicy=\"strict-origin-when-cross-origin\" allowfullscreen><\/iframe>\n<\/div><figcaption>Suchanfragen und Auswertung<\/figcaption><\/figure>\n\n\n\n<figure class=\"wp-block-embed-youtube wp-block-embed is-type-video is-provider-youtube wp-embed-aspect-16-9 wp-has-aspect-ratio\"><div class=\"wp-block-embed__wrapper\">\n<iframe loading=\"lazy\" title=\"Video 04: CATMA - Import und Export\" width=\"660\" height=\"371\" src=\"https:\/\/www.youtube.com\/embed\/fILsikhRaK4?feature=oembed\" frameborder=\"0\" allow=\"accelerometer; autoplay; clipboard-write; encrypted-media; gyroscope; picture-in-picture; web-share\" referrerpolicy=\"strict-origin-when-cross-origin\" allowfullscreen><\/iframe>\n<\/div><figcaption>Import und Export<\/figcaption><\/figure>\n","protected":false},"excerpt":{"rendered":"<p>Die nachfolgenden Videos sind Schritt-f\u00fcr-Schritt Tutorials zur Textannotation CATMA (Computer Assisted Text Markup and Analysis). Die Videos sind f\u00fcr Einsteiger geeignet und helfen dabei, die Grundlagen der linguistischen Korpusanalyse kennenzulernen. Viel Spa\u00df! Textannotationen mit CATMA<\/p>\n","protected":false},"author":7825,"featured_media":0,"parent":0,"menu_order":0,"comment_status":"closed","ping_status":"closed","template":"","meta":{"footnotes":""},"class_list":["post-823","page","type-page","status-publish","hentry"],"_links":{"self":[{"href":"https:\/\/blogs.uni-paderborn.de\/lingutools\/wp-json\/wp\/v2\/pages\/823","targetHints":{"allow":["GET"]}}],"collection":[{"href":"https:\/\/blogs.uni-paderborn.de\/lingutools\/wp-json\/wp\/v2\/pages"}],"about":[{"href":"https:\/\/blogs.uni-paderborn.de\/lingutools\/wp-json\/wp\/v2\/types\/page"}],"author":[{"embeddable":true,"href":"https:\/\/blogs.uni-paderborn.de\/lingutools\/wp-json\/wp\/v2\/users\/7825"}],"replies":[{"embeddable":true,"href":"https:\/\/blogs.uni-paderborn.de\/lingutools\/wp-json\/wp\/v2\/comments?post=823"}],"version-history":[{"count":4,"href":"https:\/\/blogs.uni-paderborn.de\/lingutools\/wp-json\/wp\/v2\/pages\/823\/revisions"}],"predecessor-version":[{"id":834,"href":"https:\/\/blogs.uni-paderborn.de\/lingutools\/wp-json\/wp\/v2\/pages\/823\/revisions\/834"}],"wp:attachment":[{"href":"https:\/\/blogs.uni-paderborn.de\/lingutools\/wp-json\/wp\/v2\/media?parent=823"}],"curies":[{"name":"wp","href":"https:\/\/api.w.org\/{rel}","templated":true}]}}