{"id":755,"date":"2019-04-18T10:45:09","date_gmt":"2019-04-18T08:45:09","guid":{"rendered":"https:\/\/blogs.uni-paderborn.de\/lingutools\/?page_id=755"},"modified":"2021-03-17T17:02:01","modified_gmt":"2021-03-17T16:02:01","slug":"oeffentliche-korpora","status":"publish","type":"page","link":"https:\/\/blogs.uni-paderborn.de\/lingutools\/oeffentliche-korpora\/","title":{"rendered":"\u00d6ffentliche Korpora"},"content":{"rendered":"<div class=\"twoclick_social_bookmarks_post_755 social_share_privacy clearfix 1.6.4 locale-de_DE sprite-de_DE\"><\/div><div class=\"twoclick-js\"><script type=\"text\/javascript\">\/* <![CDATA[ *\/\njQuery(document).ready(function($){if($('.twoclick_social_bookmarks_post_755')){$('.twoclick_social_bookmarks_post_755').socialSharePrivacy({\"txt_help\":\"Wenn Sie diese Felder durch einen Klick aktivieren, werden Informationen an Facebook, Twitter, Flattr, Xing, t3n, LinkedIn, Pinterest oder Google eventuell ins Ausland \\u00fcbertragen und unter Umst\\u00e4nden auch dort gespeichert. N\\u00e4heres erfahren Sie durch einen Klick auf das <em>i<\\\/em>.\",\"settings_perma\":\"Dauerhaft aktivieren und Daten\\u00fcber-tragung zustimmen:\",\"info_link\":\"http:\\\/\\\/www.heise.de\\\/ct\\\/artikel\\\/2-Klicks-fuer-mehr-Datenschutz-1333879.html\",\"uri\":\"https:\\\/\\\/blogs.uni-paderborn.de\\\/lingutools\\\/oeffentliche-korpora\\\/\",\"post_id\":755,\"post_title_referrer_track\":\"%C3%96ffentliche+Korpora\",\"display_infobox\":\"on\"});}});\n\/* ]]> *\/<\/script><\/div><p>Im Folgenden finden Sie eine Zusammenstellung \u00f6ffentlich zug\u00e4nglicher Textkorpora (teilweise ist eine Registrierung erforderlich), die Sie f\u00fcr die eigene empirische Forschung nutzen k\u00f6nnen. Die Korpora sind in der Regel nach linguistischen Kriterien annotiert und eignen sich daher sehr gut f\u00fcr detaillierte Suchanfragen zu linguistischen Ph\u00e4nomenen. Die Liste basiert gr\u00f6\u00dftenteils auf Korpora, mit denen auch in der Paderborner Linguistik gearbeitet wird. Es wird daher kein Anspruch auf Vollst\u00e4ndigkeit erhoben.<\/p>\n<p><a href=\"http:\/\/www.ids-mannheim.de\/cosmas2\/\">DeReKo: Deutsches Referenzkorpus<\/a><\/p>\n<p>Das Deutsche Referenzkorpus ist die weltweit gr\u00f6\u00dfte Sammlung elektronisch verf\u00fcgbarer, deutschsprachiger Texte. Weitere Informationen zum Korpusaufbau finden Sie <a href=\"http:\/\/www1.ids-mannheim.de\/kl\/projekte\/korpora.html\">hier<\/a>.<\/p>\n<p><a href=\"http:\/\/agd.ids-mannheim.de\/korpus_index.shtml\">Korpora am Archiv f\u00fcr gesprochenes Deutsch<\/a><\/p>\n<p>Das Institut f\u00fcr Deutsche Sprache bietet externen Benutzerinnen und Benutzern den Zugriff auf 40 Korpora des gesprochenen Deutsch. Zu den Subkorpora geh\u00f6ren Gespr\u00e4chskorpora, Interviewkorpora und Korpora zur Erforschung von Sprachvariet\u00e4ten. Informationen zur Bedienung und zum Gebrauch auf die Datenbank f\u00fcr Gesprochenes Deutsch (DGD2) sind <a href=\"http:\/\/agd.ids-mannheim.de\/datenbanken.shtml\">hier<\/a> zu finden.<\/p>\n<p><a href=\"https:\/\/uni-tuebingen.de\/fakultaeten\/philosophische-fakultaet\/fachbereiche\/neuphilologie\/seminar-fuer-sprachwissenschaft\/arbeitsbereiche\/allg-sprachwissenschaft-computerlinguistik\/ressourcen\/corpora\/tueba-dz.html\">T\u00fcBa-D\/Z<\/a><\/p>\n<p>Die T\u00fcbinger Baumbank des Deutschen \/ Zeitungskorpus (T\u00fcBa-D\/Z) ist ein Korpus mit \u00fcber 3800 Zeitunsartikel der &#8222;tageszeitung&#8220;. Da es manuell annotiert wurde, l\u00e4sst es sich auf vielen unterschiedlichen Annotationsebenen durchsuchen, darunter nach morphologischen, syntaktischen, lexikalischen und sogar textuellen Kriterien (Konnektoren).<\/p>\n<p><a href=\"https:\/\/www.deutschdiachrondigital.de\/\">Referenzkorpus Altdeutsch<\/a><\/p>\n<p>Das Referenzkorpus Altdeutsch ist mittels des Korpustools ANNIS ohne Anmeldung kostenlos und <a href=\"https:\/\/korpling.german.hu-berlin.de\/annis3\/ddd\">browserbasiert<\/a> zug\u00e4nglich und nutzbar. Das Korpus Deutsch Diachron Digital enth\u00e4lt Korpustexte aus verschiedenen Sprachepochen des Deutschen, darunter dem Althochdeutschen (bis 1050), dem Mittelhochdeutschen (1050-1350) und dem Fr\u00fchneuhochdeutschen (1350-1650).<\/p>\n<p><a href=\"http:\/\/www.deutschestextarchiv.de\/\">DTA: Deutsches Textarchiv<\/a><\/p>\n<p>Das &#8222;Deutsche Textarchiv&#8220; stellt ein Referenzkorpus deutschsprachiger Texte aus dem Zeitraum zwischen 1600 und 1900 zur Verf\u00fcgung. Es eignet sich besonders gut zur Untersuchung ganz unterschiedlicher Sprachwandelprozesse und bietet viele n\u00fctzliche Funktionen zur statistischen Auswertung.<\/p>\n<p><a href=\"https:\/\/www.dwds.de\/\">DWDS: Digitales W\u00f6rterbuch der deutschen Sprache<\/a><\/p>\n<p>Das DWDS bietet neben einem Wortauskunftssystem zur deutschen Sprache eine gro\u00dfe Sammlung verschiedener elektronischer Textkorpora, die nach linguistischen Erfassungskriterien annotiert und zur \u00f6ffentlichen Nutzung bereitgestellt werden. Eine \u00dcbersicht \u00fcber die Teilkorpora finden Sie <a href=\"https:\/\/www.dwds.de\/r\">hier.<\/a><\/p>\n<p><a href=\"https:\/\/fussballlinguistik.de\/\">Fu\u00dfballlinguistik<\/a><\/p>\n<p>Mit den \u00f6ffentlichen Korpora zur Fu\u00dfballlinguistik wird eine thematisch spezifische Textsammlung aus dem Forschungsbereich der Sportlinguistik verf\u00fcgbar gemacht. Eine Korpus\u00fcbersicht finden Sie <a href=\"https:\/\/fussballlinguistik.linguistik.tu-berlin.de\/\">hier.<\/a><\/p>\n<p><a href=\"https:\/\/brand-history.com\/\">brand-history.com<\/a><\/p>\n<p>Diese Seite ist eine Fundgrube f\u00fcr historische und neuzeitliche Werbeanzeigen und -plakate. Die Quellen eignen sich besonders gut zur multimodalen Analyse von Anzeigentextsorten, auch unter der Perspektive des Sprachwandels. Achtung: Bei der Weiternutzung gilt das Urheberrecht!<\/p>\n\n\n<p><\/p>\n","protected":false},"excerpt":{"rendered":"<p>Im Folgenden finden Sie eine Zusammenstellung \u00f6ffentlich zug\u00e4nglicher Textkorpora (teilweise ist eine Registrierung erforderlich), die Sie f\u00fcr die eigene empirische Forschung nutzen k\u00f6nnen. Die Korpora sind in der Regel nach linguistischen Kriterien annotiert und eignen sich daher sehr gut f\u00fcr detaillierte Suchanfragen zu linguistischen Ph\u00e4nomenen. Die Liste basiert gr\u00f6\u00dftenteils auf Korpora, mit denen auch in &hellip; <a href=\"https:\/\/blogs.uni-paderborn.de\/lingutools\/oeffentliche-korpora\/\" class=\"more-link\"><span class=\"screen-reader-text\">\u00d6ffentliche Korpora<\/span> weiterlesen<\/a><\/p>\n","protected":false},"author":7825,"featured_media":0,"parent":0,"menu_order":0,"comment_status":"closed","ping_status":"closed","template":"","meta":{"footnotes":""},"class_list":["post-755","page","type-page","status-publish","hentry"],"_links":{"self":[{"href":"https:\/\/blogs.uni-paderborn.de\/lingutools\/wp-json\/wp\/v2\/pages\/755","targetHints":{"allow":["GET"]}}],"collection":[{"href":"https:\/\/blogs.uni-paderborn.de\/lingutools\/wp-json\/wp\/v2\/pages"}],"about":[{"href":"https:\/\/blogs.uni-paderborn.de\/lingutools\/wp-json\/wp\/v2\/types\/page"}],"author":[{"embeddable":true,"href":"https:\/\/blogs.uni-paderborn.de\/lingutools\/wp-json\/wp\/v2\/users\/7825"}],"replies":[{"embeddable":true,"href":"https:\/\/blogs.uni-paderborn.de\/lingutools\/wp-json\/wp\/v2\/comments?post=755"}],"version-history":[{"count":9,"href":"https:\/\/blogs.uni-paderborn.de\/lingutools\/wp-json\/wp\/v2\/pages\/755\/revisions"}],"predecessor-version":[{"id":873,"href":"https:\/\/blogs.uni-paderborn.de\/lingutools\/wp-json\/wp\/v2\/pages\/755\/revisions\/873"}],"wp:attachment":[{"href":"https:\/\/blogs.uni-paderborn.de\/lingutools\/wp-json\/wp\/v2\/media?parent=755"}],"curies":[{"name":"wp","href":"https:\/\/api.w.org\/{rel}","templated":true}]}}