{"id":33,"date":"2016-12-12T15:15:35","date_gmt":"2016-12-12T14:15:35","guid":{"rendered":"https:\/\/blogs.uni-paderborn.de\/mwille\/?page_id=33"},"modified":"2024-05-07T14:20:15","modified_gmt":"2024-05-07T12:20:15","slug":"antconc","status":"publish","type":"page","link":"https:\/\/blogs.uni-paderborn.de\/lingutools\/antconc\/","title":{"rendered":"AntConc"},"content":{"rendered":"<div class=\"twoclick_social_bookmarks_post_33 social_share_privacy clearfix 1.6.4 locale-de_DE sprite-de_DE\"><\/div><div class=\"twoclick-js\"><script type=\"text\/javascript\">\/* <![CDATA[ *\/\njQuery(document).ready(function($){if($('.twoclick_social_bookmarks_post_33')){$('.twoclick_social_bookmarks_post_33').socialSharePrivacy({\"txt_help\":\"Wenn Sie diese Felder durch einen Klick aktivieren, werden Informationen an Facebook, Twitter, Flattr, Xing, t3n, LinkedIn, Pinterest oder Google eventuell ins Ausland \\u00fcbertragen und unter Umst\\u00e4nden auch dort gespeichert. N\\u00e4heres erfahren Sie durch einen Klick auf das <em>i<\\\/em>.\",\"settings_perma\":\"Dauerhaft aktivieren und Daten\\u00fcber-tragung zustimmen:\",\"info_link\":\"http:\\\/\\\/www.heise.de\\\/ct\\\/artikel\\\/2-Klicks-fuer-mehr-Datenschutz-1333879.html\",\"uri\":\"https:\\\/\\\/blogs.uni-paderborn.de\\\/lingutools\\\/antconc\\\/\",\"post_id\":33,\"post_title_referrer_track\":\"AntConc\",\"display_infobox\":\"on\"});}});\n\/* ]]> *\/<\/script><\/div><p><strong>Was ist AntConc?<\/strong><\/p>\n<p>AntConc ist ein Konkordanztool f\u00fcr geschriebene Korpora, mit dem man relativ einfach Standardsuchanfragen der computerbasierten Korpusanalyse durchf\u00fchren kann. Die Software erstellt automatisch Wortlisten (Wortfrequenz) und Statistiken, etwa zum Verh\u00e4ltnis zwischen &#8222;token&#8220; und &#8222;types&#8220;, mit denen sich u.a. der Wortschatzreichtum eines Textes untersuchen l\u00e4sst. Das Tool unterst\u00fctzt das g\u00e4ngige UTF-8-Format und erlaubt Suchanfragen mit regul\u00e4ren Ausdr\u00fccken. AntConc ist Teil einer Reihe vieler weiterer Tools rund um die Analyse von Texten (z.B. AntWordProfiler, AntGram, AntPConc oder FireAnt).<\/p>\n<p><strong>Vorteile:<\/strong><\/p>\n<ul>\n<li>einfache, intuitive Bedienung<\/li>\n<li>\u00fcbersichtliche Konkordanzlisten<\/li>\n<li>Trefferansicht sortierbar<\/li>\n<li>Cluster- und N-Gramm-Berechnungen m\u00f6glich<\/li>\n<li>Auswertungen mit POS-getaggten und annotierten Texten m\u00f6glich<\/li>\n<li>Kontrastive Analysen<\/li>\n<li>f\u00fcr PC und Mac verf\u00fcgbar<\/li>\n<li>Video-Tutorials und Hilfen<\/li>\n<\/ul>\n<p><strong>Nachteile:\u00a0<\/strong><\/p>\n<ul>\n<li>manuelles Annotieren\/Transkribieren nicht m\u00f6glich<\/li>\n<li>keine Text-Bild-Analysen<\/li>\n<li>nur f\u00fcr Korpora bis ca. 1,5 Mio. Token<\/li>\n<\/ul>\n<hr \/>\n<p><strong>Getting started\/Nutzungsszenario:<\/strong><\/p>\n<p>H\u00e4ufig sind es beil\u00e4ufige Beobachtungen im Alltag, die zu einer linguistisch interessanten Fragestellung hinf\u00fchren. Das k\u00f6nnen auff\u00e4llige Formulierungen sein, Mode- und Tabuw\u00f6rter, aber auch sprachliche Zweifelsf\u00e4lle. Am Beispiel der relativ neuen Nahrungsmittelkategorie <em>Superfood<\/em> aus dem gegenw\u00e4rtigen Ern\u00e4hrungsdiskurs werden im Folgenden die M\u00f6glichkeiten der korpuslinguistischen Analyse unter Einsatz von AntConc aufgezeigt.<\/p>\n<p>Ausgangspunkt ist die Beobachtung, dass der Anglizismus <em>Superfood<\/em> immer h\u00e4ufiger in der \u00f6ffentlichen Pressekommunikation auftritt und gleichzeitig von der Lebensmittelindustrie zur Produktwerbung eingesetzt wird. Er klingt allein durch das Determinans <em>super<\/em> euphemistisch. Das Hochwertwort beschreibt auf einen Schlag, dass es sich bei einem Nahrungsmittel um ein irgendwie innovatives Produkt handelt. Aber welche Bedeutungsaspekte lassen sich f\u00fcr das Schl\u00fcsselwort im Einzelnen nachweisen? Um dieser Frage nachzugehen, lohnt es sich, ein kleines Korpus zusammenstellen. Es k\u00f6nnte z.B. einige Texte enthalten, die in den letzten zw\u00f6lf Monaten zu diesem Thema in verschiedenen Zeitungen, Zeitschriften oder Magazinen erschienen sind. Praktikabler ist es hier, Online-Artikel auszuw\u00e4hlen. \u00dcber den UB-Katalog erh\u00e4lt man einen lizenzierten Zugang zu weiteren Zeitungen (z.B. Frankfurter Rundschau). Die Texte werden in ein Word-Dokument kopiert und m\u00fcssen f\u00fcr die Auswertung in AntConc im txt-Format gespeichert werden (z.B. mit UTF 8-Codierung). Anschlie\u00dfend ist der Text hinsichtlich g\u00e4ngiger Fehl\u00fcbertragungen (harte Trennstriche, \u00fcberfl\u00fcssige Men\u00fcleisten) zu bereinigen, damit anschlie\u00dfend nicht nur einzelne W\u00f6rter, sondern auch Wortgruppen gefunden werden. Liegen alle txt-Dokumente vor, k\u00f6nnen diese in AntConc entweder \u00fcber \u201eOpen File(s) as \u2019Quick Corpus\u2019\u201c ge\u00f6ffnet und anschlie\u00dfend im \u201eCorpus Manager\u201c als Korpus gespeichert werden, alternativ k\u00f6nnen die Texte auch direkt im \u201eCorpus Manager\u201c hinzugef\u00fcgt werden. Dazu den Corpus Manager \u00f6ffnen und dort \u201eRaw File(s)\u201c ausw\u00e4hlen, es k\u00f6nnen entweder einzelne Dateien \u00fcber \u201eAdd File(s)\u201c hinzugef\u00fcgt werden, oder ganze Verzeichnisse \u00fcber \u201eAdd Directory\u201c. Dem Korpus dann einen \u201eCorpus name\u201c geben, danach mit \u201eCreate\u201c das Korpus erstellen und dieses \u00fcber \u201eSave (to file)\u201c speichern (\u201eTarget Corpus\u201c).<\/p>\n<figure id=\"attachment_902\" aria-describedby=\"caption-attachment-902\" style=\"width: 1420px\" class=\"wp-caption alignleft\"><img loading=\"lazy\" decoding=\"async\" class=\"wp-image-902 size-full\" src=\"https:\/\/blogs.uni-paderborn.de\/lingutools\/files\/2024\/05\/Screenshot_1_CorpusManager.png\" alt=\"\" width=\"1420\" height=\"837\" srcset=\"https:\/\/blogs.uni-paderborn.de\/lingutools\/files\/2024\/05\/Screenshot_1_CorpusManager.png 1420w, https:\/\/blogs.uni-paderborn.de\/lingutools\/files\/2024\/05\/Screenshot_1_CorpusManager-300x177.png 300w, https:\/\/blogs.uni-paderborn.de\/lingutools\/files\/2024\/05\/Screenshot_1_CorpusManager-768x453.png 768w\" sizes=\"auto, (max-width: 1420px) 100vw, 1420px\" \/><figcaption id=\"caption-attachment-902\" class=\"wp-caption-text\">Screenshot 1: Corpus Manager<\/figcaption><\/figure>\n<p><strong>Auswertung: <\/strong><\/p>\n<p>Gibt man in die Suchzeile das Wort <em>superfood<\/em> ein, erh\u00e4lt man zun\u00e4chst alle Treffer in der KWIC-Ansicht. Gro\u00df- und Kleinschreibung wird nur ber\u00fccksichtigt, wenn das H\u00e4kchen bei \u201eCase\u201c gesetzt ist. Um einen ersten Eindruck vom sprachlichen Kotext zu gewinnen, kann man die Treffer \u00fcber die \u201eSort Options\u201c zus\u00e4tzlich sortieren (Screenshot 2). Fehlt das H\u00e4kchen bei \u201eWords\u201c, ber\u00fccksichtigt die Suchanfrage keine Wortgrenzen, weshalb sowohl die Pluralform als auch verschiedene Komposita wie <em>Superfoodpulver<\/em> gelistet werden. Es deuten sich nun in der KWIC-\u00dcbersicht an verschiedenen Stellen diskursive Auseinandersetzungen mit dem <em>Begriff Superfood<\/em> (14) und dem <em>Trend der Superfoods<\/em> (19) an. Ebenfalls scheinen verschiedene Nahrungsmittel wie <em>Brokkoli<\/em> (15) oder <em>Gojibeeren<\/em> (10) mit dem Schl\u00fcsselwort assoziiert zu sein.<\/p>\n<figure id=\"attachment_904\" aria-describedby=\"caption-attachment-904\" style=\"width: 1920px\" class=\"wp-caption alignleft\"><img loading=\"lazy\" decoding=\"async\" class=\"wp-image-904 size-full\" title=\"Screenshot 1: Zentrierte Konkordanzen zum Suchausdruck &quot;superfood&quot;\" src=\"https:\/\/blogs.uni-paderborn.de\/lingutools\/files\/2024\/05\/Screenshot_2_KWIC_Superfood.png\" alt=\"\" width=\"1920\" height=\"1018\" srcset=\"https:\/\/blogs.uni-paderborn.de\/lingutools\/files\/2024\/05\/Screenshot_2_KWIC_Superfood.png 1920w, https:\/\/blogs.uni-paderborn.de\/lingutools\/files\/2024\/05\/Screenshot_2_KWIC_Superfood-300x159.png 300w, https:\/\/blogs.uni-paderborn.de\/lingutools\/files\/2024\/05\/Screenshot_2_KWIC_Superfood-768x407.png 768w, https:\/\/blogs.uni-paderborn.de\/lingutools\/files\/2024\/05\/Screenshot_2_KWIC_Superfood-1536x814.png 1536w\" sizes=\"auto, (max-width: 1920px) 100vw, 1920px\" \/><figcaption id=\"caption-attachment-904\" class=\"wp-caption-text\">Screenshot 2: Zentrierte Konkordanzen zum Suchausdruck \u201esuperfood\u201c<\/figcaption><\/figure>\n<p>Die Attribute <em>echtes <\/em>und <em>exotische<\/em> deuten ebenfalls auf diese beiden Bereiche hin: erstens die diskursiv verhandelte Frage, was Superfoods prinzipiell bewirken und zweitens welche Lebensmittel darunterfallen. F\u00fcr eine systematische Auflistung der Adjektivattribute muss zun\u00e4chst ein nach Wortarten getaggtes Korpus erstellt werden. Dies erm\u00f6glicht das Tool AntTag auf einfache Weise. Bei der Umwandlung m\u00fcssen die Spracheinstellung \u201eGerman\u201c und die Taggingvariante \u201ehorizontal\u201c (nicht \u201evertikal\u201c) gew\u00e4hlt werden. Das getaggte Dokument wird automatisch unterhalb des urspr\u00fcnglichen txt-Dokuments gespeichert, es kann auch ein gesamter Ordner getaggt werden, dieser wird ebenfalls automatisch am bisherigen Speicherort abgelegt. L\u00e4dt man nun alle auf diese Weise erzeugten POS-getaggten Dateien in AntConc ein, erh\u00e4lt man \u00fcber die Suchanfrage \u201eADJA <em>superfood<\/em>\u201c eine \u00dcbersicht \u00fcber alle Adjektivattribute, die unmittelbar linksseitig an das Schl\u00fcsselwort anschlie\u00dfen (Screenshot 3). Diskurslinguistisch auff\u00e4llig sind Hinweise auf einen umk\u00e4mpften Themenbereich, bei dem \u00f6ffentlich diskutiert wird, was <em>echte<\/em> oder auch was <em>wahre<\/em> Superfoods sind. Auch wird die diskursive Aufwertung selbst thematisiert z.B. \u00fcber Belege von den <em>gehypten<\/em>, <em>neuen<\/em> und <em>hippen<\/em> <em>Superfoods<\/em>. Das Modewort bezeichnet offenbar diverse Produkte innerhalb einer aktuellen Ern\u00e4hrungsmode.<\/p>\n<figure id=\"attachment_907\" aria-describedby=\"caption-attachment-907\" style=\"width: 1918px\" class=\"wp-caption alignleft\"><img loading=\"lazy\" decoding=\"async\" class=\"wp-image-907 size-full\" src=\"https:\/\/blogs.uni-paderborn.de\/lingutools\/files\/2024\/05\/Screenshot_3_ADJA_Superfood.png\" alt=\"\" width=\"1918\" height=\"1020\" srcset=\"https:\/\/blogs.uni-paderborn.de\/lingutools\/files\/2024\/05\/Screenshot_3_ADJA_Superfood.png 1918w, https:\/\/blogs.uni-paderborn.de\/lingutools\/files\/2024\/05\/Screenshot_3_ADJA_Superfood-300x160.png 300w, https:\/\/blogs.uni-paderborn.de\/lingutools\/files\/2024\/05\/Screenshot_3_ADJA_Superfood-768x408.png 768w, https:\/\/blogs.uni-paderborn.de\/lingutools\/files\/2024\/05\/Screenshot_3_ADJA_Superfood-1536x817.png 1536w\" sizes=\"auto, (max-width: 1918px) 100vw, 1918px\" \/><figcaption id=\"caption-attachment-907\" class=\"wp-caption-text\">Screenshot 3: Zentrierte Konkordanzen zum Suchausdruck &#8222;superfood&#8220; mit POS-getaggtem Korpus<\/figcaption><\/figure>\n<p>Relativ leicht l\u00e4sst sich unter dem Reiter \u201eWord\u201c eine \u00dcbersicht zu den Worth\u00e4ufigkeiten erstellen (Screenshot 4). Dort sind die ersten Inhaltsw\u00f6rter die Singularform <em>superfood<\/em> (36), die Wortformen <em>essen<\/em> (32) sowie <em>gesund<\/em> (45). Auf den oberen R\u00e4ngen befinden sich, wie zu erwarten, eine Reihe hochfrequenter kleinerer W\u00f6rter von den Determinativen bis zu den Hilfsverben, weit oben befinden sich die Pr\u00e4positionen <em>in<\/em> und <em>mit<\/em>.<\/p>\n<figure id=\"attachment_909\" aria-describedby=\"caption-attachment-909\" style=\"width: 836px\" class=\"wp-caption alignleft\"><img loading=\"lazy\" decoding=\"async\" class=\"wp-image-909 size-full\" src=\"https:\/\/blogs.uni-paderborn.de\/lingutools\/files\/2024\/05\/Screenshot_4_Word.png\" alt=\"\" width=\"836\" height=\"1017\" srcset=\"https:\/\/blogs.uni-paderborn.de\/lingutools\/files\/2024\/05\/Screenshot_4_Word.png 836w, https:\/\/blogs.uni-paderborn.de\/lingutools\/files\/2024\/05\/Screenshot_4_Word-247x300.png 247w, https:\/\/blogs.uni-paderborn.de\/lingutools\/files\/2024\/05\/Screenshot_4_Word-768x934.png 768w\" sizes=\"auto, (max-width: 836px) 100vw, 836px\" \/><figcaption id=\"caption-attachment-909\" class=\"wp-caption-text\">Screenshot 4: W\u00f6rterliste<\/figcaption><\/figure>\n<p>Eine weitere Auswertungsperspektive einer Corpus-Driven-Methodik bietet die Berechnung von N-Grammen, die sowohl mit dem getaggten als auch mit dem ungetaggten Korpus durchf\u00fchrbar ist. M\u00f6chte man eine \u00dcbersicht der h\u00e4ufigen Verbindungen ohne Suchbegriff durchf\u00fchren, geschieht dies im Bereich \u201eN-Gram\u201c. Die \u00dcbersicht zu den Bigrammen (Screenshot 5) gibt einen Hinweis auf den Schl\u00fcsselanglizismus <em>clean eating<\/em>, und auch die usuelle Wortverbindung <em>gibt es<\/em> zeigt, dass die Texte tendenziell darauf zugeschnitten sind zu definieren, welche Arten von Superfood wo und wie verzehrt werden (Screenshot 6). Verfolgt man den Pfad der durch <em>mit<\/em> eingeleiteten Phrasen weiter, kann man dies \u00fcber \u201eN-Gram\u201c oder \u201eCluster\u201c untersuchen. Da hier ein Suchbegriff verwendet wird, sind beide Untersuchungen m\u00f6glich und unterscheiden sich nur dadurch, dass unter \u201eCluster\u201c eine Auswahl m\u00f6glich ist, an welcher Position der Suchbegriff stehen soll. Es l\u00e4sst sich hier (Screenshot 6) m\u00f6glicherweise eine diskursspezifische pr\u00e4positionale Einbettung feststellen, bei der \u00fcber das jeweilige Nomen zum Ausdruck kommt, was alles als Superfood gilt:<\/p>\n<p>NN <em>mit Honig<\/em>\/ <em>Chiasamen<\/em>\/ <em>Gr\u00fcnkohl<\/em><\/p>\n<p><em>Algen<\/em>\/ <em>Pudding mit<\/em> NN.<\/p>\n<p><em>Superfoods<\/em> stellen semantisch gesehen Anreicherungen dar. Dieses ern\u00e4hrungsphysiologische Surplus wird morphologisch durch Komposita (<em>Chia-Pudding<\/em>) und syntaktisch u.a. in einer <em>mit<\/em>-Konstruktion realisiert. Diese Konstruktionen dienen dazu, bekannte Gerichte und Lebensmittel \u2013 aus Gesundheitsgr\u00fcnden \u2013 mit gesunden Nahrungsmitteln zu kombinieren (<em>Salat mit Gr\u00fcnkohl<\/em>, <em>Smoothie-Bowls mit Chiasamen<\/em>).<\/p>\n<figure id=\"attachment_911\" aria-describedby=\"caption-attachment-911\" style=\"width: 837px\" class=\"wp-caption alignleft\"><img loading=\"lazy\" decoding=\"async\" class=\"wp-image-911 size-full\" title=\"Screenshot 4: Bigramme\" src=\"https:\/\/blogs.uni-paderborn.de\/lingutools\/files\/2024\/05\/Screenshot_5_Bigramme-1.png\" alt=\"\" width=\"837\" height=\"1018\" srcset=\"https:\/\/blogs.uni-paderborn.de\/lingutools\/files\/2024\/05\/Screenshot_5_Bigramme-1.png 837w, https:\/\/blogs.uni-paderborn.de\/lingutools\/files\/2024\/05\/Screenshot_5_Bigramme-1-247x300.png 247w, https:\/\/blogs.uni-paderborn.de\/lingutools\/files\/2024\/05\/Screenshot_5_Bigramme-1-768x934.png 768w\" sizes=\"auto, (max-width: 837px) 100vw, 837px\" \/><figcaption id=\"caption-attachment-911\" class=\"wp-caption-text\">Screenshot 5: Bigramme<\/figcaption><\/figure>\n<figure id=\"attachment_912\" aria-describedby=\"caption-attachment-912\" style=\"width: 1236px\" class=\"wp-caption alignleft\"><img loading=\"lazy\" decoding=\"async\" class=\"wp-image-912 size-full\" title=\"Screenshot 5: Belege f\u00fcr die Wortverbindung gibt es in der Konkordanzansicht\" src=\"https:\/\/blogs.uni-paderborn.de\/lingutools\/files\/2024\/05\/Screenshot_6_gibt_es.png\" alt=\"\" width=\"1236\" height=\"1017\" srcset=\"https:\/\/blogs.uni-paderborn.de\/lingutools\/files\/2024\/05\/Screenshot_6_gibt_es.png 1236w, https:\/\/blogs.uni-paderborn.de\/lingutools\/files\/2024\/05\/Screenshot_6_gibt_es-300x247.png 300w, https:\/\/blogs.uni-paderborn.de\/lingutools\/files\/2024\/05\/Screenshot_6_gibt_es-768x632.png 768w\" sizes=\"auto, (max-width: 1236px) 100vw, 1236px\" \/><figcaption id=\"caption-attachment-912\" class=\"wp-caption-text\">Screenshot 6: Belege f\u00fcr die Wortverbindung \u201egibt es\u201c in der KWIC-Ansicht<\/figcaption><\/figure>\n<figure id=\"attachment_913\" aria-describedby=\"caption-attachment-913\" style=\"width: 1232px\" class=\"wp-caption alignleft\"><img loading=\"lazy\" decoding=\"async\" class=\"wp-image-913 size-full\" title=\"Screenshot 6: \u00dcbersicht zu den Bigrammen zur Pr\u00e4position mit\" src=\"https:\/\/blogs.uni-paderborn.de\/lingutools\/files\/2024\/05\/Screenshot_7_Cluster_mit.png\" alt=\"\" width=\"1232\" height=\"991\" srcset=\"https:\/\/blogs.uni-paderborn.de\/lingutools\/files\/2024\/05\/Screenshot_7_Cluster_mit.png 1232w, https:\/\/blogs.uni-paderborn.de\/lingutools\/files\/2024\/05\/Screenshot_7_Cluster_mit-300x241.png 300w, https:\/\/blogs.uni-paderborn.de\/lingutools\/files\/2024\/05\/Screenshot_7_Cluster_mit-768x618.png 768w\" sizes=\"auto, (max-width: 1232px) 100vw, 1232px\" \/><figcaption id=\"caption-attachment-913\" class=\"wp-caption-text\">Screenshot 7: \u00dcbersicht zu den Clustern zur Pr\u00e4position \u201emit\u201c<\/figcaption><\/figure>\n<figure id=\"attachment_914\" aria-describedby=\"caption-attachment-914\" style=\"width: 1237px\" class=\"wp-caption alignleft\"><img loading=\"lazy\" decoding=\"async\" class=\"wp-image-914 size-full\" title=\"Screenshot 7: Kookkurrenzen zum Suchwort Superfood (Collocates) in F\u00fcnf-Wort-Umgebung links und rechts\" src=\"https:\/\/blogs.uni-paderborn.de\/lingutools\/files\/2024\/05\/Screenshot_8_Collocates.png\" alt=\"\" width=\"1237\" height=\"1017\" srcset=\"https:\/\/blogs.uni-paderborn.de\/lingutools\/files\/2024\/05\/Screenshot_8_Collocates.png 1237w, https:\/\/blogs.uni-paderborn.de\/lingutools\/files\/2024\/05\/Screenshot_8_Collocates-300x247.png 300w, https:\/\/blogs.uni-paderborn.de\/lingutools\/files\/2024\/05\/Screenshot_8_Collocates-768x631.png 768w\" sizes=\"auto, (max-width: 1237px) 100vw, 1237px\" \/><figcaption id=\"caption-attachment-914\" class=\"wp-caption-text\">Screenshot 8: Kookkurrenzen zum Suchwort \u201eSuperfood\u201c (Collocates) in F\u00fcnf-Wort-Umgebung links und rechts<\/figcaption><\/figure>\n<p>F\u00fcr die Auswertung nach \u201eCollocates\u201c muss ein Ausgangswort bzw. eine Phrase gew\u00e4hlt werden, mit denen andere W\u00f6rter in einer vorab gew\u00e4hlten Umgebung kookkurrieren (voreingestellt ist eine Umgebung f\u00fcnf W\u00f6rter links und rechts vom Suchterm). F\u00fcr <em>Superfood<\/em> ergibt sich eine H\u00e4ufung der Singular- und Plural-Formen von sein (<em>ist<\/em> und <em>sind<\/em>) (Screenshot 8), was die Vermutung nahelegt, dass der Anglizismus regelm\u00e4\u00dfig in Pr\u00e4dikationen eintritt, in denen definitorische Zuschreibungen erfolgen, wie in den folgenden Pr\u00e4dikativkonstruktionen:<\/p>\n<p><em>Belege f\u00fcr die heilenden Kr\u00e4fte von Superfood sind rar.<\/em> (Focus online 12.09.2018)<\/p>\n<p><em>Dabei ist Hafer ein wahres \u201eSuperfood\u201c. <\/em>(Spiegel online 19.4.2018)<\/p>\n<p>Eine Keyword List kann nur dann erstellt werden, wenn vorab im \u201eCorpus Manager\u201c ein \u201eReference Corpus\u201c in AntConc erstellt wurde. F\u00fcr das Superfood-Korpus w\u00fcrde sich z.B. ein thematischer Kontrast zu globaleren Ern\u00e4hrungsartikeln anbieten, die vermutlich weniger metadiskursive Spuren aufweisen, da die Definitionen weniger strittig sind. Anzunehmen ist dar\u00fcber hinaus, dass in geringerem Ma\u00dfe Konstruktionen des Definierens und Zuordnens auftreten.<\/p>\n<p><strong>Fazit:<\/strong><\/p>\n<p>Diese korpuslinguistische Mini-Studie hat die Bezeichnung <em>Superfood<\/em> als Modewort ausgewiesen, dessen Gesundheitseffekt mit einzelnen Lebensmitteln und Inhaltsstoffen korrespondiert und dessen Gesundheitswirkung im \u00f6ffentlichen Pressediskurs (kritisch) diskutiert wird.<\/p>\n<p><strong>Weiterf\u00fchrende Links:<\/strong><\/p>\n<p><a href=\"http:\/\/www.laurenceanthony.net\/software\/antconc\/\">http:\/\/www.laurenceanthony.net\/software\/antconc\/<\/a><\/p>\n<p><iframe loading=\"lazy\" title=\"AntConc 4 (ver. 4.2) - Getting started\" width=\"660\" height=\"371\" src=\"https:\/\/www.youtube.com\/embed\/_GSlwIO5QZE?feature=oembed\" frameborder=\"0\" allow=\"accelerometer; autoplay; clipboard-write; encrypted-media; gyroscope; picture-in-picture; web-share\" referrerpolicy=\"strict-origin-when-cross-origin\" allowfullscreen><\/iframe><\/p>\n","protected":false},"excerpt":{"rendered":"<p>Was ist AntConc? AntConc ist ein Konkordanztool f\u00fcr geschriebene Korpora, mit dem man relativ einfach Standardsuchanfragen der computerbasierten Korpusanalyse durchf\u00fchren kann. Die Software erstellt automatisch Wortlisten (Wortfrequenz) und Statistiken, etwa zum Verh\u00e4ltnis zwischen &#8222;token&#8220; und &#8222;types&#8220;, mit denen sich u.a. der Wortschatzreichtum eines Textes untersuchen l\u00e4sst. Das Tool unterst\u00fctzt das g\u00e4ngige UTF-8-Format und erlaubt Suchanfragen &hellip; <a href=\"https:\/\/blogs.uni-paderborn.de\/lingutools\/antconc\/\" class=\"more-link\"><span class=\"screen-reader-text\">AntConc<\/span> weiterlesen<\/a><\/p>\n","protected":false},"author":7825,"featured_media":660,"parent":0,"menu_order":0,"comment_status":"closed","ping_status":"closed","template":"","meta":{"footnotes":""},"class_list":["post-33","page","type-page","status-publish","has-post-thumbnail","hentry"],"_links":{"self":[{"href":"https:\/\/blogs.uni-paderborn.de\/lingutools\/wp-json\/wp\/v2\/pages\/33","targetHints":{"allow":["GET"]}}],"collection":[{"href":"https:\/\/blogs.uni-paderborn.de\/lingutools\/wp-json\/wp\/v2\/pages"}],"about":[{"href":"https:\/\/blogs.uni-paderborn.de\/lingutools\/wp-json\/wp\/v2\/types\/page"}],"author":[{"embeddable":true,"href":"https:\/\/blogs.uni-paderborn.de\/lingutools\/wp-json\/wp\/v2\/users\/7825"}],"replies":[{"embeddable":true,"href":"https:\/\/blogs.uni-paderborn.de\/lingutools\/wp-json\/wp\/v2\/comments?post=33"}],"version-history":[{"count":17,"href":"https:\/\/blogs.uni-paderborn.de\/lingutools\/wp-json\/wp\/v2\/pages\/33\/revisions"}],"predecessor-version":[{"id":916,"href":"https:\/\/blogs.uni-paderborn.de\/lingutools\/wp-json\/wp\/v2\/pages\/33\/revisions\/916"}],"wp:featuredmedia":[{"embeddable":true,"href":"https:\/\/blogs.uni-paderborn.de\/lingutools\/wp-json\/wp\/v2\/media\/660"}],"wp:attachment":[{"href":"https:\/\/blogs.uni-paderborn.de\/lingutools\/wp-json\/wp\/v2\/media?parent=33"}],"curies":[{"name":"wp","href":"https:\/\/api.w.org\/{rel}","templated":true}]}}