{"id":432,"date":"2013-12-13T13:26:30","date_gmt":"2013-12-13T11:26:30","guid":{"rendered":"http:\/\/blogs.uni-paderborn.de\/lehrmethoden\/?page_id=432"},"modified":"2014-04-07T09:12:07","modified_gmt":"2014-04-07T07:12:07","slug":"startseite","status":"publish","type":"page","link":"https:\/\/blogs.uni-paderborn.de\/lehrmethoden\/","title":{"rendered":"Start"},"content":{"rendered":"<div class=\"twoclick_social_bookmarks_post_432 social_share_privacy clearfix 1.6.4 locale-de_DE sprite-de_DE\"><\/div><div class=\"twoclick-js\"><script type=\"text\/javascript\">\/* <![CDATA[ *\/\njQuery(document).ready(function($){if($('.twoclick_social_bookmarks_post_432')){$('.twoclick_social_bookmarks_post_432').socialSharePrivacy({\"txt_help\":\"Wenn Sie diese Felder durch einen Klick aktivieren, werden Informationen an Facebook, Twitter, Flattr, Xing, t3n, LinkedIn, Pinterest oder Google eventuell ins Ausland \\u00fcbertragen und unter Umst\\u00e4nden auch dort gespeichert. N\\u00e4heres erfahren Sie durch einen Klick auf das <em>i<\\\/em>.\",\"settings_perma\":\"Dauerhaft aktivieren und Daten\\u00fcber-tragung zustimmen:\",\"info_link\":\"http:\\\/\\\/www.heise.de\\\/ct\\\/artikel\\\/2-Klicks-fuer-mehr-Datenschutz-1333879.html\",\"uri\":\"https:\\\/\\\/blogs.uni-paderborn.de\\\/lehrmethoden\\\/\",\"post_id\":432,\"post_title_referrer_track\":\"Start\",\"display_infobox\":\"on\"});}});\n\/* ]]> *\/<\/script><\/div><h1><span style=\"color: #ff6600\"><strong>Herzlich willkommen auf dem Lehrmethoden-Blog!<\/strong><\/span><\/h1>\n<p><strong><span style=\"color: #000000\">Welche Lehrmethoden kann ich anwenden? Was muss ich beachten? Was kann schiefgehen? Welche Methoden verwendet mein Kollege\/meine Kollegin in seiner\/ihrer Veranstaltung und wie hat das geklappt?<\/span><\/strong><\/p>\n<p>Dieser Blog bietet eine Plattform zum Austausch \u00fcber den Einsatz von Lehrmethoden. Er zeigt Erfahrungen im Umgang mit Lehrmethoden und wird so zu einem praxisorientierten Pool n\u00fctzlicher Lehrideen, die Sie auch einfach nur als Anregung f\u00fcr Ihre eigene Lehre nutzen k\u00f6nnen.<\/p>\n<h1><span style=\"color: #ff6600\">Wie k\u00f6nnen Sie sich beteiligen?<\/span><\/h1>\n<p>Sie haben zwei M\u00f6glichkeiten:<\/p>\n<ol>\n<li>Sie <strong>kommentieren<\/strong> einen der aufgelisteten Erfahrungsberichte hier im Blog.<\/li>\n<li>Sie <strong>erstellen<\/strong> einen eigenen Erfahrungsbericht \u00fcber dieses <a href=\"http:\/\/blogs.uni-paderborn.de\/lehrmethoden\/files\/2014\/02\/Pasda_Erfahrungsbericht.pdf\">Formular<\/a>, das Sie bitte an\u00a0<strong><a href=\"mailto:hochschuldidaktik@uni-paderborn.de\">hochschuldidaktik@uni-paderborn.de<\/a><\/strong> senden.<\/li>\n<\/ol>\n<p><strong>Hier finden Sie Erl\u00e4uterungen und Hilfen zu den erforderlichen Angaben:<\/strong><\/p>\n<ul>\n<li>Welche <a title=\"Glossar\" href=\"http:\/\/blogs.uni-paderborn.de\/lehrmethoden\/glossar\/\" target=\"_blank\">Veranstaltungstypen<\/a> gibt es?<\/li>\n<li>Was ist mit <a title=\"Glossar\" href=\"http:\/\/blogs.uni-paderborn.de\/lehrmethoden\/glossar\/\" target=\"_blank\">Gruppenzusammensetzung<\/a> gemeint?<\/li>\n<li>Wie finde ich den Namen einer <a title=\"Glossar\" href=\"http:\/\/blogs.uni-paderborn.de\/lehrmethoden\/glossar\/\" target=\"_blank\">Lehrmethode <\/a>heraus?<\/li>\n<li>Welche <a title=\"Glossar\" href=\"http:\/\/blogs.uni-paderborn.de\/lehrmethoden\/glossar\/\" target=\"_blank\">Phasen<\/a> in einer Veranstaltung sind gemeint?<\/li>\n<li>Was sind <a title=\"Glossar\" href=\"http:\/\/blogs.uni-paderborn.de\/lehrmethoden\/glossar\/\" target=\"_blank\">Lernziele<\/a>?<\/li>\n<\/ul>\n<p>&nbsp;<\/p>\n<h2><span style=\"color: #ff6600\">Orientierung im Blog<\/span><\/h2>\n<p><strong>Wie finden Sie sich in diesem Blog zurecht?<\/strong><\/p>\n<ul>\n<li>Nutzen Sie die oben aufgef\u00fchrten <strong>Reiter<\/strong>, um Erfahrungen aus Ihren <strong>Fakult\u00e4ten<\/strong> anzusehen<\/li>\n<li>Nutzen Sie die <strong>Tag-Cloud<\/strong> rechts, um sich die Beitr\u00e4ge <strong>thematisch<\/strong> anzeigen zu lassen, z.B. alle Erfahrungsberichte, die sich auf Seminare oder Arbeit mit Wikis beziehen.<\/li>\n<\/ul>\n","protected":false},"excerpt":{"rendered":"<p>Herzlich willkommen auf dem Lehrmethoden-Blog! Welche Lehrmethoden kann ich anwenden? Was muss ich beachten? Was kann schiefgehen? Welche Methoden verwendet mein Kollege\/meine Kollegin in seiner\/ihrer Veranstaltung und wie hat das geklappt? Dieser Blog bietet eine Plattform zum Austausch \u00fcber den Einsatz von Lehrmethoden. Er zeigt Erfahrungen im Umgang mit Lehrmethoden und wird so zu einem [&hellip;]<\/p>\n","protected":false},"author":492,"featured_media":0,"parent":0,"menu_order":0,"comment_status":"open","ping_status":"closed","template":"","meta":{"footnotes":""},"class_list":["post-432","page","type-page","status-publish","hentry"],"_links":{"self":[{"href":"https:\/\/blogs.uni-paderborn.de\/lehrmethoden\/wp-json\/wp\/v2\/pages\/432","targetHints":{"allow":["GET"]}}],"collection":[{"href":"https:\/\/blogs.uni-paderborn.de\/lehrmethoden\/wp-json\/wp\/v2\/pages"}],"about":[{"href":"https:\/\/blogs.uni-paderborn.de\/lehrmethoden\/wp-json\/wp\/v2\/types\/page"}],"author":[{"embeddable":true,"href":"https:\/\/blogs.uni-paderborn.de\/lehrmethoden\/wp-json\/wp\/v2\/users\/492"}],"replies":[{"embeddable":true,"href":"https:\/\/blogs.uni-paderborn.de\/lehrmethoden\/wp-json\/wp\/v2\/comments?post=432"}],"version-history":[{"count":7,"href":"https:\/\/blogs.uni-paderborn.de\/lehrmethoden\/wp-json\/wp\/v2\/pages\/432\/revisions"}],"predecessor-version":[{"id":1511,"href":"https:\/\/blogs.uni-paderborn.de\/lehrmethoden\/wp-json\/wp\/v2\/pages\/432\/revisions\/1511"}],"wp:attachment":[{"href":"https:\/\/blogs.uni-paderborn.de\/lehrmethoden\/wp-json\/wp\/v2\/media?parent=432"}],"curies":[{"name":"wp","href":"https:\/\/api.w.org\/{rel}","templated":true}]}}