{"id":3211,"date":"2014-08-26T19:25:58","date_gmt":"2014-08-26T17:25:58","guid":{"rendered":"http:\/\/blogs.uni-paderborn.de\/kw-praktikumsboerse\/?page_id=3211"},"modified":"2020-09-29T17:24:13","modified_gmt":"2020-09-29T15:24:13","slug":"sie-haben-praktikumsplaetze-anzubieten","status":"publish","type":"page","link":"https:\/\/blogs.uni-paderborn.de\/kw-praktikumsboerse\/sie-haben-praktikumsplaetze-anzubieten\/","title":{"rendered":"Freie Praktika, Jobs und Stellen im Angebot?"},"content":{"rendered":"<div class=\"twoclick_social_bookmarks_post_3211 social_share_privacy clearfix 1.6.4 locale-de_DE sprite-de_DE\"><\/div><div class=\"twoclick-js\"><script type=\"text\/javascript\">\/* <![CDATA[ *\/\njQuery(document).ready(function($){if($('.twoclick_social_bookmarks_post_3211')){$('.twoclick_social_bookmarks_post_3211').socialSharePrivacy({\"txt_help\":\"Wenn Sie diese Felder durch einen Klick aktivieren, werden Informationen an Facebook, Twitter, Flattr, Xing, t3n, LinkedIn, Pinterest oder Google eventuell ins Ausland \\u00fcbertragen und unter Umst\\u00e4nden auch dort gespeichert. N\\u00e4heres erfahren Sie durch einen Klick auf das <em>i<\\\/em>.\",\"settings_perma\":\"Dauerhaft aktivieren und Daten\\u00fcber-tragung zustimmen:\",\"info_link\":\"http:\\\/\\\/www.heise.de\\\/ct\\\/artikel\\\/2-Klicks-fuer-mehr-Datenschutz-1333879.html\",\"uri\":\"https:\\\/\\\/blogs.uni-paderborn.de\\\/kw-praktikumsboerse\\\/sie-haben-praktikumsplaetze-anzubieten\\\/\",\"post_id\":3211,\"post_title_referrer_track\":\"Freie+Praktika%2C+Jobs+und+Stellen+im+Angebot%3F\",\"display_infobox\":\"on\"});}});\n\/* ]]> *\/<\/script><\/div><p>Gerne k\u00f6nnen Sie uns freie Praktika, Studentenjobs und feste Stellen anbieten, wir stellen diese f\u00fcr Sie ein und das v\u00f6llig kostenlos. Nur fair sollten die Angebote sein und sich an Studierende der Fakult\u00e4t f\u00fcr Kulturwissenschaften richten. Mehr Infos zu unseren Studieng\u00e4ngen <a href=\"http:\/\/kw.uni-paderborn.de\/studium-und-lehre\/studiengaenge\/\" target=\"_blank\" rel=\"noopener noreferrer\">hier<\/a>.<\/p>\n<p style=\"text-align: left\"><strong>Redaktion und Kontakt<\/strong><\/p>\n<aside id=\"text-2\">\n<div style=\"text-align: left\"><strong>Praktika In- und Ausland<\/strong><\/div>\n<div style=\"text-align: left\"><\/div>\n<div style=\"text-align: left\"><a href=\"https:\/\/kw.uni-paderborn.de\/studium\/praktikumskoordination\">https:\/\/kw.uni-paderborn.de\/studium\/praktikumskoordination<\/a><\/div>\n<div style=\"text-align: left\"><\/div>\n<div style=\"text-align: left\"><\/div>\n<div style=\"text-align: left\"><\/div>\n<div style=\"text-align: left\"><\/div>\n<\/aside>\n","protected":false},"excerpt":{"rendered":"<p>Gerne k\u00f6nnen Sie uns freie Praktika, Studentenjobs und feste Stellen anbieten, wir stellen diese f\u00fcr Sie ein und das v\u00f6llig kostenlos. Nur fair sollten die Angebote sein und sich an Studierende der Fakult\u00e4t f\u00fcr Kulturwissenschaften richten. Mehr Infos zu unseren Studieng\u00e4ngen hier. Redaktion und Kontakt Praktika In- und Ausland https:\/\/kw.uni-paderborn.de\/studium\/praktikumskoordination<\/p>\n","protected":false},"author":4971,"featured_media":0,"parent":0,"menu_order":0,"comment_status":"closed","ping_status":"closed","template":"","meta":{"footnotes":""},"class_list":["post-3211","page","type-page","status-publish","hentry"],"_links":{"self":[{"href":"https:\/\/blogs.uni-paderborn.de\/kw-praktikumsboerse\/wp-json\/wp\/v2\/pages\/3211","targetHints":{"allow":["GET"]}}],"collection":[{"href":"https:\/\/blogs.uni-paderborn.de\/kw-praktikumsboerse\/wp-json\/wp\/v2\/pages"}],"about":[{"href":"https:\/\/blogs.uni-paderborn.de\/kw-praktikumsboerse\/wp-json\/wp\/v2\/types\/page"}],"author":[{"embeddable":true,"href":"https:\/\/blogs.uni-paderborn.de\/kw-praktikumsboerse\/wp-json\/wp\/v2\/users\/4971"}],"replies":[{"embeddable":true,"href":"https:\/\/blogs.uni-paderborn.de\/kw-praktikumsboerse\/wp-json\/wp\/v2\/comments?post=3211"}],"version-history":[{"count":22,"href":"https:\/\/blogs.uni-paderborn.de\/kw-praktikumsboerse\/wp-json\/wp\/v2\/pages\/3211\/revisions"}],"predecessor-version":[{"id":12014,"href":"https:\/\/blogs.uni-paderborn.de\/kw-praktikumsboerse\/wp-json\/wp\/v2\/pages\/3211\/revisions\/12014"}],"wp:attachment":[{"href":"https:\/\/blogs.uni-paderborn.de\/kw-praktikumsboerse\/wp-json\/wp\/v2\/media?parent=3211"}],"curies":[{"name":"wp","href":"https:\/\/api.w.org\/{rel}","templated":true}]}}