{"id":826,"date":"2017-08-01T16:36:38","date_gmt":"2017-08-01T14:36:38","guid":{"rendered":"https:\/\/blogs.uni-paderborn.de\/kunstdidaktik\/?page_id=826"},"modified":"2021-10-20T12:03:24","modified_gmt":"2021-10-20T10:03:24","slug":"impressum","status":"publish","type":"page","link":"https:\/\/blogs.uni-paderborn.de\/kunstdidaktik\/kontakt\/impressum\/","title":{"rendered":"Impressum"},"content":{"rendered":"<div class=\"twoclick_social_bookmarks_post_826 social_share_privacy clearfix 1.6.4 locale-de_DE sprite-de_DE\"><\/div><div class=\"twoclick-js\"><script type=\"text\/javascript\">\/* <![CDATA[ *\/\njQuery(document).ready(function($){if($('.twoclick_social_bookmarks_post_826')){$('.twoclick_social_bookmarks_post_826').socialSharePrivacy({\"txt_help\":\"Wenn Sie diese Felder durch einen Klick aktivieren, werden Informationen an Facebook, Twitter, Flattr, Xing, t3n, LinkedIn, Pinterest oder Google eventuell ins Ausland \\u00fcbertragen und unter Umst\\u00e4nden auch dort gespeichert. N\\u00e4heres erfahren Sie durch einen Klick auf das <em>i<\\\/em>.\",\"settings_perma\":\"Dauerhaft aktivieren und Daten\\u00fcber-tragung zustimmen:\",\"info_link\":\"http:\\\/\\\/www.heise.de\\\/ct\\\/artikel\\\/2-Klicks-fuer-mehr-Datenschutz-1333879.html\",\"uri\":\"https:\\\/\\\/blogs.uni-paderborn.de\\\/kunstdidaktik\\\/kontakt\\\/impressum\\\/\",\"post_id\":826,\"post_title_referrer_track\":\"Impressum\",\"display_infobox\":\"on\"});}});\n\/* ]]> *\/<\/script><\/div><p style=\"font-size: 12px;font-family: seoge ui, trebuchet ms\">blogs.uni-paderborn.de\/kunstdidaktik<\/p>\n<p style=\"font-size: 12px;font-family: seoge ui, trebuchet ms\"><strong style=\"font-size: 14px;font-family: seoge ui, trebuchet ms;padding: 0px\">Betreiber:<\/strong><br \/>\nUniversit\u00e4t Paderborn<br \/>\nWarburger Str. 100<br \/>\n33098 Paderborn<br \/>\nTelefon: +49 5251 60-0<br \/>\nE-Mail: webmaster[at]uni-paderborn.de<\/p>\n<p style=\"font-size: 12px;font-family: seoge ui, trebuchet ms\"><strong style=\"font-size: 14px;font-family: seoge ui, trebuchet ms;padding-left: 0px\">Verantwortlich f\u00fcr den Inhalt nach \u00a7 55 Abs. 2 RStV:<\/strong><br \/>\nVerantwortliche f\u00fcr den Blog unter \u201eblogs.uni-paderborn.de\/kunstdidaktik\u201c ist<br \/>\nProf. Dr. Rebekka Schmidt<br \/>\n<strong>E-Mail:<\/strong> blog.kunstdidaktik[at]kw.uni-paderborn.de<br \/>\n<strong>Telefon:<\/strong>&nbsp;+49 5251 60-3459<\/p>\n<p style=\"font-size: 12px;font-family: seoge ui, trebuchet ms\">Die Inhalte dieses Blogs wurden mit gr\u00f6\u00dfter Sorgfalt erstellt. F\u00fcr die Richtigkeit, Vollst\u00e4ndigkeit und Aktualit\u00e4t der Inhalte kann keine Gew\u00e4hr \u00fcbernommen werden.<br \/>\nF\u00fcr Kommentare sind ausschlie\u00dflich die Kommentarscheiber selbst verantwortlich.<\/p>\n<p style=\"font-size: 12px;font-family: seoge ui, trebuchet ms\"><strong style=\"font-size: 14px;font-family: seoge ui, trebuchet ms\">Urheberrechtshinweis<\/strong><br \/>\nDie Urheber- und Nutzungsrechte (Copyright) f\u00fcr Texte, Grafiken, Bilder, Design und Quellcode liegen soweit nicht anders angegeben bei der Professur f\u00fcr Kunstdidaktik mit besonderer Ber\u00fccksichtigung f\u00fcr Inklusion. Die Erstellung, Verwendung und Weitergabe von Kopien in elektronischer oder ausgedruckter Form bedarf der Genehmigung.<\/p>\n<p style=\"font-size: 12px;font-family: seoge ui, trebuchet ms\"><strong style=\"font-size: 14px;font-family: seoge ui, trebuchet ms\">Haftungshinweis<\/strong><br \/>\nF\u00fcr auf den Seiten vorhandene externe Links und die dar\u00fcber verf\u00fcgbaren Inhalte wird keine Haftung \u00fcbernommen. Sie stellen kein Angebot der Universit\u00e4t Paderborn dar. F\u00fcr den Inhalt der verlinkten Seiten sind ausschlie\u00dflich deren Betreiber verantwortlich.<\/p>\n<p style=\"font-size: 12px;font-family: seoge ui, trebuchet ms\"><strong style=\"font-size: 14px;font-family: seoge ui, trebuchet ms;padding-left: 0px\">Datenschutz<\/strong><br \/>\nUnsere Datenschutzerkl\u00e4rung finden Sie <a href=\"https:\/\/www.uni-paderborn.de\/datenschutzerklaerung\/\">Hier<\/a><\/p>\n<p style=\"font-size: 12px;font-family: seoge ui, trebuchet ms\"><strong style=\"font-size: 14px;font-family: seoge ui, trebuchet ms;padding-left: 0px\">Informationen zum Betreiber<\/strong><br \/>\nDie Universit\u00e4t Paderborn ist eine vom Land NRW getragene, rechtsf\u00e4hige K\u00f6rperschaft des \u00d6ffentlichen Rechts. Sie wird durch die Pr\u00e4sidentin vertreten. <a href=\"https:\/\/www.uni-paderborn.de\/universitaet\/praesidium\/\">https:\/\/www.uni-paderborn.de\/universitaet\/praesidium\/<\/a><\/p>\n<p style=\"font-size: 12px;font-family: seoge ui, trebuchet ms\">Umsatzsteuer-Identifikationsnummer gem\u00e4\u00df \u00a7 27 a Umsatzsteuergesetz:<br \/>\nDE 811209907<\/p>\n<p style=\"font-size: 12px;font-family: seoge ui, trebuchet ms\"><strong style=\"font-size: 14px;font-family: seoge ui, trebuchet ms\">Zust\u00e4ndige Aufsichtsbeh\u00f6rde:<\/strong><br \/>\nMinisterium f\u00fcr Innovation,<br \/>\nWissenschaft, Forschung und Technologie (MIWFT) des Landes Nordrhein-Westfalen,<br \/>\nV\u00f6lklinger Str. 49, D-40221 D\u00fcsseldorf<\/p>\n<p style=\"font-size: 12px;font-family: seoge ui, trebuchet ms\">Angaben gem\u00e4\u00df \u00a7 5 TMG<\/p>\n","protected":false},"excerpt":{"rendered":"<p>blogs.uni-paderborn.de\/kunstdidaktik Betreiber: Universit\u00e4t Paderborn Warburger Str. 100 33098 Paderborn Telefon: +49 5251 60-0 E-Mail: webmaster[at]uni-paderborn.de Verantwortlich f\u00fcr den Inhalt nach \u00a7 55 Abs. 2 RStV: Verantwortliche f\u00fcr den Blog unter \u201eblogs.uni-paderborn.de\/kunstdidaktik\u201c ist Prof. Dr. Rebekka Schmidt E-Mail: blog.kunstdidaktik[at]kw.uni-paderborn.de Telefon:&nbsp;+49 5251 &hellip; <a href=\"https:\/\/blogs.uni-paderborn.de\/kunstdidaktik\/kontakt\/impressum\/\">Weiterlesen <span class=\"meta-nav\">&rarr;<\/span><\/a><\/p>\n","protected":false},"author":7975,"featured_media":8465,"parent":126,"menu_order":0,"comment_status":"closed","ping_status":"closed","template":"","meta":{"footnotes":""},"class_list":["post-826","page","type-page","status-publish","has-post-thumbnail","hentry"],"_links":{"self":[{"href":"https:\/\/blogs.uni-paderborn.de\/kunstdidaktik\/wp-json\/wp\/v2\/pages\/826","targetHints":{"allow":["GET"]}}],"collection":[{"href":"https:\/\/blogs.uni-paderborn.de\/kunstdidaktik\/wp-json\/wp\/v2\/pages"}],"about":[{"href":"https:\/\/blogs.uni-paderborn.de\/kunstdidaktik\/wp-json\/wp\/v2\/types\/page"}],"author":[{"embeddable":true,"href":"https:\/\/blogs.uni-paderborn.de\/kunstdidaktik\/wp-json\/wp\/v2\/users\/7975"}],"replies":[{"embeddable":true,"href":"https:\/\/blogs.uni-paderborn.de\/kunstdidaktik\/wp-json\/wp\/v2\/comments?post=826"}],"version-history":[{"count":41,"href":"https:\/\/blogs.uni-paderborn.de\/kunstdidaktik\/wp-json\/wp\/v2\/pages\/826\/revisions"}],"predecessor-version":[{"id":8289,"href":"https:\/\/blogs.uni-paderborn.de\/kunstdidaktik\/wp-json\/wp\/v2\/pages\/826\/revisions\/8289"}],"up":[{"embeddable":true,"href":"https:\/\/blogs.uni-paderborn.de\/kunstdidaktik\/wp-json\/wp\/v2\/pages\/126"}],"wp:featuredmedia":[{"embeddable":true,"href":"https:\/\/blogs.uni-paderborn.de\/kunstdidaktik\/wp-json\/wp\/v2\/media\/8465"}],"wp:attachment":[{"href":"https:\/\/blogs.uni-paderborn.de\/kunstdidaktik\/wp-json\/wp\/v2\/media?parent=826"}],"curies":[{"name":"wp","href":"https:\/\/api.w.org\/{rel}","templated":true}]}}