{"id":6480,"date":"2020-11-18T21:33:47","date_gmt":"2020-11-18T20:33:47","guid":{"rendered":"https:\/\/blogs.uni-paderborn.de\/kunstdidaktik\/?page_id=6480"},"modified":"2022-06-08T10:47:59","modified_gmt":"2022-06-08T08:47:59","slug":"auf-unserer-leseliste","status":"publish","type":"page","link":"https:\/\/blogs.uni-paderborn.de\/kunstdidaktik\/impulse\/literaturreviews\/auf-unserer-leseliste\/","title":{"rendered":"Auf unserer Leseliste"},"content":{"rendered":"<div class=\"twoclick_social_bookmarks_post_6480 social_share_privacy clearfix 1.6.4 locale-de_DE sprite-de_DE\"><\/div><div class=\"twoclick-js\"><script type=\"text\/javascript\">\/* <![CDATA[ *\/\njQuery(document).ready(function($){if($('.twoclick_social_bookmarks_post_6480')){$('.twoclick_social_bookmarks_post_6480').socialSharePrivacy({\"txt_help\":\"Wenn Sie diese Felder durch einen Klick aktivieren, werden Informationen an Facebook, Twitter, Flattr, Xing, t3n, LinkedIn, Pinterest oder Google eventuell ins Ausland \\u00fcbertragen und unter Umst\\u00e4nden auch dort gespeichert. N\\u00e4heres erfahren Sie durch einen Klick auf das <em>i<\\\/em>.\",\"settings_perma\":\"Dauerhaft aktivieren und Daten\\u00fcber-tragung zustimmen:\",\"info_link\":\"http:\\\/\\\/www.heise.de\\\/ct\\\/artikel\\\/2-Klicks-fuer-mehr-Datenschutz-1333879.html\",\"uri\":\"https:\\\/\\\/blogs.uni-paderborn.de\\\/kunstdidaktik\\\/impulse\\\/literaturreviews\\\/auf-unserer-leseliste\\\/\",\"post_id\":6480,\"post_title_referrer_track\":\"Auf+unserer+Leseliste\",\"display_infobox\":\"on\"});}});\n\/* ]]> *\/<\/script><\/div>\n<p style=\"text-align: justify;padding-top: 20px;padding-bottom: 20px;font-family: segoe ui,trebuchet ms;font-size: 18px;margin-top: 0px\">Dies sind B\u00fccher, die aktuell erschienen sind und unser Interesse geweckt haben. Wir haben sie noch nicht gelesen, k\u00f6nnen daher nichts \u00fcber ihre Qualit\u00e4t aussagen, aber Person, Titel und\/oder Beschreibung haben uns neugierig gemacht.<\/p>\n<p><img decoding=\"async\" class=\"wp-image-6516\" style=\"border: 0px\" src=\"https:\/\/blogs.uni-paderborn.de\/kunstdidaktik\/files\/2020\/12\/Kommentar.jpg\" alt=\"\" width=\"40%\" align=\"middle\">\n<br><\/a><img decoding=\"async\" class=\"wp-image-6516\" style=\"border: 0px\" src=\"https:\/\/blogs.uni-paderborn.de\/kunstdidaktik\/files\/2021\/08\/Blumenvase-Platzhalter-2.png\" alt=\"\" width=\"30%\" align=\"middle\">\n<a href=\"https:\/\/blogs.uni-paderborn.de\/kunstdidaktik\/files\/2021\/10\/Buchempfehlung-Erfahrungsverankerte-Rezeption.png\"><img decoding=\"async\" class=\"wp-image-6516\" style=\"border: 0px\" src=\"https:\/\/blogs.uni-paderborn.de\/kunstdidaktik\/files\/2021\/10\/Cover-Erfahrungsverankerte-Rezeption.png\" alt=\"\" width=\"30%\" align=\"middle\">\n<a href=\"https:\/\/blogs.uni-paderborn.de\/kunstdidaktik\/files\/2022\/06\/Buchempfehlung-Die-Bildung-Aller.png\"><img decoding=\"async\" class=\"wp-image-6516\" style=\"border: 0px\" src=\"https:\/\/blogs.uni-paderborn.de\/kunstdidaktik\/files\/2022\/06\/Cover-Die-Bildung-Aller.png\" alt=\"\" width=\"30%\" align=\"middle\">\n<\/a><br><img decoding=\"async\" class=\"wp-image-6514\" style=\"border: 0px;margin: -10px\" src=\"https:\/\/blogs.uni-paderborn.de\/kunstdidaktik\/files\/2020\/11\/Buchregal.jpg\" alt=\"\" width=\"150%\" height=\"107\"><\/p>\n<p><a href=\"https:\/\/blogs.uni-paderborn.de\/kunstdidaktik\/files\/2022\/02\/Buchempfehlung-Professionalisierung-im-Spannungsfeld.png\"><img decoding=\"async\" class=\"wp-image-6516\" style=\"border: 0px\" src=\"https:\/\/blogs.uni-paderborn.de\/kunstdidaktik\/files\/2022\/02\/Cover-Professionalisierung-im-Spannungsfeld.png\" alt=\"\" width=\"30%\" align=\"middle\"><\/a>\n<\/a><img decoding=\"async\" class=\"wp-image-6516\" style=\"border: 0px\" src=\"https:\/\/blogs.uni-paderborn.de\/kunstdidaktik\/files\/2021\/08\/Blumenvase-Platzhalter-2.png\" alt=\"\" width=\"30%\" align=\"middle\">\n<a href=\"https:\/\/blogs.uni-paderborn.de\/kunstdidaktik\/files\/2021\/12\/Buchempfehlung-Vom-Zwischen-aus.jpg\"><img decoding=\"async\" class=\"wp-image-6516\" style=\"border: 0px\" src=\"https:\/\/blogs.uni-paderborn.de\/kunstdidaktik\/files\/2021\/12\/Cover-Vom-Zwischen-aus.png\" alt=\"\" width=\"30%\" align=\"middle\">\n<\/a><br><img decoding=\"async\" class=\"wp-image-6514\" style=\"border: 0px;margin: -10px\" src=\"https:\/\/blogs.uni-paderborn.de\/kunstdidaktik\/files\/2020\/11\/Buchregal.jpg\" alt=\"\" width=\"150%\" height=\"107\"><\/p>\n","protected":false},"excerpt":{"rendered":"<p>Dies sind B\u00fccher, die aktuell erschienen sind und unser Interesse geweckt haben. Wir haben sie noch nicht gelesen, k\u00f6nnen daher nichts \u00fcber ihre Qualit\u00e4t aussagen, aber Person, Titel und\/oder Beschreibung haben uns neugierig gemacht.<\/p>\n","protected":false},"author":8210,"featured_media":8430,"parent":52,"menu_order":0,"comment_status":"closed","ping_status":"closed","template":"","meta":{"footnotes":""},"class_list":["post-6480","page","type-page","status-publish","has-post-thumbnail","hentry"],"_links":{"self":[{"href":"https:\/\/blogs.uni-paderborn.de\/kunstdidaktik\/wp-json\/wp\/v2\/pages\/6480","targetHints":{"allow":["GET"]}}],"collection":[{"href":"https:\/\/blogs.uni-paderborn.de\/kunstdidaktik\/wp-json\/wp\/v2\/pages"}],"about":[{"href":"https:\/\/blogs.uni-paderborn.de\/kunstdidaktik\/wp-json\/wp\/v2\/types\/page"}],"author":[{"embeddable":true,"href":"https:\/\/blogs.uni-paderborn.de\/kunstdidaktik\/wp-json\/wp\/v2\/users\/8210"}],"replies":[{"embeddable":true,"href":"https:\/\/blogs.uni-paderborn.de\/kunstdidaktik\/wp-json\/wp\/v2\/comments?post=6480"}],"version-history":[{"count":98,"href":"https:\/\/blogs.uni-paderborn.de\/kunstdidaktik\/wp-json\/wp\/v2\/pages\/6480\/revisions"}],"predecessor-version":[{"id":9141,"href":"https:\/\/blogs.uni-paderborn.de\/kunstdidaktik\/wp-json\/wp\/v2\/pages\/6480\/revisions\/9141"}],"up":[{"embeddable":true,"href":"https:\/\/blogs.uni-paderborn.de\/kunstdidaktik\/wp-json\/wp\/v2\/pages\/52"}],"wp:featuredmedia":[{"embeddable":true,"href":"https:\/\/blogs.uni-paderborn.de\/kunstdidaktik\/wp-json\/wp\/v2\/media\/8430"}],"wp:attachment":[{"href":"https:\/\/blogs.uni-paderborn.de\/kunstdidaktik\/wp-json\/wp\/v2\/media?parent=6480"}],"curies":[{"name":"wp","href":"https:\/\/api.w.org\/{rel}","templated":true}]}}