{"id":5748,"date":"2020-05-01T15:05:21","date_gmt":"2020-05-01T13:05:21","guid":{"rendered":"https:\/\/blogs.uni-paderborn.de\/kunstdidaktik\/?page_id=5748"},"modified":"2021-10-20T12:05:39","modified_gmt":"2021-10-20T10:05:39","slug":"rueckblick","status":"publish","type":"page","link":"https:\/\/blogs.uni-paderborn.de\/kunstdidaktik\/projekte-events\/rueckblick-auf-wettbewerbe\/rueckblick\/","title":{"rendered":"Wettbewerbe"},"content":{"rendered":"<div class=\"twoclick_social_bookmarks_post_5748 social_share_privacy clearfix 1.6.4 locale-de_DE sprite-de_DE\"><\/div><div class=\"twoclick-js\"><script type=\"text\/javascript\">\/* <![CDATA[ *\/\njQuery(document).ready(function($){if($('.twoclick_social_bookmarks_post_5748')){$('.twoclick_social_bookmarks_post_5748').socialSharePrivacy({\"txt_help\":\"Wenn Sie diese Felder durch einen Klick aktivieren, werden Informationen an Facebook, Twitter, Flattr, Xing, t3n, LinkedIn, Pinterest oder Google eventuell ins Ausland \\u00fcbertragen und unter Umst\\u00e4nden auch dort gespeichert. N\\u00e4heres erfahren Sie durch einen Klick auf das <em>i<\\\/em>.\",\"settings_perma\":\"Dauerhaft aktivieren und Daten\\u00fcber-tragung zustimmen:\",\"info_link\":\"http:\\\/\\\/www.heise.de\\\/ct\\\/artikel\\\/2-Klicks-fuer-mehr-Datenschutz-1333879.html\",\"uri\":\"https:\\\/\\\/blogs.uni-paderborn.de\\\/kunstdidaktik\\\/projekte-events\\\/rueckblick-auf-wettbewerbe\\\/rueckblick\\\/\",\"post_id\":5748,\"post_title_referrer_track\":\"Wettbewerbe\",\"display_infobox\":\"on\"});}});\n\/* ]]> *\/<\/script><\/div>\n<p style=\"font-family: segoe ui, trebuchet ms;padding-top: 20px;font-size: 16px;border-top: 2.5px;border-bottom: 0px;border-left: 0px;border-right: 0px;border-color: #A4A4A4;border-style: solid\"><strong style=\"font-size: 18px;font-family: trebuchet ms;padding-top: 18px\">EDIT 2020 \u2013 digital und international<\/strong><br><img loading=\"lazy\" decoding=\"async\" class=\"wp-image-1885 alignleft\" style=\"border: 0px solid #000000\" src=\"https:\/\/blogs.uni-paderborn.de\/kunstdidaktik\/files\/2020\/11\/EDIT-Logo2.png\" alt=\"\" width=\"303\" height=\"230\">Wie auch in den letzten Jahren findet im November wieder der internationale Wettbewerb f\u00fcr Lehr-Lernvideos \u201eEDIT\u201c statt, der in Kooperation mit verschiedenen europ\u00e4ischen Universit\u00e4ten veranstaltet wird.<br>Dieses Jahr ist Paderborn nicht mit einem Seminar vertreten, trotzdem geh\u00f6rt Frau Prof. Dr. Rebekka Schmidt mit zum Team der Organisatoren. Da viele europ\u00e4ische Universit\u00e4ten auch das Wintersemester digital bestreiten, gibt es zum ersten Mal die M\u00f6glichkeit internationale und online kooperierende Teams zu bilden. Es wird also interessant und man darf auf die Ergebnisse der diesj\u00e4hrigen Teilnehmenden gespannt sein.<br>An der Universit\u00e4t Paderborn ist Frau Prof. Dr. Rebekka Schmidt die Ansprechpartnerin f\u00fcr diesen internationalen Wettbewerb. Weitere Informationen k\u00f6nnen gerne erfragt werden unter:<br>rebekka.schmidt@uni-paderborn.de<\/p>\n<p style=\"font-family: segoe ui, trebuchet ms;padding-top: 0px;font-size: 16px\"><a href=\"http:\/\/www.editvideochallenge.org\" target=\"_blank\" rel=\"noopener noreferrer\">\u21d2 Hier gibt es weitere Informationen zur EDIT<\/a><\/p>\n<p style=\"font-family: segoe ui, trebuchet ms;padding-top: 20px;font-size: 16px;border-top: 2.5px;border-bottom: 0px;border-left: 0px;border-right: 0px;border-color: #A4A4A4;border-style: solid\"><strong style=\"font-size: 18px;font-family: trebuchet ms;padding-top: 18px\">EDIT 2019 \u2013 ein interdisziplin\u00e4res Seminar<\/strong><strong style=\"padding-bottom: 20px;font-family: trebuchet ms\"><br><\/strong><br><img loading=\"lazy\" decoding=\"async\" class=\"alignleft wp-image-5053 \" style=\"border: 0px solid #000000\" src=\"https:\/\/blogs.uni-paderborn.de\/kunstdidaktik\/files\/2019\/10\/EDIT-Logo-pictures-and-text-277x300.png\" alt=\"\" width=\"262\" height=\"282\">Wie in den letzten Jahren nahmen Studierende der Universit\u00e4t Paderborn an dem internationalen Wettbewerb f\u00fcr Lehr-Lernvideos \u201eEdit\u201c teil, der in Kooperation verschiedener europ\u00e4ischer Universit\u00e4ten veranstaltet wird.<br>Auch dieses Jahr arbeiteten die Professuren Kunstdidaktik mit besonderer Ber\u00fccksichtigung von Inklusion (Prof. Dr. Rebekka Schmidt), Medienp\u00e4dagogik und empirische Medienforschung (Prof. Dr. Dorothee Meister) sowie Linguistik im Bereich Anglistik und Amerikanistik (Prof. Dr. Ilka Mindt) wieder Hand in Hand. Zun\u00e4chst erhielten die Studierenden einen fachspezifischen Einblick in das Thema. Anschlie\u00dfend wurden interdisziplin\u00e4re studentische Teams gebildet, die gemeinsam \u2013 betreut durch die drei Professorinnen \u2013 Lehr-Lernvideos erstellen. Letztes Jahr wurde diese Arbeitsweise mit einem ersten Platz f\u00fcr Paderborn belohnt.<br>Frau Prof. Dr. Rebekka Schmidt ist an der Universit\u00e4t Paderborn die Ansprechpartnerin f\u00fcr diesen internationalen Wettbewerb.<br><a href=\"http:\/\/www.editvideochallenge.org\" target=\"_blank\" rel=\"noopener noreferrer\"><br>\u21d2 Hier gibt es weitere Informationen zur EDIT <\/a><\/p>\n\n\n\n<p style=\"font-family: segoe ui, trebuchet ms;padding-top: 20px;font-size: 16px;border-top: 2.5px;border-bottom: 0px;border-left: 0px;border-right: 0px;border-color: #A4A4A4;border-style: solid\"><strong style=\"font-size: 18px;font-family: seoge ui, trebuchet ms;padding-top: 18px\">Mobile Art Wettbewerb<\/strong><br><img loading=\"lazy\" decoding=\"async\" class=\"wp-image-3576 alignleft\" style=\"border: 0px solid #000000\" src=\"https:\/\/blogs.uni-paderborn.de\/kunstdidaktik\/files\/2018\/12\/Flyer-Mobile-Art-Vorderseite-216x300.jpg\" alt=\"\" width=\"228\" height=\"311\">Die Professur Kunstdidaktik mit besonderer Ber\u00fccksichtigung von Inklusion hat einzigartige Ergebnisse, die zeigen welche gestalterischen und k\u00fcnstlerischen M\u00f6glichkeiten in mobilen Endger\u00e4ten wie bspw. dem Tablet oder Smartphone stecken, gesucht.<br>Egal ob als Einzelleistung oder im Team, ob in der Freizeit, an der Uni oder in anderen Kontexten produziert: Mitmachen konnten alle Studierenden der Universit\u00e4t Paderborn.<br>Dieses Jahr widmete sich der Wettbewerb dem Thema &#8222;Perspektiven&#8220;. Die Frage nach den Betrachtenden und Raum regt seit Jahrhunderten die Auseinandersetzung mit der Welt an. Gleichzeitig werden mit dem Begriff m\u00f6gliche Anschauungen eines Sachverhaltes bezeichnet. Welche neuen Perspektiven k\u00f6nnen digitale Medien entfalten? Diese Frage l\u00e4sst sich durch die Ambiguit\u00e4t des Begriffs auf viele verschiedene Wege beantworten.<br>Die gelungensten und kreativsten Arbeiten wurden in der Universit\u00e4tsbibliothek ausgestellt und auf einer virtuellen Plattform gezeigt.<\/p>\n\n\n\n<p style=\"font-family: segoe ui, trebuchet ms;padding-top: 20px;font-size: 16px;border-top: 2.5px;border-bottom: 0px;border-left: 0px;border-right: 0px;border-color: #A4A4A4;border-style: solid\"><strong style=\"font-size: 18px;font-family: trebuchet ms;padding-top: 18px\">EDIT 2018 \u2013 ein interdisziplin\u00e4res Seminar<\/strong><br><img loading=\"lazy\" decoding=\"async\" class=\"alignleft  wp-image-1915\" style=\"border: 0px solid #000000\" src=\"https:\/\/blogs.uni-paderborn.de\/kunstdidaktik\/files\/2017\/06\/190ec9_4b4e1d022c5a493f9f9e4f263f23f194mv2.png\" alt=\"\" width=\"228\" height=\"212\">Der Einsatz digitaler Medien stellt einen der aktuellsten Diskurse im Bildungskontext dar. In diesem Rahmen gewinnen Lehr-Lernvideos immer st\u00e4rker an Bedeutung.<br>Wie in den letzten Jahren haben sich Studierende der Universit\u00e4t Paderborn auch dieses Jahr an dem internationalen Wettbewerb f\u00fcr Lehr-Lernvideos \u201eEdit 2018\u201c beteiligen, der in Kooperation verschiedener europ\u00e4ischer Universit\u00e4ten veranstaltet wird. Dieses Jahr wurden die Beitr\u00e4ge im Rahmen eines interdisziplin\u00e4ren Seminars erstellt.<br>In Kooperation der Professuren Kunstdidaktik mit besonderer Ber\u00fccksichtigung von Inklusion (Prof. Dr. Rebekka Schmidt), Medienp\u00e4dagogik und empirische Medienforschung (Prof. Dr. Dorothee Meister) sowie Linguistik im Bereich Anglistik und Amerikanistik (Prof. Dr. Ilka Mindt) erhielten die Studierenden zun\u00e4chst einen fachspezifischen Einblick in das Thema. Anschlie\u00dfend wurden interdisziplin\u00e4re studentische Teams gebildet, die gemeinsam und \u2013 betreut durch die drei Professorinnen \u2013 Lehr-Lernvideos erstellten.<br>Der Paderborner Beitrag &#8222;Thinking out of the Box&#8220; schaffte es dabei auf den ersten Platz.<br><strong style=\"font-family: trebuchet ms;font-size: 16px\"><a href=\"http:\/\/www.editvideochallenge.org\/\" target=\"_blank\" rel=\"noopener noreferrer\">\u21d2 Hier gibt es weitere Informationen zur EDIT<\/a><\/strong><\/p>\n\n\n\n<p style=\"font-family: segoe ui, trebuchet ms;padding-top: 20px;font-size: 16px;border-top: 2.5px;border-bottom: 0px;border-left: 0px;border-right: 0px;border-color: #A4A4A4;border-style: solid\"><strong style=\"font-size: 18px;font-family: seoge ui, trebuchet ms;padding-top: 18px\">EDIT 2017 &#8211; International Educational Video Challenge 2017<\/strong><\/p>\n<p><img loading=\"lazy\" decoding=\"async\" class=\"wp-image-2146  alignleft\" style=\"border: 0px solid #000000\" src=\"https:\/\/blogs.uni-paderborn.de\/kunstdidaktik\/files\/2017\/06\/Unbenannt-1-300x210.png\" width=\"300\" height=\"214\"><\/p><p style=\"font-family: segoe ui, trebuchet ms;padding-top: 20px;font-size: 16px\">Im Oktober 2017 nahmen die Studierenden des Blockseminars \u201eLehren und Lernen mit digitalen Medien\u201c von Prof. Rebekka Schmidt am internationalen Wettbewerb \u201eEdit 2017\u201c teil. Sie wird in Kooperation verschiedener europ\u00e4ischer Universit\u00e4ten veranstaltet. Die Educational Video Challenge beinhaltet die Aufgabe alleine oder in einer Gruppe innerhalb von 5 Tagen ein Lernvideo von max. 4 Minuten L\u00e4nge zu erstellen. Obwohl dieses Jahr nur ein Beitrag zustande kam, hat er von insgesamt 70 Einreichungen den 7. Platz erreicht.&nbsp;Die Siegerehrung fand am 29.11.2017 in Form einer internationalen Videokonferenz statt.<\/p>\n<p><a href=\"https:\/\/www.editvideochallenge.org\/\"><strong style=\"font-family: trebuchet ms;font-size: 16px;margin: 20px;padding: 10px\">\u21d2 Hier geht\u00b4s zur Homepage des&nbsp;Wettbewerbs<\/strong><\/a><br><a href=\"https:\/\/www.youtube.com\/watchv=3j9bczIM54w&amp;index=8&amp;list=PLchoC6D8QCxQ98dPgaBL9IX5_8ESC78tB&amp;t=0s\"><strong style=\"font-family: trebuchet ms;font-size: 16px;margin: 20px;padding: 10px\">\u21d2 Hier geht\u00b4s zum Paderborner Beitrag<\/strong><\/a><\/p>\n\n\n\n<p style=\"font-family: segoe ui, trebuchet ms;padding-top: 10px;font-size: 16px;border-top: 2.5px;border-bottom: 0px;border-left: 0px;border-right: 0px;border-color: #A4A4A4;border-style: solid\"><strong style=\"font-size: 18px;font-family: seoge ui, trebuchet ms;padding-top: 18px\">Mobile Art Wettbewerb&nbsp;2017<\/strong><\/p>\n<p><img loading=\"lazy\" decoding=\"async\" class=\"wp-image-2150 alignleft\" style=\"padding-bottom: 100px;border: solid;border-color: #FFFFFF\" src=\"https:\/\/blogs.uni-paderborn.de\/kunstdidaktik\/files\/2017\/06\/Wettbewerb-206x300.png\" width=\"202\" height=\"288\"><\/p>\n<p style=\"font-family: segoe ui, trebuchet ms;padding-top: 20px;font-size: 16px\">Im Herbst 2017 fand erstmalig der Mobile Art Wettbewerb der Professur Kunstdidaktik mit besonderer Ber\u00fccksichtigung von Inklusion statt. Ziel war es die einzigartigen gestalterischen und k\u00fcnstlerischen M\u00f6glichkeiten mit mobilen Endger\u00e4ten wie zum Beispiel Tablets oder Smartphones auszuloten und die besten Ergebnisse einzusenden.<\/p>\n<p style=\"font-family: segoe ui, trebuchet ms;padding-top: 20px;font-size: 16px\">Obwohl nur wenige Studierende teilnahmen, zeigen sie&nbsp;doch eine gewisse Bandbreite der M\u00f6glichkeiten. Und reichen von einem vollst\u00e4ndig auf dem Handy erstellten Fotokatalog \u00fcber digitale Malerei bis hin zu einem animierten Film.<\/p>\n\n\n\n<p style=\"font-family: segoe ui, trebuchet ms;padding-top: 20px;font-size: 16px;border-top: 2.5px;border-bottom: 0px;border-left: 0px;border-right: 0px;border-color: #A4A4A4;border-style: solid\"><strong style=\"font-size: 18px;font-family: seoge ui, trebuchet ms;padding-top: 18px\">International Educational Video Challenge 2016<\/strong><br><em>Im Oktober 2016<\/em><\/p>\n\n<div class=\"wp-block-image\"><figure class=\"alignleft\"><a href=\"https:\/\/www.youtube.com\/watch?v=_Pa4K2T9OF8\" rel=\"noopener noreferrer\"><img loading=\"lazy\" decoding=\"async\" src=\"https:\/\/blogs.uni-paderborn.de\/kunstdidaktik\/files\/2017\/06\/Inclusion-300x170.png\" class=\"wp-image-1921\" width=\"300\" height=\"214\"><\/a>\n<figcaption>Screenshot aus Joana Dahlhoffs Video &#8222;Cultivate Inclusion&#8220; &#8211; Auf das Bild klicken um das Video zu sehen &#8211; es lohnt sich!<\/figcaption><\/figure><\/div>\n\n<p style=\"font-family: segoe ui, trebuchet ms;padding-bottom: 10px;padding-top: 10px;font-size: 16px\">Im Oktober 2016 haben Studierende der kunstdidaktischen Seminare von Frau Prof. Rebekka Schmidt und Lena Westhoff an dem internationalen Wettbewerb &#8222;Edit 2016&#8220; teilgenommen. Die Edit wird durch eine Kooperation verschiedener Universit\u00e4ten veranstaltet. Diese Educational Video Challenge beinhaltet die Aufgabe alleine oder in einer Gruppe innerhalb von 5 Tagen ein Lernvideo von max. 4 Minuten L\u00e4nge zu erstellen. Die Paderborner Studentin Joana Dahlhoff hat mit ihrem Video \u201eCultivate Inclusion\u201c den 3. Platz bei diesem internationalen Wettbewerb gemacht.<\/p>\n<p><strong style=\"font-family: trebuchet ms;font-size: 16px;margin: 20px;padding: 10px\"><a href=\"https:\/\/blogs.uni-paderborn.de\/kunstdidaktik\/files\/2017\/06\/Bericht-zum-Wettbewerb.pdf\" target=\"_blank\" rel=\"noopener noreferrer\">\u21d2 Bericht zum Wettbewerb<\/a><\/strong><\/p>\n","protected":false},"excerpt":{"rendered":"<p>EDIT 2020 \u2013 digital und internationalWie auch in den letzten Jahren findet im November wieder der internationale Wettbewerb f\u00fcr Lehr-Lernvideos \u201eEDIT\u201c statt, der in Kooperation mit verschiedenen europ\u00e4ischen Universit\u00e4ten veranstaltet wird.Dieses Jahr ist Paderborn nicht mit einem Seminar vertreten, trotzdem &hellip; <a href=\"https:\/\/blogs.uni-paderborn.de\/kunstdidaktik\/projekte-events\/rueckblick-auf-wettbewerbe\/rueckblick\/\">Weiterlesen <span class=\"meta-nav\">&rarr;<\/span><\/a><\/p>\n","protected":false},"author":8696,"featured_media":8467,"parent":547,"menu_order":0,"comment_status":"closed","ping_status":"closed","template":"","meta":{"footnotes":""},"class_list":["post-5748","page","type-page","status-publish","has-post-thumbnail","hentry"],"_links":{"self":[{"href":"https:\/\/blogs.uni-paderborn.de\/kunstdidaktik\/wp-json\/wp\/v2\/pages\/5748","targetHints":{"allow":["GET"]}}],"collection":[{"href":"https:\/\/blogs.uni-paderborn.de\/kunstdidaktik\/wp-json\/wp\/v2\/pages"}],"about":[{"href":"https:\/\/blogs.uni-paderborn.de\/kunstdidaktik\/wp-json\/wp\/v2\/types\/page"}],"author":[{"embeddable":true,"href":"https:\/\/blogs.uni-paderborn.de\/kunstdidaktik\/wp-json\/wp\/v2\/users\/8696"}],"replies":[{"embeddable":true,"href":"https:\/\/blogs.uni-paderborn.de\/kunstdidaktik\/wp-json\/wp\/v2\/comments?post=5748"}],"version-history":[{"count":12,"href":"https:\/\/blogs.uni-paderborn.de\/kunstdidaktik\/wp-json\/wp\/v2\/pages\/5748\/revisions"}],"predecessor-version":[{"id":8468,"href":"https:\/\/blogs.uni-paderborn.de\/kunstdidaktik\/wp-json\/wp\/v2\/pages\/5748\/revisions\/8468"}],"up":[{"embeddable":true,"href":"https:\/\/blogs.uni-paderborn.de\/kunstdidaktik\/wp-json\/wp\/v2\/pages\/547"}],"wp:featuredmedia":[{"embeddable":true,"href":"https:\/\/blogs.uni-paderborn.de\/kunstdidaktik\/wp-json\/wp\/v2\/media\/8467"}],"wp:attachment":[{"href":"https:\/\/blogs.uni-paderborn.de\/kunstdidaktik\/wp-json\/wp\/v2\/media?parent=5748"}],"curies":[{"name":"wp","href":"https:\/\/api.w.org\/{rel}","templated":true}]}}