{"id":547,"date":"2017-06-28T18:09:43","date_gmt":"2017-06-28T16:09:43","guid":{"rendered":"https:\/\/blogs.uni-paderborn.de\/kunstdidaktik\/?page_id=547"},"modified":"2021-11-05T19:04:50","modified_gmt":"2021-11-05T18:04:50","slug":"rueckblick-auf-wettbewerbe","status":"publish","type":"page","link":"https:\/\/blogs.uni-paderborn.de\/kunstdidaktik\/projekte-events\/rueckblick-auf-wettbewerbe\/","title":{"rendered":"R\u00fcckblick"},"content":{"rendered":"<div class=\"twoclick_social_bookmarks_post_547 social_share_privacy clearfix 1.6.4 locale-de_DE sprite-de_DE\"><\/div><div class=\"twoclick-js\"><script type=\"text\/javascript\">\/* <![CDATA[ *\/\njQuery(document).ready(function($){if($('.twoclick_social_bookmarks_post_547')){$('.twoclick_social_bookmarks_post_547').socialSharePrivacy({\"txt_help\":\"Wenn Sie diese Felder durch einen Klick aktivieren, werden Informationen an Facebook, Twitter, Flattr, Xing, t3n, LinkedIn, Pinterest oder Google eventuell ins Ausland \\u00fcbertragen und unter Umst\\u00e4nden auch dort gespeichert. N\\u00e4heres erfahren Sie durch einen Klick auf das <em>i<\\\/em>.\",\"settings_perma\":\"Dauerhaft aktivieren und Daten\\u00fcber-tragung zustimmen:\",\"info_link\":\"http:\\\/\\\/www.heise.de\\\/ct\\\/artikel\\\/2-Klicks-fuer-mehr-Datenschutz-1333879.html\",\"uri\":\"https:\\\/\\\/blogs.uni-paderborn.de\\\/kunstdidaktik\\\/projekte-events\\\/rueckblick-auf-wettbewerbe\\\/\",\"post_id\":547,\"post_title_referrer_track\":\"R%C3%BCckblick\",\"display_infobox\":\"on\"});}});\n\/* ]]> *\/<\/script><\/div><p style=\"text-align: justify;padding-top: 20px;padding-bottom: 10px;font-family: segoe ui,trebuchet ms;font-size: 18px;margin-top: 0px;margin-bottom: 0px;margin-left: 0px\">Jedes Jahr veranstaltet die Professur Kunstdidaktik mit besonderer Ber\u00fccksichtigung von Inklusion Fortbildungen und Workshops, nimmt an Wettbewerben Teil und initiiert Projekte, wovon manche schon \u00fcber mehrere Jahre hinweg erfolgreich durchgef\u00fchrt werden. Hier die verschiedenen Formate im R\u00fcckblick:<\/p>\n<p style=\"font-family: segoe ui, trebuchet ms;color: #00205b;padding-top: 10px;padding-bottom: 20px;margin-top: 0px;margin-bottom: 0px;margin-left: 0px;font-size: 18px\"><a href=\"https:\/\/blogs.uni-paderborn.de\/kunstdidaktik\/projekte-events\/rueckblick-auf-wettbewerbe\/rueckblick-fortbildungen-und-workshops\/\"> \u21d2 Fortbildungen und Workshops<\/a><br \/>\n<a href=\"https:\/\/blogs.uni-paderborn.de\/kunstdidaktik\/projekte-events\/rueckblick-auf-wettbewerbe\/rueckblick-projekte\/\">\u21d2 Projekte<\/a><br \/>\n<a href=\"https:\/\/blogs.uni-paderborn.de\/kunstdidaktik\/projekte-events\/rueckblick-auf-wettbewerbe\/rueckblick\/\">\u21d2 Wettbewerbe<\/a><\/p>\n","protected":false},"excerpt":{"rendered":"<p>Jedes Jahr veranstaltet die Professur Kunstdidaktik mit besonderer Ber\u00fccksichtigung von Inklusion Fortbildungen und Workshops, nimmt an Wettbewerben Teil und initiiert Projekte, wovon manche schon \u00fcber mehrere Jahre hinweg erfolgreich durchgef\u00fchrt werden. Hier die verschiedenen Formate im R\u00fcckblick: \u21d2 Fortbildungen und &hellip; <a href=\"https:\/\/blogs.uni-paderborn.de\/kunstdidaktik\/projekte-events\/rueckblick-auf-wettbewerbe\/\">Weiterlesen <span class=\"meta-nav\">&rarr;<\/span><\/a><\/p>\n","protected":false},"author":7975,"featured_media":8584,"parent":90,"menu_order":2,"comment_status":"closed","ping_status":"closed","template":"","meta":{"footnotes":""},"class_list":["post-547","page","type-page","status-publish","has-post-thumbnail","hentry"],"_links":{"self":[{"href":"https:\/\/blogs.uni-paderborn.de\/kunstdidaktik\/wp-json\/wp\/v2\/pages\/547","targetHints":{"allow":["GET"]}}],"collection":[{"href":"https:\/\/blogs.uni-paderborn.de\/kunstdidaktik\/wp-json\/wp\/v2\/pages"}],"about":[{"href":"https:\/\/blogs.uni-paderborn.de\/kunstdidaktik\/wp-json\/wp\/v2\/types\/page"}],"author":[{"embeddable":true,"href":"https:\/\/blogs.uni-paderborn.de\/kunstdidaktik\/wp-json\/wp\/v2\/users\/7975"}],"replies":[{"embeddable":true,"href":"https:\/\/blogs.uni-paderborn.de\/kunstdidaktik\/wp-json\/wp\/v2\/comments?post=547"}],"version-history":[{"count":75,"href":"https:\/\/blogs.uni-paderborn.de\/kunstdidaktik\/wp-json\/wp\/v2\/pages\/547\/revisions"}],"predecessor-version":[{"id":8585,"href":"https:\/\/blogs.uni-paderborn.de\/kunstdidaktik\/wp-json\/wp\/v2\/pages\/547\/revisions\/8585"}],"up":[{"embeddable":true,"href":"https:\/\/blogs.uni-paderborn.de\/kunstdidaktik\/wp-json\/wp\/v2\/pages\/90"}],"wp:featuredmedia":[{"embeddable":true,"href":"https:\/\/blogs.uni-paderborn.de\/kunstdidaktik\/wp-json\/wp\/v2\/media\/8584"}],"wp:attachment":[{"href":"https:\/\/blogs.uni-paderborn.de\/kunstdidaktik\/wp-json\/wp\/v2\/media?parent=547"}],"curies":[{"name":"wp","href":"https:\/\/api.w.org\/{rel}","templated":true}]}}