{"id":52,"date":"2017-06-04T18:19:47","date_gmt":"2017-06-04T16:19:47","guid":{"rendered":"https:\/\/blogs.uni-paderborn.de\/kunstdidaktik\/?page_id=52"},"modified":"2021-10-20T10:54:30","modified_gmt":"2021-10-20T08:54:30","slug":"literaturreviews","status":"publish","type":"page","link":"https:\/\/blogs.uni-paderborn.de\/kunstdidaktik\/impulse\/literaturreviews\/","title":{"rendered":"Literaturreviews"},"content":{"rendered":"<div class=\"twoclick_social_bookmarks_post_52 social_share_privacy clearfix 1.6.4 locale-de_DE sprite-de_DE\"><\/div><div class=\"twoclick-js\"><script type=\"text\/javascript\">\/* <![CDATA[ *\/\njQuery(document).ready(function($){if($('.twoclick_social_bookmarks_post_52')){$('.twoclick_social_bookmarks_post_52').socialSharePrivacy({\"txt_help\":\"Wenn Sie diese Felder durch einen Klick aktivieren, werden Informationen an Facebook, Twitter, Flattr, Xing, t3n, LinkedIn, Pinterest oder Google eventuell ins Ausland \\u00fcbertragen und unter Umst\\u00e4nden auch dort gespeichert. N\\u00e4heres erfahren Sie durch einen Klick auf das <em>i<\\\/em>.\",\"settings_perma\":\"Dauerhaft aktivieren und Daten\\u00fcber-tragung zustimmen:\",\"info_link\":\"http:\\\/\\\/www.heise.de\\\/ct\\\/artikel\\\/2-Klicks-fuer-mehr-Datenschutz-1333879.html\",\"uri\":\"https:\\\/\\\/blogs.uni-paderborn.de\\\/kunstdidaktik\\\/impulse\\\/literaturreviews\\\/\",\"post_id\":52,\"post_title_referrer_track\":\"Literaturreviews\",\"display_infobox\":\"on\"});}});\n\/* ]]> *\/<\/script><\/div>\n<p id=\"seitenanfangliteraturreviews\" style=\"text-align: justify;padding-top: 20px;padding-bottom: 20px;font-family: segoe ui,trebuchet ms;font-size: 18px;margin-top: 0px;margin-bottom: 0px;margin-left: 0px\">Da man nicht immer wei\u00df, welche Literatur sinnvoll&nbsp;ist oder&nbsp;ob sich ein umfangreiches Buch mit den gesuchten Themen besch\u00e4ftigt, erscheinen hier kurze&nbsp;Reviews, um einen ausgew\u00e4hlten \u00dcberblick \u00fcber vorhandene Literatur zu geben.&nbsp;Sie stammen vorwiegend aus den&nbsp;Bereichen Kunstdidaktik, Inklusion&nbsp;und Medien im Kunstunterricht.<\/p>\n<p style=\"font-family: segoe ui, trebuchet ms;font-size: 18px\"><a href=\"https:\/\/blogs.uni-paderborn.de\/kunstdidaktik\/aktuelle-lieblingsbuecher\/\" rel=\"no noopener opener noreferrer\"><strong>\u21d2 Aktuelle Lieblingsb\u00fccher<\/strong> <\/a><br>\n<strong><a href=\"https:\/\/blogs.uni-paderborn.de\/kunstdidaktik\/bewaehrtes\/\" rel=\"no noopener opener noreferrer\">\u21d2 Bew\u00e4hrtes <\/a><\/strong><br>\n<strong><a href=\"https:\/\/blogs.uni-paderborn.de\/kunstdidaktik\/impulse\/literaturreviews\/auf-unserer-leseliste\/\" rel=\"no noopener opener noreferrer\">\u21d2 Auf unserer Leseliste <\/a><\/strong><\/p>\n<p style=\"text-align: justify;padding-top: 0px;padding-bottom: 0px;font-family: segoe ui,trebuchet ms;font-size: 18px;margin-top: 0px;margin-bottom: 0px;margin-left: 0px\"><strong>Neu dazugekommen<br><\/strong>\n<a href=\"https:\/\/blogs.uni-paderborn.de\/kunstdidaktik\/impulse\/literaturreviews\/aktuelle-lieblingsbuecher\/#heisigscharfsch\u00f6nfeldkunstlabore\"><img loading=\"lazy\" decoding=\"async\" class=\"alignnone wp-image-6588\" style=\"border: 0px solid #000000\" src=\"https:\/\/blogs.uni-paderborn.de\/kunstdidaktik\/files\/2021\/08\/Heisig-Kunstlabore.png\" alt=\"\" width=\"100\" height=\"100\"><\/a>\n<a href=\"https:\/\/blogs.uni-paderborn.de\/kunstdidaktik\/impulse\/literaturreviews\/aktuelle-lieblingsbuecher\/#meyerartseducation\"><img loading=\"lazy\" decoding=\"async\" class=\"alignnone wp-image-6588\" style=\"border: 0px solid #000000\" src=\"https:\/\/blogs.uni-paderborn.de\/kunstdidaktik\/files\/2021\/06\/Meyer-arts-education-Cover.png\" alt=\"\" width=\"100\" height=\"100\"><\/a>\n<a href=\"https:\/\/blogs.uni-paderborn.de\/kunstdidaktik\/impulse\/literaturreviews\/aktuelle-lieblingsbuecher\/#winderlichgrundschulekunstbildungbandsieben\"><img loading=\"lazy\" decoding=\"async\" class=\"alignnone wp-image-6588\" style=\"border: 0px solid #000000\" src=\"https:\/\/blogs.uni-paderborn.de\/kunstdidaktik\/files\/2021\/05\/Widerlich-grund_schule-Cover.png\" alt=\"\" width=\"100\" height=\"100\"><\/a><\/p>\n","protected":false},"excerpt":{"rendered":"<p>Da man nicht immer wei\u00df, welche Literatur sinnvoll&nbsp;ist oder&nbsp;ob sich ein umfangreiches Buch mit den gesuchten Themen besch\u00e4ftigt, erscheinen hier kurze&nbsp;Reviews, um einen ausgew\u00e4hlten \u00dcberblick \u00fcber vorhandene Literatur zu geben.&nbsp;Sie stammen vorwiegend aus den&nbsp;Bereichen Kunstdidaktik, Inklusion&nbsp;und Medien im Kunstunterricht. \u21d2 &hellip; <a href=\"https:\/\/blogs.uni-paderborn.de\/kunstdidaktik\/impulse\/literaturreviews\/\">Weiterlesen <span class=\"meta-nav\">&rarr;<\/span><\/a><\/p>\n","protected":false},"author":7975,"featured_media":8417,"parent":8,"menu_order":0,"comment_status":"closed","ping_status":"closed","template":"","meta":{"footnotes":""},"class_list":["post-52","page","type-page","status-publish","has-post-thumbnail","hentry"],"_links":{"self":[{"href":"https:\/\/blogs.uni-paderborn.de\/kunstdidaktik\/wp-json\/wp\/v2\/pages\/52","targetHints":{"allow":["GET"]}}],"collection":[{"href":"https:\/\/blogs.uni-paderborn.de\/kunstdidaktik\/wp-json\/wp\/v2\/pages"}],"about":[{"href":"https:\/\/blogs.uni-paderborn.de\/kunstdidaktik\/wp-json\/wp\/v2\/types\/page"}],"author":[{"embeddable":true,"href":"https:\/\/blogs.uni-paderborn.de\/kunstdidaktik\/wp-json\/wp\/v2\/users\/7975"}],"replies":[{"embeddable":true,"href":"https:\/\/blogs.uni-paderborn.de\/kunstdidaktik\/wp-json\/wp\/v2\/comments?post=52"}],"version-history":[{"count":133,"href":"https:\/\/blogs.uni-paderborn.de\/kunstdidaktik\/wp-json\/wp\/v2\/pages\/52\/revisions"}],"predecessor-version":[{"id":8420,"href":"https:\/\/blogs.uni-paderborn.de\/kunstdidaktik\/wp-json\/wp\/v2\/pages\/52\/revisions\/8420"}],"up":[{"embeddable":true,"href":"https:\/\/blogs.uni-paderborn.de\/kunstdidaktik\/wp-json\/wp\/v2\/pages\/8"}],"wp:featuredmedia":[{"embeddable":true,"href":"https:\/\/blogs.uni-paderborn.de\/kunstdidaktik\/wp-json\/wp\/v2\/media\/8417"}],"wp:attachment":[{"href":"https:\/\/blogs.uni-paderborn.de\/kunstdidaktik\/wp-json\/wp\/v2\/media?parent=52"}],"curies":[{"name":"wp","href":"https:\/\/api.w.org\/{rel}","templated":true}]}}