{"id":4223,"date":"2019-06-15T15:17:12","date_gmt":"2019-06-15T13:17:12","guid":{"rendered":"https:\/\/blogs.uni-paderborn.de\/kunstdidaktik\/?page_id=4223"},"modified":"2022-01-31T18:37:25","modified_gmt":"2022-01-31T17:37:25","slug":"wer-steckt-dahinter","status":"publish","type":"page","link":"https:\/\/blogs.uni-paderborn.de\/kunstdidaktik\/wer-steckt-dahinter\/","title":{"rendered":"Wer steckt dahinter"},"content":{"rendered":"<div class=\"twoclick_social_bookmarks_post_4223 social_share_privacy clearfix 1.6.4 locale-de_DE sprite-de_DE\"><\/div><div class=\"twoclick-js\"><script type=\"text\/javascript\">\/* <![CDATA[ *\/\njQuery(document).ready(function($){if($('.twoclick_social_bookmarks_post_4223')){$('.twoclick_social_bookmarks_post_4223').socialSharePrivacy({\"txt_help\":\"Wenn Sie diese Felder durch einen Klick aktivieren, werden Informationen an Facebook, Twitter, Flattr, Xing, t3n, LinkedIn, Pinterest oder Google eventuell ins Ausland \\u00fcbertragen und unter Umst\\u00e4nden auch dort gespeichert. N\\u00e4heres erfahren Sie durch einen Klick auf das <em>i<\\\/em>.\",\"settings_perma\":\"Dauerhaft aktivieren und Daten\\u00fcber-tragung zustimmen:\",\"info_link\":\"http:\\\/\\\/www.heise.de\\\/ct\\\/artikel\\\/2-Klicks-fuer-mehr-Datenschutz-1333879.html\",\"uri\":\"https:\\\/\\\/blogs.uni-paderborn.de\\\/kunstdidaktik\\\/wer-steckt-dahinter\\\/\",\"post_id\":4223,\"post_title_referrer_track\":\"Wer+steckt+dahinter\",\"display_infobox\":\"on\"});}});\n\/* ]]> *\/<\/script><\/div><p><strong style=\"font-family: segoe ui, trebuchet ms;padding-top: 20px;padding-bottom: 20px;margin: 15px;margin-top: 0px;margin-bottom: 0px;margin-left: 0px;font-size: 18px\">Wer steckt dahinter?<\/strong><\/p>\n<p style=\"font-family: segoe ui, trebuchet ms;padding-top: 20px;padding-bottom: 20px;margin: 15px;margin-top: 0px;margin-bottom: 0px;margin-left: 0px;font-size: 16px\"><img loading=\"lazy\" decoding=\"async\" class=\"size-medium wp-image-2030 alignleft\" style=\"border: 0px solid #000000\" src=\"https:\/\/blogs.uni-paderborn.de\/kunstdidaktik\/files\/2017\/06\/IMG_9011-158x300.jpg\" alt=\"\" width=\"158\" height=\"300\" srcset=\"https:\/\/blogs.uni-paderborn.de\/kunstdidaktik\/files\/2017\/06\/IMG_9011-158x300.jpg 158w, https:\/\/blogs.uni-paderborn.de\/kunstdidaktik\/files\/2017\/06\/IMG_9011-768x1459.jpg 768w, https:\/\/blogs.uni-paderborn.de\/kunstdidaktik\/files\/2017\/06\/IMG_9011-539x1024.jpg 539w, https:\/\/blogs.uni-paderborn.de\/kunstdidaktik\/files\/2017\/06\/IMG_9011.jpg 1100w\" sizes=\"auto, (max-width: 158px) 100vw, 158px\" \/>Mein Name ist <strong style=\"font-family: segoe ui, trebuchet ms\">Rebekka Schmidt <\/strong> und ich f\u00fchre zusammen mit meinem Team diesen Blog.<br \/>\nSeit 2015 habe ich die Professur f\u00fcr Kunstdidaktik mit besonderer Ber\u00fccksichtigung von Inklusion inne. Davor war ich bereits an anderen Universit\u00e4ten aber auch als Lehrerin t\u00e4tig.<br \/>\nWenn es um Unterricht oder Lehre geht, bin ich notorisch neugierig und immer auf der Suche nach Dingen, die das Lernen verbessern k\u00f6nnen. Dabei geht es mir nicht nur um Effektivit\u00e4t, sondern auch darum, dass Lernen Spa\u00df machen muss \u2013 und zwar allen Beteiligten, also auch den Lehrenden! Deshalb probiere ich gerne neue Methoden aus und untersuche, wie neue Technik in das Lernen integriert werden kann.<br \/>\nAls ehemalige Lehrerin wei\u00df ich, dass es nicht so leicht ist, sich neben der allt\u00e4glichen Arbeit \u00fcber aktuelle Entwicklungen zu informieren. Dieser Blog soll dabei helfen auf einfache Weise sowohl \u00fcber die theoretischen Entwicklungen informiert zu sein als auch praktische Impulse f\u00fcr den eigenen Unterricht zu bekommen.<br \/>\nMein Wunsch f\u00fcr diesen Blog ist, dass er sich zu einer Plattform entwickelt, die den Austausch zwischen der Schule und der Universit\u00e4t f\u00f6rdert. Er soll lebendig und immer auf dem neusten Stand bleiben. Deshalb freue ich mich immer \u00fcber Anregungen, Hinweise und Feedback.<\/p>\n<p style=\"font-family: segoe ui, trebuchet ms;padding-top: 20px;padding-bottom: 20px;margin: 15px;margin-top: 0px;margin-bottom: 0px;margin-left: 0px;font-size: 18px\">Mein Team und ich sind erreichbar unter:<br \/>\n<a href=\"mailto:blog.kunstdidaktik@kw.uni-paderborn.de\"><strong style=\"font-family: trebuchet ms;font-size: 16px\">blog.kunstdidaktikt[at]kw.uni-paderborn.de<\/strong><\/a><\/p>\n<p style=\"font-family: segoe ui, trebuchet ms;padding-top: 20px;padding-bottom: 20px;margin: 15px;margin-top: 0px;margin-bottom: 0px;margin-left: 0px;font-size: 18px\">Oder besuchen Sie uns auf unserer Website:<br \/>\n<strong style=\"font-family: trebuchet ms;font-size: 16px\"><a href=\"https:\/\/kw.uni-paderborn.de\/fach-kunst\/kunstdidaktik-mit-besonderer-beruecksichtigung-von-inklusion\/\" target=\"_blank\" rel=\"noopener noreferrer\"> Kunstdidaktik mit besonderer Ber\u00fccksichtigung von Inklusion<\/a><\/strong><\/p>\n<p style=\"font-family: segoe ui, trebuchet ms;padding-top: 20px;padding-bottom: 20px;margin: 15px;margin-top: 0px;margin-bottom: 0px;margin-left: 0px;font-size: 18px\">Wir nehmen den Datenschutz sehr ernst:<br \/>\n<strong style=\"font-family: trebuchet ms;font-size: 16px\"><a href=\"https:\/\/www.uni-paderborn.de\/datenschutzerklaerung\/\" target=\"_blank\" rel=\"noopener noreferrer\">Datenschutzerkl\u00e4rung<\/a><\/strong><\/p>\n","protected":false},"excerpt":{"rendered":"<p>Wer steckt dahinter? Mein Name ist Rebekka Schmidt und ich f\u00fchre zusammen mit meinem Team diesen Blog. Seit 2015 habe ich die Professur f\u00fcr Kunstdidaktik mit besonderer Ber\u00fccksichtigung von Inklusion inne. Davor war ich bereits an anderen Universit\u00e4ten aber auch &hellip; <a href=\"https:\/\/blogs.uni-paderborn.de\/kunstdidaktik\/wer-steckt-dahinter\/\">Weiterlesen <span class=\"meta-nav\">&rarr;<\/span><\/a><\/p>\n","protected":false},"author":8326,"featured_media":9047,"parent":0,"menu_order":0,"comment_status":"closed","ping_status":"closed","template":"","meta":{"footnotes":""},"class_list":["post-4223","page","type-page","status-publish","has-post-thumbnail","hentry"],"_links":{"self":[{"href":"https:\/\/blogs.uni-paderborn.de\/kunstdidaktik\/wp-json\/wp\/v2\/pages\/4223","targetHints":{"allow":["GET"]}}],"collection":[{"href":"https:\/\/blogs.uni-paderborn.de\/kunstdidaktik\/wp-json\/wp\/v2\/pages"}],"about":[{"href":"https:\/\/blogs.uni-paderborn.de\/kunstdidaktik\/wp-json\/wp\/v2\/types\/page"}],"author":[{"embeddable":true,"href":"https:\/\/blogs.uni-paderborn.de\/kunstdidaktik\/wp-json\/wp\/v2\/users\/8326"}],"replies":[{"embeddable":true,"href":"https:\/\/blogs.uni-paderborn.de\/kunstdidaktik\/wp-json\/wp\/v2\/comments?post=4223"}],"version-history":[{"count":7,"href":"https:\/\/blogs.uni-paderborn.de\/kunstdidaktik\/wp-json\/wp\/v2\/pages\/4223\/revisions"}],"predecessor-version":[{"id":8293,"href":"https:\/\/blogs.uni-paderborn.de\/kunstdidaktik\/wp-json\/wp\/v2\/pages\/4223\/revisions\/8293"}],"wp:featuredmedia":[{"embeddable":true,"href":"https:\/\/blogs.uni-paderborn.de\/kunstdidaktik\/wp-json\/wp\/v2\/media\/9047"}],"wp:attachment":[{"href":"https:\/\/blogs.uni-paderborn.de\/kunstdidaktik\/wp-json\/wp\/v2\/media?parent=4223"}],"curies":[{"name":"wp","href":"https:\/\/api.w.org\/{rel}","templated":true}]}}