{"id":643,"date":"2022-10-28T14:01:43","date_gmt":"2022-10-28T12:01:43","guid":{"rendered":"https:\/\/blogs.uni-paderborn.de\/kulturpreis\/?page_id=643"},"modified":"2022-10-28T14:01:43","modified_gmt":"2022-10-28T12:01:43","slug":"startseite","status":"publish","type":"page","link":"https:\/\/blogs.uni-paderborn.de\/kulturpreis\/","title":{"rendered":"Startseite"},"content":{"rendered":"<div class=\"twoclick_social_bookmarks_post_643 social_share_privacy clearfix 1.6.4 locale-de_DE sprite-de_DE\"><\/div><div class=\"twoclick-js\"><script type=\"text\/javascript\">\/* <![CDATA[ *\/\njQuery(document).ready(function($){if($('.twoclick_social_bookmarks_post_643')){$('.twoclick_social_bookmarks_post_643').socialSharePrivacy({\"txt_help\":\"Wenn Sie diese Felder durch einen Klick aktivieren, werden Informationen an Facebook, Twitter, Flattr, Xing, t3n, LinkedIn, Pinterest oder Google eventuell ins Ausland \\u00fcbertragen und unter Umst\\u00e4nden auch dort gespeichert. N\\u00e4heres erfahren Sie durch einen Klick auf das <em>i<\\\/em>.\",\"settings_perma\":\"Dauerhaft aktivieren und Daten\\u00fcber-tragung zustimmen:\",\"info_link\":\"http:\\\/\\\/www.heise.de\\\/ct\\\/artikel\\\/2-Klicks-fuer-mehr-Datenschutz-1333879.html\",\"uri\":\"https:\\\/\\\/blogs.uni-paderborn.de\\\/kulturpreis\\\/\",\"post_id\":643,\"post_title_referrer_track\":\"Startseite\",\"display_infobox\":\"on\"});}});\n\/* ]]> *\/<\/script><\/div>\n<p>Im Projekt <strong>kulturPreis <\/strong>erforschen wir die Wirkung von innovativen Preiskonzepten auf die gesellschaftliche Teilhabe sowie die \u00f6konomische Tragf\u00e4higkeit dieser Preiskonzepte f\u00fcr unterschiedliche Kulturbetriebe.<\/p>\n\n\n\n<p>Diese Website ist nicht mehr aktuell. Gehe Sie gerne auf unsere neue Website unter <a href=\"http:\/\/www.kulturpreis.info\" data-type=\"URL\" data-id=\"www.kulturpreis.info\">www.kulturpreis.info<\/a>, um die aktuelle Website zum Projekt <strong>kulturPreis<\/strong> zu sehen!<\/p>\n","protected":false},"excerpt":{"rendered":"<p>Im Projekt kulturPreis erforschen wir die Wirkung von innovativen Preiskonzepten auf die gesellschaftliche Teilhabe sowie die \u00f6konomische Tragf\u00e4higkeit dieser Preiskonzepte f\u00fcr unterschiedliche Kulturbetriebe. Diese Website ist nicht mehr aktuell. Gehe Sie gerne auf unsere neue Website unter www.kulturpreis.info, um die aktuelle Website zum Projekt kulturPreis zu sehen!<\/p>\n","protected":false},"author":9108,"featured_media":0,"parent":0,"menu_order":0,"comment_status":"closed","ping_status":"closed","template":"","meta":{"footnotes":""},"class_list":["post-643","page","type-page","status-publish","hentry"],"_links":{"self":[{"href":"https:\/\/blogs.uni-paderborn.de\/kulturpreis\/wp-json\/wp\/v2\/pages\/643","targetHints":{"allow":["GET"]}}],"collection":[{"href":"https:\/\/blogs.uni-paderborn.de\/kulturpreis\/wp-json\/wp\/v2\/pages"}],"about":[{"href":"https:\/\/blogs.uni-paderborn.de\/kulturpreis\/wp-json\/wp\/v2\/types\/page"}],"author":[{"embeddable":true,"href":"https:\/\/blogs.uni-paderborn.de\/kulturpreis\/wp-json\/wp\/v2\/users\/9108"}],"replies":[{"embeddable":true,"href":"https:\/\/blogs.uni-paderborn.de\/kulturpreis\/wp-json\/wp\/v2\/comments?post=643"}],"version-history":[{"count":1,"href":"https:\/\/blogs.uni-paderborn.de\/kulturpreis\/wp-json\/wp\/v2\/pages\/643\/revisions"}],"predecessor-version":[{"id":645,"href":"https:\/\/blogs.uni-paderborn.de\/kulturpreis\/wp-json\/wp\/v2\/pages\/643\/revisions\/645"}],"wp:attachment":[{"href":"https:\/\/blogs.uni-paderborn.de\/kulturpreis\/wp-json\/wp\/v2\/media?parent=643"}],"curies":[{"name":"wp","href":"https:\/\/api.w.org\/{rel}","templated":true}]}}