{"id":583,"date":"2021-12-09T08:16:23","date_gmt":"2021-12-09T07:16:23","guid":{"rendered":"https:\/\/blogs.uni-paderborn.de\/kulturpreis\/?page_id=583"},"modified":"2022-04-04T10:49:30","modified_gmt":"2022-04-04T08:49:30","slug":"kulturgeschenk","status":"publish","type":"page","link":"https:\/\/blogs.uni-paderborn.de\/kulturpreis\/kulturgeschenk\/","title":{"rendered":"KulturGeschenk"},"content":{"rendered":"<div class=\"twoclick_social_bookmarks_post_583 social_share_privacy clearfix 1.6.4 locale-de_DE sprite-de_DE\"><\/div><div class=\"twoclick-js\"><script type=\"text\/javascript\">\/* <![CDATA[ *\/\njQuery(document).ready(function($){if($('.twoclick_social_bookmarks_post_583')){$('.twoclick_social_bookmarks_post_583').socialSharePrivacy({\"txt_help\":\"Wenn Sie diese Felder durch einen Klick aktivieren, werden Informationen an Facebook, Twitter, Flattr, Xing, t3n, LinkedIn, Pinterest oder Google eventuell ins Ausland \\u00fcbertragen und unter Umst\\u00e4nden auch dort gespeichert. N\\u00e4heres erfahren Sie durch einen Klick auf das <em>i<\\\/em>.\",\"settings_perma\":\"Dauerhaft aktivieren und Daten\\u00fcber-tragung zustimmen:\",\"info_link\":\"http:\\\/\\\/www.heise.de\\\/ct\\\/artikel\\\/2-Klicks-fuer-mehr-Datenschutz-1333879.html\",\"uri\":\"https:\\\/\\\/blogs.uni-paderborn.de\\\/kulturpreis\\\/kulturgeschenk\\\/\",\"post_id\":583,\"post_title_referrer_track\":\"KulturGeschenk\",\"display_infobox\":\"on\"});}});\n\/* ]]> *\/<\/script><\/div>\n<p class=\"has-text-align-center\"><em>Mache jemandem ein KulturGeschenk!<\/em><\/p>\n\n\n\n<p>Das <strong>KulturGeschenk<\/strong> ist ein innovatives Preiskonzept, das im Rahmen des Forschungsprojektes <a rel=\"noreferrer noopener\" href=\"https:\/\/blogs.uni-paderborn.de\/kulturpreis\/\" target=\"_blank\">kulturPreis<\/a> entstanden ist. Wir von der Universit\u00e4t Paderborn und der TU Berlin testen in Zusammenarbeit mit mehreren Kulturbetrieben in Paderborn dieses Preiskonzept, um kulturinteressierten Menschen aus der Region einen kostenlosen Kulturbesuch zu erm\u00f6glichen, die aus verschiedenen Gr\u00fcnden vom kulturellen Leben ausgeschlossen sind. <\/p>\n\n\n\n<p><strong>Was genau ist das KulturGeschenk?<\/strong><\/p>\n\n\n\n<p>Mit dem <strong>KulturGeschenk <\/strong>m\u00f6chten wir Menschen die Teilnahme am kulturellen und gesellschaftlichen Leben erm\u00f6glichen. Es soll Menschen, die \u00fcber wenig finanzielle Mittel verf\u00fcgen, einen kostenlosen Besuch im Kino, Theater, Museum oder Musikclub erm\u00f6glichen. Angelehnt ist das Preiskonzept am sogenannten \u201eSuspended Coffee\u201c &#8211; der es Caf\u00e9besucher*innen erm\u00f6glicht, einen Kaffee f\u00fcr sich selbst und f\u00fcr eine weitere Person zu zahlen, die sich den Kaffee nicht leisten kann. Der ausgegebene Kaffee erm\u00f6glicht der weiteren Person einen Besuch im Caf\u00e9 und damit die Teilhabe am gesellschaftlichen Leben.<\/p>\n\n\n\n<p><strong>Sie m\u00f6chten jemandem ein KulturGeschenk machen?<\/strong><\/p>\n\n\n\n<p>Vom <strong>13.12.2021 bis einschlie\u00dflich 24.04.2022<\/strong> kann das KulturGeschenk an folgenden <strong>Kassen<\/strong> erworben werden:<\/p>\n\n\n\n<ul class=\"wp-block-list\"><li><strong><a rel=\"noreferrer noopener\" href=\"http:\/\/www.theater-paderborn.de\/final\/html\/index.php\" target=\"_blank\">Theater Paderborn<\/a><\/strong><\/li><\/ul>\n\n\n\n<ul class=\"wp-block-list\"><li><strong><a rel=\"noreferrer noopener\" href=\"https:\/\/www.cineplex.de\/paderborn\/\" target=\"_blank\">Pollux Kino Paderborn<\/a><\/strong><\/li><\/ul>\n\n\n\n<ul class=\"wp-block-list\"><li><a rel=\"noreferrer noopener\" href=\"https:\/\/www.paderborn.de\/tourismus-kultur\/museen-galerien\/index.php\" target=\"_blank\"><strong>Museen Marstall (Kunstmuseum\/Naturkundemuseum) und Stadtmuseum<\/strong><\/a><\/li><\/ul>\n\n\n\n<p>Sie k\u00f6nnen das KulturGeschenk alleine oder in Zusammenhang mit weiteren Tickets f\u00fcr den Eigenbedarf kaufen. Auch k\u00f6nnen Sie ein oder mehrere KulturGeschenke erwerben. Ein Online-Kauf \u00fcber die jeweiligen Ticketing-Portale der Kulturbetriebe ist derzeit nur beim <a href=\"http:\/\/www.theater-paderborn.de\/final\/html\/karten_online_tickets.php\" target=\"_blank\" rel=\"noreferrer noopener\">Theater Paderborn<\/a> m\u00f6glich.<\/p>\n\n\n\n<p><strong>So erhalten Personen aus der Region Ihr KulturGeschenk<\/strong><\/p>\n\n\n\n<p>Jedes KulturGeschenk wird von den jeweiligen Kulturbetrieben gesammelt und w\u00f6chentlich an uns weitergeleitet. Wir verteilen die KulturGeschenke dann in den verschiedenen Einrichtungen der <a rel=\"noreferrer noopener\" href=\"https:\/\/www.caritas-paderborn.de\/\" target=\"_blank\">Caritas Paderborn<\/a>, wo sie in Beratungsgespr\u00e4chen an interessierte Personen weitergegeben werden.<\/p>\n\n\n\n<figure class=\"wp-block-gallery columns-1 is-cropped wp-block-gallery-1 is-layout-flex wp-block-gallery-is-layout-flex\"><ul class=\"blocks-gallery-grid\"><li class=\"blocks-gallery-item\"><figure><img loading=\"lazy\" decoding=\"async\" width=\"724\" height=\"1024\" src=\"https:\/\/blogs.uni-paderborn.de\/kulturpreis\/files\/2022\/03\/KulturGeschenk_Fruehling-724x1024.png\" alt=\"\" data-id=\"621\" data-full-url=\"https:\/\/blogs.uni-paderborn.de\/kulturpreis\/files\/2022\/03\/KulturGeschenk_Fruehling.png\" data-link=\"https:\/\/blogs.uni-paderborn.de\/kulturpreis\/kulturgeschenk_fruehling\/\" class=\"wp-image-621\" srcset=\"https:\/\/blogs.uni-paderborn.de\/kulturpreis\/files\/2022\/03\/KulturGeschenk_Fruehling-724x1024.png 724w, https:\/\/blogs.uni-paderborn.de\/kulturpreis\/files\/2022\/03\/KulturGeschenk_Fruehling-212x300.png 212w, https:\/\/blogs.uni-paderborn.de\/kulturpreis\/files\/2022\/03\/KulturGeschenk_Fruehling-768x1086.png 768w, https:\/\/blogs.uni-paderborn.de\/kulturpreis\/files\/2022\/03\/KulturGeschenk_Fruehling-1086x1536.png 1086w, https:\/\/blogs.uni-paderborn.de\/kulturpreis\/files\/2022\/03\/KulturGeschenk_Fruehling-1448x2048.png 1448w, https:\/\/blogs.uni-paderborn.de\/kulturpreis\/files\/2022\/03\/KulturGeschenk_Fruehling.png 1587w\" sizes=\"auto, (max-width: 724px) 100vw, 724px\" \/><\/figure><\/li><\/ul><\/figure>\n\n\n\n<p class=\"has-text-align-center\"><strong>Vielen Dank f\u00fcr Ihre Unterst\u00fctzung!<\/strong><\/p>\n\n\n\n<p>Weitere Informationen zu <a rel=\"noreferrer noopener\" href=\"https:\/\/blogs.uni-paderborn.de\/kulturpreis\/team\/\" target=\"_blank\">uns<\/a> und unserem <a rel=\"noreferrer noopener\" href=\"https:\/\/blogs.uni-paderborn.de\/kulturpreis\/projektziel\/\" target=\"_blank\">Projekt<\/a> finden Sie <a rel=\"noreferrer noopener\" href=\"https:\/\/blogs.uni-paderborn.de\/kulturpreis\/\" target=\"_blank\">hier<\/a> auf unserem Blog!<\/p>\n\n\n\n<p>Sie haben Fragen zum KulturGeschenk? Melden Sie sich gerne bei uns! Wir freuen uns \u00fcber Ihr Interesse!<\/p>\n\n\n\n<p>Hinweis: Beim Kauf eines KulturGeschenks handelt es sich nicht um eine Spende.<\/p>\n","protected":false},"excerpt":{"rendered":"<p>Mache jemandem ein KulturGeschenk! Das KulturGeschenk ist ein innovatives Preiskonzept, das im Rahmen des Forschungsprojektes kulturPreis entstanden ist. Wir von der Universit\u00e4t Paderborn und der TU Berlin testen in Zusammenarbeit mit mehreren Kulturbetrieben in Paderborn dieses Preiskonzept, um kulturinteressierten Menschen aus der Region einen kostenlosen Kulturbesuch zu erm\u00f6glichen, die aus verschiedenen Gr\u00fcnden vom kulturellen Leben &hellip; <a href=\"https:\/\/blogs.uni-paderborn.de\/kulturpreis\/kulturgeschenk\/\" class=\"more-link\"><span class=\"screen-reader-text\">KulturGeschenk<\/span> weiterlesen<\/a><\/p>\n","protected":false},"author":8626,"featured_media":0,"parent":0,"menu_order":9,"comment_status":"closed","ping_status":"closed","template":"","meta":{"footnotes":""},"class_list":["post-583","page","type-page","status-publish","hentry"],"_links":{"self":[{"href":"https:\/\/blogs.uni-paderborn.de\/kulturpreis\/wp-json\/wp\/v2\/pages\/583","targetHints":{"allow":["GET"]}}],"collection":[{"href":"https:\/\/blogs.uni-paderborn.de\/kulturpreis\/wp-json\/wp\/v2\/pages"}],"about":[{"href":"https:\/\/blogs.uni-paderborn.de\/kulturpreis\/wp-json\/wp\/v2\/types\/page"}],"author":[{"embeddable":true,"href":"https:\/\/blogs.uni-paderborn.de\/kulturpreis\/wp-json\/wp\/v2\/users\/8626"}],"replies":[{"embeddable":true,"href":"https:\/\/blogs.uni-paderborn.de\/kulturpreis\/wp-json\/wp\/v2\/comments?post=583"}],"version-history":[{"count":24,"href":"https:\/\/blogs.uni-paderborn.de\/kulturpreis\/wp-json\/wp\/v2\/pages\/583\/revisions"}],"predecessor-version":[{"id":628,"href":"https:\/\/blogs.uni-paderborn.de\/kulturpreis\/wp-json\/wp\/v2\/pages\/583\/revisions\/628"}],"wp:attachment":[{"href":"https:\/\/blogs.uni-paderborn.de\/kulturpreis\/wp-json\/wp\/v2\/media?parent=583"}],"curies":[{"name":"wp","href":"https:\/\/api.w.org\/{rel}","templated":true}]}}