{"id":53,"date":"2019-12-13T09:08:28","date_gmt":"2019-12-13T08:08:28","guid":{"rendered":"https:\/\/blogs.uni-paderborn.de\/kulturpreis\/?page_id=53"},"modified":"2022-08-29T10:13:03","modified_gmt":"2022-08-29T08:13:03","slug":"projektziel","status":"publish","type":"page","link":"https:\/\/blogs.uni-paderborn.de\/kulturpreis\/projektziel\/","title":{"rendered":"Projektziel"},"content":{"rendered":"<div class=\"twoclick_social_bookmarks_post_53 social_share_privacy clearfix 1.6.4 locale-de_DE sprite-de_DE\"><\/div><div class=\"twoclick-js\"><script type=\"text\/javascript\">\/* <![CDATA[ *\/\njQuery(document).ready(function($){if($('.twoclick_social_bookmarks_post_53')){$('.twoclick_social_bookmarks_post_53').socialSharePrivacy({\"txt_help\":\"Wenn Sie diese Felder durch einen Klick aktivieren, werden Informationen an Facebook, Twitter, Flattr, Xing, t3n, LinkedIn, Pinterest oder Google eventuell ins Ausland \\u00fcbertragen und unter Umst\\u00e4nden auch dort gespeichert. N\\u00e4heres erfahren Sie durch einen Klick auf das <em>i<\\\/em>.\",\"settings_perma\":\"Dauerhaft aktivieren und Daten\\u00fcber-tragung zustimmen:\",\"info_link\":\"http:\\\/\\\/www.heise.de\\\/ct\\\/artikel\\\/2-Klicks-fuer-mehr-Datenschutz-1333879.html\",\"uri\":\"https:\\\/\\\/blogs.uni-paderborn.de\\\/kulturpreis\\\/projektziel\\\/\",\"post_id\":53,\"post_title_referrer_track\":\"Projektziel\",\"display_infobox\":\"on\"});}});\n\/* ]]> *\/<\/script><\/div>\n<p>B\u00fcrger*innen mit wenig \u00f6konomischem, sozialem, kulturellem und symbolischem Kapital haben oftmals nicht die M\u00f6glichkeit, am urbanen kulturellen Leben im vollen Umfang teilzunehmen. Sie sind sogenannte verletzliche Verbraucher*innen, die in Gefahr geraten, vom sozialen und wirtschaftlichen Leben ausgeschlossen zu werden (Micklitz et al. 2010). Diesen Missstand versuchen Kulturbetriebe im Sinne ihres kulturpolitischen Auftrages in der Regel \u00fcber die Preisgestaltung &#8211; als wirksamste absatzpolitische Ma\u00dfnahme &#8211; zu adressieren. Eine Steigerung der kulturellen Teilhabe mittels \u00f6konomisch und sozial nachhaltiger Gestaltung von Preiskonzepten \u00fcbt einen positiven Einfluss auf das Gemeinwohl aus. H\u00e4ufig jedoch erreichen diese Ma\u00dfnahmen nicht das intendierte Ziel, die Nachl\u00e4sse werden nicht genutzt, die Beteiligung der verletzlichen Verbraucher*innen am kulturellen Leben wird nicht erreicht. Gr\u00fcnde daf\u00fcr sind beispielsweise die trotz Rabattierung als zu hoch empfundenen Preise, eine mangelnde Miteinbeziehung der Adressaten in die Preisgestaltung oder auch das Vorliegen von Stigmatisierung im Bezahlprozess. Alternative Preiskonzepte, die in anderen Kontexten bereits Anwendung finden, wie beispielsweise <em>Pay-what-you-want<\/em> oder der <em>suspended coffee<\/em> &#8211; Verbraucher*innen bezahlen den zweifachen Preis f\u00fcr einen Kaffee und spenden damit einen Kaffee an Bed\u00fcrftige -, werden auf Basis von unsicheren Rentabilit\u00e4tsprognosen von Kulturbetrieben zumeist nicht implementiert. Zudem existieren bislang nur wenige Erkenntnisse zum Vorliegen von Stigmatisierung bei dem Kauf und der Nutzung von kulturellen Angeboten. <\/p>\n\n\n\n<p>Das Gesamtziel des Vorhabens ist es daher, die Wirksamkeit und die Einsatzm\u00f6glichkeiten von alternativen und innovativen Preiskonzepten f\u00fcr Kulturbetriebe zu erforschen. Das Konsortium, bestehend aus Universit\u00e4t Paderborn, Technische Universit\u00e4t Berlin, Theater Paderborn, Programm-Kino Pollux, Musik-Club Wohlsein, Heinz Nixdorf MuseumsForum, Kulturamt der Stadt Paderborn, Kreis Paderborn sowie Caritas hat sich daher zum Ziel gesetzt, ausgew\u00e4hlte alternative Preiskonzepte (beispielsweise partizipative Bezahlmodelle oder transaktionsabh\u00e4ngige Spenden) unter Ber\u00fccksichtigung von Akzeptanztreibern und -hemmnissen f\u00fcr beteiligte Kulturbetriebe zu adaptieren, bei den beteiligten Kulturbetrieben im Realbetrieb einzusetzen und deren nachhaltige Wirkung auf verletzliche Verbraucher*innen und auf die gesellschaftliche Teilhabe sowie die Finanzierbarkeit zu messen.<\/p>\n\n\n\n<p><strong>Projektlaufzeit<\/strong>: 01. November 2019 &#8211; 31. Oktober 2022<\/p>\n","protected":false},"excerpt":{"rendered":"<p>B\u00fcrger*innen mit wenig \u00f6konomischem, sozialem, kulturellem und symbolischem Kapital haben oftmals nicht die M\u00f6glichkeit, am urbanen kulturellen Leben im vollen Umfang teilzunehmen. Sie sind sogenannte verletzliche Verbraucher*innen, die in Gefahr geraten, vom sozialen und wirtschaftlichen Leben ausgeschlossen zu werden (Micklitz et al. 2010). Diesen Missstand versuchen Kulturbetriebe im Sinne ihres kulturpolitischen Auftrages in der Regel &hellip; <a href=\"https:\/\/blogs.uni-paderborn.de\/kulturpreis\/projektziel\/\" class=\"more-link\"><span class=\"screen-reader-text\">Projektziel<\/span> weiterlesen<\/a><\/p>\n","protected":false},"author":2772,"featured_media":0,"parent":0,"menu_order":2,"comment_status":"closed","ping_status":"closed","template":"","meta":{"footnotes":""},"class_list":["post-53","page","type-page","status-publish","hentry"],"_links":{"self":[{"href":"https:\/\/blogs.uni-paderborn.de\/kulturpreis\/wp-json\/wp\/v2\/pages\/53","targetHints":{"allow":["GET"]}}],"collection":[{"href":"https:\/\/blogs.uni-paderborn.de\/kulturpreis\/wp-json\/wp\/v2\/pages"}],"about":[{"href":"https:\/\/blogs.uni-paderborn.de\/kulturpreis\/wp-json\/wp\/v2\/types\/page"}],"author":[{"embeddable":true,"href":"https:\/\/blogs.uni-paderborn.de\/kulturpreis\/wp-json\/wp\/v2\/users\/2772"}],"replies":[{"embeddable":true,"href":"https:\/\/blogs.uni-paderborn.de\/kulturpreis\/wp-json\/wp\/v2\/comments?post=53"}],"version-history":[{"count":4,"href":"https:\/\/blogs.uni-paderborn.de\/kulturpreis\/wp-json\/wp\/v2\/pages\/53\/revisions"}],"predecessor-version":[{"id":538,"href":"https:\/\/blogs.uni-paderborn.de\/kulturpreis\/wp-json\/wp\/v2\/pages\/53\/revisions\/538"}],"wp:attachment":[{"href":"https:\/\/blogs.uni-paderborn.de\/kulturpreis\/wp-json\/wp\/v2\/media?parent=53"}],"curies":[{"name":"wp","href":"https:\/\/api.w.org\/{rel}","templated":true}]}}