{"id":376,"date":"2020-05-04T12:29:57","date_gmt":"2020-05-04T10:29:57","guid":{"rendered":"https:\/\/blogs.uni-paderborn.de\/kulturpreis\/?page_id=376"},"modified":"2021-07-16T17:27:20","modified_gmt":"2021-07-16T15:27:20","slug":"team","status":"publish","type":"page","link":"https:\/\/blogs.uni-paderborn.de\/kulturpreis\/team\/","title":{"rendered":"Team"},"content":{"rendered":"<div class=\"twoclick_social_bookmarks_post_376 social_share_privacy clearfix 1.6.4 locale-de_DE sprite-de_DE\"><\/div><div class=\"twoclick-js\"><script type=\"text\/javascript\">\/* <![CDATA[ *\/\njQuery(document).ready(function($){if($('.twoclick_social_bookmarks_post_376')){$('.twoclick_social_bookmarks_post_376').socialSharePrivacy({\"txt_help\":\"Wenn Sie diese Felder durch einen Klick aktivieren, werden Informationen an Facebook, Twitter, Flattr, Xing, t3n, LinkedIn, Pinterest oder Google eventuell ins Ausland \\u00fcbertragen und unter Umst\\u00e4nden auch dort gespeichert. N\\u00e4heres erfahren Sie durch einen Klick auf das <em>i<\\\/em>.\",\"settings_perma\":\"Dauerhaft aktivieren und Daten\\u00fcber-tragung zustimmen:\",\"info_link\":\"http:\\\/\\\/www.heise.de\\\/ct\\\/artikel\\\/2-Klicks-fuer-mehr-Datenschutz-1333879.html\",\"uri\":\"https:\\\/\\\/blogs.uni-paderborn.de\\\/kulturpreis\\\/team\\\/\",\"post_id\":376,\"post_title_referrer_track\":\"Team\",\"display_infobox\":\"on\"});}});\n\/* ]]> *\/<\/script><\/div>\n<figure class=\"wp-block-image\"><img loading=\"lazy\" decoding=\"async\" width=\"1024\" height=\"371\" src=\"https:\/\/blogs.uni-paderborn.de\/kulturpreis\/files\/2020\/03\/kulturpreis-5_flach-1024x371.jpg\" alt=\"\" class=\"wp-image-228\" srcset=\"https:\/\/blogs.uni-paderborn.de\/kulturpreis\/files\/2020\/03\/kulturpreis-5_flach-1024x371.jpg 1024w, https:\/\/blogs.uni-paderborn.de\/kulturpreis\/files\/2020\/03\/kulturpreis-5_flach-300x109.jpg 300w, https:\/\/blogs.uni-paderborn.de\/kulturpreis\/files\/2020\/03\/kulturpreis-5_flach-768x279.jpg 768w\" sizes=\"auto, (max-width: 1024px) 100vw, 1024px\" \/><figcaption> Uni-Team v.l.n.r.: Stefanie M\u00fcller, Dennis Kundisch, Beate Flath,  Kristian Keuer, Nancy W\u00fcnderlich, Maryam Momen Pour Tafreshi, Anna  Bucholz [Foto: Fiona Thiele] <\/figcaption><\/figure>\n\n\n\n<p><\/p>\n\n\n\n<p><em><a rel=\"noreferrer noopener\" href=\"https:\/\/www.beateflath.net\/\" target=\"_blank\"><strong>Prof. Dr. Beate Flath<\/strong><\/a><\/em>, Fakult\u00e4t f\u00fcr Kulturwissenschaften, Juniorprofessur f\u00fcr Eventmanagement mit den Schwerpunkten Popul\u00e4re Musik, Medien und Sport  <\/p>\n\n\n\n<p><a href=\"https:\/\/kw.uni-paderborn.de\/kunst-musik-textil\/personal-des-instituts\/person\/?tx_upbperson_personsite%5BpersonId%5D=35892&amp;tx_upbperson_personsite%5Bcontroller%5D=Person&amp;cHash=ed42496b7e1ce6912f0e400cf40d883c\"><em>Maryam Momen Pour Tafreshi<\/em><\/a>, M.A.,&nbsp;Fakult\u00e4t f\u00fcr Kulturwissenschaften, wissenschaftliche Mitarbeiterin, Bereich Eventmanagement mit den Schwerpunkten Popul\u00e4re Musik, Medien und Sport<\/p>\n\n\n\n<p><\/p>\n\n\n\n<p><em><a rel=\"noreferrer noopener\" href=\"https:\/\/wiwi.uni-paderborn.de\/dep3\/winfo2\/\" target=\"_blank\"><strong>Prof. Dr. Dennis Kundisch<\/strong><\/a><\/em>, Fakult\u00e4t f\u00fcr Wirtschaftswissenschaften, Lehrstuhl f\u00fcr Wirtschaftsinformatik, insb. Digitale M\u00e4rkte <\/p>\n\n\n\n<p><a href=\"https:\/\/www.uni-paderborn.de\/person\/70858\/\"><em>Stefanie M\u00fcller<\/em><\/a>, M.A., Fakult\u00e4t f\u00fcr Wirtschaftswissenschaften, wissenschaftliche Mitarbeiterin, Lehrstuhl f\u00fcr Wirtschaftsinformatik, insb. Digitale M\u00e4rkte  <\/p>\n\n\n\n<p><a href=\"http:\/\/ https:\/\/www.tu.berlin\/dm\/ueber-uns\/leitung\/\"><strong>Prof. Dr. Nancy W\u00fcnderlich<\/strong><\/a>, Fakult\u00e4t f\u00fcr Wirtschaft und Management, Fachgebiet f\u00fcr Digitale M\u00e4rkte [Verbundleiterin und Projektleitung Technische Universit\u00e4t Berlin] <\/p>\n\n\n\n<p><a href=\"https:\/\/www.tu.berlin\/dm\/ueber-uns\/team\">Anna Buchholz<\/a>, M. Sc., Fakult\u00e4t f\u00fcr Wirtschaft und Management, Fachgebiet f\u00fcr Digitale M\u00e4rkte<\/p>\n","protected":false},"excerpt":{"rendered":"<p>Prof. Dr. Beate Flath, Fakult\u00e4t f\u00fcr Kulturwissenschaften, Juniorprofessur f\u00fcr Eventmanagement mit den Schwerpunkten Popul\u00e4re Musik, Medien und Sport Maryam Momen Pour Tafreshi, M.A.,&nbsp;Fakult\u00e4t f\u00fcr Kulturwissenschaften, wissenschaftliche Mitarbeiterin, Bereich Eventmanagement mit den Schwerpunkten Popul\u00e4re Musik, Medien und Sport Prof. Dr. Dennis Kundisch, Fakult\u00e4t f\u00fcr Wirtschaftswissenschaften, Lehrstuhl f\u00fcr Wirtschaftsinformatik, insb. Digitale M\u00e4rkte Stefanie M\u00fcller, M.A., Fakult\u00e4t f\u00fcr &hellip; <a href=\"https:\/\/blogs.uni-paderborn.de\/kulturpreis\/team\/\" class=\"more-link\"><span class=\"screen-reader-text\">Team<\/span> weiterlesen<\/a><\/p>\n","protected":false},"author":8626,"featured_media":0,"parent":0,"menu_order":4,"comment_status":"closed","ping_status":"closed","template":"","meta":{"footnotes":""},"class_list":["post-376","page","type-page","status-publish","hentry"],"_links":{"self":[{"href":"https:\/\/blogs.uni-paderborn.de\/kulturpreis\/wp-json\/wp\/v2\/pages\/376","targetHints":{"allow":["GET"]}}],"collection":[{"href":"https:\/\/blogs.uni-paderborn.de\/kulturpreis\/wp-json\/wp\/v2\/pages"}],"about":[{"href":"https:\/\/blogs.uni-paderborn.de\/kulturpreis\/wp-json\/wp\/v2\/types\/page"}],"author":[{"embeddable":true,"href":"https:\/\/blogs.uni-paderborn.de\/kulturpreis\/wp-json\/wp\/v2\/users\/8626"}],"replies":[{"embeddable":true,"href":"https:\/\/blogs.uni-paderborn.de\/kulturpreis\/wp-json\/wp\/v2\/comments?post=376"}],"version-history":[{"count":9,"href":"https:\/\/blogs.uni-paderborn.de\/kulturpreis\/wp-json\/wp\/v2\/pages\/376\/revisions"}],"predecessor-version":[{"id":545,"href":"https:\/\/blogs.uni-paderborn.de\/kulturpreis\/wp-json\/wp\/v2\/pages\/376\/revisions\/545"}],"wp:attachment":[{"href":"https:\/\/blogs.uni-paderborn.de\/kulturpreis\/wp-json\/wp\/v2\/media?parent=376"}],"curies":[{"name":"wp","href":"https:\/\/api.w.org\/{rel}","templated":true}]}}