{"id":18,"date":"2025-05-05T00:37:25","date_gmt":"2025-05-04T22:37:25","guid":{"rendered":"https:\/\/blogs.uni-paderborn.de\/kug\/?page_id=18"},"modified":"2025-05-05T00:43:20","modified_gmt":"2025-05-04T22:43:20","slug":"impressum","status":"publish","type":"page","link":"https:\/\/blogs.uni-paderborn.de\/kug\/impressum\/","title":{"rendered":"Impressum"},"content":{"rendered":"<div class=\"twoclick_social_bookmarks_post_18 social_share_privacy clearfix 1.6.4 locale-de_DE sprite-de_DE\"><\/div><div class=\"twoclick-js\"><script type=\"text\/javascript\">\/* <![CDATA[ *\/\njQuery(document).ready(function($){if($('.twoclick_social_bookmarks_post_18')){$('.twoclick_social_bookmarks_post_18').socialSharePrivacy({\"txt_help\":\"Wenn Sie diese Felder durch einen Klick aktivieren, werden Informationen an Facebook, Twitter, Flattr, Xing, t3n, LinkedIn, Pinterest oder Google eventuell ins Ausland \\u00fcbertragen und unter Umst\\u00e4nden auch dort gespeichert. N\\u00e4heres erfahren Sie durch einen Klick auf das <em>i<\\\/em>.\",\"settings_perma\":\"Dauerhaft aktivieren und Daten\\u00fcber-tragung zustimmen:\",\"info_link\":\"http:\\\/\\\/www.heise.de\\\/ct\\\/artikel\\\/2-Klicks-fuer-mehr-Datenschutz-1333879.html\",\"uri\":\"https:\\\/\\\/blogs.uni-paderborn.de\\\/kug\\\/impressum\\\/\",\"post_id\":18,\"post_title_referrer_track\":\"Impressum\",\"display_infobox\":\"on\"});}});\n\/* ]]> *\/<\/script><\/div>\n<p><strong>V.i.S.d.P.:<\/strong><\/p>\n\n\n\n<p>Jun.-Prof. Dr. Jasmin Degeling<br>Bauhaus-Universit\u00e4t Weimar<br>Bauhausstra\u00dfe 11<br>99423 Weimar<\/p>\n\n\n\n<div style=\"height:50px\" aria-hidden=\"true\" class=\"wp-block-spacer\"><\/div>\n\n\n\n<p><strong><em>kultur &amp; geschlecht<\/em><\/strong> wird aktuell durch die <a href=\"https:\/\/www.fernuni-hagen.de\/forschung\/schwerpunkte\/gruppen\/gender-politics\/\" target=\"_blank\" rel=\"noreferrer noopener\">Forschungsgruppe Gender Politics<\/a> und den <a href=\"https:\/\/www.fernuni-hagen.de\/forschung\/schwerpunkte\/digitale-kultur\/index.shtml\" target=\"_blank\" rel=\"noreferrer noopener\">Forschungsschwerpunkt <em>digitale_kultur<\/em><\/a> der FernUniversit\u00e4t in Hagen finanziell gef\u00f6rdert.<\/p>\n\n\n\n<div style=\"height:50px\" aria-hidden=\"true\" class=\"wp-block-spacer\"><\/div>\n\n\n\n<p><strong>Redaktionsnetzwerk<\/strong>: Julia Bee, Jasmin Degeling, Jennifer Eickelmann, Henriette Gunkel, Sarah Horn, Claudia Mahs, Mary Shnayien, Peter Vignold<\/p>\n\n\n\n<p><strong>Korrektorat, Umschlaggestaltung und Satz<\/strong>: Len Klapdor<\/p>\n\n\n\n<p><strong>Schlussredaktion<\/strong>: Len Klapdor, Mary Shnayien, Peter Vignold<\/p>\n\n\n\n<p><strong>Kontakt<\/strong>: kulturundgeschlecht [\u00e4tt] kw.uni-paderborn.de<\/p>\n\n\n\n<div style=\"height:50px\" aria-hidden=\"true\" class=\"wp-block-spacer\"><\/div>\n\n\n\n<p>F\u00fcr Inhalte, die \u00fcber externe Links aufzurufen sind, wird keine Verantwortung \u00fcbernommen.<\/p>\n\n\n\n<p>Die Rechte der Texte liegen bei den jeweiligen Autor*innen.<\/p>\n\n\n\n<p><\/p>\n","protected":false},"excerpt":{"rendered":"<p>V.i.S.d.P.: Jun.-Prof. Dr. Jasmin DegelingBauhaus-Universit\u00e4t WeimarBauhausstra\u00dfe 1199423 Weimar kultur &amp; geschlecht wird aktuell durch die Forschungsgruppe Gender Politics und den Forschungsschwerpunkt digitale_kultur der FernUniversit\u00e4t in Hagen finanziell gef\u00f6rdert. Redaktionsnetzwerk: Julia Bee, Jasmin Degeling, Jennifer Eickelmann, Henriette Gunkel, Sarah Horn, Claudia Mahs, Mary Shnayien, Peter Vignold Korrektorat, Umschlaggestaltung und Satz: Len Klapdor Schlussredaktion: Len Klapdor, Mary [&hellip;]<\/p>\n","protected":false},"author":9510,"featured_media":0,"parent":0,"menu_order":0,"comment_status":"closed","ping_status":"closed","template":"","meta":{"footnotes":""},"class_list":["post-18","page","type-page","status-publish","hentry"],"_links":{"self":[{"href":"https:\/\/blogs.uni-paderborn.de\/kug\/wp-json\/wp\/v2\/pages\/18","targetHints":{"allow":["GET"]}}],"collection":[{"href":"https:\/\/blogs.uni-paderborn.de\/kug\/wp-json\/wp\/v2\/pages"}],"about":[{"href":"https:\/\/blogs.uni-paderborn.de\/kug\/wp-json\/wp\/v2\/types\/page"}],"author":[{"embeddable":true,"href":"https:\/\/blogs.uni-paderborn.de\/kug\/wp-json\/wp\/v2\/users\/9510"}],"replies":[{"embeddable":true,"href":"https:\/\/blogs.uni-paderborn.de\/kug\/wp-json\/wp\/v2\/comments?post=18"}],"version-history":[{"count":13,"href":"https:\/\/blogs.uni-paderborn.de\/kug\/wp-json\/wp\/v2\/pages\/18\/revisions"}],"predecessor-version":[{"id":125,"href":"https:\/\/blogs.uni-paderborn.de\/kug\/wp-json\/wp\/v2\/pages\/18\/revisions\/125"}],"wp:attachment":[{"href":"https:\/\/blogs.uni-paderborn.de\/kug\/wp-json\/wp\/v2\/media?parent=18"}],"curies":[{"name":"wp","href":"https:\/\/api.w.org\/{rel}","templated":true}]}}