{"id":2,"date":"2025-09-01T06:57:45","date_gmt":"2025-09-01T04:57:45","guid":{"rendered":"https:\/\/blogs.uni-paderborn.de\/kokodil\/?page_id=2"},"modified":"2026-02-10T14:42:25","modified_gmt":"2026-02-10T13:42:25","slug":"startseite-2","status":"publish","type":"page","link":"https:\/\/blogs.uni-paderborn.de\/kokodil\/","title":{"rendered":"Startseite"},"content":{"rendered":"<div class=\"twoclick_social_bookmarks_post_2 social_share_privacy clearfix 1.6.4 locale-de_DE sprite-de_DE\"><\/div><div class=\"twoclick-js\"><script type=\"text\/javascript\">\/* <![CDATA[ *\/\njQuery(document).ready(function($){if($('.twoclick_social_bookmarks_post_2')){$('.twoclick_social_bookmarks_post_2').socialSharePrivacy({\"txt_help\":\"Wenn Sie diese Felder durch einen Klick aktivieren, werden Informationen an Facebook, Twitter, Flattr, Xing, t3n, LinkedIn, Pinterest oder Google eventuell ins Ausland \\u00fcbertragen und unter Umst\\u00e4nden auch dort gespeichert. N\\u00e4heres erfahren Sie durch einen Klick auf das <em>i<\\\/em>.\",\"settings_perma\":\"Dauerhaft aktivieren und Daten\\u00fcber-tragung zustimmen:\",\"info_link\":\"http:\\\/\\\/www.heise.de\\\/ct\\\/artikel\\\/2-Klicks-fuer-mehr-Datenschutz-1333879.html\",\"uri\":\"https:\\\/\\\/blogs.uni-paderborn.de\\\/kokodil\\\/\",\"post_id\":2,\"post_title_referrer_track\":\"Startseite\",\"display_infobox\":\"on\"});}});\n\/* ]]> *\/<\/script><\/div>\n<div class=\"wp-block-group is-nowrap is-layout-flex wp-container-core-group-is-layout-ad2f72ca wp-block-group-is-layout-flex\">\n<h2 class=\"wp-block-heading\">Herzlich willkommen auf der Projekt-Homepage KoKoDiL! <\/h2>\n\n\n<div class=\"is-style-default wp-block-site-logo\"><a href=\"https:\/\/blogs.uni-paderborn.de\/kokodil\/\" class=\"custom-logo-link\" rel=\"home\"><img loading=\"lazy\" decoding=\"async\" width=\"215\" height=\"156\" src=\"https:\/\/blogs.uni-paderborn.de\/kokodil\/files\/2025\/10\/UPB_KoKoDil_Logo_RGB-scaled.jpg\" class=\"custom-logo\" alt=\"KoKoDiL\" srcset=\"https:\/\/blogs.uni-paderborn.de\/kokodil\/files\/2025\/10\/UPB_KoKoDil_Logo_RGB-scaled.jpg 2560w, https:\/\/blogs.uni-paderborn.de\/kokodil\/files\/2025\/10\/UPB_KoKoDil_Logo_RGB-300x219.jpg 300w, https:\/\/blogs.uni-paderborn.de\/kokodil\/files\/2025\/10\/UPB_KoKoDil_Logo_RGB-1024x746.jpg 1024w, https:\/\/blogs.uni-paderborn.de\/kokodil\/files\/2025\/10\/UPB_KoKoDil_Logo_RGB-768x560.jpg 768w, https:\/\/blogs.uni-paderborn.de\/kokodil\/files\/2025\/10\/UPB_KoKoDil_Logo_RGB-1536x1120.jpg 1536w, https:\/\/blogs.uni-paderborn.de\/kokodil\/files\/2025\/10\/UPB_KoKoDil_Logo_RGB-2048x1493.jpg 2048w, https:\/\/blogs.uni-paderborn.de\/kokodil\/files\/2025\/10\/UPB_KoKoDil_Logo_RGB-412x300.jpg 412w\" sizes=\"auto, (max-width: 215px) 100vw, 215px\" \/><\/a><\/div>\n\n\n<div class=\"wp-block-columns is-layout-flex wp-container-core-columns-is-layout-9d6595d7 wp-block-columns-is-layout-flex\">\n<div class=\"wp-block-column is-layout-flow wp-block-column-is-layout-flow\"><\/div>\n<\/div>\n<\/div>\n\n\n\n<p><\/p>\n\n\n<p>Das Projekt \u201eKoKoDiL\u201c (Kontext\u00fcbergreifende Kooperation zur systematischen Diffusion innovativer Lehrkonzepte) geht aus der in der AG innovative Lehre (AGiL) entstandenen Idee hervor, Kooperationen zwischen innovativen Lehrprojekten und Lehrenden zu initiieren, um den Transfer universit\u00e4tsintern zu st\u00e4rken. Zu diesem Zweck werden Kooperationsgruppen gebildet, die im Rahmen hochschul\u00f6ffentlicher Workshops (\u201eUPB trifft\u2026\u201c) zusammentreten, die Lehrinnovationen erproben und weiterentwickeln. Ein zentraler Bestandteil des Projekts ist die Entwicklung des digitalen Tools \u201eKompass zur Diffusion innovativer Lehrkonzepte\u201c (KoDiL), bestehend aus einem Fragebogen zur Bestimmung des Transferpotenzials (KoDiL-Trans), einer Anleitung zur systematischen Erschlie\u00dfung didaktisch-konzeptueller Kerngedanken (KoDiL-Kern) und einer Handreichung mit Hinweisen zu Distributionsm\u00f6glichkeiten und Umsetzungsparametern (KoDiL-Folge). KoDiL dient dazu, innovative Lehrprojekte hinsichtlich ihres Transferpotenzials zu untersuchen und zu beschreiben, um sie dadurch als \u201aGood Practice\u2018 sichtbar zu machen, sodass die Konzepte auch f\u00fcr Lehrende anderer Disziplinen nachvollziehbar und umsetzbar werden. Ein projektbegleitender Blog dokumentiert die Ergebnisse und Erfahrungen dieser Gruppen sowie die Projektentwicklung. Ziel ist es, die Qualit\u00e4t der Lehre nachhaltig zu verbessern und die Vernetzung von Lehrenden zu st\u00e4rken.<\/p>\n<p><img loading=\"lazy\" decoding=\"async\" class=\"alignnone size-large wp-image-670\" src=\"https:\/\/blogs.uni-paderborn.de\/kokodil\/files\/2026\/02\/Schaubild-KoKoDiL-1-1024x468.png\" alt=\"\" width=\"584\" height=\"267\" srcset=\"https:\/\/blogs.uni-paderborn.de\/kokodil\/files\/2026\/02\/Schaubild-KoKoDiL-1-1024x468.png 1024w, https:\/\/blogs.uni-paderborn.de\/kokodil\/files\/2026\/02\/Schaubild-KoKoDiL-1-300x137.png 300w, https:\/\/blogs.uni-paderborn.de\/kokodil\/files\/2026\/02\/Schaubild-KoKoDiL-1-768x351.png 768w, https:\/\/blogs.uni-paderborn.de\/kokodil\/files\/2026\/02\/Schaubild-KoKoDiL-1-500x229.png 500w, https:\/\/blogs.uni-paderborn.de\/kokodil\/files\/2026\/02\/Schaubild-KoKoDiL-1.png 1323w\" sizes=\"auto, (max-width: 584px) 100vw, 584px\" \/><\/p>\n<p>Die Inhalte des Blogs lassen sich den folgenden Kategorien zuordnen:<\/p>\n<p><strong>News<\/strong><br data-start=\"444\" data-end=\"447\" \/>Aktuelle Termine, Workshops und wichtige Mitteilungen \u2013 immer auf dem neuesten Stand.<\/p>\n<p><strong>Projektentwicklung<\/strong><br data-start=\"581\" data-end=\"584\" \/>Einblicke in die Erfahrungen der Kooperationsgruppen und die Entwicklung des Projekts.<\/p>\n<p><strong>Transferprojekte<\/strong><br data-start=\"700\" data-end=\"703\" \/>Berichte von Transfergebenden und -nehmenden zeigen, wie innovative Lehrkonzepte erfolgreich erprobt und weitergegeben werden.<\/p>\n<p><strong>Transferb\u00f6rse<\/strong><br data-start=\"874\" data-end=\"877\" \/><span data-contrast=\"auto\">Unsere Transferb\u00f6rse dient der Vernetzung zwischen Lehrenden an der UPB. Im <\/span><a href=\"https:\/\/blogs.uni-paderborn.de\/kokodil\/downloads\/\"><span data-contrast=\"auto\">Download-Bereich<\/span><\/a><span data-contrast=\"auto\"> unserer Homepage finden Sie Vorlagen f\u00fcr Steckbriefe, die dazu dienen, Transferangebote und Interessenbekundungen einzureichen.<\/span><\/p>\n<p><strong>Lehrkonzepte<\/strong><br data-start=\"874\" data-end=\"877\" \/>Vorstellung der didaktisch-konzeptuellen Kerngedanken der entwickelten Lehrprojekte \u2013 nachvollziehbar und direkt nutzbar f\u00fcr andere Lehrende.<\/p>\n<p><strong>Forschung<\/strong><br data-start=\"1041\" data-end=\"1044\" \/><span data-teams=\"true\">Hinweise zu Forschungsbeitr\u00e4gen zum Thema Transfer und Diffusion innovativer Lehrkonzepte und assoziierten Projekten<\/span>.<\/p>\n<p>Der Blog richtet sich an Lehrende, Projektbeteiligte und alle Interessierten, die Innovationen in der Hochschullehre entdecken, verstehen und in ihren eigenen Kontext \u00fcbertragen m\u00f6chten. <span data-teams=\"true\">Wenn Sie sich mit einem Gastbeitrag an unserem Blog beteiligen m\u00f6chten, <a href=\"https:\/\/blogs.uni-paderborn.de\/kokodil\/kontakt\/\"><em>kontaktieren<\/em><\/a> Sie uns gerne!<\/span><\/p>\n<p>Wir freuen uns auf den Austausch und neue Erkenntnisse!<\/p>\n\n\n<hr class=\"wp-block-separator has-alpha-channel-opacity is-style-wide\" \/>\n\n\n\n<div class=\"wp-block-columns is-layout-flex wp-container-core-columns-is-layout-9d6595d7 wp-block-columns-is-layout-flex\">\n<div class=\"wp-block-column is-layout-flow wp-block-column-is-layout-flow\">\n<blockquote class=\"wp-block-quote is-style-large has-small-font-size is-layout-flow wp-block-quote-is-layout-flow\">\n<p class=\"has-text-align-center has-small-font-size\"><strong><em>\u201eWhat Is Diffusion? Diffusion is the process by which an innovation is communicated through certain channels over time among the members of a social system.\u201c<\/em><\/strong><\/p>\n<cite> <sub>EveRETT M. ROGERS<\/sub><\/cite><\/blockquote>\n<\/div>\n<\/div>\n\n\n\n<div class=\"wp-block-columns is-layout-flex wp-container-core-columns-is-layout-9d6595d7 wp-block-columns-is-layout-flex\">\n<div class=\"wp-block-column is-layout-flow wp-block-column-is-layout-flow\" style=\"flex-basis:33.33%\"><\/div>\n\n\n\n<div class=\"wp-block-column is-layout-flow wp-block-column-is-layout-flow\" style=\"flex-basis:66.66%\">\n<figure class=\"wp-block-image size-large is-resized is-style-default\"><img loading=\"lazy\" decoding=\"async\" width=\"682\" height=\"1024\" src=\"https:\/\/blogs.uni-paderborn.de\/kokodil\/files\/2025\/11\/plant-5740098_1280-6-682x1024.jpg\" alt=\"\" class=\"wp-image-496\" style=\"width:207px;height:auto\" srcset=\"https:\/\/blogs.uni-paderborn.de\/kokodil\/files\/2025\/11\/plant-5740098_1280-6-682x1024.jpg 682w, https:\/\/blogs.uni-paderborn.de\/kokodil\/files\/2025\/11\/plant-5740098_1280-6-200x300.jpg 200w, https:\/\/blogs.uni-paderborn.de\/kokodil\/files\/2025\/11\/plant-5740098_1280-6-768x1152.jpg 768w, https:\/\/blogs.uni-paderborn.de\/kokodil\/files\/2025\/11\/plant-5740098_1280-6.jpg 853w\" sizes=\"auto, (max-width: 682px) 100vw, 682px\" \/><\/figure>\n<\/div>\n<\/div>\n\n\n\n<p><\/p>\n","protected":false},"excerpt":{"rendered":"<p>Herzlich willkommen auf der Projekt-Homepage KoKoDiL! Das Projekt \u201eKoKoDiL\u201c (Kontext\u00fcbergreifende Kooperation zur systematischen Diffusion innovativer Lehrkonzepte) geht aus der in der AG innovative Lehre (AGiL) entstandenen Idee hervor, Kooperationen zwischen innovativen Lehrprojekten und Lehrenden zu initiieren, um den Transfer universit\u00e4tsintern &hellip; <a href=\"https:\/\/blogs.uni-paderborn.de\/kokodil\/\">Weiterlesen <span class=\"meta-nav\">&rarr;<\/span><\/a><\/p>\n","protected":false},"author":9542,"featured_media":440,"parent":0,"menu_order":0,"comment_status":"closed","ping_status":"closed","template":"page-templates\/front-page.php","meta":{"footnotes":""},"class_list":["post-2","page","type-page","status-publish","has-post-thumbnail","hentry"],"_links":{"self":[{"href":"https:\/\/blogs.uni-paderborn.de\/kokodil\/wp-json\/wp\/v2\/pages\/2","targetHints":{"allow":["GET"]}}],"collection":[{"href":"https:\/\/blogs.uni-paderborn.de\/kokodil\/wp-json\/wp\/v2\/pages"}],"about":[{"href":"https:\/\/blogs.uni-paderborn.de\/kokodil\/wp-json\/wp\/v2\/types\/page"}],"author":[{"embeddable":true,"href":"https:\/\/blogs.uni-paderborn.de\/kokodil\/wp-json\/wp\/v2\/users\/9542"}],"replies":[{"embeddable":true,"href":"https:\/\/blogs.uni-paderborn.de\/kokodil\/wp-json\/wp\/v2\/comments?post=2"}],"version-history":[{"count":75,"href":"https:\/\/blogs.uni-paderborn.de\/kokodil\/wp-json\/wp\/v2\/pages\/2\/revisions"}],"predecessor-version":[{"id":671,"href":"https:\/\/blogs.uni-paderborn.de\/kokodil\/wp-json\/wp\/v2\/pages\/2\/revisions\/671"}],"wp:featuredmedia":[{"embeddable":true,"href":"https:\/\/blogs.uni-paderborn.de\/kokodil\/wp-json\/wp\/v2\/media\/440"}],"wp:attachment":[{"href":"https:\/\/blogs.uni-paderborn.de\/kokodil\/wp-json\/wp\/v2\/media?parent=2"}],"curies":[{"name":"wp","href":"https:\/\/api.w.org\/{rel}","templated":true}]}}