{"id":144,"date":"2025-09-15T10:26:17","date_gmt":"2025-09-15T08:26:17","guid":{"rendered":"https:\/\/blogs.uni-paderborn.de\/kokodil\/?page_id=144"},"modified":"2025-12-10T20:59:18","modified_gmt":"2025-12-10T19:59:18","slug":"impressum","status":"publish","type":"page","link":"https:\/\/blogs.uni-paderborn.de\/kokodil\/impressum\/","title":{"rendered":"Impressum"},"content":{"rendered":"<div class=\"twoclick_social_bookmarks_post_144 social_share_privacy clearfix 1.6.4 locale-de_DE sprite-de_DE\"><\/div><div class=\"twoclick-js\"><script type=\"text\/javascript\">\/* <![CDATA[ *\/\njQuery(document).ready(function($){if($('.twoclick_social_bookmarks_post_144')){$('.twoclick_social_bookmarks_post_144').socialSharePrivacy({\"txt_help\":\"Wenn Sie diese Felder durch einen Klick aktivieren, werden Informationen an Facebook, Twitter, Flattr, Xing, t3n, LinkedIn, Pinterest oder Google eventuell ins Ausland \\u00fcbertragen und unter Umst\\u00e4nden auch dort gespeichert. N\\u00e4heres erfahren Sie durch einen Klick auf das <em>i<\\\/em>.\",\"settings_perma\":\"Dauerhaft aktivieren und Daten\\u00fcber-tragung zustimmen:\",\"info_link\":\"http:\\\/\\\/www.heise.de\\\/ct\\\/artikel\\\/2-Klicks-fuer-mehr-Datenschutz-1333879.html\",\"uri\":\"https:\\\/\\\/blogs.uni-paderborn.de\\\/kokodil\\\/impressum\\\/\",\"post_id\":144,\"post_title_referrer_track\":\"Impressum\",\"display_infobox\":\"on\"});}});\n\/* ]]> *\/<\/script><\/div><p>Webseite: blogs.uni-paderborn.de\/kokodil<\/p>\n<p><strong>Betreiber:<\/strong><\/p>\n<p>Universit\u00e4t Paderborn<br \/>Warburger Str. 100<br \/>33098 Paderborn<br \/>Telefon: +49 5251 60-0<br \/>E-Mail: webmaster@uni-paderborn.de<\/p>\n<p><strong>Informationen zum Betreiber:<\/strong><\/p>\n<p>Die Universit\u00e4t Paderborn ist eine vom Land NRW getragene, rechtsf\u00e4hige K\u00f6rperschaft des \u00d6ffentlichen Rechts.\u00a0 Sie wird durch den Pr\u00e4sidenten Prof. Dr. Matthias Bauer vertreten.<\/p>\n<p>Zust\u00e4ndige Aufsichtsbeh\u00f6rde: Ministerium f\u00fcr Kultur und Wissenschaft (MKW) des Landes Nordrhein-Westfalen, V\u00f6lklinger Str. 49, 40221 D\u00fcsseldorf, Deutschland<\/p>\n<p>Umsatzsteuer-Identifikationsnummer gem\u00e4\u00df \u00a7 27 a Umsatzsteuergesetz: DE 811209907<\/p>\n<p><strong>Verantwortlich f\u00fcr den Inhalt nach \u00a7 55 Abs. 2 RStV:<\/strong><\/p>\n<p>Universit\u00e4t Paderborn<\/p>\n<p>Stabsstelle Bildungsinnovationen und Hochschuldidaktik<\/p>\n<p>Dr. Nerea V\u00f6ing<br \/>Warburger Str. 100<br \/>33098 Paderborn<br \/>Deutschland<\/p>\n<p>E-Mail: <a href=\"mailto:hochschuldidaktik@upb.de\">hochschuldidaktik@upb.de<br \/><\/a>Telefon: +49 5251 60-3332<br \/>Web:\u00a0<a href=\"https:\/\/www.uni-paderborn.de\/universitaet\/bildungsinnovationen-hochschuldidaktik\">https:\/\/www.uni-paderborn.de\/universitaet\/bildungsinnovationen-hochschuldidaktik<\/a><\/p>\n<p>Die Inhalte dieses Blogs wurden mit gr\u00f6\u00dfter Sorgfalt erstellt. F\u00fcr die Richtigkeit, Vollst\u00e4ndigkeit und Aktualit\u00e4t der Inhalte kann keine Gew\u00e4hr \u00fcbernommen werden.<\/p>\n<p><strong>Urheberrechtshinweise<\/strong><\/p>\n<p>Die Urheber- und Nutzungsrechte (Copyright) f\u00fcr Texte, Grafiken, Bilder, Design und Quellcode liegen soweit nicht anders angegeben bei der Universit\u00e4t Paderborn.<br \/>Die Erstellung, Verwendung und Weitergabe von Kopien in elektronischer oder ausgedruckter Form bedarf der Genehmigung.<\/p>\n<p><strong>Haftungshinweise<\/strong><\/p>\n<p>F\u00fcr auf den Seiten vorhandene externe Links und die dar\u00fcber verf\u00fcgbaren Inhalte \u00fcbernehmen wir keine Haftung. Sie stellen kein Angebot der Universit\u00e4t Paderborn dar. F\u00fcr den Inhalt der verlinkten Seiten sind ausschlie\u00dflich deren Betreiber verantwortlich.<\/p>\n<p><strong>Datenschutz<\/strong><\/p>\n<p>Unsere Datenschutzerkl\u00e4rung finden Sie <a href=\"https:\/\/blogs.uni-paderborn.de\/kokodil\/datenschutzerklaerung\/\">hier<\/a>.<\/p>\n\n\n<hr>\n<h3>Bildnachweise<\/h3>\n<ul style=\"font-size: 0.9em;color: #666;line-height: 1.5\">\n  <li>\n    <em>\u201eKoKoDiL Logo\u201c<\/em> \u00a9 KoKoDiL-Projektteam, Universit\u00e4t Paderborn (eigene Grafik)\n  <\/li>\n  <li>\n    <em>\u201ePflanze in Gl\u00fchbirne \u2013 recycelt\u201c<\/em> (Pixabay \/ saifulmulia)\n  <\/li>\n<li>\n    <em>\u201eKompass-Bild\u201c<\/em> (Pixabay \/ Pexels)\n  <\/li>\n  <li>\n    <em>Header Bilder und Fotos<\/em> \u00a9 Universit\u00e4t Paderborn\n  <\/li>\n<\/ul>\n","protected":false},"excerpt":{"rendered":"<p>Webseite: blogs.uni-paderborn.de\/kokodil Betreiber: Universit\u00e4t PaderbornWarburger Str. 10033098 PaderbornTelefon: +49 5251 60-0E-Mail: webmaster@uni-paderborn.de Informationen zum Betreiber: Die Universit\u00e4t Paderborn ist eine vom Land NRW getragene, rechtsf\u00e4hige K\u00f6rperschaft des \u00d6ffentlichen Rechts.\u00a0 Sie wird durch den Pr\u00e4sidenten Prof. Dr. Matthias Bauer vertreten. Zust\u00e4ndige &hellip; <a href=\"https:\/\/blogs.uni-paderborn.de\/kokodil\/impressum\/\">Weiterlesen <span class=\"meta-nav\">&rarr;<\/span><\/a><\/p>\n","protected":false},"author":9542,"featured_media":0,"parent":0,"menu_order":0,"comment_status":"closed","ping_status":"closed","template":"","meta":{"footnotes":""},"class_list":["post-144","page","type-page","status-publish","hentry"],"_links":{"self":[{"href":"https:\/\/blogs.uni-paderborn.de\/kokodil\/wp-json\/wp\/v2\/pages\/144","targetHints":{"allow":["GET"]}}],"collection":[{"href":"https:\/\/blogs.uni-paderborn.de\/kokodil\/wp-json\/wp\/v2\/pages"}],"about":[{"href":"https:\/\/blogs.uni-paderborn.de\/kokodil\/wp-json\/wp\/v2\/types\/page"}],"author":[{"embeddable":true,"href":"https:\/\/blogs.uni-paderborn.de\/kokodil\/wp-json\/wp\/v2\/users\/9542"}],"replies":[{"embeddable":true,"href":"https:\/\/blogs.uni-paderborn.de\/kokodil\/wp-json\/wp\/v2\/comments?post=144"}],"version-history":[{"count":9,"href":"https:\/\/blogs.uni-paderborn.de\/kokodil\/wp-json\/wp\/v2\/pages\/144\/revisions"}],"predecessor-version":[{"id":564,"href":"https:\/\/blogs.uni-paderborn.de\/kokodil\/wp-json\/wp\/v2\/pages\/144\/revisions\/564"}],"wp:attachment":[{"href":"https:\/\/blogs.uni-paderborn.de\/kokodil\/wp-json\/wp\/v2\/media?parent=144"}],"curies":[{"name":"wp","href":"https:\/\/api.w.org\/{rel}","templated":true}]}}