{"id":108,"date":"2025-09-08T19:12:47","date_gmt":"2025-09-08T17:12:47","guid":{"rendered":"https:\/\/blogs.uni-paderborn.de\/kokodil\/?page_id=108"},"modified":"2026-02-16T13:31:04","modified_gmt":"2026-02-16T12:31:04","slug":"downloads","status":"publish","type":"page","link":"https:\/\/blogs.uni-paderborn.de\/kokodil\/downloads\/","title":{"rendered":"Downloads"},"content":{"rendered":"<div class=\"twoclick_social_bookmarks_post_108 social_share_privacy clearfix 1.6.4 locale-de_DE sprite-de_DE\"><\/div><div class=\"twoclick-js\"><script type=\"text\/javascript\">\/* <![CDATA[ *\/\njQuery(document).ready(function($){if($('.twoclick_social_bookmarks_post_108')){$('.twoclick_social_bookmarks_post_108').socialSharePrivacy({\"txt_help\":\"Wenn Sie diese Felder durch einen Klick aktivieren, werden Informationen an Facebook, Twitter, Flattr, Xing, t3n, LinkedIn, Pinterest oder Google eventuell ins Ausland \\u00fcbertragen und unter Umst\\u00e4nden auch dort gespeichert. N\\u00e4heres erfahren Sie durch einen Klick auf das <em>i<\\\/em>.\",\"settings_perma\":\"Dauerhaft aktivieren und Daten\\u00fcber-tragung zustimmen:\",\"info_link\":\"http:\\\/\\\/www.heise.de\\\/ct\\\/artikel\\\/2-Klicks-fuer-mehr-Datenschutz-1333879.html\",\"uri\":\"https:\\\/\\\/blogs.uni-paderborn.de\\\/kokodil\\\/downloads\\\/\",\"post_id\":108,\"post_title_referrer_track\":\"Downloads\",\"display_infobox\":\"on\"});}});\n\/* ]]> *\/<\/script><\/div>\n<p>Vorlagen der Steckbriefe f\u00fcr die Transferb\u00f6rse:<\/p>\n\n\n\n<div class=\"download-wrapper\">\n  <div class=\"download-icon\">\u2b07\ufe0f<\/div>\n  <div class=\"download-links\">\n    <a href=\"https:\/\/blogs.uni-paderborn.de\/kokodil\/files\/2025\/12\/ICH-BIETE-Projektsteckbrief-2.pdf\" download>\n      \ud83d\udcc4 ICH-BIETE-Steckbrief\n    <\/a>\n  <\/div>\n<\/div>\n\n<div class=\"download-wrapper\">\n  <div class=\"download-icon\">\u2b07\ufe0f<\/div>\n  <div class=\"download-links\">\n    <a href=\"https:\/\/blogs.uni-paderborn.de\/kokodil\/files\/2025\/12\/ICH-SUCHE-Steckbrief-2.pdf\" download>\n      \ud83d\udcc4 ICH-SUCHE-Steckbrief\n    <\/a>\n  <\/div>\n<\/div>\n\n<div class=\"download-wrapper\">\n  <div class=\"download-icon\">\u2b07\ufe0f<\/div>\n  <div class=\"download-links\">\n    <a href=\"https:\/\/www.uni-paderborn.de\/fileadmin\/bildungsinnovationen-hochschuldidaktik\/08_Kooperationen\/KoKoDiL\/Dokumente_zum_Download\/DSE_und_E_KoKoDiL.docx\" download>\n      \ud83d\udcc4 Datenschutzerkl\u00e4rung und Einwilligung\n    <\/a>\n  <\/div>\n<\/div>\n\n\n\n<p><\/p>\n\n\n\n<p>Vorlage f\u00fcr den Antrag auf Transferf\u00f6rderung:<\/p>\n\n\n\n<div class=\"download-wrapper\">\n  <div class=\"download-icon\">\u2b07\ufe0f<\/div>\n  <div class=\"download-links\">\n    <a href=\"https:\/\/blogs.uni-paderborn.de\/kokodil\/files\/2026\/01\/Antrag-Transferfoerderung.pdf\" download>\n      \ud83d\udcc4 Antrag Transferf\u00f6rderung (PDF)\n    <\/a>\n  <\/div>\n<\/div>\n\n<div class=\"download-wrapper\">\n  <div class=\"download-icon\">\u2b07\ufe0f<\/div>\n  <div class=\"download-links\">\n    <a href=\"https:\/\/www.uni-paderborn.de\/fileadmin\/bildungsinnovationen-hochschuldidaktik\/08_Kooperationen\/KoKoDiL\/Dokumente_zum_Download\/Antrag_Transferfoerderung.docx\" download>\n      \ud83d\udcc4 Antrag Transferf\u00f6rderung (DOCX)\n    <\/a>\n  <\/div>\n<\/div>\n","protected":false},"excerpt":{"rendered":"<p>Vorlagen der Steckbriefe f\u00fcr die Transferb\u00f6rse: \u2b07\ufe0f \ud83d\udcc4 ICH-BIETE-Steckbrief \u2b07\ufe0f \ud83d\udcc4 ICH-SUCHE-Steckbrief \u2b07\ufe0f \ud83d\udcc4 Datenschutzerkl\u00e4rung und Einwilligung Vorlage f\u00fcr den Antrag auf Transferf\u00f6rderung: \u2b07\ufe0f \ud83d\udcc4 Antrag Transferf\u00f6rderung (PDF) \u2b07\ufe0f \ud83d\udcc4 Antrag Transferf\u00f6rderung (DOCX)<\/p>\n","protected":false},"author":9542,"featured_media":0,"parent":0,"menu_order":0,"comment_status":"closed","ping_status":"closed","template":"","meta":{"footnotes":""},"class_list":["post-108","page","type-page","status-publish","hentry"],"_links":{"self":[{"href":"https:\/\/blogs.uni-paderborn.de\/kokodil\/wp-json\/wp\/v2\/pages\/108","targetHints":{"allow":["GET"]}}],"collection":[{"href":"https:\/\/blogs.uni-paderborn.de\/kokodil\/wp-json\/wp\/v2\/pages"}],"about":[{"href":"https:\/\/blogs.uni-paderborn.de\/kokodil\/wp-json\/wp\/v2\/types\/page"}],"author":[{"embeddable":true,"href":"https:\/\/blogs.uni-paderborn.de\/kokodil\/wp-json\/wp\/v2\/users\/9542"}],"replies":[{"embeddable":true,"href":"https:\/\/blogs.uni-paderborn.de\/kokodil\/wp-json\/wp\/v2\/comments?post=108"}],"version-history":[{"count":28,"href":"https:\/\/blogs.uni-paderborn.de\/kokodil\/wp-json\/wp\/v2\/pages\/108\/revisions"}],"predecessor-version":[{"id":673,"href":"https:\/\/blogs.uni-paderborn.de\/kokodil\/wp-json\/wp\/v2\/pages\/108\/revisions\/673"}],"wp:attachment":[{"href":"https:\/\/blogs.uni-paderborn.de\/kokodil\/wp-json\/wp\/v2\/media?parent=108"}],"curies":[{"name":"wp","href":"https:\/\/api.w.org\/{rel}","templated":true}]}}