{"id":102,"date":"2025-09-08T19:12:47","date_gmt":"2025-09-08T17:12:47","guid":{"rendered":"https:\/\/blogs.uni-paderborn.de\/kokodil\/?page_id=102"},"modified":"2025-12-15T17:40:02","modified_gmt":"2025-12-15T16:40:02","slug":"mini-glossar-faq","status":"publish","type":"page","link":"https:\/\/blogs.uni-paderborn.de\/kokodil\/mini-glossar-faq\/","title":{"rendered":"Mini-Glossar\/ FAQ"},"content":{"rendered":"<div class=\"twoclick_social_bookmarks_post_102 social_share_privacy clearfix 1.6.4 locale-de_DE sprite-de_DE\"><\/div><div class=\"twoclick-js\"><script type=\"text\/javascript\">\/* <![CDATA[ *\/\njQuery(document).ready(function($){if($('.twoclick_social_bookmarks_post_102')){$('.twoclick_social_bookmarks_post_102').socialSharePrivacy({\"txt_help\":\"Wenn Sie diese Felder durch einen Klick aktivieren, werden Informationen an Facebook, Twitter, Flattr, Xing, t3n, LinkedIn, Pinterest oder Google eventuell ins Ausland \\u00fcbertragen und unter Umst\\u00e4nden auch dort gespeichert. N\\u00e4heres erfahren Sie durch einen Klick auf das <em>i<\\\/em>.\",\"settings_perma\":\"Dauerhaft aktivieren und Daten\\u00fcber-tragung zustimmen:\",\"info_link\":\"http:\\\/\\\/www.heise.de\\\/ct\\\/artikel\\\/2-Klicks-fuer-mehr-Datenschutz-1333879.html\",\"uri\":\"https:\\\/\\\/blogs.uni-paderborn.de\\\/kokodil\\\/mini-glossar-faq\\\/\",\"post_id\":102,\"post_title_referrer_track\":\"Mini-Glossar%2F+FAQ\",\"display_infobox\":\"on\"});}});\n\/* ]]> *\/<\/script><\/div>\n<div class=\"wp-block-columns is-layout-flex wp-container-core-columns-is-layout-9d6595d7 wp-block-columns-is-layout-flex\">\n<div class=\"wp-block-column is-layout-flow wp-block-column-is-layout-flow\"><\/div>\n\n\n\n<div class=\"wp-block-column is-layout-flow wp-block-column-is-layout-flow\"><\/div>\n\n\n\n<div class=\"wp-block-column is-layout-flow wp-block-column-is-layout-flow\"><div class=\"wp-block-site-logo\"><a href=\"https:\/\/blogs.uni-paderborn.de\/kokodil\/\" class=\"custom-logo-link\" rel=\"home\"><img loading=\"lazy\" decoding=\"async\" width=\"167\" height=\"121\" src=\"https:\/\/blogs.uni-paderborn.de\/kokodil\/files\/2025\/10\/UPB_KoKoDil_Logo_RGB-scaled.jpg\" class=\"custom-logo\" alt=\"KoKoDiL\" srcset=\"https:\/\/blogs.uni-paderborn.de\/kokodil\/files\/2025\/10\/UPB_KoKoDil_Logo_RGB-scaled.jpg 2560w, https:\/\/blogs.uni-paderborn.de\/kokodil\/files\/2025\/10\/UPB_KoKoDil_Logo_RGB-300x219.jpg 300w, https:\/\/blogs.uni-paderborn.de\/kokodil\/files\/2025\/10\/UPB_KoKoDil_Logo_RGB-1024x746.jpg 1024w, https:\/\/blogs.uni-paderborn.de\/kokodil\/files\/2025\/10\/UPB_KoKoDil_Logo_RGB-768x560.jpg 768w, https:\/\/blogs.uni-paderborn.de\/kokodil\/files\/2025\/10\/UPB_KoKoDil_Logo_RGB-1536x1120.jpg 1536w, https:\/\/blogs.uni-paderborn.de\/kokodil\/files\/2025\/10\/UPB_KoKoDil_Logo_RGB-2048x1493.jpg 2048w, https:\/\/blogs.uni-paderborn.de\/kokodil\/files\/2025\/10\/UPB_KoKoDil_Logo_RGB-412x300.jpg 412w\" sizes=\"auto, (max-width: 167px) 100vw, 167px\" \/><\/a><\/div><\/div>\n<\/div>\n\n\n\n<p><\/p>\n\n\n\n<p>Ein Anliegen des Projekts ist es, eine gemeinsame Sprache zu finden, um die Kommunikation \u00fcber die Grenzen der einzelnen Fachkulturen hinweg zu erleichtern und die Distribution zu vereinfachen. Das Glossar dient in diesem Sinne einer begrifflichen Verankerung des Vokabulars, das im Kontext von Transferprozessen Anwendung findet.<\/p>\n\n\n\n<div class=\"wp-block-group is-layout-grid wp-container-core-group-is-layout-10f516f0 wp-block-group-is-layout-grid\">\n<div class=\"wp-block-buttons is-layout-flex wp-block-buttons-is-layout-flex\">\n<div class=\"wp-block-button has-custom-width wp-block-button__width-100\"><a class=\"wp-block-button__link wp-element-button\" href=\"https:\/\/blogs.uni-paderborn.de\/kokodil\/mini-glossar\/\">Mini-Glossar<\/a><\/div>\n<\/div>\n<\/div>\n\n\n<h1>\u00a0<\/h1>\n<h2 class=\"entry-title\">Allgemeine Fragen:<\/h2>\n\n\n<details class=\"wp-block-details is-layout-flow wp-block-details-is-layout-flow\"><summary>Was ist das Ziel des Projekts KoKoDiL?<\/summary>\n<p>KoKoDiL unterst\u00fctzt die Diffusion innovativer Lehrideen an der Universit\u00e4t Paderborn. Ziel ist es, Projekte sichtbar zu machen, den Transfer in andere Lehrkontexte zu f\u00f6rdern und die interdisziplin\u00e4re Zusammenarbeit zu st\u00e4rken.<\/p>\n<\/details>\n\n\n\n<details class=\"wp-block-details is-layout-flow wp-block-details-is-layout-flow\"><summary>Wer ist an KoKoDiL beteiligt?<\/summary>\n<p>Beteiligte sind das Projektteam, die AGiL (Arbeitsgruppe innovative Lehre), Lehrende aus gef\u00f6rderten Projekten und dar\u00fcber hinaus.<\/p>\n<\/details>\n\n\n\n<details class=\"wp-block-details is-layout-flow wp-block-details-is-layout-flow\"><summary>Welche Instrumente bietet KoKoDiL?<br><\/summary>\n<p>Im Rahmen des Projekts wird ein mehrstufiges Instrumentarium\u00a0<strong>KoDiL<\/strong>\u00a0entwickelt:<\/p>\n<ul class=\"wp-block-list\">\n<li><strong>KoDiL-Trans<\/strong>: Assessment-Tool zur Bestimmung des Transferpotenzials<\/li>\n<li><strong>KoDiL-Kern<\/strong>: Anleitung zur systematischen Erschlie\u00dfung didaktisch-konzeptueller Kerngedanken<\/li>\n<li><strong>KoDiL-Folge<\/strong>: Handreichung mit Hinweisen zu Distributionsm\u00f6glichkeiten und Umsetzungsparametern<\/li>\n<\/ul>\n<\/details>\n\n\n\n<details class=\"wp-block-details is-layout-flow wp-block-details-is-layout-flow\"><summary>Wie werden Lehrideen transferiert?<\/summary>\n<p data-start=\"1712\" data-end=\"1780\">Der Transfer erfolgt \u00fcber:<\/p>\n<ul data-start=\"1781\" data-end=\"2118\">\n<li data-start=\"1781\" data-end=\"1854\">\n<p data-start=\"1783\" data-end=\"1854\"><strong data-start=\"1783\" data-end=\"1806\">Kooperationsgruppen<\/strong>, die Lehrideen in andere Kontexte \u00fcbertragen,<\/p>\n<\/li>\n<li data-start=\"1855\" data-end=\"1945\">\n<p data-start=\"1857\" data-end=\"1945\"><strong data-start=\"1857\" data-end=\"1870\">Workshops<\/strong>, in denen die Projekte vorgestellt und Praxisanleitungen gegeben werden,<\/p>\n<\/li>\n<li data-start=\"1946\" data-end=\"2036\">\n<p data-start=\"1948\" data-end=\"2036\"><strong data-start=\"1948\" data-end=\"1960\">den Blog<\/strong>, der Ergebnisse, Gelingensbedingungen und Herausforderungen dokumentiert,<\/p>\n<\/li>\n<li data-start=\"2037\" data-end=\"2118\">\n<p data-start=\"2039\" data-end=\"2118\">die Nutzung des\u00a0<strong data-start=\"2051\" data-end=\"2073\">KoDiL-Instrumentariums<\/strong>, um Kernelemente systematisch zu erfassen.<\/p>\n<\/li>\n<\/ul>\n<\/details>\n\n\n\n<details class=\"wp-block-details is-layout-flow wp-block-details-is-layout-flow\"><summary>Wer ist die Zielgruppe?<\/summary>\n<p>KoDiL richtet sich an alle Lehrenden im Hochschulkontext, die sich f\u00fcr den Transfer innovativer Lehrkonzepte interessieren. Das Projekt KoKoDiL, das der Entwicklung und Pilotierung von KoDiL dient, wird an der Universit\u00e4t Paderborn durchgef\u00fchrt.<\/p>\n<\/details>\n","protected":false},"excerpt":{"rendered":"<p>Ein Anliegen des Projekts ist es, eine gemeinsame Sprache zu finden, um die Kommunikation \u00fcber die Grenzen der einzelnen Fachkulturen hinweg zu erleichtern und die Distribution zu vereinfachen. Das Glossar dient in diesem Sinne einer begrifflichen Verankerung des Vokabulars, das &hellip; <a href=\"https:\/\/blogs.uni-paderborn.de\/kokodil\/mini-glossar-faq\/\">Weiterlesen <span class=\"meta-nav\">&rarr;<\/span><\/a><\/p>\n","protected":false},"author":9542,"featured_media":0,"parent":0,"menu_order":0,"comment_status":"closed","ping_status":"closed","template":"","meta":{"footnotes":""},"class_list":["post-102","page","type-page","status-publish","hentry"],"_links":{"self":[{"href":"https:\/\/blogs.uni-paderborn.de\/kokodil\/wp-json\/wp\/v2\/pages\/102","targetHints":{"allow":["GET"]}}],"collection":[{"href":"https:\/\/blogs.uni-paderborn.de\/kokodil\/wp-json\/wp\/v2\/pages"}],"about":[{"href":"https:\/\/blogs.uni-paderborn.de\/kokodil\/wp-json\/wp\/v2\/types\/page"}],"author":[{"embeddable":true,"href":"https:\/\/blogs.uni-paderborn.de\/kokodil\/wp-json\/wp\/v2\/users\/9542"}],"replies":[{"embeddable":true,"href":"https:\/\/blogs.uni-paderborn.de\/kokodil\/wp-json\/wp\/v2\/comments?post=102"}],"version-history":[{"count":31,"href":"https:\/\/blogs.uni-paderborn.de\/kokodil\/wp-json\/wp\/v2\/pages\/102\/revisions"}],"predecessor-version":[{"id":568,"href":"https:\/\/blogs.uni-paderborn.de\/kokodil\/wp-json\/wp\/v2\/pages\/102\/revisions\/568"}],"wp:attachment":[{"href":"https:\/\/blogs.uni-paderborn.de\/kokodil\/wp-json\/wp\/v2\/media?parent=102"}],"curies":[{"name":"wp","href":"https:\/\/api.w.org\/{rel}","templated":true}]}}