{"id":20,"date":"2021-01-08T13:13:24","date_gmt":"2021-01-08T12:13:24","guid":{"rendered":"https:\/\/blogs.uni-paderborn.de\/kibi-z\/?page_id=20"},"modified":"2021-04-13T07:24:23","modified_gmt":"2021-04-13T05:24:23","slug":"literatur-material","status":"publish","type":"page","link":"https:\/\/blogs.uni-paderborn.de\/kibi-z\/literatur-material\/","title":{"rendered":"Literatur \/ Materialien"},"content":{"rendered":"<div class=\"twoclick_social_bookmarks_post_20 social_share_privacy clearfix 1.6.4 locale-de_DE sprite-de_DE\"><\/div><div class=\"twoclick-js\"><script type=\"text\/javascript\">\/* <![CDATA[ *\/\njQuery(document).ready(function($){if($('.twoclick_social_bookmarks_post_20')){$('.twoclick_social_bookmarks_post_20').socialSharePrivacy({\"txt_help\":\"Wenn Sie diese Felder durch einen Klick aktivieren, werden Informationen an Facebook, Twitter, Flattr, Xing, t3n, LinkedIn, Pinterest oder Google eventuell ins Ausland \\u00fcbertragen und unter Umst\\u00e4nden auch dort gespeichert. N\\u00e4heres erfahren Sie durch einen Klick auf das <em>i<\\\/em>.\",\"settings_perma\":\"Dauerhaft aktivieren und Daten\\u00fcber-tragung zustimmen:\",\"info_link\":\"http:\\\/\\\/www.heise.de\\\/ct\\\/artikel\\\/2-Klicks-fuer-mehr-Datenschutz-1333879.html\",\"uri\":\"https:\\\/\\\/blogs.uni-paderborn.de\\\/kibi-z\\\/literatur-material\\\/\",\"post_id\":20,\"post_title_referrer_track\":\"Literatur+%2F+Materialien\",\"display_infobox\":\"on\"});}});\n\/* ]]> *\/<\/script><\/div>\n<div class=\"wp-block-image\"><figure class=\"alignright is-resized\"><img loading=\"lazy\" decoding=\"async\" src=\"https:\/\/blogs.uni-paderborn.de\/kibi-z\/files\/2021\/01\/Icon_Buch.png\" alt=\"\" class=\"wp-image-130\" width=\"120\" height=\"120\" \/><\/figure><\/div>\n\n\n\n<p>Hier finden Sie aktuelle <strong>Fachliteratur<\/strong> zur Kinderforschung, Unterrichtsforschung und Praxisforschung, <strong>Methodenleitf\u00e4den<\/strong>, <strong>Videomaterial<\/strong>, empirisch ausgerichtete Haus- und <strong>Abschlussarbeiten<\/strong> und vieles mehr kann w\u00e4hrend der \u00d6ffnungszeiten des KiBi-Z eingesehen werden.<\/p>\n\n\n\n<ul class=\"wp-block-list\"><li><a href=\"https:\/\/kw.uni-paderborn.de\/fileadmin\/fakultaet\/Institute\/erziehungswissenschaft\/Grundschulpaedagogik-und-fruehe-Bildung\/KiBi-Z\/Materialien\/Literaturliste_Praxisforschung_mit_Kindern_9_.pdf\">Flyer des KiBi-Z-Literaturliste &#8222;Praxisforschung mit Kindern&#8220;<\/a><\/li><li><a href=\"https:\/\/kw.uni-paderborn.de\/fileadmin\/fakultaet\/Institute\/erziehungswissenschaft\/Grundschulpaedagogik-und-fruehe-Bildung\/KiBi-Z\/Materialien\/Liste_Diagnose_und_Foerdermaterial.pdf\">Diagnose- und F\u00f6rdermaterialien <\/a><\/li><li><a href=\"https:\/\/kw.uni-paderborn.de\/fileadmin\/fakultaet\/Institute\/erziehungswissenschaft\/Grundschulpaedagogik-und-fruehe-Bildung\/KiBi-Z\/Materialien\/Liste_Videoarchiv_EW_und_KIBI-Z_01.pdf\">Ausleihbare Filme<\/a><\/li><li><a href=\"https:\/\/kw.uni-paderborn.de\/fileadmin\/fakultaet\/Institute\/erziehungswissenschaft\/Grundschulpaedagogik-und-fruehe-Bildung\/KiBi-Z\/Materialien\/Literaturliste_KiBi-Z_Bereich_Bueker_Allgemein.pdf\">Literatur im Handapparat des KiBi-Z (B\u00fcker)<\/a><\/li><li><a href=\"https:\/\/kw.uni-paderborn.de\/fileadmin\/fakultaet\/Institute\/erziehungswissenschaft\/Grundschulpaedagogik-und-fruehe-Bildung\/KiBi-Z\/Materialien\/Literaturliste_KiBi-Z_Bereich_Bueker_Literaturkoffer_Vielfaltstableau.pdf\">Literatur im Handapparat des KiBi-Z (Vielfaltstableau)<\/a><\/li><li><a href=\"https:\/\/kw.uni-paderborn.de\/fileadmin\/fakultaet\/Institute\/erziehungswissenschaft\/Grundschulpaedagogik-und-fruehe-Bildung\/KiBi-Z\/Materialien\/Technik_KIBI-Z_fuer_Website.pdf\">Technik<\/a><\/li><li><a href=\"https:\/\/kw.uni-paderborn.de\/fileadmin\/fakultaet\/Institute\/erziehungswissenschaft\/Grundschulpaedagogik-und-fruehe-Bildung\/KiBi-Z\/Materialien\/Verleihregeln.pdf\">Verleihregeln<\/a><\/li><\/ul>\n\n\n\n<p><\/p>\n","protected":false},"excerpt":{"rendered":"<p>Hier finden Sie aktuelle Fachliteratur zur Kinderforschung, Unterrichtsforschung und Praxisforschung, Methodenleitf\u00e4den, Videomaterial, empirisch ausgerichtete Haus- und Abschlussarbeiten und vieles mehr kann w\u00e4hrend der \u00d6ffnungszeiten des KiBi-Z eingesehen werden. Flyer des KiBi-Z-Literaturliste &#8222;Praxisforschung mit Kindern&#8220; Diagnose- und F\u00f6rdermaterialien Ausleihbare Filme Literatur &hellip; <a href=\"https:\/\/blogs.uni-paderborn.de\/kibi-z\/literatur-material\/\">Weiterlesen <span class=\"meta-nav\">&rarr;<\/span><\/a><\/p>\n","protected":false},"author":8904,"featured_media":0,"parent":0,"menu_order":4,"comment_status":"closed","ping_status":"closed","template":"","meta":{"footnotes":""},"class_list":["post-20","page","type-page","status-publish","hentry"],"_links":{"self":[{"href":"https:\/\/blogs.uni-paderborn.de\/kibi-z\/wp-json\/wp\/v2\/pages\/20","targetHints":{"allow":["GET"]}}],"collection":[{"href":"https:\/\/blogs.uni-paderborn.de\/kibi-z\/wp-json\/wp\/v2\/pages"}],"about":[{"href":"https:\/\/blogs.uni-paderborn.de\/kibi-z\/wp-json\/wp\/v2\/types\/page"}],"author":[{"embeddable":true,"href":"https:\/\/blogs.uni-paderborn.de\/kibi-z\/wp-json\/wp\/v2\/users\/8904"}],"replies":[{"embeddable":true,"href":"https:\/\/blogs.uni-paderborn.de\/kibi-z\/wp-json\/wp\/v2\/comments?post=20"}],"version-history":[{"count":15,"href":"https:\/\/blogs.uni-paderborn.de\/kibi-z\/wp-json\/wp\/v2\/pages\/20\/revisions"}],"predecessor-version":[{"id":310,"href":"https:\/\/blogs.uni-paderborn.de\/kibi-z\/wp-json\/wp\/v2\/pages\/20\/revisions\/310"}],"wp:attachment":[{"href":"https:\/\/blogs.uni-paderborn.de\/kibi-z\/wp-json\/wp\/v2\/media?parent=20"}],"curies":[{"name":"wp","href":"https:\/\/api.w.org\/{rel}","templated":true}]}}