{"id":16,"date":"2021-01-08T13:10:24","date_gmt":"2021-01-08T12:10:24","guid":{"rendered":"https:\/\/blogs.uni-paderborn.de\/kibi-z\/?page_id=16"},"modified":"2022-04-11T10:48:19","modified_gmt":"2022-04-11T08:48:19","slug":"angebote","status":"publish","type":"page","link":"https:\/\/blogs.uni-paderborn.de\/kibi-z\/angebote\/","title":{"rendered":"Angebote"},"content":{"rendered":"<div class=\"twoclick_social_bookmarks_post_16 social_share_privacy clearfix 1.6.4 locale-de_DE sprite-de_DE\"><\/div><div class=\"twoclick-js\"><script type=\"text\/javascript\">\/* <![CDATA[ *\/\njQuery(document).ready(function($){if($('.twoclick_social_bookmarks_post_16')){$('.twoclick_social_bookmarks_post_16').socialSharePrivacy({\"txt_help\":\"Wenn Sie diese Felder durch einen Klick aktivieren, werden Informationen an Facebook, Twitter, Flattr, Xing, t3n, LinkedIn, Pinterest oder Google eventuell ins Ausland \\u00fcbertragen und unter Umst\\u00e4nden auch dort gespeichert. N\\u00e4heres erfahren Sie durch einen Klick auf das <em>i<\\\/em>.\",\"settings_perma\":\"Dauerhaft aktivieren und Daten\\u00fcber-tragung zustimmen:\",\"info_link\":\"http:\\\/\\\/www.heise.de\\\/ct\\\/artikel\\\/2-Klicks-fuer-mehr-Datenschutz-1333879.html\",\"uri\":\"https:\\\/\\\/blogs.uni-paderborn.de\\\/kibi-z\\\/angebote\\\/\",\"post_id\":16,\"post_title_referrer_track\":\"Angebote\",\"display_infobox\":\"on\"});}});\n\/* ]]> *\/<\/script><\/div>\n<h2 class=\"wp-block-heading\">Unsere Angebote:<\/h2>\n\n\n\n<div class=\"wp-block-image\"><figure class=\"alignright is-resized\"><img loading=\"lazy\" decoding=\"async\" src=\"https:\/\/blogs.uni-paderborn.de\/kibi-z\/files\/2021\/01\/Icon_Beratung.png\" alt=\"\" class=\"wp-image-62\" width=\"120\" height=\"120\" \/><\/figure><\/div>\n\n\n\n<ul class=\"wp-block-list\"><li>Beratungs- und Kommunikationsort<\/li><li>W\u00f6chentliche Methodensprechstunde<\/li><li><a href=\"https:\/\/panda.uni-paderborn.de\/course\/view.php?id=19052\">Sprechstunde<\/a> f\u00fcr Abschlussarbeiten im im zweiw\u00f6chigen Rhythmus<\/li><li>Individuelle Beratung vom Entwickeln der Fragestellung bis zur Interpretation (<a href=\"https:\/\/panda.uni-paderborn.de\/course\/view.php?id=19052\">Termine<\/a> nach Vereinbarung)<\/li><li>Beratung von Forschergruppen im Rahmen von Seminarveranstaltungen<\/li><li>Regelm\u00e4\u00dfiges Forschungskolloquium<\/li><li>Austausch, Vernetzung und Reflexionssitzungen in Forschertreffs mit Studierenden und Kooperationspartner:innen aus der Praxis<\/li><li>Weitere Infos zur Beratung finden Sie auf unserer <a href=\"https:\/\/panda.uni-paderborn.de\/course\/view.php?id=20593\">PANDA<\/a>-Seite<\/li><\/ul>\n\n\n\n<p><strong>Workshops<\/strong><\/p>\n\n\n\n<ul class=\"wp-block-list\"><li>Kick-off Workshops f\u00fcr empirische Abschlussarbeiten<\/li><li>Workshops zu Methoden der Kinder- und Unterrichtsforschung<\/li><li>Veranstaltungen mit Gastreferent:innen<\/li><li>Regelm\u00e4\u00dfige Kick-Off- Workshops f\u00fcr Bachelor- und Masterarbeitsschreiber:innen mit empirischen Forschungsvorhaben u.a. im Bereich qualitativer Kinderforschung. Hier bekommen Sie einen ersten Einblick in die Gesamtheit der im Forschungsprozess zu leistenden Schritte und erhalten Hilfestellung dazu, wie Sie Ihr eigenes Projekt sinnvoll planen k\u00f6nnen.<\/li><\/ul>\n\n\n\n<p><strong>Unser Videoportal<\/strong><\/p>\n\n\n\n<ul class=\"wp-block-list\"><li>Ausgew\u00e4hlte Videovignetten aus dem Grundschulunterricht in Form spezieller didaktischer Arrangements <\/li><li>Ganz neu dabei: 360\u00b0-Aufnahmen aus dem Unterricht<\/li><\/ul>\n\n\n\n<p><strong>Fachlicher und technischer Support<\/strong><\/p>\n\n\n\n<ul class=\"wp-block-list\"><li>Einf\u00fchrung in die Anwendung technischer Ger\u00e4te und Software: Tipps f\u00fcr Videographie, Tonmitschnitt und Transkription<\/li><li>Begleitung ins Forschungsfeld (Schwerpunkt: Videographie)<\/li><li>Fachlicher und technischer Support<\/li><\/ul>\n\n\n\n<p><strong>In Raum H5.242 finden Sie&#8230;<\/strong><\/p>\n\n\n\n<ul class=\"wp-block-list\"><li>Arbeitspl\u00e4tze f\u00fcr Forschergruppen<\/li><li>Videoarchiv und Sammlung von Abschlussarbeiten<\/li><li>Fachliteratur zur Kinderforschung<\/li><li>Fachzeitschriften<\/li><\/ul>\n\n\n\n<figure class=\"wp-block-gallery columns-3 is-cropped wp-block-gallery-1 is-layout-flex wp-block-gallery-is-layout-flex\"><ul class=\"blocks-gallery-grid\"><li class=\"blocks-gallery-item\"><figure><img loading=\"lazy\" decoding=\"async\" width=\"683\" height=\"1024\" src=\"https:\/\/blogs.uni-paderborn.de\/kibi-z\/files\/2022\/04\/IMG_3048-683x1024.jpg\" alt=\"\" data-id=\"439\" data-full-url=\"https:\/\/blogs.uni-paderborn.de\/kibi-z\/files\/2022\/04\/IMG_3048-scaled.jpg\" data-link=\"https:\/\/blogs.uni-paderborn.de\/kibi-z\/angebote\/img_3048\/\" class=\"wp-image-439\" srcset=\"https:\/\/blogs.uni-paderborn.de\/kibi-z\/files\/2022\/04\/IMG_3048-683x1024.jpg 683w, https:\/\/blogs.uni-paderborn.de\/kibi-z\/files\/2022\/04\/IMG_3048-200x300.jpg 200w, https:\/\/blogs.uni-paderborn.de\/kibi-z\/files\/2022\/04\/IMG_3048-768x1152.jpg 768w, https:\/\/blogs.uni-paderborn.de\/kibi-z\/files\/2022\/04\/IMG_3048-1024x1536.jpg 1024w, https:\/\/blogs.uni-paderborn.de\/kibi-z\/files\/2022\/04\/IMG_3048-1365x2048.jpg 1365w, https:\/\/blogs.uni-paderborn.de\/kibi-z\/files\/2022\/04\/IMG_3048-scaled.jpg 1707w\" sizes=\"auto, (max-width: 683px) 100vw, 683px\" \/><\/figure><\/li><li class=\"blocks-gallery-item\"><figure><img loading=\"lazy\" decoding=\"async\" width=\"1024\" height=\"683\" src=\"https:\/\/blogs.uni-paderborn.de\/kibi-z\/files\/2022\/04\/IMG_3050-1024x683.jpg\" alt=\"\" data-id=\"441\" data-full-url=\"https:\/\/blogs.uni-paderborn.de\/kibi-z\/files\/2022\/04\/IMG_3050-scaled.jpg\" data-link=\"https:\/\/blogs.uni-paderborn.de\/kibi-z\/angebote\/img_3050\/\" class=\"wp-image-441\" srcset=\"https:\/\/blogs.uni-paderborn.de\/kibi-z\/files\/2022\/04\/IMG_3050-1024x683.jpg 1024w, https:\/\/blogs.uni-paderborn.de\/kibi-z\/files\/2022\/04\/IMG_3050-300x200.jpg 300w, https:\/\/blogs.uni-paderborn.de\/kibi-z\/files\/2022\/04\/IMG_3050-768x512.jpg 768w, https:\/\/blogs.uni-paderborn.de\/kibi-z\/files\/2022\/04\/IMG_3050-1536x1024.jpg 1536w, https:\/\/blogs.uni-paderborn.de\/kibi-z\/files\/2022\/04\/IMG_3050-2048x1365.jpg 2048w, https:\/\/blogs.uni-paderborn.de\/kibi-z\/files\/2022\/04\/IMG_3050-450x300.jpg 450w\" sizes=\"auto, (max-width: 1024px) 100vw, 1024px\" \/><\/figure><\/li><li class=\"blocks-gallery-item\"><figure><img loading=\"lazy\" decoding=\"async\" width=\"1024\" height=\"683\" src=\"https:\/\/blogs.uni-paderborn.de\/kibi-z\/files\/2022\/04\/IMG_3051-1024x683.jpg\" alt=\"\" data-id=\"442\" data-full-url=\"https:\/\/blogs.uni-paderborn.de\/kibi-z\/files\/2022\/04\/IMG_3051-scaled.jpg\" data-link=\"https:\/\/blogs.uni-paderborn.de\/kibi-z\/angebote\/img_3051\/\" class=\"wp-image-442\" srcset=\"https:\/\/blogs.uni-paderborn.de\/kibi-z\/files\/2022\/04\/IMG_3051-1024x683.jpg 1024w, https:\/\/blogs.uni-paderborn.de\/kibi-z\/files\/2022\/04\/IMG_3051-300x200.jpg 300w, https:\/\/blogs.uni-paderborn.de\/kibi-z\/files\/2022\/04\/IMG_3051-768x512.jpg 768w, https:\/\/blogs.uni-paderborn.de\/kibi-z\/files\/2022\/04\/IMG_3051-1536x1024.jpg 1536w, https:\/\/blogs.uni-paderborn.de\/kibi-z\/files\/2022\/04\/IMG_3051-2048x1365.jpg 2048w, https:\/\/blogs.uni-paderborn.de\/kibi-z\/files\/2022\/04\/IMG_3051-450x300.jpg 450w\" sizes=\"auto, (max-width: 1024px) 100vw, 1024px\" \/><\/figure><\/li><li class=\"blocks-gallery-item\"><figure><img loading=\"lazy\" decoding=\"async\" width=\"1024\" height=\"683\" src=\"https:\/\/blogs.uni-paderborn.de\/kibi-z\/files\/2022\/04\/IMG_3076-1-1024x683.jpg\" alt=\"\" data-id=\"443\" data-full-url=\"https:\/\/blogs.uni-paderborn.de\/kibi-z\/files\/2022\/04\/IMG_3076-1-scaled.jpg\" data-link=\"https:\/\/blogs.uni-paderborn.de\/kibi-z\/angebote\/img_3076-1\/\" class=\"wp-image-443\" srcset=\"https:\/\/blogs.uni-paderborn.de\/kibi-z\/files\/2022\/04\/IMG_3076-1-1024x683.jpg 1024w, https:\/\/blogs.uni-paderborn.de\/kibi-z\/files\/2022\/04\/IMG_3076-1-300x200.jpg 300w, https:\/\/blogs.uni-paderborn.de\/kibi-z\/files\/2022\/04\/IMG_3076-1-768x512.jpg 768w, https:\/\/blogs.uni-paderborn.de\/kibi-z\/files\/2022\/04\/IMG_3076-1-1536x1024.jpg 1536w, https:\/\/blogs.uni-paderborn.de\/kibi-z\/files\/2022\/04\/IMG_3076-1-2048x1365.jpg 2048w, https:\/\/blogs.uni-paderborn.de\/kibi-z\/files\/2022\/04\/IMG_3076-1-450x300.jpg 450w\" sizes=\"auto, (max-width: 1024px) 100vw, 1024px\" \/><\/figure><\/li><\/ul><\/figure>\n","protected":false},"excerpt":{"rendered":"<p>Unsere Angebote: Beratungs- und Kommunikationsort W\u00f6chentliche Methodensprechstunde Sprechstunde f\u00fcr Abschlussarbeiten im im zweiw\u00f6chigen Rhythmus Individuelle Beratung vom Entwickeln der Fragestellung bis zur Interpretation (Termine nach Vereinbarung) Beratung von Forschergruppen im Rahmen von Seminarveranstaltungen Regelm\u00e4\u00dfiges Forschungskolloquium Austausch, Vernetzung und Reflexionssitzungen in &hellip; <a href=\"https:\/\/blogs.uni-paderborn.de\/kibi-z\/angebote\/\">Weiterlesen <span class=\"meta-nav\">&rarr;<\/span><\/a><\/p>\n","protected":false},"author":8904,"featured_media":0,"parent":0,"menu_order":3,"comment_status":"closed","ping_status":"closed","template":"","meta":{"footnotes":""},"class_list":["post-16","page","type-page","status-publish","hentry"],"_links":{"self":[{"href":"https:\/\/blogs.uni-paderborn.de\/kibi-z\/wp-json\/wp\/v2\/pages\/16","targetHints":{"allow":["GET"]}}],"collection":[{"href":"https:\/\/blogs.uni-paderborn.de\/kibi-z\/wp-json\/wp\/v2\/pages"}],"about":[{"href":"https:\/\/blogs.uni-paderborn.de\/kibi-z\/wp-json\/wp\/v2\/types\/page"}],"author":[{"embeddable":true,"href":"https:\/\/blogs.uni-paderborn.de\/kibi-z\/wp-json\/wp\/v2\/users\/8904"}],"replies":[{"embeddable":true,"href":"https:\/\/blogs.uni-paderborn.de\/kibi-z\/wp-json\/wp\/v2\/comments?post=16"}],"version-history":[{"count":26,"href":"https:\/\/blogs.uni-paderborn.de\/kibi-z\/wp-json\/wp\/v2\/pages\/16\/revisions"}],"predecessor-version":[{"id":444,"href":"https:\/\/blogs.uni-paderborn.de\/kibi-z\/wp-json\/wp\/v2\/pages\/16\/revisions\/444"}],"wp:attachment":[{"href":"https:\/\/blogs.uni-paderborn.de\/kibi-z\/wp-json\/wp\/v2\/media?parent=16"}],"curies":[{"name":"wp","href":"https:\/\/api.w.org\/{rel}","templated":true}]}}