{"id":103,"date":"2021-01-25T11:07:38","date_gmt":"2021-01-25T10:07:38","guid":{"rendered":"https:\/\/blogs.uni-paderborn.de\/kibi-z\/?page_id=103"},"modified":"2023-03-22T13:48:27","modified_gmt":"2023-03-22T12:48:27","slug":"aktuelles","status":"publish","type":"page","link":"https:\/\/blogs.uni-paderborn.de\/kibi-z\/aktuelles\/","title":{"rendered":"Aktuelles"},"content":{"rendered":"<div class=\"twoclick_social_bookmarks_post_103 social_share_privacy clearfix 1.6.4 locale-de_DE sprite-de_DE\"><\/div><div class=\"twoclick-js\"><script type=\"text\/javascript\">\/* <![CDATA[ *\/\njQuery(document).ready(function($){if($('.twoclick_social_bookmarks_post_103')){$('.twoclick_social_bookmarks_post_103').socialSharePrivacy({\"txt_help\":\"Wenn Sie diese Felder durch einen Klick aktivieren, werden Informationen an Facebook, Twitter, Flattr, Xing, t3n, LinkedIn, Pinterest oder Google eventuell ins Ausland \\u00fcbertragen und unter Umst\\u00e4nden auch dort gespeichert. N\\u00e4heres erfahren Sie durch einen Klick auf das <em>i<\\\/em>.\",\"settings_perma\":\"Dauerhaft aktivieren und Daten\\u00fcber-tragung zustimmen:\",\"info_link\":\"http:\\\/\\\/www.heise.de\\\/ct\\\/artikel\\\/2-Klicks-fuer-mehr-Datenschutz-1333879.html\",\"uri\":\"https:\\\/\\\/blogs.uni-paderborn.de\\\/kibi-z\\\/aktuelles\\\/\",\"post_id\":103,\"post_title_referrer_track\":\"Aktuelles\",\"display_infobox\":\"on\"});}});\n\/* ]]> *\/<\/script><\/div><div class=\"wp-block-image\">\n<figure class=\"alignright is-resized\"><img loading=\"lazy\" decoding=\"async\" src=\"https:\/\/blogs.uni-paderborn.de\/kibi-z\/files\/2021\/01\/Icon_Aktuelles.png\" alt=\"\" class=\"wp-image-60\" width=\"121\" height=\"121\" \/><\/figure>\n<\/div>\n\n\n<p>Herzlich willkommen!<br>Wir freuen uns sehr dar\u00fcber, unsere Angebote wieder in Pr\u00e4senz&nbsp;anbieten zu k\u00f6nnen!<\/p>\n\n\n\n<p>F\u00fcr Studierende ist das KiBi-Z in der vorlesungsfreien Zeit zu folgenden Zeiten ge\u00f6ffnet:<\/p>\n\n\n\n<p><strong>Dienstags: 10-15 Uhr<\/strong><br><strong>Mittwochs: 10-15 Uhr<\/strong><br><strong>Donnerstags: 13-15 Uhr<\/strong><\/p>\n\n\n\n<p>Die Buchung der Sprechstunden erfolgt<strong> <\/strong><a href=\"https:\/\/panda.uni-paderborn.de\/course\/view.php?id=19052\"><strong>hier<\/strong><\/a> \u00fcber PANDA.<\/p>\n\n\n\n<p>F\u00fcr alle Studierenden, die innerhalb unserer AG eine empirische&nbsp;Bachelor- oder Masterarbeit schreiben, wurde ein eigener PANDA-Kurs&nbsp;eingerichtet. Bitte wenden Sie sich an Katrin Glawe, um in den Kurs&nbsp;aufgenommen zu werden.<\/p>\n\n\n\n<p>Hier gelangen Sie zum Kontakt von: <a href=\"https:\/\/www.uni-paderborn.de\/person\/25882\"><strong>Katrin Glawe<\/strong><\/a>.<\/p>\n\n\n\n<p>Das KiBi-Z ist jetzt auch auf Instagram: @kibiz.kw.upb<\/p>\n\n\n\n<figure class=\"wp-block-image size-large\"><img loading=\"lazy\" decoding=\"async\" width=\"1024\" height=\"683\" src=\"https:\/\/blogs.uni-paderborn.de\/kibi-z\/files\/2022\/04\/IMG_3044-1024x683.jpg\" alt=\"\" class=\"wp-image-437\" srcset=\"https:\/\/blogs.uni-paderborn.de\/kibi-z\/files\/2022\/04\/IMG_3044-1024x683.jpg 1024w, https:\/\/blogs.uni-paderborn.de\/kibi-z\/files\/2022\/04\/IMG_3044-300x200.jpg 300w, https:\/\/blogs.uni-paderborn.de\/kibi-z\/files\/2022\/04\/IMG_3044-768x512.jpg 768w, https:\/\/blogs.uni-paderborn.de\/kibi-z\/files\/2022\/04\/IMG_3044-1536x1024.jpg 1536w, https:\/\/blogs.uni-paderborn.de\/kibi-z\/files\/2022\/04\/IMG_3044-2048x1365.jpg 2048w, https:\/\/blogs.uni-paderborn.de\/kibi-z\/files\/2022\/04\/IMG_3044-450x300.jpg 450w\" sizes=\"auto, (max-width: 1024px) 100vw, 1024px\" \/><\/figure>\n","protected":false},"excerpt":{"rendered":"<p>Herzlich willkommen!Wir freuen uns sehr dar\u00fcber, unsere Angebote wieder in Pr\u00e4senz&nbsp;anbieten zu k\u00f6nnen! F\u00fcr Studierende ist das KiBi-Z in der vorlesungsfreien Zeit zu folgenden Zeiten ge\u00f6ffnet: Dienstags: 10-15 UhrMittwochs: 10-15 UhrDonnerstags: 13-15 Uhr Die Buchung der Sprechstunden erfolgt hier \u00fcber &hellip; <a href=\"https:\/\/blogs.uni-paderborn.de\/kibi-z\/aktuelles\/\">Weiterlesen <span class=\"meta-nav\">&rarr;<\/span><\/a><\/p>\n","protected":false},"author":8904,"featured_media":0,"parent":0,"menu_order":2,"comment_status":"closed","ping_status":"closed","template":"","meta":{"footnotes":""},"class_list":["post-103","page","type-page","status-publish","hentry"],"_links":{"self":[{"href":"https:\/\/blogs.uni-paderborn.de\/kibi-z\/wp-json\/wp\/v2\/pages\/103","targetHints":{"allow":["GET"]}}],"collection":[{"href":"https:\/\/blogs.uni-paderborn.de\/kibi-z\/wp-json\/wp\/v2\/pages"}],"about":[{"href":"https:\/\/blogs.uni-paderborn.de\/kibi-z\/wp-json\/wp\/v2\/types\/page"}],"author":[{"embeddable":true,"href":"https:\/\/blogs.uni-paderborn.de\/kibi-z\/wp-json\/wp\/v2\/users\/8904"}],"replies":[{"embeddable":true,"href":"https:\/\/blogs.uni-paderborn.de\/kibi-z\/wp-json\/wp\/v2\/comments?post=103"}],"version-history":[{"count":28,"href":"https:\/\/blogs.uni-paderborn.de\/kibi-z\/wp-json\/wp\/v2\/pages\/103\/revisions"}],"predecessor-version":[{"id":588,"href":"https:\/\/blogs.uni-paderborn.de\/kibi-z\/wp-json\/wp\/v2\/pages\/103\/revisions\/588"}],"wp:attachment":[{"href":"https:\/\/blogs.uni-paderborn.de\/kibi-z\/wp-json\/wp\/v2\/media?parent=103"}],"curies":[{"name":"wp","href":"https:\/\/api.w.org\/{rel}","templated":true}]}}