{"id":26,"date":"2019-03-27T08:19:40","date_gmt":"2019-03-27T07:19:40","guid":{"rendered":"https:\/\/blogs.uni-paderborn.de\/itrettung\/?page_id=26"},"modified":"2019-03-27T08:25:52","modified_gmt":"2019-03-27T07:25:52","slug":"call-for-papers","status":"publish","type":"page","link":"https:\/\/blogs.uni-paderborn.de\/itrettung\/call-for-papers\/","title":{"rendered":"Call for Papers"},"content":{"rendered":"<div class=\"twoclick_social_bookmarks_post_26 social_share_privacy clearfix 1.6.4 locale-de_DE sprite-de_DE\"><\/div><div class=\"twoclick-js\"><script type=\"text\/javascript\">\/* <![CDATA[ *\/\njQuery(document).ready(function($){if($('.twoclick_social_bookmarks_post_26')){$('.twoclick_social_bookmarks_post_26').socialSharePrivacy({\"txt_help\":\"Wenn Sie diese Felder durch einen Klick aktivieren, werden Informationen an Facebook, Twitter, Flattr, Xing, t3n, LinkedIn, Pinterest oder Google eventuell ins Ausland \\u00fcbertragen und unter Umst\\u00e4nden auch dort gespeichert. N\\u00e4heres erfahren Sie durch einen Klick auf das <em>i<\\\/em>.\",\"settings_perma\":\"Dauerhaft aktivieren und Daten\\u00fcber-tragung zustimmen:\",\"info_link\":\"http:\\\/\\\/www.heise.de\\\/ct\\\/artikel\\\/2-Klicks-fuer-mehr-Datenschutz-1333879.html\",\"uri\":\"https:\\\/\\\/blogs.uni-paderborn.de\\\/itrettung\\\/call-for-papers\\\/\",\"post_id\":26,\"post_title_referrer_track\":\"Call+for+Papers\",\"display_infobox\":\"on\"});}});\n\/* ]]> *\/<\/script><\/div><p>Beispielhafte Themenbereiche f\u00fcr den Workshop sind:<\/p>\n<ul>\n<li>Organisationskulturen in der zivilen Gefahrenabwehr und ihre Auswirkungen auf Anforderungen und Use Cases f\u00fcr die IT-Unterst\u00fctzung\/-Systeme<\/li>\n<li>Community-basierte Erstellung und Simulation von Einsatzszenarien zur Unterst\u00fctzung von Einsatz, Planung und Training<\/li>\n<li>Kriseninformations- und -kommunikationssysteme einschlie\u00dflich der Einbindung sozialer Medien, Crowd-Sourcing und Crisis Mapping<\/li>\n<li>Ganzheitliche Strategien f\u00fcr das IT-gest\u00fctzte Informationsmanagement zur Gew\u00e4hrleistung urbaner Sicherheit und Resilienz<\/li>\n<li>Interoperabilit\u00e4t und Standardisierung von Schnittstellen unter Ber\u00fccksichtigung paralleler IT-Konzepte und des Internet of Everything (z. B. Smart Cities und Car-to-X-Kommunikation)<\/li>\n<li>Fallstudien zur Evaluation von IT-Systemen (z. B. Prototyping neuer Ausr\u00fcstungen)<\/li>\n<li>Erkenntnisse aus der Anwendung von Methoden des Requirements Engineering, insbesondere interdisziplin\u00e4rer Forschungsans\u00e4tze<\/li>\n<li>Lessons Learned\/Best Practices zur anwendungsorientierten Systementwicklung<\/li>\n<li>Aus- und Fortbildung mit digitalen Trainings-Umgebungen und f\u00fcr die Anwendung von digitalen Werkzeugen in Planung und Einsatz<\/li>\n<\/ul>\n<p>Beitr\u00e4ge aus allen Bereichen der Sicherheitsforschung (u.a. Schutz und Rettung von Menschen, Schutz kritischer Infrastrukturen, Schutz vor Kriminalit\u00e4t und Terrorismus sowie Gesellschaft und Wirtschaft) sind willkommen. Neben der Ergebnisdarstellung sollen vor allem Erfahrungen aus der Anwendung wissenschaftlicher Methoden im Kontext der zivilen Sicherheit adressiert werden. Eine besondere Herausforderung stellt dabei die Einbindung von Anwendern im Sinne der transdisziplin\u00e4re Forschung. <\/p>\n","protected":false},"excerpt":{"rendered":"<p>Beispielhafte Themenbereiche f\u00fcr den Workshop sind: Organisationskulturen in der zivilen Gefahrenabwehr und ihre Auswirkungen auf Anforderungen und Use Cases f\u00fcr die IT-Unterst\u00fctzung\/-Systeme Community-basierte Erstellung und Simulation von Einsatzszenarien zur Unterst\u00fctzung von Einsatz, Planung und Training Kriseninformations- und -kommunikationssysteme einschlie\u00dflich der Einbindung sozialer Medien, Crowd-Sourcing und Crisis Mapping Ganzheitliche Strategien f\u00fcr das IT-gest\u00fctzte Informationsmanagement zur Gew\u00e4hrleistung &hellip; <\/p>\n<p class=\"link-more\"><a href=\"https:\/\/blogs.uni-paderborn.de\/itrettung\/call-for-papers\/\" class=\"more-link\"><span class=\"screen-reader-text\">\u201eCall for Papers\u201c <\/span>weiterlesen<\/a><\/p>\n","protected":false},"author":4581,"featured_media":0,"parent":0,"menu_order":0,"comment_status":"closed","ping_status":"closed","template":"","meta":{"footnotes":""},"class_list":["post-26","page","type-page","status-publish","hentry"],"_links":{"self":[{"href":"https:\/\/blogs.uni-paderborn.de\/itrettung\/wp-json\/wp\/v2\/pages\/26","targetHints":{"allow":["GET"]}}],"collection":[{"href":"https:\/\/blogs.uni-paderborn.de\/itrettung\/wp-json\/wp\/v2\/pages"}],"about":[{"href":"https:\/\/blogs.uni-paderborn.de\/itrettung\/wp-json\/wp\/v2\/types\/page"}],"author":[{"embeddable":true,"href":"https:\/\/blogs.uni-paderborn.de\/itrettung\/wp-json\/wp\/v2\/users\/4581"}],"replies":[{"embeddable":true,"href":"https:\/\/blogs.uni-paderborn.de\/itrettung\/wp-json\/wp\/v2\/comments?post=26"}],"version-history":[{"count":4,"href":"https:\/\/blogs.uni-paderborn.de\/itrettung\/wp-json\/wp\/v2\/pages\/26\/revisions"}],"predecessor-version":[{"id":46,"href":"https:\/\/blogs.uni-paderborn.de\/itrettung\/wp-json\/wp\/v2\/pages\/26\/revisions\/46"}],"wp:attachment":[{"href":"https:\/\/blogs.uni-paderborn.de\/itrettung\/wp-json\/wp\/v2\/media?parent=26"}],"curies":[{"name":"wp","href":"https:\/\/api.w.org\/{rel}","templated":true}]}}