{"id":231,"date":"2016-04-07T16:29:04","date_gmt":"2016-04-07T14:29:04","guid":{"rendered":"https:\/\/blogs.uni-paderborn.de\/econ-of-is-dach\/?page_id=231"},"modified":"2025-09-08T08:48:47","modified_gmt":"2025-09-08T06:48:47","slug":"upcomingworkshop","status":"publish","type":"page","link":"https:\/\/blogs.uni-paderborn.de\/isdaeb\/","title":{"rendered":"Upcoming Workshop"},"content":{"rendered":"<div class=\"twoclick_social_bookmarks_post_231 social_share_privacy clearfix 1.6.4 locale-de_DE sprite-de_DE\"><\/div><div class=\"twoclick-js\"><script type=\"text\/javascript\">\/* <![CDATA[ *\/\njQuery(document).ready(function($){if($('.twoclick_social_bookmarks_post_231')){$('.twoclick_social_bookmarks_post_231').socialSharePrivacy({\"txt_help\":\"Wenn Sie diese Felder durch einen Klick aktivieren, werden Informationen an Facebook, Twitter, Flattr, Xing, t3n, LinkedIn, Pinterest oder Google eventuell ins Ausland \\u00fcbertragen und unter Umst\\u00e4nden auch dort gespeichert. N\\u00e4heres erfahren Sie durch einen Klick auf das <em>i<\\\/em>.\",\"settings_perma\":\"Dauerhaft aktivieren und Daten\\u00fcber-tragung zustimmen:\",\"info_link\":\"http:\\\/\\\/www.heise.de\\\/ct\\\/artikel\\\/2-Klicks-fuer-mehr-Datenschutz-1333879.html\",\"uri\":\"https:\\\/\\\/blogs.uni-paderborn.de\\\/isdaeb\\\/\",\"post_id\":231,\"post_title_referrer_track\":\"Upcoming+Workshop\",\"display_infobox\":\"on\"});}});\n\/* ]]> *\/<\/script><\/div>\n<p><\/p>\n\n\n\n<p>The&nbsp;<strong>Tenth<\/strong><strong>&nbsp;Workshop on IS Design, Analytics &amp; Economic Behavior<\/strong>&nbsp;(ISDAEB 2025) will be held in&nbsp;person&nbsp;on&nbsp;<strong>Sunday, 14&nbsp;<\/strong><strong>September 202<\/strong><strong>5<\/strong>&nbsp; at&nbsp;the&nbsp;University&nbsp;of M\u00fcnster. The workshop is&nbsp;co-located with&nbsp;the&nbsp;<a href=\"https:\/\/www.wi2025.de\/\">20<sup>th<\/sup>&nbsp;Internationale Tagung Wirtschaftsinformatik 2025<\/a>.<\/p>\n\n\n\n<p><strong>Date:&nbsp;<\/strong>Sunday, 14&nbsp;September 2025&nbsp;from 10:00&nbsp;to 16:30&nbsp;(CEST)<\/p>\n\n\n\n<p><strong>Location<\/strong>: &nbsp;Raum F030, F\u00fcrstenberghaus,&nbsp;Universit\u00e4t M\u00fcnster,&nbsp;<a href=\"https:\/\/www.google.com\/maps\/place\/Universit%C3%A4t+M%C3%BCnster+-+F%C3%BCrstenberghaus\/@51.9619713,7.6233726,21z\/data=!3m1!5s0x47b9bac3de6ed61f:0x86b02c1f9a5a6951!4m6!3m5!1s0x47b9bac3dcfe4559:0x2a19a7311562414e!8m2!3d51.9620211!4d7.6235758!16s%2Fg%2F11btrs6bp9?entry=tts&amp;g_ep=EgoyMDI1MDQyMy4wIPu8ASoASAFQAw%3D%3D&amp;skid=d6a29bac-38df-435e-9a57-c5bb749eb001\">Domplatz 20-22, 48143 M\u00fcnster<\/a><\/p>\n\n\n\n<p><strong>Program:<\/strong><\/p>\n\n\n\n<p>10:00-11:30 \u2013&nbsp;Thomas Setzer&nbsp;(KU Eichst\u00e4tt-Ingolstadt),&nbsp;<em>On Select Crowds, Regularization and Debiasing in Judgment and Forecast Combination<\/em><\/p>\n\n\n\n<p>11:30-12:00 \u2013 Martin Bichler (TU M\u00fcnchen), Keynote<\/p>\n\n\n\n<p>12:00-13:00 \u2013 Lunch<\/p>\n\n\n\n<p>13:00-14:00 \u2013 Panel:&nbsp;<em>The Role of ISDAEB Research in the IS Community: What Are We Publishing and Why Does It Matter?&nbsp;<\/em>(Martin Bichler, Verena Dorner, Dennis Kundisch, Jan Kr\u00e4mer, Steffen Zimmermann)<\/p>\n\n\n\n<p>14:00-14:30 \u2013&nbsp;Coffee break<\/p>\n\n\n\n<p>14:30-16:00 \u2013&nbsp;Franziska Kaiser (University of Zurich),&nbsp;<em>AI and the Dynamic Supply of Training Data<\/em><\/p>\n\n\n\n<p>16:00-16:30 \u2013 Closing remarks<\/p>\n\n\n\n<p>If you have any questions, do not hesitate to contact the Workshop Chairs:<\/p>\n\n\n\n<p>Daniel Schnurr (University of Regensburg)<br>Verena Dorner (WU Vienna)<br>Florian Pethig (Tilburg University)<\/p>\n\n\n\n<p><\/p>\n","protected":false},"excerpt":{"rendered":"<p>The&nbsp;Tenth&nbsp;Workshop on IS Design, Analytics &amp; Economic Behavior&nbsp;(ISDAEB 2025) will be held in&nbsp;person&nbsp;on&nbsp;Sunday, 14&nbsp;September 2025&nbsp; at&nbsp;the&nbsp;University&nbsp;of M\u00fcnster. The workshop is&nbsp;co-located with&nbsp;the&nbsp;20th&nbsp;Internationale Tagung Wirtschaftsinformatik 2025. Date:&nbsp;Sunday, 14&nbsp;September 2025&nbsp;from 10:00&nbsp;to 16:30&nbsp;(CEST) Location: &nbsp;Raum F030, F\u00fcrstenberghaus,&nbsp;Universit\u00e4t M\u00fcnster,&nbsp;Domplatz 20-22, 48143 M\u00fcnster Program: 10:00-11:30 \u2013&nbsp;Thomas Setzer&nbsp;(KU Eichst\u00e4tt-Ingolstadt),&nbsp;On Select Crowds, Regularization and Debiasing in Judgment and Forecast Combination 11:30-12:00 \u2013 Martin [&hellip;]<\/p>\n","protected":false},"author":2772,"featured_media":0,"parent":0,"menu_order":1,"comment_status":"closed","ping_status":"closed","template":"","meta":{"footnotes":""},"class_list":["post-231","page","type-page","status-publish","hentry"],"_links":{"self":[{"href":"https:\/\/blogs.uni-paderborn.de\/isdaeb\/wp-json\/wp\/v2\/pages\/231","targetHints":{"allow":["GET"]}}],"collection":[{"href":"https:\/\/blogs.uni-paderborn.de\/isdaeb\/wp-json\/wp\/v2\/pages"}],"about":[{"href":"https:\/\/blogs.uni-paderborn.de\/isdaeb\/wp-json\/wp\/v2\/types\/page"}],"author":[{"embeddable":true,"href":"https:\/\/blogs.uni-paderborn.de\/isdaeb\/wp-json\/wp\/v2\/users\/2772"}],"replies":[{"embeddable":true,"href":"https:\/\/blogs.uni-paderborn.de\/isdaeb\/wp-json\/wp\/v2\/comments?post=231"}],"version-history":[{"count":115,"href":"https:\/\/blogs.uni-paderborn.de\/isdaeb\/wp-json\/wp\/v2\/pages\/231\/revisions"}],"predecessor-version":[{"id":1044,"href":"https:\/\/blogs.uni-paderborn.de\/isdaeb\/wp-json\/wp\/v2\/pages\/231\/revisions\/1044"}],"wp:attachment":[{"href":"https:\/\/blogs.uni-paderborn.de\/isdaeb\/wp-json\/wp\/v2\/media?parent=231"}],"curies":[{"name":"wp","href":"https:\/\/api.w.org\/{rel}","templated":true}]}}