{"id":2,"date":"2021-06-02T19:24:47","date_gmt":"2021-06-02T17:24:47","guid":{"rendered":"https:\/\/blogs.uni-paderborn.de\/howtopop\/?page_id=2"},"modified":"2022-02-04T14:05:09","modified_gmt":"2022-02-04T13:05:09","slug":"beispiel-seite","status":"publish","type":"page","link":"https:\/\/blogs.uni-paderborn.de\/howtopop\/","title":{"rendered":""},"content":{"rendered":"<div class=\"twoclick_social_bookmarks_post_2 social_share_privacy clearfix 1.6.4 locale-de_DE sprite-de_DE\"><\/div><div class=\"twoclick-js\"><script type=\"text\/javascript\">\/* <![CDATA[ *\/\njQuery(document).ready(function($){if($('.twoclick_social_bookmarks_post_2')){$('.twoclick_social_bookmarks_post_2').socialSharePrivacy({\"txt_help\":\"Wenn Sie diese Felder durch einen Klick aktivieren, werden Informationen an Facebook, Twitter, Flattr, Xing, t3n, LinkedIn, Pinterest oder Google eventuell ins Ausland \\u00fcbertragen und unter Umst\\u00e4nden auch dort gespeichert. N\\u00e4heres erfahren Sie durch einen Klick auf das <em>i<\\\/em>.\",\"settings_perma\":\"Dauerhaft aktivieren und Daten\\u00fcber-tragung zustimmen:\",\"info_link\":\"http:\\\/\\\/www.heise.de\\\/ct\\\/artikel\\\/2-Klicks-fuer-mehr-Datenschutz-1333879.html\",\"uri\":\"https:\\\/\\\/blogs.uni-paderborn.de\\\/howtopop\\\/\",\"post_id\":2,\"post_title_referrer_track\":\"\",\"display_infobox\":\"on\"});}});\n\/* ]]> *\/<\/script><\/div><h5><span style=\"font-family: Arial;font-size: 120%\" data-contrast=\"none\">Willkommen bei #HowToPop, einem studentischen Projekt des <a href=\"https:\/\/www.muwi-detmold-paderborn.de\/\">musikwissenschaftlichen Seminars Detmold\/Paderborn<\/a>.<\/span><\/h5>\n<p><span data-contrast=\"none\">Haben Sie sich schon gefragt, wie es K\u00fcnstler*innen ergeht, die an neuen Songs arbeiten? Wie entstehen popularmusikalische Produkte \u2013 von der Idee bis zur Vollendung? Genau damit befassen wir uns: Mit Produktionsprozessen popul\u00e4rer Musik. Hierf\u00fcr kamen unterschiedliche K\u00fcnstler*innen zu Wort: Im Rahmen qualitativer Interviews standen uns <a href=\"https:\/\/blogs.uni-paderborn.de\/howtopop\/?page_id=243\">Alex Nolte<\/a>, <a href=\"https:\/\/blogs.uni-paderborn.de\/howtopop\/?page_id=146\">Maybebop<\/a>, <a href=\"https:\/\/blogs.uni-paderborn.de\/howtopop\/?page_id=149\">LISA WHO<\/a>, <a href=\"https:\/\/blogs.uni-paderborn.de\/howtopop\/?page_id=143\">KID DAD<\/a> und <a href=\"https:\/\/blogs.uni-paderborn.de\/howtopop\/?page_id=152\">Zara Akopyan<\/a> Rede und Antwort. <\/span><span data-ccp-props=\"{}\">\u00a0<\/span><\/p>\n<p><span data-contrast=\"none\">Unser Augenmerk liegt besonders darauf, wie individuell K\u00fcnstler*innen auf dem Weg zu ihren musikalischen Produkten arbeiten. Wir haben unter anderem den &#8222;unh\u00f6rbaren Musikgegenstand&#8220;<\/span>\u00a0<span data-contrast=\"none\">erforscht \u2013 Prozesse, die in Musikaufnahmen nicht direkt erfahrbar sind. Mit unserem Projekt blicken wir also hinter die Kulissen von Schaffensprozessen popul\u00e4rer Musik und lassen Sie hier durch f\u00fcnf Interviews an den verschiedenen Stadien der Song-Produktion teilhaben.<\/span><span data-ccp-props=\"{}\">\u00a0<\/span><\/p>\n<p><span data-contrast=\"none\">Auf diesem Blog finden sich unsere gesammelten Ergebnisse: Die gef\u00fchrten <a href=\"https:\/\/blogs.uni-paderborn.de\/howtopop\/?page_id=121\">Interviews, deren Transkriptionen, Kurzportr\u00e4ts<\/a> der befragten K\u00fcnstler*innen sowie <a href=\"https:\/\/blogs.uni-paderborn.de\/howtopop\/?page_id=138\">kurze Abhandlungen<\/a>, die unsere Interviews auf musikwissenschaftlicher Basis auswerten. Bei dieser Auswertung haben wir uns auf drei Kategorien konzentriert: <a href=\"https:\/\/blogs.uni-paderborn.de\/howtopop\/?page_id=47\">Inspiration<\/a>, <a href=\"https:\/\/blogs.uni-paderborn.de\/howtopop\/?page_id=53\">musikalische Bildung<\/a> sowie das <a href=\"https:\/\/blogs.uni-paderborn.de\/howtopop\/?page_id=41\">Mixing und Mastering<\/a>.\u00a0<\/span><span data-ccp-props=\"{}\">\u00a0<\/span><\/p>\n<p><span data-contrast=\"none\">Wir w\u00fcnschen viel Spa\u00df beim St\u00f6bern auf unserem Blog und auf unserem <a href=\"https:\/\/www.youtube.com\/channel\/UCFbx7KRWdOoRmq6cy_vlhrQ\">YouTube-Kanal<\/a>, der alle Interviews in voller L\u00e4nge zeigt.<\/span><span data-ccp-props=\"{}\"> Als Podcast gibt es diese auch bei <a href=\"https:\/\/open.spotify.com\/show\/6VkNnTv2bq1Xq8dXBAPh5b?si=a755b34027f74438\">Spotify<\/a> zu h\u00f6ren. Weitere Eindr\u00fccke finden sich auch auf unserem <a href=\"https:\/\/www.instagram.com\/howtopop_upb\/\">Instagram-Kanal<\/a>.<\/span><\/p>\n\n\n<p><\/p>\n","protected":false},"excerpt":{"rendered":"<p>Willkommen bei #HowToPop, einem studentischen Projekt des musikwissenschaftlichen Seminars Detmold\/Paderborn. Haben Sie sich schon gefragt, wie es K\u00fcnstler*innen ergeht, die an neuen Songs arbeiten? Wie entstehen popularmusikalische Produkte \u2013 von der Idee bis zur Vollendung? Genau damit befassen wir uns: Mit Produktionsprozessen popul\u00e4rer Musik. Hierf\u00fcr kamen unterschiedliche K\u00fcnstler*innen zu Wort: Im Rahmen qualitativer Interviews standen &hellip; <a href=\"https:\/\/blogs.uni-paderborn.de\/howtopop\/\" class=\"more-link\"><span class=\"screen-reader-text\">\u201e\u201c <\/span>weiterlesen<\/a><\/p>\n","protected":false},"author":9059,"featured_media":0,"parent":0,"menu_order":0,"comment_status":"closed","ping_status":"open","template":"","meta":{"footnotes":""},"class_list":["post-2","page","type-page","status-publish","hentry"],"_links":{"self":[{"href":"https:\/\/blogs.uni-paderborn.de\/howtopop\/wp-json\/wp\/v2\/pages\/2","targetHints":{"allow":["GET"]}}],"collection":[{"href":"https:\/\/blogs.uni-paderborn.de\/howtopop\/wp-json\/wp\/v2\/pages"}],"about":[{"href":"https:\/\/blogs.uni-paderborn.de\/howtopop\/wp-json\/wp\/v2\/types\/page"}],"author":[{"embeddable":true,"href":"https:\/\/blogs.uni-paderborn.de\/howtopop\/wp-json\/wp\/v2\/users\/9059"}],"replies":[{"embeddable":true,"href":"https:\/\/blogs.uni-paderborn.de\/howtopop\/wp-json\/wp\/v2\/comments?post=2"}],"version-history":[{"count":42,"href":"https:\/\/blogs.uni-paderborn.de\/howtopop\/wp-json\/wp\/v2\/pages\/2\/revisions"}],"predecessor-version":[{"id":559,"href":"https:\/\/blogs.uni-paderborn.de\/howtopop\/wp-json\/wp\/v2\/pages\/2\/revisions\/559"}],"wp:attachment":[{"href":"https:\/\/blogs.uni-paderborn.de\/howtopop\/wp-json\/wp\/v2\/media?parent=2"}],"curies":[{"name":"wp","href":"https:\/\/api.w.org\/{rel}","templated":true}]}}