{"id":98,"date":"2025-01-30T17:51:25","date_gmt":"2025-01-30T16:51:25","guid":{"rendered":"https:\/\/blogs.uni-paderborn.de\/gfm2025\/?page_id=98"},"modified":"2025-09-01T17:44:37","modified_gmt":"2025-09-01T15:44:37","slug":"anmeldung","status":"publish","type":"page","link":"https:\/\/blogs.uni-paderborn.de\/gfm2025\/anmeldung\/","title":{"rendered":"ANMELDUNG"},"content":{"rendered":"<div class=\"twoclick_social_bookmarks_post_98 social_share_privacy clearfix 1.6.4 locale-de_DE sprite-de_DE\"><\/div><div class=\"twoclick-js\"><script type=\"text\/javascript\">\/* <![CDATA[ *\/\njQuery(document).ready(function($){if($('.twoclick_social_bookmarks_post_98')){$('.twoclick_social_bookmarks_post_98').socialSharePrivacy({\"txt_help\":\"Wenn Sie diese Felder durch einen Klick aktivieren, werden Informationen an Facebook, Twitter, Flattr, Xing, t3n, LinkedIn, Pinterest oder Google eventuell ins Ausland \\u00fcbertragen und unter Umst\\u00e4nden auch dort gespeichert. N\\u00e4heres erfahren Sie durch einen Klick auf das <em>i<\\\/em>.\",\"settings_perma\":\"Dauerhaft aktivieren und Daten\\u00fcber-tragung zustimmen:\",\"info_link\":\"http:\\\/\\\/www.heise.de\\\/ct\\\/artikel\\\/2-Klicks-fuer-mehr-Datenschutz-1333879.html\",\"uri\":\"https:\\\/\\\/blogs.uni-paderborn.de\\\/gfm2025\\\/anmeldung\\\/\",\"post_id\":98,\"post_title_referrer_track\":\"ANMELDUNG\",\"display_infobox\":\"on\"});}});\n\/* ]]> *\/<\/script><\/div>\n<p>Die Anmeldung von Konferenzbeitr\u00e4gen und -teilnahmen findet zentralisiert \u00fcber ConfTool statt unter <a href=\"https:\/\/www.conftool.pro\/gfm2025\" target=\"_blank\" rel=\"noreferrer noopener\"><strong>conftool.pro\/gfm2025<\/strong><\/a>. Hierbei gibt es drei verschiedene, aufeinander aufbauende Anmeldevorg\u00e4nge: <\/p>\n\n\n\n<hr class=\"wp-block-separator has-alpha-channel-opacity is-style-wide\" \/>\n\n\n\n<p><strong>1. Anmeldung als Nutzer:in im ConfTool<\/strong><br>Alle potenziellen Tagungsinteressierten und Tagungsg\u00e4ste (ob mit oder ohne aktiven Beitrag) m\u00fcssen sich zun\u00e4chst ein (neues) ConfTool-Nutzer:innen-Konto anlegen. Konten aus vergangenen Jahren k\u00f6nnen leider nicht mehr genutzt\/reaktiviert werden. <br><strong>Zeitraum: 15. Januar 2025 &#8211; 19. September 2025<\/strong><\/p>\n\n\n\n<hr class=\"wp-block-separator has-alpha-channel-opacity is-style-wide\" \/>\n\n\n\n<p><strong>2. Einreichung von Tagungsbeitr\u00e4gen &amp; Anmeldung von Treffen<\/strong><br>Einreichungen von Beitragsvorschl\u00e4gen auf Grundlage des <a href=\"https:\/\/blogs.uni-paderborn.de\/gfm2025\/cfp\/\" data-type=\"page\" data-id=\"2\">Call for Papers<\/a> sind nach Anmeldung als Nutzer:in im ConfTool (siehe unter 1) m\u00f6glich. Ebenfalls &#8222;eingereicht&#8220; werden k\u00f6nnen gew\u00fcnschte Treffen von AGen, Foren und Kommissionen. <br><strong>Zeitraum: 15. Januar 2025 &#8211; 31. M\u00e4rz 2025<\/strong><\/p>\n\n\n\n<hr class=\"wp-block-separator has-alpha-channel-opacity is-style-wide\" \/>\n\n\n\n<p><strong>3. Anmeldung als Tagungsteilnehmer:in <\/strong><br>Seit 01. Juli 2025 ist die generelle Anmeldung zur Konferenz (sowohl f\u00fcr aktiv wie passiv Teilnehmende) freigeschaltet. Das hei\u00dft, es m\u00fcssen sich <strong>alle Teilnehmenden\/G\u00e4ste<\/strong> der Tagung (auch die, die einen Beitrag eingereicht und eine Zusage erhalten haben sowie alle Chairs) nochmals f\u00fcr die Tagung registrieren. Voraussetzung daf\u00fcr ist das o.g. Nutzer:innen-Konto im ConfTool, d.h.: alle, die sich im Zuge einer Beitragseinreichung bereits ein Konto eingerichtet haben (siehe unter 1 und 2) k\u00f6nnen sich dar\u00fcber nun auch f\u00fcr die Tagungsteilnahme anmelden. Alle, die noch kein Konto haben, m\u00fcssten sich jetzt ebenfalls eines einrichten (siehe unter 1), um dann die Anmeldung zur Tagung vorzunehmen. Im Zuge der Tagungsanmeldung wird u.a. abgefragt, an welchen Tagen Sie da sein werden, ob Sie an den Auftaktveranstaltungen im HNF und\/oder der Mitgliederversammlung teilnehmen.<br><strong>Die Registrierung zur Tagung war bis zum 31.08.2025 \u00fcber das ConfTool m\u00f6glich. Bis zur Tagung sind nachtr\u00e4gliche Anmeldungen nur noch per e-Mail m\u00f6glich <\/strong>(an gfm2025@upb.de unter Angabe des Anwesenheitszeitraums, und Angaben zur Teilnahme am Empfang und der Mitgliederversammlung). Eine <strong>Anmeldung zur Podiumsdiskussion<\/strong> ist ab jetzt zudem nur noch \u00fcber die Website des HNF m\u00f6glich unter <a href=\"https:\/\/www.hnf.de\/veranstaltungen\/vortraege\/date\/2025\/09\/16\/cal\/event\/tx_cal_phpicalendar\/digitale-maechte-die-welt-zwischen-fake-news-und-aufklaerung.html\" target=\"_blank\" rel=\"noreferrer noopener\">https:\/\/www.hnf.de\/veranstaltungen\/vortraege\/date\/2025\/09\/16\/cal\/event\/tx_cal_phpicalendar\/digitale-maechte-die-welt-zwischen-fake-news-und-aufklaerung.html<\/a>).<\/p>\n\n\n\n<p><strong>Zeitraum: 01. Juli 2025 &#8211; 31. August 2025 <\/strong><\/p>\n\n\n\n<p><\/p>\n","protected":false},"excerpt":{"rendered":"<p>Die Anmeldung von Konferenzbeitr\u00e4gen und -teilnahmen findet zentralisiert \u00fcber ConfTool statt unter conftool.pro\/gfm2025. Hierbei gibt es drei verschiedene, aufeinander aufbauende Anmeldevorg\u00e4nge: 1. Anmeldung als Nutzer:in im ConfToolAlle potenziellen Tagungsinteressierten und Tagungsg\u00e4ste (ob mit oder ohne aktiven Beitrag) m\u00fcssen sich zun\u00e4chst ein (neues) ConfTool-Nutzer:innen-Konto anlegen. Konten aus vergangenen Jahren k\u00f6nnen leider nicht mehr genutzt\/reaktiviert werden. Zeitraum: [&hellip;]<\/p>\n","protected":false},"author":9268,"featured_media":0,"parent":0,"menu_order":0,"comment_status":"closed","ping_status":"closed","template":"","meta":{"footnotes":""},"class_list":["post-98","page","type-page","status-publish","hentry"],"_links":{"self":[{"href":"https:\/\/blogs.uni-paderborn.de\/gfm2025\/wp-json\/wp\/v2\/pages\/98","targetHints":{"allow":["GET"]}}],"collection":[{"href":"https:\/\/blogs.uni-paderborn.de\/gfm2025\/wp-json\/wp\/v2\/pages"}],"about":[{"href":"https:\/\/blogs.uni-paderborn.de\/gfm2025\/wp-json\/wp\/v2\/types\/page"}],"author":[{"embeddable":true,"href":"https:\/\/blogs.uni-paderborn.de\/gfm2025\/wp-json\/wp\/v2\/users\/9268"}],"replies":[{"embeddable":true,"href":"https:\/\/blogs.uni-paderborn.de\/gfm2025\/wp-json\/wp\/v2\/comments?post=98"}],"version-history":[{"count":16,"href":"https:\/\/blogs.uni-paderborn.de\/gfm2025\/wp-json\/wp\/v2\/pages\/98\/revisions"}],"predecessor-version":[{"id":352,"href":"https:\/\/blogs.uni-paderborn.de\/gfm2025\/wp-json\/wp\/v2\/pages\/98\/revisions\/352"}],"wp:attachment":[{"href":"https:\/\/blogs.uni-paderborn.de\/gfm2025\/wp-json\/wp\/v2\/media?parent=98"}],"curies":[{"name":"wp","href":"https:\/\/api.w.org\/{rel}","templated":true}]}}