{"id":397,"date":"2025-09-18T14:34:42","date_gmt":"2025-09-18T12:34:42","guid":{"rendered":"https:\/\/blogs.uni-paderborn.de\/gfm2025\/?page_id=397"},"modified":"2025-09-19T14:38:59","modified_gmt":"2025-09-19T12:38:59","slug":"team","status":"publish","type":"page","link":"https:\/\/blogs.uni-paderborn.de\/gfm2025\/team\/","title":{"rendered":"TEAM"},"content":{"rendered":"<div class=\"twoclick_social_bookmarks_post_397 social_share_privacy clearfix 1.6.4 locale-de_DE sprite-de_DE\"><\/div><div class=\"twoclick-js\"><script type=\"text\/javascript\">\/* <![CDATA[ *\/\njQuery(document).ready(function($){if($('.twoclick_social_bookmarks_post_397')){$('.twoclick_social_bookmarks_post_397').socialSharePrivacy({\"txt_help\":\"Wenn Sie diese Felder durch einen Klick aktivieren, werden Informationen an Facebook, Twitter, Flattr, Xing, t3n, LinkedIn, Pinterest oder Google eventuell ins Ausland \\u00fcbertragen und unter Umst\\u00e4nden auch dort gespeichert. N\\u00e4heres erfahren Sie durch einen Klick auf das <em>i<\\\/em>.\",\"settings_perma\":\"Dauerhaft aktivieren und Daten\\u00fcber-tragung zustimmen:\",\"info_link\":\"http:\\\/\\\/www.heise.de\\\/ct\\\/artikel\\\/2-Klicks-fuer-mehr-Datenschutz-1333879.html\",\"uri\":\"https:\\\/\\\/blogs.uni-paderborn.de\\\/gfm2025\\\/team\\\/\",\"post_id\":397,\"post_title_referrer_track\":\"TEAM\",\"display_infobox\":\"on\"});}});\n\/* ]]> *\/<\/script><\/div>\n<h4 class=\"wp-block-heading\">Tagungs-Leitung<\/h4>\n\n\n\n<p>Julia Eckel, Christina Bartz <\/p>\n\n\n\n<h4 class=\"wp-block-heading\">Call for Papers &amp; Programm<\/h4>\n\n\n\n<p>Ralf Adelmann, Sebastian Althoff, Marcus Burkhardt, Julia Eckel, Christian Fuchs, Christoph Jacke, Mary Shnayien<\/p>\n\n\n\n<h4 class=\"wp-block-heading\">Programmauswahl<\/h4>\n\n\n\n<p>Ralf Adelmann, Sebastian Althoff, Marcus Burkhardt, Birte de Gruisbourne, Julia Eckel, Christian Fuchs, Christoph Jacke, Tobias Matzner, Mary Shnayien, Maren Haffke<\/p>\n\n\n\n<h4 class=\"wp-block-heading\">Rahmenprogramm<\/h4>\n\n\n\n<p>Stephan Ahrens, Thomas Allmer, Sebastian Althoff, Sevda Can Arslan, Jakob Cyrkel, Julia Eckel, Monique Miggelbrink, Alexander Schultz, Alexandra Simopoulos<\/p>\n\n\n\n<h4 class=\"wp-block-heading\">Finanzen <\/h4>\n\n\n\n<p>Stephan Ahrens, Sevda Can Arslan, Christina Bartz, Julia Eckel, Sonja Mantzouridis, Dorothee Meister<\/p>\n\n\n\n<h4 class=\"wp-block-heading\">Infrastruktur <\/h4>\n\n\n\n<p>Christina Bartz, Claudia Berkemeier, Anastasia Brandt, Cornelia Meinders-Pongratz, Januzs Michla, Larissa Lenze, Veronika Schulz<\/p>\n\n\n\n<h4 class=\"wp-block-heading\">Technik &amp; Website<\/h4>\n\n\n\n<p>Julia Eckel, Janusz Michla, Mary Shnayien<\/p>\n\n\n\n<h4 class=\"wp-block-heading\">Hilfskraft-Betreuung<\/h4>\n\n\n\n<p>Sebastian Althoff, Bastian August <\/p>\n\n\n\n<h4 class=\"wp-block-heading\">Hilfskr\u00e4fte<\/h4>\n\n\n\n<p>Stefan Ames, Victoria Bodenstein, Emily Calzado, Leonie Capellmann, Jennifer Dumpich, Laura Gerhardt, Vera Gerstenberger, Thea Kappenberg, Paula Kirsch, Sarah K\u00fcbler, Torben Pa\u00dfgang, Paula Nie\u00dfner, Nina Queralt Bauer, Tristan Schubert, Nora Skade, Valerie Suthold, Paulina Wege<\/p>\n\n\n\n<h4 class=\"wp-block-heading\">Awareness <\/h4>\n\n\n\n<p>Sebastian Althoff, Birte de Gruisbourne, Patrick Henschen, Mary Shnayien<\/p>\n\n\n\n<h4 class=\"wp-block-heading\">Barrierefreiheit<\/h4>\n\n\n\n<p>Birte de Gruisbourne, Christian Schulz <\/p>\n\n\n\n<h4 class=\"wp-block-heading\">Moderationen<\/h4>\n\n\n\n<p>Stephan Ahrens, Thomas Allmer, Sebastian Althoff, Sevda Can Arslan Christina Bartz, Jakob Cyrkel, Christian Fuchs, Birte de Gruisbourne, Patrick Henschen, Alexander Schultz, Christian Schulz <br><\/p>\n","protected":false},"excerpt":{"rendered":"<p>Tagungs-Leitung Julia Eckel, Christina Bartz Call for Papers &amp; Programm Ralf Adelmann, Sebastian Althoff, Marcus Burkhardt, Julia Eckel, Christian Fuchs, Christoph Jacke, Mary Shnayien Programmauswahl Ralf Adelmann, Sebastian Althoff, Marcus Burkhardt, Birte de Gruisbourne, Julia Eckel, Christian Fuchs, Christoph Jacke, Tobias Matzner, Mary Shnayien, Maren Haffke Rahmenprogramm Stephan Ahrens, Thomas Allmer, Sebastian Althoff, Sevda Can [&hellip;]<\/p>\n","protected":false},"author":9268,"featured_media":0,"parent":0,"menu_order":0,"comment_status":"closed","ping_status":"closed","template":"","meta":{"footnotes":""},"class_list":["post-397","page","type-page","status-publish","hentry"],"_links":{"self":[{"href":"https:\/\/blogs.uni-paderborn.de\/gfm2025\/wp-json\/wp\/v2\/pages\/397","targetHints":{"allow":["GET"]}}],"collection":[{"href":"https:\/\/blogs.uni-paderborn.de\/gfm2025\/wp-json\/wp\/v2\/pages"}],"about":[{"href":"https:\/\/blogs.uni-paderborn.de\/gfm2025\/wp-json\/wp\/v2\/types\/page"}],"author":[{"embeddable":true,"href":"https:\/\/blogs.uni-paderborn.de\/gfm2025\/wp-json\/wp\/v2\/users\/9268"}],"replies":[{"embeddable":true,"href":"https:\/\/blogs.uni-paderborn.de\/gfm2025\/wp-json\/wp\/v2\/comments?post=397"}],"version-history":[{"count":13,"href":"https:\/\/blogs.uni-paderborn.de\/gfm2025\/wp-json\/wp\/v2\/pages\/397\/revisions"}],"predecessor-version":[{"id":480,"href":"https:\/\/blogs.uni-paderborn.de\/gfm2025\/wp-json\/wp\/v2\/pages\/397\/revisions\/480"}],"wp:attachment":[{"href":"https:\/\/blogs.uni-paderborn.de\/gfm2025\/wp-json\/wp\/v2\/media?parent=397"}],"curies":[{"name":"wp","href":"https:\/\/api.w.org\/{rel}","templated":true}]}}