{"id":390,"date":"2025-09-13T17:58:20","date_gmt":"2025-09-13T15:58:20","guid":{"rendered":"https:\/\/blogs.uni-paderborn.de\/gfm2025\/?page_id=390"},"modified":"2025-09-13T20:28:47","modified_gmt":"2025-09-13T18:28:47","slug":"buechertische","status":"publish","type":"page","link":"https:\/\/blogs.uni-paderborn.de\/gfm2025\/buechertische\/","title":{"rendered":"B\u00fcchertische"},"content":{"rendered":"<div class=\"twoclick_social_bookmarks_post_390 social_share_privacy clearfix 1.6.4 locale-de_DE sprite-de_DE\"><\/div><div class=\"twoclick-js\"><script type=\"text\/javascript\">\/* <![CDATA[ *\/\njQuery(document).ready(function($){if($('.twoclick_social_bookmarks_post_390')){$('.twoclick_social_bookmarks_post_390').socialSharePrivacy({\"txt_help\":\"Wenn Sie diese Felder durch einen Klick aktivieren, werden Informationen an Facebook, Twitter, Flattr, Xing, t3n, LinkedIn, Pinterest oder Google eventuell ins Ausland \\u00fcbertragen und unter Umst\\u00e4nden auch dort gespeichert. N\\u00e4heres erfahren Sie durch einen Klick auf das <em>i<\\\/em>.\",\"settings_perma\":\"Dauerhaft aktivieren und Daten\\u00fcber-tragung zustimmen:\",\"info_link\":\"http:\\\/\\\/www.heise.de\\\/ct\\\/artikel\\\/2-Klicks-fuer-mehr-Datenschutz-1333879.html\",\"uri\":\"https:\\\/\\\/blogs.uni-paderborn.de\\\/gfm2025\\\/buechertische\\\/\",\"post_id\":390,\"post_title_referrer_track\":\"B%C3%BCchertische\",\"display_infobox\":\"on\"});}});\n\/* ]]> *\/<\/script><\/div>\n<p>Wir freuen uns sehr im Rahmen der Konferez die folgenden Verlage in Paderborn begr\u00fc\u00dfen zu d\u00fcrfen. <\/p>\n\n\n\n<div class=\"wp-block-media-text has-media-on-the-right is-stacked-on-mobile\" style=\"grid-template-columns:auto 26%\"><div class=\"wp-block-media-text__content\">\n<h4 class=\"wp-block-heading\">AVINUS &#8211; Verlag f\u00fcr Medien und interkulturelle Kommunikation<\/h4>\n\n\n\n<p><a href=\"https:\/\/produkte.avinus.de\/\" target=\"_blank\" rel=\"noreferrer noopener\">Website<\/a><\/p>\n\n\n\n<p>B\u00fcchertisch in Raum E1.143<\/p>\n<\/div><figure class=\"wp-block-media-text__media\"><img loading=\"lazy\" decoding=\"async\" width=\"600\" height=\"591\" src=\"https:\/\/blogs.uni-paderborn.de\/gfm2025\/files\/2025\/08\/Avinus.png\" alt=\"\" class=\"wp-image-302 size-full\" srcset=\"https:\/\/blogs.uni-paderborn.de\/gfm2025\/files\/2025\/08\/Avinus.png 600w, https:\/\/blogs.uni-paderborn.de\/gfm2025\/files\/2025\/08\/Avinus-300x296.png 300w\" sizes=\"auto, (max-width: 600px) 100vw, 600px\" \/><\/figure><\/div>\n\n\n\n<div class=\"wp-block-media-text has-media-on-the-right is-stacked-on-mobile\" style=\"grid-template-columns:auto 26%\"><div class=\"wp-block-media-text__content\">\n<h4 class=\"wp-block-heading\">DeGruyter Brill<\/h4>\n\n\n\n<p><a href=\"https:\/\/www.degruyterbrill.com\/?gad_source=1&amp;gad_campaignid=21576494333&amp;gclid=Cj0KCQjwrJTGBhCbARIsANFBfgvDBPWaRz_5jdNGQ3rg2GMAVEwgLw811EYt1Zm92a0AzK0fU-NwFjwaAq7dEALw_wcB\" target=\"_blank\" rel=\"noreferrer noopener\">Website<\/a><\/p>\n\n\n\n<p>B\u00fcchertisch in Raum E1.143<\/p>\n<\/div><figure class=\"wp-block-media-text__media\"><img loading=\"lazy\" decoding=\"async\" width=\"1024\" height=\"835\" src=\"https:\/\/blogs.uni-paderborn.de\/gfm2025\/files\/2025\/08\/DeGruyterBrill_Logo-vert_M_120-350px_Blue_sRGB-1024x835.png\" alt=\"\" class=\"wp-image-295 size-full\" srcset=\"https:\/\/blogs.uni-paderborn.de\/gfm2025\/files\/2025\/08\/DeGruyterBrill_Logo-vert_M_120-350px_Blue_sRGB-1024x835.png 1024w, https:\/\/blogs.uni-paderborn.de\/gfm2025\/files\/2025\/08\/DeGruyterBrill_Logo-vert_M_120-350px_Blue_sRGB-300x245.png 300w, https:\/\/blogs.uni-paderborn.de\/gfm2025\/files\/2025\/08\/DeGruyterBrill_Logo-vert_M_120-350px_Blue_sRGB-768x626.png 768w, https:\/\/blogs.uni-paderborn.de\/gfm2025\/files\/2025\/08\/DeGruyterBrill_Logo-vert_M_120-350px_Blue_sRGB-1536x1252.png 1536w, https:\/\/blogs.uni-paderborn.de\/gfm2025\/files\/2025\/08\/DeGruyterBrill_Logo-vert_M_120-350px_Blue_sRGB-2048x1670.png 2048w\" sizes=\"auto, (max-width: 1024px) 100vw, 1024px\" \/><\/figure><\/div>\n\n\n\n<div class=\"wp-block-media-text has-media-on-the-right is-stacked-on-mobile\" style=\"grid-template-columns:auto 38%\"><div class=\"wp-block-media-text__content\">\n<h4 class=\"wp-block-heading\">Nomos<\/h4>\n\n\n\n<p><a href=\"https:\/\/www.nomos-shop.de\/?gad_source=1&amp;gad_campaignid=9975671658&amp;gclid=Cj0KCQjwrJTGBhCbARIsANFBfgtvL6AcU9kBS4-AsaP18xWbvq_Mqx62RKxwI24fWlQfYXLaj2DxJbcaAi7DEALw_wcB\" target=\"_blank\" rel=\"noreferrer noopener\">Website<\/a><\/p>\n\n\n\n<p>B\u00fcchertisch in Raum E1.143<\/p>\n<\/div><figure class=\"wp-block-media-text__media\"><img loading=\"lazy\" decoding=\"async\" width=\"1024\" height=\"291\" src=\"https:\/\/blogs.uni-paderborn.de\/gfm2025\/files\/2025\/08\/Logo_Nomos_2024_105x28-01-1024x291.png\" alt=\"\" class=\"wp-image-296 size-full\" srcset=\"https:\/\/blogs.uni-paderborn.de\/gfm2025\/files\/2025\/08\/Logo_Nomos_2024_105x28-01-1024x291.png 1024w, https:\/\/blogs.uni-paderborn.de\/gfm2025\/files\/2025\/08\/Logo_Nomos_2024_105x28-01-300x85.png 300w, https:\/\/blogs.uni-paderborn.de\/gfm2025\/files\/2025\/08\/Logo_Nomos_2024_105x28-01-768x218.png 768w, https:\/\/blogs.uni-paderborn.de\/gfm2025\/files\/2025\/08\/Logo_Nomos_2024_105x28-01.png 1227w\" sizes=\"auto, (max-width: 1024px) 100vw, 1024px\" \/><\/figure><\/div>\n\n\n\n<div class=\"wp-block-media-text has-media-on-the-right is-stacked-on-mobile\" style=\"grid-template-columns:auto 41%\"><div class=\"wp-block-media-text__content\">\n<h4 class=\"wp-block-heading\">Springer VS<\/h4>\n\n\n\n<p><a href=\"https:\/\/www.springer.com\/de\/springervs?srsltid=AfmBOopUqPb2we4yRqgfvxIuGTQmAS3Yqws4p6eKDwLgZEKrRTrLmwLm\" target=\"_blank\" rel=\"noreferrer noopener\">Website<\/a><\/p>\n\n\n\n<p>B\u00fcchertisch in Raum E1.143<\/p>\n<\/div><figure class=\"wp-block-media-text__media\"><img loading=\"lazy\" decoding=\"async\" width=\"800\" height=\"175\" src=\"https:\/\/blogs.uni-paderborn.de\/gfm2025\/files\/2025\/08\/SpringerVS_cmyk.png\" alt=\"\" class=\"wp-image-300 size-full\" srcset=\"https:\/\/blogs.uni-paderborn.de\/gfm2025\/files\/2025\/08\/SpringerVS_cmyk.png 800w, https:\/\/blogs.uni-paderborn.de\/gfm2025\/files\/2025\/08\/SpringerVS_cmyk-300x66.png 300w, https:\/\/blogs.uni-paderborn.de\/gfm2025\/files\/2025\/08\/SpringerVS_cmyk-768x168.png 768w\" sizes=\"auto, (max-width: 800px) 100vw, 800px\" \/><\/figure><\/div>\n\n\n\n<div class=\"wp-block-media-text has-media-on-the-right is-stacked-on-mobile\" style=\"grid-template-columns:auto 48%\"><div class=\"wp-block-media-text__content\">\n<h4 class=\"wp-block-heading\">transcript &#8211; Independent Academic Publishing<\/h4>\n\n\n\n<p><a href=\"https:\/\/www.transcript-verlag.de\/\" target=\"_blank\" rel=\"noreferrer noopener\">Website<\/a><\/p>\n\n\n\n<p>B\u00fcchertisch in Raum E1.143<\/p>\n<\/div><figure class=\"wp-block-media-text__media\"><img loading=\"lazy\" decoding=\"async\" width=\"1024\" height=\"179\" src=\"https:\/\/blogs.uni-paderborn.de\/gfm2025\/files\/2025\/08\/transcript_iap_schwarz-1024x179.png\" alt=\"\" class=\"wp-image-299 size-full\" srcset=\"https:\/\/blogs.uni-paderborn.de\/gfm2025\/files\/2025\/08\/transcript_iap_schwarz-1024x179.png 1024w, https:\/\/blogs.uni-paderborn.de\/gfm2025\/files\/2025\/08\/transcript_iap_schwarz-300x53.png 300w, https:\/\/blogs.uni-paderborn.de\/gfm2025\/files\/2025\/08\/transcript_iap_schwarz-768x135.png 768w, https:\/\/blogs.uni-paderborn.de\/gfm2025\/files\/2025\/08\/transcript_iap_schwarz.png 1473w\" sizes=\"auto, (max-width: 1024px) 100vw, 1024px\" \/><\/figure><\/div>\n\n\n\n<div class=\"wp-block-media-text has-media-on-the-right is-stacked-on-mobile\" style=\"grid-template-columns:auto 40%\"><div class=\"wp-block-media-text__content\">\n<h4 class=\"wp-block-heading\">edition text+kritik<\/h4>\n\n\n\n<p><a href=\"https:\/\/www.etk-muenchen.de\/\" target=\"_blank\" rel=\"noreferrer noopener\">Website<\/a><\/p>\n\n\n\n<p>B\u00fcchertisch in Raum D1.303<\/p>\n<\/div><figure class=\"wp-block-media-text__media\"><img loading=\"lazy\" decoding=\"async\" width=\"591\" height=\"165\" src=\"https:\/\/blogs.uni-paderborn.de\/gfm2025\/files\/2025\/08\/etk.png\" alt=\"\" class=\"wp-image-308 size-full\" srcset=\"https:\/\/blogs.uni-paderborn.de\/gfm2025\/files\/2025\/08\/etk.png 591w, https:\/\/blogs.uni-paderborn.de\/gfm2025\/files\/2025\/08\/etk-300x84.png 300w\" sizes=\"auto, (max-width: 591px) 100vw, 591px\" \/><\/figure><\/div>\n\n\n\n<div class=\"wp-block-media-text has-media-on-the-right is-stacked-on-mobile\" style=\"grid-template-columns:auto 40%\"><div class=\"wp-block-media-text__content\">\n<h4 class=\"wp-block-heading\">meson press<\/h4>\n\n\n\n<p><a href=\"https:\/\/meson.press\/\" target=\"_blank\" rel=\"noreferrer noopener\">Website<\/a><\/p>\n\n\n\n<p>B\u00fcchertisch in Raum D1.303<\/p>\n<\/div><figure class=\"wp-block-media-text__media\"><img loading=\"lazy\" decoding=\"async\" width=\"800\" height=\"306\" src=\"https:\/\/blogs.uni-paderborn.de\/gfm2025\/files\/2025\/08\/meson_logo_ges.png\" alt=\"\" class=\"wp-image-301 size-full\" srcset=\"https:\/\/blogs.uni-paderborn.de\/gfm2025\/files\/2025\/08\/meson_logo_ges.png 800w, https:\/\/blogs.uni-paderborn.de\/gfm2025\/files\/2025\/08\/meson_logo_ges-300x115.png 300w, https:\/\/blogs.uni-paderborn.de\/gfm2025\/files\/2025\/08\/meson_logo_ges-768x294.png 768w\" sizes=\"auto, (max-width: 800px) 100vw, 800px\" \/><\/figure><\/div>\n\n\n\n<div class=\"wp-block-media-text has-media-on-the-right is-stacked-on-mobile\" style=\"grid-template-columns:auto 40%\"><div class=\"wp-block-media-text__content\">\n<h4 class=\"wp-block-heading\">Narr Francke Attempto<\/h4>\n\n\n\n<p><a href=\"https:\/\/www.narr.de\/\" target=\"_blank\" rel=\"noreferrer noopener\">Website<\/a><\/p>\n\n\n\n<p>B\u00fcchertisch in Raum D1.303<\/p>\n<\/div><figure class=\"wp-block-media-text__media\"><img loading=\"lazy\" decoding=\"async\" width=\"1024\" height=\"487\" src=\"https:\/\/blogs.uni-paderborn.de\/gfm2025\/files\/2025\/08\/NFA-1024x487.png\" alt=\"\" class=\"wp-image-297 size-full\" srcset=\"https:\/\/blogs.uni-paderborn.de\/gfm2025\/files\/2025\/08\/NFA-1024x487.png 1024w, https:\/\/blogs.uni-paderborn.de\/gfm2025\/files\/2025\/08\/NFA-300x143.png 300w, https:\/\/blogs.uni-paderborn.de\/gfm2025\/files\/2025\/08\/NFA-768x365.png 768w, https:\/\/blogs.uni-paderborn.de\/gfm2025\/files\/2025\/08\/NFA-1536x730.png 1536w, https:\/\/blogs.uni-paderborn.de\/gfm2025\/files\/2025\/08\/NFA.png 1694w\" sizes=\"auto, (max-width: 1024px) 100vw, 1024px\" \/><\/figure><\/div>\n\n\n\n<div class=\"wp-block-media-text has-media-on-the-right is-stacked-on-mobile\" style=\"grid-template-columns:auto 32%\"><div class=\"wp-block-media-text__content\">\n<h4 class=\"wp-block-heading\">Sch\u00fcren <\/h4>\n\n\n\n<p><a href=\"https:\/\/www.schueren-verlag.de\/\" target=\"_blank\" rel=\"noreferrer noopener\">Website<\/a><\/p>\n\n\n\n<p>B\u00fcchertisch in Raum D1.303<\/p>\n<\/div><figure class=\"wp-block-media-text__media\"><img loading=\"lazy\" decoding=\"async\" width=\"1024\" height=\"401\" src=\"https:\/\/blogs.uni-paderborn.de\/gfm2025\/files\/2025\/08\/Schueren_Logo_ohne-1024x401.png\" alt=\"\" class=\"wp-image-298 size-full\" srcset=\"https:\/\/blogs.uni-paderborn.de\/gfm2025\/files\/2025\/08\/Schueren_Logo_ohne-1024x401.png 1024w, https:\/\/blogs.uni-paderborn.de\/gfm2025\/files\/2025\/08\/Schueren_Logo_ohne-300x118.png 300w, https:\/\/blogs.uni-paderborn.de\/gfm2025\/files\/2025\/08\/Schueren_Logo_ohne-768x301.png 768w, https:\/\/blogs.uni-paderborn.de\/gfm2025\/files\/2025\/08\/Schueren_Logo_ohne-1536x602.png 1536w, https:\/\/blogs.uni-paderborn.de\/gfm2025\/files\/2025\/08\/Schueren_Logo_ohne.png 1567w\" sizes=\"auto, (max-width: 1024px) 100vw, 1024px\" \/><\/figure><\/div>\n","protected":false},"excerpt":{"rendered":"<p>Wir freuen uns sehr im Rahmen der Konferez die folgenden Verlage in Paderborn begr\u00fc\u00dfen zu d\u00fcrfen. AVINUS &#8211; Verlag f\u00fcr Medien und interkulturelle Kommunikation Website B\u00fcchertisch in Raum E1.143 DeGruyter Brill Website B\u00fcchertisch in Raum E1.143 Nomos Website B\u00fcchertisch in Raum E1.143 Springer VS Website B\u00fcchertisch in Raum E1.143 transcript &#8211; Independent Academic Publishing Website [&hellip;]<\/p>\n","protected":false},"author":9268,"featured_media":0,"parent":0,"menu_order":0,"comment_status":"closed","ping_status":"closed","template":"","meta":{"footnotes":""},"class_list":["post-390","page","type-page","status-publish","hentry"],"_links":{"self":[{"href":"https:\/\/blogs.uni-paderborn.de\/gfm2025\/wp-json\/wp\/v2\/pages\/390","targetHints":{"allow":["GET"]}}],"collection":[{"href":"https:\/\/blogs.uni-paderborn.de\/gfm2025\/wp-json\/wp\/v2\/pages"}],"about":[{"href":"https:\/\/blogs.uni-paderborn.de\/gfm2025\/wp-json\/wp\/v2\/types\/page"}],"author":[{"embeddable":true,"href":"https:\/\/blogs.uni-paderborn.de\/gfm2025\/wp-json\/wp\/v2\/users\/9268"}],"replies":[{"embeddable":true,"href":"https:\/\/blogs.uni-paderborn.de\/gfm2025\/wp-json\/wp\/v2\/comments?post=390"}],"version-history":[{"count":4,"href":"https:\/\/blogs.uni-paderborn.de\/gfm2025\/wp-json\/wp\/v2\/pages\/390\/revisions"}],"predecessor-version":[{"id":395,"href":"https:\/\/blogs.uni-paderborn.de\/gfm2025\/wp-json\/wp\/v2\/pages\/390\/revisions\/395"}],"wp:attachment":[{"href":"https:\/\/blogs.uni-paderborn.de\/gfm2025\/wp-json\/wp\/v2\/media?parent=390"}],"curies":[{"name":"wp","href":"https:\/\/api.w.org\/{rel}","templated":true}]}}