{"id":281,"date":"2016-01-25T18:49:57","date_gmt":"2016-01-25T17:49:57","guid":{"rendered":"https:\/\/blogs.uni-paderborn.de\/fspop\/?page_id=281"},"modified":"2016-01-25T19:41:55","modified_gmt":"2016-01-25T18:41:55","slug":"home","status":"publish","type":"page","link":"https:\/\/blogs.uni-paderborn.de\/fspop\/","title":{"rendered":"Willkommen"},"content":{"rendered":"<div class=\"twoclick_social_bookmarks_post_281 social_share_privacy clearfix 1.6.4 locale-de_DE sprite-de_DE\"><\/div><div class=\"twoclick-js\"><script type=\"text\/javascript\">\/* <![CDATA[ *\/\njQuery(document).ready(function($){if($('.twoclick_social_bookmarks_post_281')){$('.twoclick_social_bookmarks_post_281').socialSharePrivacy({\"services\":{\"facebook\":{\"status\":\"on\",\"txt_info\":\"2 Klicks f\\u00fcr mehr Datenschutz: Erst wenn Sie hier klicken, wird der Button aktiv und Sie k\\u00f6nnen Ihre Empfehlung an Facebook senden. Schon beim Aktivieren werden Daten an Dritte \\u00fcbertragen - siehe <em>i<\\\/em>.\",\"perma_option\":\"off\",\"action\":\"like\",\"language\":\"de_DE\"}},\"txt_help\":\"Wenn Sie diese Felder durch einen Klick aktivieren, werden Informationen an Facebook, Twitter, Flattr, Xing, t3n, LinkedIn, Pinterest oder Google eventuell ins Ausland \\u00fcbertragen und unter Umst\\u00e4nden auch dort gespeichert. N\\u00e4heres erfahren Sie durch einen Klick auf das <em>i<\\\/em>.\",\"settings_perma\":\"Dauerhaft aktivieren und Daten\\u00fcber-tragung zustimmen:\",\"info_link\":\"http:\\\/\\\/www.heise.de\\\/ct\\\/artikel\\\/2-Klicks-fuer-mehr-Datenschutz-1333879.html\",\"uri\":\"https:\\\/\\\/blogs.uni-paderborn.de\\\/fspop\\\/\",\"post_id\":281,\"post_title_referrer_track\":\"Willkommen\",\"display_infobox\":\"on\"});}});\n\/* ]]> *\/<\/script><\/div><h2>&#8230;auf der Homepage der Fachschaft Pop!<\/h2>\n<p>Auf den folgenden Seiten findet ihr alle Infos rund um die Fachschaft: Aktuelle Projekte, Protokolle, Fotos, Vorstellung der Mitglieder und und und&#8230;<\/p>\n<p>Wir sind f\u00fcr euch da, wenn ihr Fragen, Sorgen und N\u00f6te in eurem Studium habt und stehen euch sowie den DozentInnen beratend zur Seite. Der Fachschaftsrat ist f\u00fcr die Interessenvertretung der Popmusik-Studierenden da. Deshalb freuen wir uns \u00fcber Anregungen und Feedback von euch!<\/p>\n<p>Eure Fachschaft<\/p>\n","protected":false},"excerpt":{"rendered":"<p>&#8230;auf der Homepage der Fachschaft Pop! Auf den folgenden Seiten findet ihr alle Infos rund um die Fachschaft: Aktuelle Projekte, Protokolle, Fotos, Vorstellung der Mitglieder und und und&#8230; Wir sind f\u00fcr euch da, wenn ihr Fragen, Sorgen und N\u00f6te in eurem Studium habt und stehen euch sowie den DozentInnen beratend zur Seite. Der Fachschaftsrat ist &hellip; <a href=\"https:\/\/blogs.uni-paderborn.de\/fspop\/\" class=\"more-link\"><span class=\"screen-reader-text\">\u201eWillkommen\u201c <\/span>weiterlesen<\/a><\/p>\n","protected":false},"author":6691,"featured_media":0,"parent":0,"menu_order":0,"comment_status":"closed","ping_status":"closed","template":"","meta":{"footnotes":""},"class_list":["post-281","page","type-page","status-publish","hentry"],"_links":{"self":[{"href":"https:\/\/blogs.uni-paderborn.de\/fspop\/wp-json\/wp\/v2\/pages\/281","targetHints":{"allow":["GET"]}}],"collection":[{"href":"https:\/\/blogs.uni-paderborn.de\/fspop\/wp-json\/wp\/v2\/pages"}],"about":[{"href":"https:\/\/blogs.uni-paderborn.de\/fspop\/wp-json\/wp\/v2\/types\/page"}],"author":[{"embeddable":true,"href":"https:\/\/blogs.uni-paderborn.de\/fspop\/wp-json\/wp\/v2\/users\/6691"}],"replies":[{"embeddable":true,"href":"https:\/\/blogs.uni-paderborn.de\/fspop\/wp-json\/wp\/v2\/comments?post=281"}],"version-history":[{"count":5,"href":"https:\/\/blogs.uni-paderborn.de\/fspop\/wp-json\/wp\/v2\/pages\/281\/revisions"}],"predecessor-version":[{"id":371,"href":"https:\/\/blogs.uni-paderborn.de\/fspop\/wp-json\/wp\/v2\/pages\/281\/revisions\/371"}],"wp:attachment":[{"href":"https:\/\/blogs.uni-paderborn.de\/fspop\/wp-json\/wp\/v2\/media?parent=281"}],"curies":[{"name":"wp","href":"https:\/\/api.w.org\/{rel}","templated":true}]}}