{"id":15,"date":"2024-08-15T22:58:59","date_gmt":"2024-08-15T20:58:59","guid":{"rendered":"https:\/\/blogs.uni-paderborn.de\/forscherkoffer\/?page_id=15"},"modified":"2024-11-08T14:27:49","modified_gmt":"2024-11-08T13:27:49","slug":"impressum","status":"publish","type":"page","link":"https:\/\/blogs.uni-paderborn.de\/forscherkoffer\/impressum\/","title":{"rendered":"IMPRESSUM"},"content":{"rendered":"<div class=\"twoclick_social_bookmarks_post_15 social_share_privacy clearfix 1.6.4 locale-de_DE sprite-de_DE\"><\/div><div class=\"twoclick-js\"><script type=\"text\/javascript\">\/* <![CDATA[ *\/\njQuery(document).ready(function($){if($('.twoclick_social_bookmarks_post_15')){$('.twoclick_social_bookmarks_post_15').socialSharePrivacy({\"txt_help\":\"Wenn Sie diese Felder durch einen Klick aktivieren, werden Informationen an Facebook, Twitter, Flattr, Xing, t3n, LinkedIn, Pinterest oder Google eventuell ins Ausland \\u00fcbertragen und unter Umst\\u00e4nden auch dort gespeichert. N\\u00e4heres erfahren Sie durch einen Klick auf das <em>i<\\\/em>.\",\"settings_perma\":\"Dauerhaft aktivieren und Daten\\u00fcber-tragung zustimmen:\",\"info_link\":\"http:\\\/\\\/www.heise.de\\\/ct\\\/artikel\\\/2-Klicks-fuer-mehr-Datenschutz-1333879.html\",\"uri\":\"https:\\\/\\\/blogs.uni-paderborn.de\\\/forscherkoffer\\\/impressum\\\/\",\"post_id\":15,\"post_title_referrer_track\":\"IMPRESSUM\",\"display_infobox\":\"on\"});}});\n\/* ]]> *\/<\/script><\/div>\n<h1 class=\"wp-block-heading\"><\/h1>\n\n\n\n<p>Universit\u00e4t Paderborn<br>Warburger Str. 100<br>33098 Paderborn, Deutschland<\/p>\n\n\n\n<p>Die Universit\u00e4t Paderborn ist eine vom Land NRW getragene, rechtsf\u00e4hige K\u00f6rperschaft des \u00d6ffentlichen Rechts. Sie wird durch die Pr\u00e4sidentin Prof. Dr. Birgitt Riegraf vertreten. <br>Zust\u00e4ndige Aufsichtsbeh\u00f6rde: Ministerium f\u00fcr Innovation, Wissenschaft, Forschung und Technologie (MIWF) des Landes Nordrhein-Westfalen, V\u00f6lklinger Str. 49, D-40221 D\u00fcsseldorf<br>Umsatzsteuer-Identifikationsnummer gem\u00e4\u00df \u00a7 27 a Umsatzsteuergesetz:<br>DE 811209907<\/p>\n\n\n\n<p><strong>Inhaltliche Verantwortung<\/strong><\/p>\n\n\n\n<p>Inhaltlich verantwortlich f\u00fcr das Material \u201eKinder als Forscher:innen in eigener und gemeinsamer Sache &#8211; der Forscherkoffer&#8220; sind die drei Autor:innen:<\/p>\n\n\n\n<p><em>Hannah Fernhomberg <\/em><br>Universit\u00e4t Paderborn<br>Institut f\u00fcr Erziehungswissenschaft<br>Arbeitsbereich Grundschulp\u00e4dagogik und Fr\u00fche Bildung<br>Warburger Stra\u00dfe 100<br>33098 Paderborn<br>E-Mail: hannah.marie.fernhomberg@uni-paderborn.de<br>Web:\u00a0<a href=\"http:\/\/kw.uni-paderborn.de\/ag-bueker\">http:\/\/kw.uni-paderborn.de\/ag-bueker<\/a><\/p>\n\n\n\n<p><em>Prof. Dr. Petra B\u00fcker<\/em><br>Universit\u00e4t Paderborn<br>Institut f\u00fcr Erziehungswissenschaft<br>Arbeitsbereich Grundschulp\u00e4dagogik und Fr\u00fche Bildung<br>Warburger Stra\u00dfe 100<br>33098 Paderborn<br>E-Mail: petra.bueker@uni-paderborn.de<br>Web:&nbsp;<a href=\"http:\/\/kw.uni-paderborn.de\/ag-bueker\">http:\/\/kw.uni-paderborn.de\/ag-bueker<\/a><\/p>\n\n\n\n<p><em>Stefan Wolf <\/em><br>Gesch\u00e4ftsf\u00fchrer<br>Peter Gl\u00e4sel Stiftung Detmold <br>Allee 15<br>32756 Detmold<br>Tel.: 05231 30826-18<br>E-Mail: <a href=\"mailto:s.wolf@pg-stiftung.net\" target=\"_blank\" rel=\"noreferrer noopener\">s.wolf@pg-stiftung.net<\/a><br>Web:&nbsp;<a href=\"http:\/\/kw.uni-paderborn.de\/ag-bueker\"><\/a><a href=\"https:\/\/pg-stiftung.net\/stiftungs-team-wolf\/#\">Stefan Wolf \u2013 Peter Gl\u00e4sel Stiftung<\/a><\/p>\n\n\n\n<p><\/p>\n\n\n\n<p>Inhaltlich verantwortlich f\u00fcr die Website \u201eForscherkoffer\u201c ist Frau Prof. Dr. Petra B\u00fcker.<\/p>\n\n\n\n<p><strong>Urheberrecht<\/strong><\/p>\n\n\n\n<p>Das Material \u201eKinder als Forscher:innen in eigener und gemeinsamer Sache: der Forscherkoffer\u201c wurde in erster Auflage 2024 entwickelt.<\/p>\n\n\n\n<p>Das Material \u201eKinder als Forscher:innen in eigener und gemeinsamer Sache &#8211; der Forscherkoffer\u201c, welches auf der Website <a href=\"https:\/\/blogs.uni-paderborn.de\/forscherkoffer\">https:\/\/blogs.uni-paderborn.de\/forscherkoffer<\/a> pr\u00e4sentiert ist und Nutzer\/innen aus p\u00e4dagogischer Praxis und Wissenschaft als OER zur Verf\u00fcgung gestellt wird, ist urheberrechtlich gesch\u00fctzt. Jegliche Art der weiteren Nutzung, Verbreitung oder Weiterverwertung, sowie die Vervielf\u00e4ltigung auf Datentr\u00e4gern unterliegen den Vorgaben der Lizenz CC BY SA.<br>Wenn auf Konzeption und Inhalte zu wissenschaftlichen oder anderen Zwecken verwiesen werden soll, ist die Seite zu zitieren als:<\/p>\n\n\n\n<p>Fernhomberg, Hannah; B\u00fcker, Petra &amp; Wolf, Stefan (2024): Kinder als Forscher:innen in eigener und gemeinsamer Sache &#8211; der Forscherkoffer. Paderborn. Universit\u00e4t Paderborn. URL:&nbsp;<a href=\"https:\/\/blogs.uni-paderborn.de\/forscherkoffer\">https:\/\/blogs.uni-paderborn.de\/forscherkoffer<\/a>.<\/p>\n\n\n\n<p><strong>Grafik und Layout<\/strong><\/p>\n\n\n\n<p>Grafik und Layout des Forscherkoffers wurde gestaltet von Alina Schieffer.<\/p>\n\n\n\n<p><strong>Haftungshinweis<\/strong><\/p>\n\n\n\n<p>Links, die in diesem ausdruckbaren Dokument sowie auf der Website (URL: <a href=\"https:\/\/blogs.uni-paderborn.de\/forscherkoffer\">https:\/\/blogs.uni-paderborn.de\/forscherkoffer<\/a>) vorzufinden sind, stehen in thematischer Affinit\u00e4t zum Forscherkoffer. Dies bezieht sich auf den Zeitpunkt des Abrufs, der hinter jedem Link angegeben ist. F\u00fcr die Inhalte der verlinkten Seiten sind ausschlie\u00dflich deren Betreiber\/innen verantwortlich; es kann nicht gew\u00e4hrleistet werden, dass Inhalte, die nach dem letzten Abruf ver\u00e4ndert oder hinzugef\u00fcgt wurden, auf Zustimmung seitens der Betreiber\/innen dieser Website sowie der Urheber\/innen des Materials \u201eKinder als Forscher:innen in eigener und gemeinsamer Sache &#8211; der Forscherkoffer\u201c und dessen zugeh\u00f6rigen Materialien sto\u00dfen.<\/p>\n\n\n\n<p><strong>Datenschutz<\/strong><\/p>\n\n\n\n<p>Hier k\u00f6nnen Sie einen Blick in die Informationen \u00fcber die Verarbeitung Ihrer personenbezogenen Daten werfen.<br><a href=\"https:\/\/blogs.uni-paderborn.de\/datenschutzerklaerung\/\">Datenschutzerkl\u00e4rung | Blogs \u2013 Uni Paderborn<\/a><\/p>\n\n\n\n<figure class=\"wp-block-image size-large is-resized\"><img loading=\"lazy\" decoding=\"async\" width=\"1024\" height=\"90\" src=\"https:\/\/blogs.uni-paderborn.de\/forscherkoffer\/files\/2024\/10\/Screenshot-2024-10-31-140305-1024x90.png\" alt=\"\" class=\"wp-image-219\" style=\"width:655px;height:auto\" srcset=\"https:\/\/blogs.uni-paderborn.de\/forscherkoffer\/files\/2024\/10\/Screenshot-2024-10-31-140305-1024x90.png 1024w, https:\/\/blogs.uni-paderborn.de\/forscherkoffer\/files\/2024\/10\/Screenshot-2024-10-31-140305-300x26.png 300w, https:\/\/blogs.uni-paderborn.de\/forscherkoffer\/files\/2024\/10\/Screenshot-2024-10-31-140305-768x67.png 768w, https:\/\/blogs.uni-paderborn.de\/forscherkoffer\/files\/2024\/10\/Screenshot-2024-10-31-140305-624x55.png 624w, https:\/\/blogs.uni-paderborn.de\/forscherkoffer\/files\/2024\/10\/Screenshot-2024-10-31-140305.png 1142w\" sizes=\"auto, (max-width: 1024px) 100vw, 1024px\" \/><\/figure>\n","protected":false},"excerpt":{"rendered":"<p>Universit\u00e4t PaderbornWarburger Str. 10033098 Paderborn, Deutschland Die Universit\u00e4t Paderborn ist eine vom Land NRW getragene, rechtsf\u00e4hige K\u00f6rperschaft des \u00d6ffentlichen Rechts. Sie wird durch die Pr\u00e4sidentin Prof. Dr. Birgitt Riegraf vertreten. Zust\u00e4ndige Aufsichtsbeh\u00f6rde: Ministerium f\u00fcr Innovation, Wissenschaft, Forschung und Technologie (MIWF) des Landes Nordrhein-Westfalen, V\u00f6lklinger Str. 49, D-40221 D\u00fcsseldorfUmsatzsteuer-Identifikationsnummer gem\u00e4\u00df \u00a7 27 a Umsatzsteuergesetz:DE 811209907 Inhaltliche [&hellip;]<\/p>\n","protected":false},"author":9273,"featured_media":0,"parent":0,"menu_order":0,"comment_status":"closed","ping_status":"closed","template":"","meta":{"footnotes":""},"class_list":["post-15","page","type-page","status-publish","hentry"],"_links":{"self":[{"href":"https:\/\/blogs.uni-paderborn.de\/forscherkoffer\/wp-json\/wp\/v2\/pages\/15","targetHints":{"allow":["GET"]}}],"collection":[{"href":"https:\/\/blogs.uni-paderborn.de\/forscherkoffer\/wp-json\/wp\/v2\/pages"}],"about":[{"href":"https:\/\/blogs.uni-paderborn.de\/forscherkoffer\/wp-json\/wp\/v2\/types\/page"}],"author":[{"embeddable":true,"href":"https:\/\/blogs.uni-paderborn.de\/forscherkoffer\/wp-json\/wp\/v2\/users\/9273"}],"replies":[{"embeddable":true,"href":"https:\/\/blogs.uni-paderborn.de\/forscherkoffer\/wp-json\/wp\/v2\/comments?post=15"}],"version-history":[{"count":14,"href":"https:\/\/blogs.uni-paderborn.de\/forscherkoffer\/wp-json\/wp\/v2\/pages\/15\/revisions"}],"predecessor-version":[{"id":235,"href":"https:\/\/blogs.uni-paderborn.de\/forscherkoffer\/wp-json\/wp\/v2\/pages\/15\/revisions\/235"}],"wp:attachment":[{"href":"https:\/\/blogs.uni-paderborn.de\/forscherkoffer\/wp-json\/wp\/v2\/media?parent=15"}],"curies":[{"name":"wp","href":"https:\/\/api.w.org\/{rel}","templated":true}]}}