{"id":10,"date":"2024-08-15T22:58:34","date_gmt":"2024-08-15T20:58:34","guid":{"rendered":"https:\/\/blogs.uni-paderborn.de\/forscherkoffer\/?page_id=10"},"modified":"2025-01-30T14:43:34","modified_gmt":"2025-01-30T13:43:34","slug":"das-material","status":"publish","type":"page","link":"https:\/\/blogs.uni-paderborn.de\/forscherkoffer\/das-material\/","title":{"rendered":"DAS MATERIAL"},"content":{"rendered":"<div class=\"twoclick_social_bookmarks_post_10 social_share_privacy clearfix 1.6.4 locale-de_DE sprite-de_DE\"><\/div><div class=\"twoclick-js\"><script type=\"text\/javascript\">\/* <![CDATA[ *\/\njQuery(document).ready(function($){if($('.twoclick_social_bookmarks_post_10')){$('.twoclick_social_bookmarks_post_10').socialSharePrivacy({\"txt_help\":\"Wenn Sie diese Felder durch einen Klick aktivieren, werden Informationen an Facebook, Twitter, Flattr, Xing, t3n, LinkedIn, Pinterest oder Google eventuell ins Ausland \\u00fcbertragen und unter Umst\\u00e4nden auch dort gespeichert. N\\u00e4heres erfahren Sie durch einen Klick auf das <em>i<\\\/em>.\",\"settings_perma\":\"Dauerhaft aktivieren und Daten\\u00fcber-tragung zustimmen:\",\"info_link\":\"http:\\\/\\\/www.heise.de\\\/ct\\\/artikel\\\/2-Klicks-fuer-mehr-Datenschutz-1333879.html\",\"uri\":\"https:\\\/\\\/blogs.uni-paderborn.de\\\/forscherkoffer\\\/das-material\\\/\",\"post_id\":10,\"post_title_referrer_track\":\"DAS+MATERIAL\",\"display_infobox\":\"on\"});}});\n\/* ]]> *\/<\/script><\/div>\n<p class=\"has-medium-font-size\" style=\"text-transform:none\"><strong>Die Elemente des Forscherkoffers: Methodenkarten, Lexika, Materialpaket und Leitfaden<\/strong><\/p>\n\n\n\n<p>Der Forscherkoffer beinhaltet umfassende Materialien, um das systematische Forschen in vier Schritten zu unterst\u00fctzen.&nbsp;<\/p>\n\n\n\n<p><\/p>\n\n\n\n<div class=\"wp-block-group has-background is-vertical is-content-justification-center is-layout-flex wp-container-core-group-is-layout-4b2eccd6 wp-block-group-is-layout-flex\" style=\"background-color:#fff1872e\">\n<p><\/p>\n\n\n\n<p class=\"has-medium-font-size\"><strong>Methodenkarten<\/strong><\/p>\n\n\n\n<p>Zentrales Element des Forscherkoffers bilden die Methodenkarten, die den Prozess des Forschens unterst\u00fctzen, jedoch dabei thematische Offenheit wahren. Die Methodenkarten liegen f\u00fcr Lehrkr\u00e4fte mit methodisch-didaktischem Kommentar sowie als Ausf\u00fchrung f\u00fcr Kinder vor.&nbsp;<\/p>\n\n\n<div class=\"wp-block-image\">\n<figure class=\"aligncenter size-large is-resized\"><img loading=\"lazy\" decoding=\"async\" width=\"1024\" height=\"361\" src=\"https:\/\/blogs.uni-paderborn.de\/forscherkoffer\/files\/2024\/10\/Methodenkarten_UeBERARBEITET_AS-1024x361.jpg\" alt=\"\" class=\"wp-image-139\" style=\"width:575px;height:auto\" srcset=\"https:\/\/blogs.uni-paderborn.de\/forscherkoffer\/files\/2024\/10\/Methodenkarten_UeBERARBEITET_AS-1024x361.jpg 1024w, https:\/\/blogs.uni-paderborn.de\/forscherkoffer\/files\/2024\/10\/Methodenkarten_UeBERARBEITET_AS-300x106.jpg 300w, https:\/\/blogs.uni-paderborn.de\/forscherkoffer\/files\/2024\/10\/Methodenkarten_UeBERARBEITET_AS-768x271.jpg 768w, https:\/\/blogs.uni-paderborn.de\/forscherkoffer\/files\/2024\/10\/Methodenkarten_UeBERARBEITET_AS-1536x541.jpg 1536w, https:\/\/blogs.uni-paderborn.de\/forscherkoffer\/files\/2024\/10\/Methodenkarten_UeBERARBEITET_AS-2048x722.jpg 2048w, https:\/\/blogs.uni-paderborn.de\/forscherkoffer\/files\/2024\/10\/Methodenkarten_UeBERARBEITET_AS-624x220.jpg 624w\" sizes=\"auto, (max-width: 1024px) 100vw, 1024px\" \/><\/figure>\n<\/div>\n\n\n<p><\/p>\n<\/div>\n\n\n\n<p><\/p>\n\n\n\n<div class=\"wp-block-group has-background is-vertical is-content-justification-center is-layout-flex wp-container-core-group-is-layout-4b2eccd6 wp-block-group-is-layout-flex\" style=\"background-color:#fff1872e\">\n<p><\/p>\n\n\n\n<p class=\"has-medium-font-size\"><strong>Lexika<\/strong><\/p>\n\n\n\n<p>Wichtige Begrifflichkeiten sind auf den Methodenkarten der Kinder sowie der Lehrkr\u00e4fte als Fachvokabular markiert und lassen sich im Lexikon nachlesen. Dieses liegt ebenso als Ausf\u00fchrung f\u00fcr Kinder wie f\u00fcr Lehrkr\u00e4fte vor.&nbsp;<\/p>\n\n\n\n<figure class=\"wp-block-gallery has-nested-images columns-default is-cropped wp-block-gallery-1 is-layout-flex wp-block-gallery-is-layout-flex\">\n<figure class=\"wp-block-image size-large is-resized is-style-default\"><img loading=\"lazy\" decoding=\"async\" width=\"1024\" height=\"726\" data-id=\"140\" src=\"https:\/\/blogs.uni-paderborn.de\/forscherkoffer\/files\/2024\/10\/final_Lexikon_Kinder_A6_UeBERARBEITET-AS-1024x726.jpg\" alt=\"\" class=\"wp-image-140\" style=\"width:273px;height:auto\" srcset=\"https:\/\/blogs.uni-paderborn.de\/forscherkoffer\/files\/2024\/10\/final_Lexikon_Kinder_A6_UeBERARBEITET-AS-1024x726.jpg 1024w, https:\/\/blogs.uni-paderborn.de\/forscherkoffer\/files\/2024\/10\/final_Lexikon_Kinder_A6_UeBERARBEITET-AS-300x213.jpg 300w, https:\/\/blogs.uni-paderborn.de\/forscherkoffer\/files\/2024\/10\/final_Lexikon_Kinder_A6_UeBERARBEITET-AS-768x545.jpg 768w, https:\/\/blogs.uni-paderborn.de\/forscherkoffer\/files\/2024\/10\/final_Lexikon_Kinder_A6_UeBERARBEITET-AS-1536x1090.jpg 1536w, https:\/\/blogs.uni-paderborn.de\/forscherkoffer\/files\/2024\/10\/final_Lexikon_Kinder_A6_UeBERARBEITET-AS-624x443.jpg 624w, https:\/\/blogs.uni-paderborn.de\/forscherkoffer\/files\/2024\/10\/final_Lexikon_Kinder_A6_UeBERARBEITET-AS.jpg 1748w\" sizes=\"auto, (max-width: 1024px) 100vw, 1024px\" \/><\/figure>\n\n\n\n<figure class=\"wp-block-image size-large is-resized\"><img loading=\"lazy\" decoding=\"async\" width=\"1024\" height=\"726\" data-id=\"141\" src=\"https:\/\/blogs.uni-paderborn.de\/forscherkoffer\/files\/2024\/10\/final_Lexikon_Kinder_A6_UeBERARBEITET-AS2-1024x726.jpg\" alt=\"\" class=\"wp-image-141\" style=\"width:272px;height:auto\" srcset=\"https:\/\/blogs.uni-paderborn.de\/forscherkoffer\/files\/2024\/10\/final_Lexikon_Kinder_A6_UeBERARBEITET-AS2-1024x726.jpg 1024w, https:\/\/blogs.uni-paderborn.de\/forscherkoffer\/files\/2024\/10\/final_Lexikon_Kinder_A6_UeBERARBEITET-AS2-300x213.jpg 300w, https:\/\/blogs.uni-paderborn.de\/forscherkoffer\/files\/2024\/10\/final_Lexikon_Kinder_A6_UeBERARBEITET-AS2-768x545.jpg 768w, https:\/\/blogs.uni-paderborn.de\/forscherkoffer\/files\/2024\/10\/final_Lexikon_Kinder_A6_UeBERARBEITET-AS2-1536x1090.jpg 1536w, https:\/\/blogs.uni-paderborn.de\/forscherkoffer\/files\/2024\/10\/final_Lexikon_Kinder_A6_UeBERARBEITET-AS2-624x443.jpg 624w, https:\/\/blogs.uni-paderborn.de\/forscherkoffer\/files\/2024\/10\/final_Lexikon_Kinder_A6_UeBERARBEITET-AS2.jpg 1748w\" sizes=\"auto, (max-width: 1024px) 100vw, 1024px\" \/><\/figure>\n<\/figure>\n\n\n\n<p><\/p>\n<\/div>\n\n\n\n<p><\/p>\n\n\n\n<div class=\"wp-block-group has-background is-vertical is-content-justification-center is-layout-flex wp-container-core-group-is-layout-4b2eccd6 wp-block-group-is-layout-flex\" style=\"background-color:#fff1872e\">\n<p><\/p>\n\n\n\n<p class=\"has-medium-font-size\"><strong>Materialpaket<\/strong><\/p>\n\n\n\n<p>Weiterf\u00fchrende Materialien, die die Methodenkarten erweitern \u2013 z.B. in Form von Checklisten oder Reflexionsfragen \u2013, sind auf den Methodenkarten ebenso markiert und finden sich im Materialpaket.<\/p>\n\n\n\n<figure class=\"wp-block-gallery aligncenter has-nested-images columns-default is-cropped wp-block-gallery-2 is-layout-flex wp-block-gallery-is-layout-flex\">\n<figure class=\"wp-block-image size-medium\"><img loading=\"lazy\" decoding=\"async\" width=\"212\" height=\"300\" data-id=\"142\" src=\"https:\/\/blogs.uni-paderborn.de\/forscherkoffer\/files\/2024\/10\/Materialpaket_AS-ueberarbeitet-212x300.jpg\" alt=\"\" class=\"wp-image-142\" srcset=\"https:\/\/blogs.uni-paderborn.de\/forscherkoffer\/files\/2024\/10\/Materialpaket_AS-ueberarbeitet-212x300.jpg 212w, https:\/\/blogs.uni-paderborn.de\/forscherkoffer\/files\/2024\/10\/Materialpaket_AS-ueberarbeitet-724x1024.jpg 724w, https:\/\/blogs.uni-paderborn.de\/forscherkoffer\/files\/2024\/10\/Materialpaket_AS-ueberarbeitet-768x1086.jpg 768w, https:\/\/blogs.uni-paderborn.de\/forscherkoffer\/files\/2024\/10\/Materialpaket_AS-ueberarbeitet-1086x1536.jpg 1086w, https:\/\/blogs.uni-paderborn.de\/forscherkoffer\/files\/2024\/10\/Materialpaket_AS-ueberarbeitet-1448x2048.jpg 1448w, https:\/\/blogs.uni-paderborn.de\/forscherkoffer\/files\/2024\/10\/Materialpaket_AS-ueberarbeitet-624x883.jpg 624w, https:\/\/blogs.uni-paderborn.de\/forscherkoffer\/files\/2024\/10\/Materialpaket_AS-ueberarbeitet-scaled.jpg 1810w\" sizes=\"auto, (max-width: 212px) 100vw, 212px\" \/><\/figure>\n\n\n\n<figure class=\"wp-block-image size-medium\"><img loading=\"lazy\" decoding=\"async\" width=\"212\" height=\"300\" data-id=\"143\" src=\"https:\/\/blogs.uni-paderborn.de\/forscherkoffer\/files\/2024\/10\/Materialpaket_AS-ueberarbeitet-1-212x300.jpg\" alt=\"\" class=\"wp-image-143\" srcset=\"https:\/\/blogs.uni-paderborn.de\/forscherkoffer\/files\/2024\/10\/Materialpaket_AS-ueberarbeitet-1-212x300.jpg 212w, https:\/\/blogs.uni-paderborn.de\/forscherkoffer\/files\/2024\/10\/Materialpaket_AS-ueberarbeitet-1-724x1024.jpg 724w, https:\/\/blogs.uni-paderborn.de\/forscherkoffer\/files\/2024\/10\/Materialpaket_AS-ueberarbeitet-1-768x1086.jpg 768w, https:\/\/blogs.uni-paderborn.de\/forscherkoffer\/files\/2024\/10\/Materialpaket_AS-ueberarbeitet-1-1086x1536.jpg 1086w, https:\/\/blogs.uni-paderborn.de\/forscherkoffer\/files\/2024\/10\/Materialpaket_AS-ueberarbeitet-1-1448x2048.jpg 1448w, https:\/\/blogs.uni-paderborn.de\/forscherkoffer\/files\/2024\/10\/Materialpaket_AS-ueberarbeitet-1-624x883.jpg 624w, https:\/\/blogs.uni-paderborn.de\/forscherkoffer\/files\/2024\/10\/Materialpaket_AS-ueberarbeitet-1-scaled.jpg 1810w\" sizes=\"auto, (max-width: 212px) 100vw, 212px\" \/><\/figure>\n<\/figure>\n\n\n\n<p><\/p>\n<\/div>\n\n\n\n<p><\/p>\n\n\n\n<div class=\"wp-block-group has-background is-vertical is-content-justification-center is-layout-flex wp-container-core-group-is-layout-4b2eccd6 wp-block-group-is-layout-flex\" style=\"background-color:#fff1872e\">\n<p><\/p>\n\n\n\n<p class=\"has-medium-font-size\"><strong>Leitfaden<\/strong><\/p>\n\n\n\n<p>F\u00fcr Lehrkr\u00e4fte liegt au\u00dferdem eine didaktische Handreichung zum Forscherkoffer in Form eines Leitfadens vor.<\/p>\n\n\n\n<figure class=\"wp-block-gallery has-nested-images columns-default is-cropped wp-block-gallery-3 is-layout-flex wp-block-gallery-is-layout-flex\">\n<figure class=\"wp-block-image size-medium\"><img loading=\"lazy\" decoding=\"async\" width=\"211\" height=\"300\" data-id=\"144\" src=\"https:\/\/blogs.uni-paderborn.de\/forscherkoffer\/files\/2024\/10\/Leitfaden_ueberarbeitet-AS-211x300.jpg\" alt=\"\" class=\"wp-image-144\" srcset=\"https:\/\/blogs.uni-paderborn.de\/forscherkoffer\/files\/2024\/10\/Leitfaden_ueberarbeitet-AS-211x300.jpg 211w, https:\/\/blogs.uni-paderborn.de\/forscherkoffer\/files\/2024\/10\/Leitfaden_ueberarbeitet-AS-722x1024.jpg 722w, https:\/\/blogs.uni-paderborn.de\/forscherkoffer\/files\/2024\/10\/Leitfaden_ueberarbeitet-AS-768x1090.jpg 768w, https:\/\/blogs.uni-paderborn.de\/forscherkoffer\/files\/2024\/10\/Leitfaden_ueberarbeitet-AS-1083x1536.jpg 1083w, https:\/\/blogs.uni-paderborn.de\/forscherkoffer\/files\/2024\/10\/Leitfaden_ueberarbeitet-AS-1444x2048.jpg 1444w, https:\/\/blogs.uni-paderborn.de\/forscherkoffer\/files\/2024\/10\/Leitfaden_ueberarbeitet-AS-624x885.jpg 624w, https:\/\/blogs.uni-paderborn.de\/forscherkoffer\/files\/2024\/10\/Leitfaden_ueberarbeitet-AS.jpg 1748w\" sizes=\"auto, (max-width: 211px) 100vw, 211px\" \/><\/figure>\n\n\n\n<figure class=\"wp-block-image size-medium\"><img loading=\"lazy\" decoding=\"async\" width=\"211\" height=\"300\" data-id=\"145\" src=\"https:\/\/blogs.uni-paderborn.de\/forscherkoffer\/files\/2024\/10\/Leitfaden_ueberarbeitet-AS-1-211x300.jpg\" alt=\"\" class=\"wp-image-145\" srcset=\"https:\/\/blogs.uni-paderborn.de\/forscherkoffer\/files\/2024\/10\/Leitfaden_ueberarbeitet-AS-1-211x300.jpg 211w, https:\/\/blogs.uni-paderborn.de\/forscherkoffer\/files\/2024\/10\/Leitfaden_ueberarbeitet-AS-1-722x1024.jpg 722w, https:\/\/blogs.uni-paderborn.de\/forscherkoffer\/files\/2024\/10\/Leitfaden_ueberarbeitet-AS-1-768x1090.jpg 768w, https:\/\/blogs.uni-paderborn.de\/forscherkoffer\/files\/2024\/10\/Leitfaden_ueberarbeitet-AS-1-1083x1536.jpg 1083w, https:\/\/blogs.uni-paderborn.de\/forscherkoffer\/files\/2024\/10\/Leitfaden_ueberarbeitet-AS-1-1444x2048.jpg 1444w, https:\/\/blogs.uni-paderborn.de\/forscherkoffer\/files\/2024\/10\/Leitfaden_ueberarbeitet-AS-1-624x885.jpg 624w, https:\/\/blogs.uni-paderborn.de\/forscherkoffer\/files\/2024\/10\/Leitfaden_ueberarbeitet-AS-1.jpg 1748w\" sizes=\"auto, (max-width: 211px) 100vw, 211px\" \/><\/figure>\n<\/figure>\n\n\n\n<p><\/p>\n<\/div>\n\n\n\n<div style=\"height:35px\" aria-hidden=\"true\" class=\"wp-block-spacer\"><\/div>\n\n\n\n<div class=\"wp-block-group is-nowrap is-layout-flex wp-container-core-group-is-layout-ad2f72ca wp-block-group-is-layout-flex\">\n<p class=\"has-medium-font-size\"><strong>Den Forscherkoffer ausleihen? Ab ins KiBi-Z!<\/strong><\/p>\n<\/div>\n\n\n\n<div class=\"wp-block-group is-nowrap is-layout-flex wp-container-core-group-is-layout-ad2f72ca wp-block-group-is-layout-flex\">\n<p>Im&nbsp;<strong>Zentrum f\u00fcr KinderBildungsForschung (KiBi-Z)<\/strong>&nbsp;der AG Grundschulp\u00e4dagogik und Fr\u00fche Bildung stehen <strong>mehrere Forscherkoffer zur Ausleihe<\/strong> zur Verf\u00fcgung (<a href=\"https:\/\/blogs.uni-paderborn.de\/kibi-z\/\">KiBi-Z | Das Zentrum f\u00fcr KinderBildungsForschung der AG Grundschulp\u00e4dagogik und Fr\u00fche Bildung (Prof. Petra B\u00fcker)<\/a>.<br>Sie finden das KiBi-Z im Forschungstreff EW:&nbsp;<strong>Raum H5.242<\/strong>. Dort k\u00f6nnen Sie sich w\u00e4hrend der \u00d6ffnungszeiten den Forscherkoffer sowie weitere Materialien rund um das Forschen im Kontext der Grundschule ausleihen. Auch f\u00fcr die <strong>Entwicklung von Ideen zum Einsatz des Forscherkoffers<\/strong> steht Ihnen das KiBi-Z-Team zur Verf\u00fcgung! <br>Schauen Sie gern vorbei!  <\/p>\n<\/div>\n\n\n<div class=\"wp-block-image\">\n<figure class=\"alignleft size-full is-resized\"><img loading=\"lazy\" decoding=\"async\" width=\"1200\" height=\"1600\" src=\"https:\/\/blogs.uni-paderborn.de\/forscherkoffer\/files\/2024\/10\/WhatsApp-Image-2024-10-29-at-09.12.47.jpeg\" alt=\"\" class=\"wp-image-159\" style=\"width:250px;height:auto\" srcset=\"https:\/\/blogs.uni-paderborn.de\/forscherkoffer\/files\/2024\/10\/WhatsApp-Image-2024-10-29-at-09.12.47.jpeg 1200w, https:\/\/blogs.uni-paderborn.de\/forscherkoffer\/files\/2024\/10\/WhatsApp-Image-2024-10-29-at-09.12.47-225x300.jpeg 225w, https:\/\/blogs.uni-paderborn.de\/forscherkoffer\/files\/2024\/10\/WhatsApp-Image-2024-10-29-at-09.12.47-768x1024.jpeg 768w, https:\/\/blogs.uni-paderborn.de\/forscherkoffer\/files\/2024\/10\/WhatsApp-Image-2024-10-29-at-09.12.47-1152x1536.jpeg 1152w, https:\/\/blogs.uni-paderborn.de\/forscherkoffer\/files\/2024\/10\/WhatsApp-Image-2024-10-29-at-09.12.47-624x832.jpeg 624w\" sizes=\"auto, (max-width: 1200px) 100vw, 1200px\" \/><\/figure>\n<\/div>\n\n<div class=\"wp-block-image\">\n<figure class=\"alignright size-large is-resized\"><img loading=\"lazy\" decoding=\"async\" width=\"1024\" height=\"722\" src=\"https:\/\/blogs.uni-paderborn.de\/forscherkoffer\/files\/2024\/10\/csm_Endversion_KiBi-Z_Logo_2018-06-21_a903cb8720-1-1024x722.png\" alt=\"\" class=\"wp-image-147\" style=\"width:327px;height:auto\" srcset=\"https:\/\/blogs.uni-paderborn.de\/forscherkoffer\/files\/2024\/10\/csm_Endversion_KiBi-Z_Logo_2018-06-21_a903cb8720-1-1024x722.png 1024w, https:\/\/blogs.uni-paderborn.de\/forscherkoffer\/files\/2024\/10\/csm_Endversion_KiBi-Z_Logo_2018-06-21_a903cb8720-1-300x211.png 300w, https:\/\/blogs.uni-paderborn.de\/forscherkoffer\/files\/2024\/10\/csm_Endversion_KiBi-Z_Logo_2018-06-21_a903cb8720-1-768x541.png 768w, https:\/\/blogs.uni-paderborn.de\/forscherkoffer\/files\/2024\/10\/csm_Endversion_KiBi-Z_Logo_2018-06-21_a903cb8720-1-1536x1083.png 1536w, https:\/\/blogs.uni-paderborn.de\/forscherkoffer\/files\/2024\/10\/csm_Endversion_KiBi-Z_Logo_2018-06-21_a903cb8720-1-624x440.png 624w, https:\/\/blogs.uni-paderborn.de\/forscherkoffer\/files\/2024\/10\/csm_Endversion_KiBi-Z_Logo_2018-06-21_a903cb8720-1.png 1667w\" sizes=\"auto, (max-width: 1024px) 100vw, 1024px\" \/><\/figure>\n<\/div>\n\n\n<div style=\"height:44px\" aria-hidden=\"true\" class=\"wp-block-spacer\"><\/div>\n\n\n\n<div class=\"wp-block-group is-nowrap is-layout-flex wp-container-core-group-is-layout-ad2f72ca wp-block-group-is-layout-flex\">\n<p class=\"has-medium-font-size\"><strong>Den Forscherkoffer nutzen &#8211; aber wie? <\/strong><br><strong>Buchen Sie einen Workshop im KiBi-Z!<\/strong><\/p>\n\n\n\n<div style=\"height:76px;width:0px\" aria-hidden=\"true\" class=\"wp-block-spacer wp-container-content-293e57de\"><\/div>\n<\/div>\n\n\n\n<p>Sie w\u00fcrden den Koffer gern in der Schule nutzen, Einsatzm\u00f6glichkeiten erproben oder die Konzeption untersuchen und w\u00fcnschen sich eine inhaltliche Einf\u00fchrung? Dann nutzen Sie die M\u00f6glichkeit und <strong>buchen Sie einen Workshop<\/strong> f\u00fcr den Forscherkoffer! Im Workshop arbeiten Sie nicht nur handlungsorientiert am Material, sondern erlangen auch Hintergrundwissen zum Partizipativen Forschen mit Kindern und sprechen gemeinsam mit anderen Teilnehmer:innen \u00fcber einen m\u00f6glichen Einsatz des Koffers. <strong>Bei Interesse wenden Sie sich gern an die untenstehende Ansprechpartnerin!<\/strong><\/p>\n\n\n\n<p><\/p>\n\n\n\n<p class=\"has-medium-font-size\"><strong>Ansprechpartnerinnen:<\/strong><\/p>\n\n\n\n<div class=\"wp-block-media-text is-stacked-on-mobile\" style=\"grid-template-columns:28% auto\"><figure class=\"wp-block-media-text__media\"><img loading=\"lazy\" decoding=\"async\" width=\"220\" height=\"315\" src=\"https:\/\/blogs.uni-paderborn.de\/forscherkoffer\/files\/2024\/08\/Petra-Bueker-2.png\" alt=\"\" class=\"wp-image-82 size-full\" srcset=\"https:\/\/blogs.uni-paderborn.de\/forscherkoffer\/files\/2024\/08\/Petra-Bueker-2.png 220w, https:\/\/blogs.uni-paderborn.de\/forscherkoffer\/files\/2024\/08\/Petra-Bueker-2-210x300.png 210w\" sizes=\"auto, (max-width: 220px) 100vw, 220px\" \/><\/figure><div class=\"wp-block-media-text__content\">\n<p><strong>Petra B\u00fcker<\/strong><\/p>\n\n\n\n<p>petra.bueker@uni-paderborn.de<\/p>\n<\/div><\/div>\n\n\n\n<div class=\"wp-block-media-text is-stacked-on-mobile\" style=\"grid-template-columns:28% auto\"><figure class=\"wp-block-media-text__media\"><img loading=\"lazy\" decoding=\"async\" width=\"310\" height=\"443\" src=\"https:\/\/blogs.uni-paderborn.de\/forscherkoffer\/files\/2024\/08\/Hannah-Fernhomberg-2.png\" alt=\"\" class=\"wp-image-81 size-full\" srcset=\"https:\/\/blogs.uni-paderborn.de\/forscherkoffer\/files\/2024\/08\/Hannah-Fernhomberg-2.png 310w, https:\/\/blogs.uni-paderborn.de\/forscherkoffer\/files\/2024\/08\/Hannah-Fernhomberg-2-210x300.png 210w\" sizes=\"auto, (max-width: 310px) 100vw, 310px\" \/><\/figure><div class=\"wp-block-media-text__content\">\n<p><strong>Hannah Fernhomberg<\/strong><\/p>\n\n\n\n<p>hannah.marie.fernhomberg@uni-paderborn.de<\/p>\n<\/div><\/div>\n","protected":false},"excerpt":{"rendered":"<p>Die Elemente des Forscherkoffers: Methodenkarten, Lexika, Materialpaket und Leitfaden Der Forscherkoffer beinhaltet umfassende Materialien, um das systematische Forschen in vier Schritten zu unterst\u00fctzen.&nbsp; Methodenkarten Zentrales Element des Forscherkoffers bilden die Methodenkarten, die den Prozess des Forschens unterst\u00fctzen, jedoch dabei thematische Offenheit wahren. Die Methodenkarten liegen f\u00fcr Lehrkr\u00e4fte mit methodisch-didaktischem Kommentar sowie als Ausf\u00fchrung f\u00fcr Kinder [&hellip;]<\/p>\n","protected":false},"author":9273,"featured_media":0,"parent":0,"menu_order":0,"comment_status":"closed","ping_status":"closed","template":"","meta":{"footnotes":""},"class_list":["post-10","page","type-page","status-publish","hentry"],"_links":{"self":[{"href":"https:\/\/blogs.uni-paderborn.de\/forscherkoffer\/wp-json\/wp\/v2\/pages\/10","targetHints":{"allow":["GET"]}}],"collection":[{"href":"https:\/\/blogs.uni-paderborn.de\/forscherkoffer\/wp-json\/wp\/v2\/pages"}],"about":[{"href":"https:\/\/blogs.uni-paderborn.de\/forscherkoffer\/wp-json\/wp\/v2\/types\/page"}],"author":[{"embeddable":true,"href":"https:\/\/blogs.uni-paderborn.de\/forscherkoffer\/wp-json\/wp\/v2\/users\/9273"}],"replies":[{"embeddable":true,"href":"https:\/\/blogs.uni-paderborn.de\/forscherkoffer\/wp-json\/wp\/v2\/comments?post=10"}],"version-history":[{"count":43,"href":"https:\/\/blogs.uni-paderborn.de\/forscherkoffer\/wp-json\/wp\/v2\/pages\/10\/revisions"}],"predecessor-version":[{"id":258,"href":"https:\/\/blogs.uni-paderborn.de\/forscherkoffer\/wp-json\/wp\/v2\/pages\/10\/revisions\/258"}],"wp:attachment":[{"href":"https:\/\/blogs.uni-paderborn.de\/forscherkoffer\/wp-json\/wp\/v2\/media?parent=10"}],"curies":[{"name":"wp","href":"https:\/\/api.w.org\/{rel}","templated":true}]}}