{"id":71,"date":"2023-01-19T18:09:01","date_gmt":"2023-01-19T17:09:01","guid":{"rendered":"https:\/\/blogs.uni-paderborn.de\/filmsammlung\/?page_id=71"},"modified":"2025-07-09T08:40:54","modified_gmt":"2025-07-09T06:40:54","slug":"veranstaltungen","status":"publish","type":"page","link":"https:\/\/blogs.uni-paderborn.de\/filmsammlung\/veranstaltungen\/","title":{"rendered":"VERANSTALTUNGEN"},"content":{"rendered":"<div class=\"twoclick_social_bookmarks_post_71 social_share_privacy clearfix 1.6.4 locale-de_DE sprite-de_DE\"><\/div><div class=\"twoclick-js\"><script type=\"text\/javascript\">\/* <![CDATA[ *\/\njQuery(document).ready(function($){if($('.twoclick_social_bookmarks_post_71')){$('.twoclick_social_bookmarks_post_71').socialSharePrivacy({\"txt_help\":\"Wenn Sie diese Felder durch einen Klick aktivieren, werden Informationen an Facebook, Twitter, Flattr, Xing, t3n, LinkedIn, Pinterest oder Google eventuell ins Ausland \\u00fcbertragen und unter Umst\\u00e4nden auch dort gespeichert. N\\u00e4heres erfahren Sie durch einen Klick auf das <em>i<\\\/em>.\",\"settings_perma\":\"Dauerhaft aktivieren und Daten\\u00fcber-tragung zustimmen:\",\"info_link\":\"http:\\\/\\\/www.heise.de\\\/ct\\\/artikel\\\/2-Klicks-fuer-mehr-Datenschutz-1333879.html\",\"uri\":\"https:\\\/\\\/blogs.uni-paderborn.de\\\/filmsammlung\\\/veranstaltungen\\\/\",\"post_id\":71,\"post_title_referrer_track\":\"VERANSTALTUNGEN\",\"display_infobox\":\"on\"});}});\n\/* ]]> *\/<\/script><\/div>\n<div class=\"wp-block-cover alignfull is-light has-parallax\"><span aria-hidden=\"true\" class=\"wp-block-cover__background has-background-dim-0 has-background-dim\"><\/span><div class=\"wp-block-cover__image-background wp-image-62 has-parallax\" style=\"background-position:50% 50%;background-image:url(https:\/\/blogs.uni-paderborn.de\/filmsammlung\/files\/2023\/01\/Screenshots_Berlin_02e.jpg)\"><\/div><div class=\"wp-block-cover__inner-container is-layout-flow wp-block-cover-is-layout-flow\">\n<p class=\"has-text-align-center has-large-font-size\"><\/p>\n<\/div><\/div>\n\n\n\n<div class=\"wp-block-media-text is-stacked-on-mobile\" style=\"grid-template-columns:46% auto\"><figure class=\"wp-block-media-text__media\"><img loading=\"lazy\" decoding=\"async\" width=\"494\" height=\"374\" src=\"https:\/\/blogs.uni-paderborn.de\/filmsammlung\/files\/2025\/07\/WeiblicheZone.png\" alt=\"\" class=\"wp-image-753 size-full\" srcset=\"https:\/\/blogs.uni-paderborn.de\/filmsammlung\/files\/2025\/07\/WeiblicheZone.png 494w, https:\/\/blogs.uni-paderborn.de\/filmsammlung\/files\/2025\/07\/WeiblicheZone-300x227.png 300w\" sizes=\"auto, (max-width: 494px) 100vw, 494px\" \/><\/figure><div class=\"wp-block-media-text__content\">\n<h3 class=\"wp-block-heading\">IN UTERO: <strong>Vorstellungen von Weiblichkeit zwischen Biologie und Gesellschaft<\/strong><\/h3>\n\n\n\n<p><strong>Filmprogramm be<\/strong>i <strong>GRAINY DAYS \u2013 16MM-FESTIVAL<\/strong><\/p>\n\n\n\n<p>Vorf\u00fchrung am 25.07.2025 um 19:30 Uhr im Metropolis Kino Hamburg<\/p>\n\n\n\n<div class=\"wp-block-buttons is-layout-flex wp-block-buttons-is-layout-flex\">\n<div class=\"wp-block-button\"><a class=\"wp-block-button__link wp-element-button\" href=\"https:\/\/blogs.uni-paderborn.de\/filmsammlung\/in-utero-vorstellungen-von-weiblichkeit-zwischen-biologie-und-gesellschaft\/\">zum Event<\/a><\/div>\n<\/div>\n<\/div><\/div>\n\n\n\n<div class=\"wp-block-media-text is-stacked-on-mobile\" style=\"grid-template-columns:46% auto\"><figure class=\"wp-block-media-text__media\"><img loading=\"lazy\" decoding=\"async\" width=\"392\" height=\"288\" src=\"https:\/\/blogs.uni-paderborn.de\/filmsammlung\/files\/2025\/07\/Myxo.png\" alt=\"\" class=\"wp-image-736 size-full\" srcset=\"https:\/\/blogs.uni-paderborn.de\/filmsammlung\/files\/2025\/07\/Myxo.png 392w, https:\/\/blogs.uni-paderborn.de\/filmsammlung\/files\/2025\/07\/Myxo-300x220.png 300w\" sizes=\"auto, (max-width: 392px) 100vw, 392px\" \/><\/figure><div class=\"wp-block-media-text__content\">\n<h3 class=\"wp-block-heading\">WILD | WALD \/ ZELLULOID \\<\/h3>\n\n\n\n<p><strong>Ringvorlesung \u201eElementare Ontologien und Medien zwischen Politisierung und Entpolitisierung\u201c<\/strong><\/p>\n\n\n\n<p>Projektion und Diskussion am 13.05.2025<\/p>\n\n\n\n<div class=\"wp-block-buttons is-layout-flex wp-block-buttons-is-layout-flex\">\n<div class=\"wp-block-button\"><a class=\"wp-block-button__link wp-element-button\" href=\"https:\/\/blogs.uni-paderborn.de\/filmsammlung\/wild-wald-zelluloid\/\">zum Event<\/a><\/div>\n<\/div>\n<\/div><\/div>\n\n\n\n<div class=\"wp-block-media-text is-stacked-on-mobile\" style=\"grid-template-columns:46% auto\"><figure class=\"wp-block-media-text__media\"><img loading=\"lazy\" decoding=\"async\" width=\"1024\" height=\"683\" src=\"https:\/\/blogs.uni-paderborn.de\/filmsammlung\/files\/2024\/03\/IMG_3949_web_02-1024x683.jpg\" alt=\"\" class=\"wp-image-533 size-full\" srcset=\"https:\/\/blogs.uni-paderborn.de\/filmsammlung\/files\/2024\/03\/IMG_3949_web_02-1024x683.jpg 1024w, https:\/\/blogs.uni-paderborn.de\/filmsammlung\/files\/2024\/03\/IMG_3949_web_02-300x200.jpg 300w, https:\/\/blogs.uni-paderborn.de\/filmsammlung\/files\/2024\/03\/IMG_3949_web_02-768x512.jpg 768w, https:\/\/blogs.uni-paderborn.de\/filmsammlung\/files\/2024\/03\/IMG_3949_web_02.jpg 1500w\" sizes=\"auto, (max-width: 1024px) 100vw, 1024px\" \/><\/figure><div class=\"wp-block-media-text__content\">\n<h3 class=\"wp-block-heading\">LEHRFILM ERFORSCHEN. <\/h3>\n\n\n\n<p><strong>Theoretische und Methodische Zugriffe auf den edukativen Film<\/strong><\/p>\n\n\n\n<p>Online-Workshop am 23.\/24.05.2024<\/p>\n\n\n\n<div class=\"wp-block-buttons is-layout-flex wp-block-buttons-is-layout-flex\">\n<div class=\"wp-block-button\"><a class=\"wp-block-button__link wp-element-button\" href=\"https:\/\/blogs.uni-paderborn.de\/filmsammlung\/lehrfilm-erforschen\/\">zum Event<\/a><\/div>\n<\/div>\n<\/div><\/div>\n\n\n\n<div class=\"wp-block-media-text is-stacked-on-mobile\" style=\"grid-template-columns:46% auto\"><figure class=\"wp-block-media-text__media\"><img loading=\"lazy\" decoding=\"async\" width=\"1024\" height=\"683\" src=\"https:\/\/blogs.uni-paderborn.de\/filmsammlung\/files\/2023\/10\/denise-jans-9lTUAlNB87M-unsplash_02-scaled-e1697214728140-1024x683.jpg\" alt=\"\" class=\"wp-image-196 size-full\" srcset=\"https:\/\/blogs.uni-paderborn.de\/filmsammlung\/files\/2023\/10\/denise-jans-9lTUAlNB87M-unsplash_02-scaled-e1697214728140-1024x683.jpg 1024w, https:\/\/blogs.uni-paderborn.de\/filmsammlung\/files\/2023\/10\/denise-jans-9lTUAlNB87M-unsplash_02-scaled-e1697214728140-300x200.jpg 300w, https:\/\/blogs.uni-paderborn.de\/filmsammlung\/files\/2023\/10\/denise-jans-9lTUAlNB87M-unsplash_02-scaled-e1697214728140-768x512.jpg 768w, https:\/\/blogs.uni-paderborn.de\/filmsammlung\/files\/2023\/10\/denise-jans-9lTUAlNB87M-unsplash_02-scaled-e1697214728140-1536x1024.jpg 1536w, https:\/\/blogs.uni-paderborn.de\/filmsammlung\/files\/2023\/10\/denise-jans-9lTUAlNB87M-unsplash_02-scaled-e1697214728140-2048x1366.jpg 2048w\" sizes=\"auto, (max-width: 1024px) 100vw, 1024px\" \/><\/figure><div class=\"wp-block-media-text__content\">\n<h3 class=\"wp-block-heading\">100 JAHRE 16 MM<\/h3>\n\n\n\n<p><strong>Vortr\u00e4ge &amp; Projektionen zum 100j\u00e4hrigen Bestehen eines legend\u00e4ren Filmformats<\/strong><\/p>\n\n\n\n<p>Wintersemester 2023\/24<\/p>\n\n\n\n<div class=\"wp-block-buttons is-layout-flex wp-block-buttons-is-layout-flex\">\n<div class=\"wp-block-button\"><a class=\"wp-block-button__link wp-element-button\" href=\"https:\/\/blogs.uni-paderborn.de\/filmsammlung\/100-jahre-16mm\/\">zum Event<\/a><\/div>\n<\/div>\n<\/div><\/div>\n\n\n\n<div class=\"wp-block-media-text is-stacked-on-mobile\" style=\"grid-template-columns:46% auto\"><figure class=\"wp-block-media-text__media\"><img loading=\"lazy\" decoding=\"async\" width=\"1024\" height=\"683\" src=\"https:\/\/blogs.uni-paderborn.de\/filmsammlung\/files\/2023\/11\/IMG_0018-1024x683.jpg\" alt=\"\" class=\"wp-image-347 size-full\" srcset=\"https:\/\/blogs.uni-paderborn.de\/filmsammlung\/files\/2023\/11\/IMG_0018-1024x683.jpg 1024w, https:\/\/blogs.uni-paderborn.de\/filmsammlung\/files\/2023\/11\/IMG_0018-300x200.jpg 300w, https:\/\/blogs.uni-paderborn.de\/filmsammlung\/files\/2023\/11\/IMG_0018-768x512.jpg 768w, https:\/\/blogs.uni-paderborn.de\/filmsammlung\/files\/2023\/11\/IMG_0018-1536x1024.jpg 1536w, https:\/\/blogs.uni-paderborn.de\/filmsammlung\/files\/2023\/11\/IMG_0018-2048x1365.jpg 2048w\" sizes=\"auto, (max-width: 1024px) 100vw, 1024px\" \/><\/figure><div class=\"wp-block-media-text__content\">\n<h3 class=\"wp-block-heading\">ENTSTAUBT<\/h3>\n\n\n\n<p><strong>Zur Bedeutung von 16mm-Filmen in Archiven in NRW<\/strong><\/p>\n\n\n\n<p>27. Januar 2023<\/p>\n\n\n\n<div class=\"wp-block-buttons is-layout-flex wp-block-buttons-is-layout-flex\">\n<div class=\"wp-block-button\"><a class=\"wp-block-button__link wp-element-button\" href=\"https:\/\/blogs.uni-paderborn.de\/filmsammlung\/entstaubt-zur-bedeutung-von-16mm-filmen-in-archiven-in-nrw-27-01-2023\/\">zum Event<\/a><\/div>\n<\/div>\n<\/div><\/div>\n\n\n\n<p><\/p>\n\n\n\n<p><\/p>\n","protected":false},"excerpt":{"rendered":"","protected":false},"author":9268,"featured_media":0,"parent":0,"menu_order":0,"comment_status":"closed","ping_status":"closed","template":"","meta":{"footnotes":""},"class_list":["post-71","page","type-page","status-publish","hentry"],"_links":{"self":[{"href":"https:\/\/blogs.uni-paderborn.de\/filmsammlung\/wp-json\/wp\/v2\/pages\/71","targetHints":{"allow":["GET"]}}],"collection":[{"href":"https:\/\/blogs.uni-paderborn.de\/filmsammlung\/wp-json\/wp\/v2\/pages"}],"about":[{"href":"https:\/\/blogs.uni-paderborn.de\/filmsammlung\/wp-json\/wp\/v2\/types\/page"}],"author":[{"embeddable":true,"href":"https:\/\/blogs.uni-paderborn.de\/filmsammlung\/wp-json\/wp\/v2\/users\/9268"}],"replies":[{"embeddable":true,"href":"https:\/\/blogs.uni-paderborn.de\/filmsammlung\/wp-json\/wp\/v2\/comments?post=71"}],"version-history":[{"count":10,"href":"https:\/\/blogs.uni-paderborn.de\/filmsammlung\/wp-json\/wp\/v2\/pages\/71\/revisions"}],"predecessor-version":[{"id":760,"href":"https:\/\/blogs.uni-paderborn.de\/filmsammlung\/wp-json\/wp\/v2\/pages\/71\/revisions\/760"}],"wp:attachment":[{"href":"https:\/\/blogs.uni-paderborn.de\/filmsammlung\/wp-json\/wp\/v2\/media?parent=71"}],"curies":[{"name":"wp","href":"https:\/\/api.w.org\/{rel}","templated":true}]}}