{"id":36,"date":"2023-01-18T10:24:43","date_gmt":"2023-01-18T09:24:43","guid":{"rendered":"https:\/\/blogs.uni-paderborn.de\/filmsammlung\/?page_id=36"},"modified":"2023-11-21T00:28:56","modified_gmt":"2023-11-20T23:28:56","slug":"ueber-die-filmsammlung","status":"publish","type":"page","link":"https:\/\/blogs.uni-paderborn.de\/filmsammlung\/ueber-die-filmsammlung\/","title":{"rendered":"\u00dcBER DIE FILMSAMMLUNG"},"content":{"rendered":"<div class=\"twoclick_social_bookmarks_post_36 social_share_privacy clearfix 1.6.4 locale-de_DE sprite-de_DE\"><\/div><div class=\"twoclick-js\"><script type=\"text\/javascript\">\/* <![CDATA[ *\/\njQuery(document).ready(function($){if($('.twoclick_social_bookmarks_post_36')){$('.twoclick_social_bookmarks_post_36').socialSharePrivacy({\"txt_help\":\"Wenn Sie diese Felder durch einen Klick aktivieren, werden Informationen an Facebook, Twitter, Flattr, Xing, t3n, LinkedIn, Pinterest oder Google eventuell ins Ausland \\u00fcbertragen und unter Umst\\u00e4nden auch dort gespeichert. N\\u00e4heres erfahren Sie durch einen Klick auf das <em>i<\\\/em>.\",\"settings_perma\":\"Dauerhaft aktivieren und Daten\\u00fcber-tragung zustimmen:\",\"info_link\":\"http:\\\/\\\/www.heise.de\\\/ct\\\/artikel\\\/2-Klicks-fuer-mehr-Datenschutz-1333879.html\",\"uri\":\"https:\\\/\\\/blogs.uni-paderborn.de\\\/filmsammlung\\\/ueber-die-filmsammlung\\\/\",\"post_id\":36,\"post_title_referrer_track\":\"%C3%9CBER+DIE+FILMSAMMLUNG\",\"display_infobox\":\"on\"});}});\n\/* ]]> *\/<\/script><\/div>\n<div class=\"wp-block-cover alignfull is-light has-parallax\"><span aria-hidden=\"true\" class=\"wp-block-cover__background has-background-dim-0 has-background-dim\"><\/span><div role=\"img\" class=\"wp-block-cover__image-background wp-image-63 has-parallax\" style=\"background-position:50% 50%;background-image:url(https:\/\/blogs.uni-paderborn.de\/filmsammlung\/files\/2023\/01\/Screenshots_Berlin_02f.jpg)\"><\/div><div class=\"wp-block-cover__inner-container is-layout-flow wp-block-cover-is-layout-flow\">\n<p class=\"has-text-align-center has-large-font-size\"><\/p>\n<\/div><\/div>\n\n\n\n<p>Die Filmsammlung am Institut f\u00fcr Medienwissenschaften der Universit\u00e4t Paderborn wurde ab 2004 von Prof. Dr. em. Annette Brauerhoch kontinuierlich aufgebaut und beherbergt seitdem \u00fcber 2000 analoge Filmkopien, die sich vor allem auf drei Schwerpunkte verteilen: <\/p>\n\n\n\n<div class=\"wp-block-columns is-layout-flex wp-container-core-columns-is-layout-28f84493 wp-block-columns-is-layout-flex\">\n<div class=\"wp-block-column is-layout-flow wp-block-column-is-layout-flow\">\n<figure class=\"wp-block-image size-large\"><img loading=\"lazy\" decoding=\"async\" width=\"1024\" height=\"543\" src=\"https:\/\/blogs.uni-paderborn.de\/filmsammlung\/files\/2023\/01\/Screenshots_Berlin_02g-1024x543.jpg\" alt=\"\" class=\"wp-image-55\" srcset=\"https:\/\/blogs.uni-paderborn.de\/filmsammlung\/files\/2023\/01\/Screenshots_Berlin_02g-1024x543.jpg 1024w, https:\/\/blogs.uni-paderborn.de\/filmsammlung\/files\/2023\/01\/Screenshots_Berlin_02g-300x159.jpg 300w, https:\/\/blogs.uni-paderborn.de\/filmsammlung\/files\/2023\/01\/Screenshots_Berlin_02g-768x407.jpg 768w, https:\/\/blogs.uni-paderborn.de\/filmsammlung\/files\/2023\/01\/Screenshots_Berlin_02g-1536x814.jpg 1536w, https:\/\/blogs.uni-paderborn.de\/filmsammlung\/files\/2023\/01\/Screenshots_Berlin_02g.jpg 2000w\" sizes=\"auto, (max-width: 1024px) 100vw, 1024px\" \/><\/figure>\n\n\n\n<h5 class=\"wp-block-heading\"><a href=\"https:\/\/blogs.uni-paderborn.de\/filmsammlung\/ueber-die-filmsammlung\/experimentalfilm\/\" data-type=\"page\" data-id=\"291\">Archiv f\u00fcr den bundesdeutschen Experimental- und Avantgardefilm von Frauen<\/a><\/h5>\n<\/div>\n\n\n\n<div class=\"wp-block-column is-layout-flow wp-block-column-is-layout-flow\">\n<figure class=\"wp-block-image size-large\"><img loading=\"lazy\" decoding=\"async\" width=\"1024\" height=\"543\" src=\"https:\/\/blogs.uni-paderborn.de\/filmsammlung\/files\/2023\/01\/Screenshots_Berlin_02c-1024x543.jpg\" alt=\"\" class=\"wp-image-60\" srcset=\"https:\/\/blogs.uni-paderborn.de\/filmsammlung\/files\/2023\/01\/Screenshots_Berlin_02c-1024x543.jpg 1024w, https:\/\/blogs.uni-paderborn.de\/filmsammlung\/files\/2023\/01\/Screenshots_Berlin_02c-300x159.jpg 300w, https:\/\/blogs.uni-paderborn.de\/filmsammlung\/files\/2023\/01\/Screenshots_Berlin_02c-768x407.jpg 768w, https:\/\/blogs.uni-paderborn.de\/filmsammlung\/files\/2023\/01\/Screenshots_Berlin_02c-1536x814.jpg 1536w, https:\/\/blogs.uni-paderborn.de\/filmsammlung\/files\/2023\/01\/Screenshots_Berlin_02c.jpg 2000w\" sizes=\"auto, (max-width: 1024px) 100vw, 1024px\" \/><\/figure>\n\n\n\n<h5 class=\"wp-block-heading\"><a href=\"https:\/\/blogs.uni-paderborn.de\/filmsammlung\/ueber-die-filmsammlung\/lehr-und-gebrauchsfilmsammlung\/\" data-type=\"page\" data-id=\"259\">Lehr- und Gebrauchsfilm<\/a><\/h5>\n<\/div>\n\n\n\n<div class=\"wp-block-column is-layout-flow wp-block-column-is-layout-flow\">\n<figure class=\"wp-block-image size-large\"><img loading=\"lazy\" decoding=\"async\" width=\"1024\" height=\"543\" src=\"https:\/\/blogs.uni-paderborn.de\/filmsammlung\/files\/2023\/01\/Screenshots_Berlin_02n-1024x543.jpg\" alt=\"\" class=\"wp-image-103\" srcset=\"https:\/\/blogs.uni-paderborn.de\/filmsammlung\/files\/2023\/01\/Screenshots_Berlin_02n-1024x543.jpg 1024w, https:\/\/blogs.uni-paderborn.de\/filmsammlung\/files\/2023\/01\/Screenshots_Berlin_02n-300x159.jpg 300w, https:\/\/blogs.uni-paderborn.de\/filmsammlung\/files\/2023\/01\/Screenshots_Berlin_02n-768x407.jpg 768w, https:\/\/blogs.uni-paderborn.de\/filmsammlung\/files\/2023\/01\/Screenshots_Berlin_02n-1536x814.jpg 1536w, https:\/\/blogs.uni-paderborn.de\/filmsammlung\/files\/2023\/01\/Screenshots_Berlin_02n.jpg 2000w\" sizes=\"auto, (max-width: 1024px) 100vw, 1024px\" \/><\/figure>\n\n\n\n<h5 class=\"wp-block-heading\" id=\"block-c3083119-2dc6-4b69-b2c8-267c21cf7983\"><a href=\"https:\/\/blogs.uni-paderborn.de\/filmsammlung\/amateur-familienfilm\/\" data-type=\"page\" data-id=\"307\">Amateur- und Familienfilm<\/a><\/h5>\n<\/div>\n<\/div>\n\n\n\n<p><\/p>\n\n\n\n<div class=\"wp-block-columns is-layout-flex wp-container-core-columns-is-layout-28f84493 wp-block-columns-is-layout-flex\">\n<div class=\"wp-block-column is-layout-flow wp-block-column-is-layout-flow\" style=\"flex-basis:100%\">\n<p> <\/p>\n<\/div>\n<\/div>\n","protected":false},"excerpt":{"rendered":"<p>Die Filmsammlung am Institut f\u00fcr Medienwissenschaften der Universit\u00e4t Paderborn wurde ab 2004 von Prof. Dr. em. Annette Brauerhoch kontinuierlich aufgebaut und beherbergt seitdem \u00fcber 2000 analoge Filmkopien, die sich vor allem auf drei Schwerpunkte verteilen: Archiv f\u00fcr den bundesdeutschen Experimental- und Avantgardefilm von Frauen Lehr- und Gebrauchsfilm Amateur- und Familienfilm<\/p>\n","protected":false},"author":9268,"featured_media":0,"parent":0,"menu_order":0,"comment_status":"closed","ping_status":"closed","template":"","meta":{"footnotes":""},"class_list":["post-36","page","type-page","status-publish","hentry"],"_links":{"self":[{"href":"https:\/\/blogs.uni-paderborn.de\/filmsammlung\/wp-json\/wp\/v2\/pages\/36","targetHints":{"allow":["GET"]}}],"collection":[{"href":"https:\/\/blogs.uni-paderborn.de\/filmsammlung\/wp-json\/wp\/v2\/pages"}],"about":[{"href":"https:\/\/blogs.uni-paderborn.de\/filmsammlung\/wp-json\/wp\/v2\/types\/page"}],"author":[{"embeddable":true,"href":"https:\/\/blogs.uni-paderborn.de\/filmsammlung\/wp-json\/wp\/v2\/users\/9268"}],"replies":[{"embeddable":true,"href":"https:\/\/blogs.uni-paderborn.de\/filmsammlung\/wp-json\/wp\/v2\/comments?post=36"}],"version-history":[{"count":22,"href":"https:\/\/blogs.uni-paderborn.de\/filmsammlung\/wp-json\/wp\/v2\/pages\/36\/revisions"}],"predecessor-version":[{"id":335,"href":"https:\/\/blogs.uni-paderborn.de\/filmsammlung\/wp-json\/wp\/v2\/pages\/36\/revisions\/335"}],"wp:attachment":[{"href":"https:\/\/blogs.uni-paderborn.de\/filmsammlung\/wp-json\/wp\/v2\/media?parent=36"}],"curies":[{"name":"wp","href":"https:\/\/api.w.org\/{rel}","templated":true}]}}