{"id":170,"date":"2023-06-25T14:29:40","date_gmt":"2023-06-25T12:29:40","guid":{"rendered":"https:\/\/blogs.uni-paderborn.de\/filmsammlung\/?page_id=170"},"modified":"2023-06-25T14:35:26","modified_gmt":"2023-06-25T12:35:26","slug":"datenschutzerklaerung","status":"publish","type":"page","link":"https:\/\/blogs.uni-paderborn.de\/filmsammlung\/datenschutzerklaerung\/","title":{"rendered":"Datenschutzerkl\u00e4rung"},"content":{"rendered":"<div class=\"twoclick_social_bookmarks_post_170 social_share_privacy clearfix 1.6.4 locale-de_DE sprite-de_DE\"><\/div><div class=\"twoclick-js\"><script type=\"text\/javascript\">\/* <![CDATA[ *\/\njQuery(document).ready(function($){if($('.twoclick_social_bookmarks_post_170')){$('.twoclick_social_bookmarks_post_170').socialSharePrivacy({\"txt_help\":\"Wenn Sie diese Felder durch einen Klick aktivieren, werden Informationen an Facebook, Twitter, Flattr, Xing, t3n, LinkedIn, Pinterest oder Google eventuell ins Ausland \\u00fcbertragen und unter Umst\\u00e4nden auch dort gespeichert. N\\u00e4heres erfahren Sie durch einen Klick auf das <em>i<\\\/em>.\",\"settings_perma\":\"Dauerhaft aktivieren und Daten\\u00fcber-tragung zustimmen:\",\"info_link\":\"http:\\\/\\\/www.heise.de\\\/ct\\\/artikel\\\/2-Klicks-fuer-mehr-Datenschutz-1333879.html\",\"uri\":\"https:\\\/\\\/blogs.uni-paderborn.de\\\/filmsammlung\\\/datenschutzerklaerung\\\/\",\"post_id\":170,\"post_title_referrer_track\":\"Datenschutzerkl%C3%A4rung\",\"display_infobox\":\"on\"});}});\n\/* ]]> *\/<\/script><\/div>\n<p><strong>Version 1.1 vom 15.02.2021<\/strong><\/p>\n\n\n\n<p>Informationen \u00fcber die Verarbeitung Ihrer personenbezogenen Daten im Rahmen der Nutzung der zentralen Blog-\/WordPress-Installation von der Universit\u00e4t Paderborn gem\u00e4\u00df Art. 13 der Datenschutz-Grundverordnung (im Folgenden: DS-GVO). Hinsichtlich der im Folgenden verwendeten Begriffe, bspw. \u201epersonenbezogene Daten\u201c, \u201eVerarbeitung\u201c, \u201eVerantwortlicher\u201c etc., wird auf die Definitionen in Art. 4 der DS-GVO verwiesen.<\/p>\n\n\n\n<h3 class=\"wp-block-heading\">1. Namen und Kontaktdaten<\/h3>\n\n\n\n<p>Verantwortlich f\u00fcr die Verarbeitung Ihrer personenbezogenen Daten im Rahmen der Nutzung der zentralen Blog-\/WordPress-Installation ist die Universit\u00e4t Paderborn, eine vom Land NRW getragene, rechtsf\u00e4hige K\u00f6rperschaft des \u00d6ffentlichen Rechts. Sie wird durch den*die Pr\u00e4sident*in vertreten.<\/p>\n\n\n\n<h3 class=\"wp-block-heading\">1.1 Name und Kontaktdaten des Verantwortlichen<\/h3>\n\n\n\n<p>Universit\u00e4t Paderborn<br>Warburger Str. 100<br>33098 Paderborn<br>Tel.: +49 5251 60-0<br>Web: <a href=\"https:\/\/www.uni-paderborn.de\/\">https:\/\/www.uni-paderborn.de<\/a><\/p>\n\n\n\n<h3 class=\"wp-block-heading\">1.2 Ansprechpartner*in f\u00fcr die zentrale Blog-\/WordPress-Installation<\/h3>\n\n\n\n<p>Universit\u00e4t Paderborn<br>Zentrum f\u00fcr Informations- und Medientechnologien (IMT)<br>Leitung: Prof. Dr. Gudrun Oevel<br>E-Mail: imt@uni-paderborn.de<br>Telefon: +49 5251 60-5544<br>Web: <a href=\"https:\/\/imt.uni-paderborn.de\">https:\/\/imt.uni-paderborn.de<\/a><\/p>\n\n\n\n<h3 class=\"wp-block-heading\">1.3 Kontaktdaten der*des Datenschutzbeauftragten<\/h3>\n\n\n\n<p>Die*den beh\u00f6rdliche*n Datenschutzbeauftragte*n der Universit\u00e4t Paderborn erreichen Sie postalisch unter der oben angegebenen Adresse des Verantwortlichen (siehe Ziffer 1.1) oder wie folgt:<\/p>\n\n\n\n<p>E-Mail: <a href=\"mailto:datenschutz@uni-paderborn.de\">datenschutz@uni-paderborn.de<\/a><br>Tel.: +49 5251 60-4444<br>Web: <a href=\"https:\/\/www.uni-paderborn.de\/datenschutz\/\">https:\/\/www.uni-paderborn.de\/datenschutz\/<\/a><\/p>\n\n\n\n<p><strong>2. Datenkategorie\/n, Zwecke und Rechtsgrundlagen der Verarbeitung Ihrer personenbezogenen Daten<\/strong><\/p>\n\n\n\n<p>Im Rahmen der Nutzung der zentralen Blog-\/WordPress-Installation werden von der Universit\u00e4t Paderborn folgende Ihrer personenbezogenen Daten zu folgenden Zwecken und Rechtsgrundlagen verarbeitet:<\/p>\n\n\n\n<p><strong>2.1 Log Daten<\/strong><\/p>\n\n\n\n<p>Beim Aufruf einer Webseite \u00fcbermittelt Ihr Browser an den Webserver grunds\u00e4tzlich Daten Ihres abrufenden Ger\u00e4ts, bspw. die IP-Adresse, an die die Webseite zur\u00fcckgeschickt werden soll. Folgende Daten werden von der Universit\u00e4t Paderborn in gesicherten Log-Dateien gespeichert:<\/p>\n\n\n\n<ul class=\"wp-block-list\">\n<li>abgerufene Webseite\/-adresse<\/li>\n\n\n\n<li>Datum und Uhrzeit des Zugriffs<\/li>\n\n\n\n<li>IP-Adresse von Nutzer*innen<\/li>\n\n\n\n<li>HTTP-Statuscode<\/li>\n\n\n\n<li>abgerufene Datenmenge<\/li>\n\n\n\n<li>Browsertyp und-version \/ verwendetes Betriebssystem von Nutzer*innen<\/li>\n<\/ul>\n\n\n\n<p>Zus\u00e4tzlich werden die Anmeldung am System sowie das Auftreten von Fehlern gespeichert. Die Erhebung und Nutzung der Log-Daten erfolgen lediglich zum Zweck der Wahrung der technischen Sicherheit, des Aufsp\u00fcrens von Fehlern und deren Beseitigung sowie ggf. einer damit verbundenen anonymisierten Auswertung zu statistischen Zwecken. Die Daten werden nicht in Verbindung mit Namen oder E-Mail-Adresse ausgewertet. Rechtsgrundlage f\u00fcr die Erhebung und Nutzung der Log-Daten ist die im \u00f6ffentlichen Interesse liegende erforderliche Aufgabenerf\u00fcllung der Universit\u00e4t Paderborn gem\u00e4\u00df Art. 6 Abs. 1 UAbs. 1 lit. e), Abs. 3 DS-GVO i. V. m. \u00a7 3 Abs. 1 DSG NRW.<\/p>\n\n\n\n<p><strong>2.2 Cookies<\/strong><\/p>\n\n\n\n<p>Cookies sind Dateien, die von dem Anbieter einer Webseite im Verzeichnis des Browserprogramms auf dem Rechner von Nutzer*innen abgelegt werden k\u00f6nnen. Diese Dateien enthalten Textinformationen und k\u00f6nnen bei einem erneuten Seitenaufruf vom Anbieter wieder gelesen werden. Der Anbieter kann diese Cookies bspw. dazu nutzen, Seiten immer in der von Nutzer*innen gew\u00e4hlten Sprache auszuliefern.<\/p>\n\n\n\n<p>Cookies k\u00f6nnen mit einer Verfallszeit versehen werden. So werden bspw. Cookies, die nur in einer Sitzung verwendet werden oder deren Verfallszeit abgelaufen ist, beim Beenden des Browsers automatisch gel\u00f6scht. Das Speichern von Cookies k\u00f6nnen Sie in den Einstellungen des Browsers ausschalten, allerdings lassen sich die \u00fcber die Cookies gesteuerten Funktionen dann nicht mehr nutzen. Sie k\u00f6nnen die im Browser gespeicherten Cookies einsehen und jederzeit auch einzelne Cookies l\u00f6schen.<\/p>\n\n\n\n<p>Im Rahmen des Blogs werden folgende Cookies verwendet:<\/p>\n\n\n\n<ul class=\"wp-block-list\">\n<li>wordpress_\u2026(Wiedererkennung von Nutzer*innen w\u00e4hrend einer Session und der Verwaltung der Session; sie sind bis zum Ende der Sitzung g\u00fcltig)<\/li>\n\n\n\n<li>wp-settings- (diese Cookies werden nur f\u00fcr angemeldete Nutzer*innen gesetzt; \u00fcber sie werden Konfigurationen zugeordnet; die G\u00fcltigkeit dieser Cookies ist 1 Jahr)<\/li>\n<\/ul>\n\n\n\n<p>Diese Cookies sind f\u00fcr den Betrieb der Blog-\/WordPress-Installation technisch erforderlich. Rechtsgrundlage f\u00fcr die gesetzten Cookies ist die im \u00f6ffentlichen Interesse liegende erforderliche Aufgabenerf\u00fcllung der Universit\u00e4t Paderborn gem\u00e4\u00df Art. 6 Abs. 1 UAbs. 1 lit. e), Abs. 3 DS-GVO i. V. m. \u00a7 3 Abs. 1 DSG NRW.<\/p>\n\n\n\n<p><strong>2.3 Angemeldete Autoren von Blog-Eintr\u00e4gen<\/strong><\/p>\n\n\n\n<p>Zum Einstellen von Inhalten (bspw. neue Blogeintr\u00e4ge oder Kommentare) ist eine Anmeldung am System erforderlich \u2013 das Publizieren von Inhalten ist ohne Anmeldung nicht m\u00f6glich. Der Zugang zur zentralen Blog-\/WordPress-Installation erfolgt personalisiert mittels einer an Angeh\u00f6rige der Universit\u00e4t Paderborn zentral vergebenen \u201eUNI-Kennung\u201c.<\/p>\n\n\n\n<p><strong>2.3.1 Account-Daten<\/strong><\/p>\n\n\n\n<p>Die Authentifizierung am Blog findet mit der hochschulweiten Kennung und dem zugeh\u00f6rigen Passwort statt. Das eingegebene Passwort wird nicht in der zentralen Blog-\/WordPress-Installation gespeichert, sondern bei jeder Anmeldung am System gegen\u00fcber dem im IMT der&nbsp;Universit\u00e4t Paderborn betriebenen Verzeichnisdienst gepr\u00fcft. Bei jeder Anmeldung werden aus dem Verzeichnisdienst die<\/p>\n\n\n\n<ul class=\"wp-block-list\">\n<li>Kennung,<\/li>\n\n\n\n<li>Nachnamen,<\/li>\n\n\n\n<li>Vornamen, sowie die<\/li>\n\n\n\n<li>E-Mail-Adresse<\/li>\n<\/ul>\n\n\n\n<p>in die zentrale Blog-\/WordPress-Installation \u00fcbernommen. Basierend auf der Kennung wird in der jeweiligen zentralen Blog-\/WordPress-Installation-Instanz (Blog) ein Account angelegt, dem die aufgelisteten Daten zugeordnet werden.<\/p>\n\n\n\n<p>Die Daten in der zentralen Blog-\/WordPress-Installation werden f\u00fcr die Authentifizierung, die Administration und die Zuordnung von Inhalten und Kommentaren verwendet. Die Anzeige der Autoren von Beitr\u00e4gen und Kommentaren erfolgt mit Vor- und Nachnamen. Au\u00dferdem verschickt die zentrale Blog-\/WordPress-Installation ggf. Systemmeldungen an die \u00fcbermittelte Mail-Adresse. Eine weitergehende Nutzung der Daten findet nicht statt.<\/p>\n\n\n\n<p><strong>2.3.2 Blog-Inhalte<\/strong><\/p>\n\n\n\n<p>Authentifizierte Nutzer*innen k\u00f6nnen sich einen eigenen Blog anlegen und darin Inhalte publizieren. Die Inhalte werden in der zentralen Blog-\/WordPress-Installation gespeichert und sind \u00fcber das Web weltweit verf\u00fcgbar. Die Ver\u00f6ffentlichung personenbezogener Daten obliegt den einzelnen Nutzer*innen und basiert stets auf Freiwilligkeit. Authentifizierte Nutzer*innen k\u00f6nnen in anderen Blogs Kommentare schreiben. Die Kommentare werden mit Nutzerkennung und Zeitstempel versehen und wie Blog-Inhalte gespeichert und sind weltweit lesbar.<\/p>\n\n\n\n<p>Werden von den Betreibern einzelner Blogs zus\u00e4tzliche Daten (bspw. in Formularen) erhoben, so wird \u00fcber die damit zusammenh\u00e4ngende Verarbeitung personenbezogener Daten in den Datenschutzerkl\u00e4rungen der einzelnen Blogs informiert<\/p>\n\n\n\n<p>S\u00e4mtliche Daten der zentralen Blog-\/WordPress-Installation-Instanz werden auf gesicherten Systemen der Universit\u00e4t Paderborn gespeichert.<\/p>\n\n\n\n<p>Rechtsgrundlage f\u00fcr die Verarbeitung personenbezogener Daten hinsichtlich der Anmeldung am System sowie dem Einstellen von Inhalten in ein eigenes Blog sowie der Nutzung von weiteren Kommunikationsfunktionen basiert auf einer Einwilligung gem\u00e4\u00df Art. 6 Abs. 1 UAbs. 1 lit. a) DS-GVO.<\/p>\n\n\n\n<p><strong>3. Empf\u00e4nger Ihrer personenbezogenen Daten&nbsp;<\/strong><\/p>\n\n\n\n<p>Personenbezogene Daten, die im Rahmen der Nutzung der zentralen Blog-\/WordPress-Installation von der Universit\u00e4t Paderborn wie oben beschrieben verarbeitet werden, \u00fcbermittelt die Universit\u00e4t Paderborn vorbehaltlich der nachstehend beschriebenen Datenverarbeitungen, grunds\u00e4tzlich nicht an Dritte. In Einzelf\u00e4llen kann eine \u00dcbermittlung Ihrer Daten auf Grundlage einer gesetzlichen Erlaubnis erfolgen. Sofern (technische) Dienstleister Zugang zu Ihren personenbezogenen Daten erhalten, geschieht dies im Bedarfsfall auf Grundlage eines Vertrags gem\u00e4\u00df Art. 28 DS-GVO. F\u00fcr Datenverarbeitungen die mit anderen Verantwortlichen stattfinden, geschieht dies im Bedarfsfall auf Grundlage einer Vereinbarung gem\u00e4\u00df Art. 26 DS-GVO. Innerhalb der Universit\u00e4t Paderborn erhalten nur diejenigen Stellen und Besch\u00e4ftigten Ihre personenbezogenen Daten, wenn diese befugt sind und sie diese zur Erf\u00fcllung der\/s o. g. Zwecke\/s ben\u00f6tigen.<\/p>\n\n\n\n<p><strong>4. Daten\u00fcbermittlung au\u00dferhalb der EU<\/strong><\/p>\n\n\n\n<p>Blog-Inhalte werden \u00fcber die zentrale Blog-\/WordPress-Installation jedoch weltweit \u00fcber das Web publiziert. Darin besteht der Zweck der Blogs. Die Universit\u00e4t Paderborn macht darauf aufmerksam, dass bei jeder Ver\u00f6ffentlichung personenbezogener Daten im Internet weltweit von jedermann auf die personenbezogenen Daten \u2013 auch mit Hilfe von Suchmaschinen (bspw. Google) \u2013 zugegriffen werden kann. Auf diese Weise k\u00f6nnen Pers\u00f6nlichkeitsprofile erstellt werden, indem diese Daten mit weiteren im Internet \u00fcber Sie verf\u00fcgbaren Daten verkn\u00fcpft werden. Ebenso k\u00f6nnen die Daten von Dritten auf diese Weise zu anderen Zwecken genutzt werden, ohne dass die Universit\u00e4t Paderborn darauf vollst\u00e4ndigen Einfluss hat. Archivfunktionen von Suchmaschinen (siehe bspw. www.archive.org) erm\u00f6glichen gegebenenfalls auch dann noch einen Zugriff auf die Daten, wenn sie aus den oben genannten Internet-Angeboten der Hochschule bereits entfernt oder ge\u00e4ndert wurden. Mit der Verwendung Ihrer personenbezogenen Daten innerhalb des Internets k\u00f6nnen auch Daten in L\u00e4nder au\u00dferhalb der EU \u00fcbertragen und dort ggf. f\u00fcr nicht bekannte Zwecke gespeichert und genutzt werden. Es kann sein, dass in dem Empf\u00e4ngerland die Datenschutzgesetze oder -regelungen oder deren Anwendung ein schlechteres Schutzniveau haben als in der EU und Sie dort nicht Ihre Rechte geltend machen k\u00f6nnen.<\/p>\n\n\n\n<p><strong>5. Dauer der Speicherung Ihrer personenbezogenen Daten<\/strong><\/p>\n\n\n\n<p>Ihre personenbezogenen Daten, die im Rahmen der zentralen Blog-\/WordPress-Installation von der Universit\u00e4t Paderborn wie oben beschrieben, verarbeitet werden, werden grunds\u00e4tzlich gel\u00f6scht, sobald sie nicht mehr f\u00fcr die Zwecke, f\u00fcr die sie erhoben wurden, ben\u00f6tigt werden, Die Log-Daten werden f\u00fcr eine Dauer von l\u00e4ngstens 7 Tagen gespeichert und dann gel\u00f6scht. Daten, deren weitere Aufbewahrung zu Beweiszwecken erforderlich ist, sind bis zur endg\u00fcltigen Kl\u00e4rung des jeweiligen Vorfalls von der L\u00f6schung ausgenommen.<\/p>\n\n\n\n<p>Die Dauer der Speicherung der Cookies entnehmen Sie den o. g. Beschreibungen.<\/p>\n\n\n\n<p>F\u00fcr den Account-Daten und Bloginhalte gilt: Ihre personenbezogenen Daten werden bis auf Widerruf gespeichert.Eine komplette L\u00f6schung von Nutzer*innen und der damit verbundenen Account-Daten und Bloginhalte erfolgt mit Ausscheiden aus der Universit\u00e4t und dem damit verbundenen Auslaufen der Identit\u00e4t im Verzeichnisdienst des IMT. Dar\u00fcber hinaus ist eine L\u00f6schung des pers\u00f6nlichen Blogs jederzeit durch Nutzer*innen selbst m\u00f6glich.<\/p>\n\n\n\n<p><strong>6. Betroffenenrechte<\/strong><\/p>\n\n\n\n<p>Sie k\u00f6nnen als betroffene Person jederzeit die Ihnen durch die DS-GVO gew\u00e4hrten Rechte geltend machen; diese sind:<\/p>\n\n\n\n<ul class=\"wp-block-list\">\n<li>das Recht auf Auskunft, ob und welche Daten von Ihnen verarbeitet werden nach Ma\u00dfgabe des Art. 15 DS-GVO, \u00a7 12 DSG NRW;<\/li>\n\n\n\n<li>das Recht, die Berichtigung oder Vervollst\u00e4ndigung der Sie betreffenden Daten nach Ma\u00dfgabe des Art. 16 DS-GVO zu verlangen;<\/li>\n\n\n\n<li>das Recht auf L\u00f6schung der Sie betreffenden Daten nach Ma\u00dfgabe des Art. 17 DS-GVO, \u00a7 10 DSG NRW;<\/li>\n\n\n\n<li>das Recht der Einschr\u00e4nkung der Verarbeitung nach Ma\u00dfgabe des Art. 18 DS-GVO;<\/li>\n\n\n\n<li>das Recht auf Daten\u00fcbertragung der Sie betreffenden Daten nach Ma\u00dfgabe des Art. 20 DS-GVO.<\/li>\n<\/ul>\n\n\n\n<p><strong>7. Widerspruch gegen die Verarbeitung Ihrer personenbezogenen Daten und Widerruflichkeit Ihrer Einwilligung<\/strong><\/p>\n\n\n\n<p>Sie haben das Recht, aus Gr\u00fcnden, die sich aus Ihrer besonderen Situation ergeben, jederzeit gegen die Verarbeitung Sie betreffender personenbezogener Daten, die aufgrund von Art. 6 Abs. 1 S. 1 lit. e) DS-GVO erfolgt, Widerspruch nach Ma\u00dfgabe des Art. 21 DS-GVO einzulegen. Das Recht auf Widerspruch gem\u00e4\u00df Art. 21 DS-GVO gegen\u00fcber einer \u00f6ffentlichen Stelle besteht nicht, soweit an der Verarbeitung ein zwingendes \u00f6ffentliches Interesse besteht, das die Interessen der betroffenen Person \u00fcberwiegt, oder eine Rechtsvorschrift zur Verarbeitung verpflichtet (\u00a7 14 DSG NRW). M\u00f6chten Sie von Ihrem Widerspruchsrecht gem\u00e4\u00df Art. 21 DS-GVO Gebrauch machen, gen\u00fcgt eine E-Mail an den*die o. g. Ansprechpartner*in <a href=\"mailto:datenschutz@uni-paderborn.de\">datenschutz@uni-paderborn.de<\/a><\/p>\n\n\n\n<p>Eine etwa erteilte Einwilligung kann jederzeit ohne Angabe von Gr\u00fcnden ganz oder teilweise widerrufen werden. Durch den Widerruf wird die Rechtm\u00e4\u00dfigkeit der aufgrund der Einwilligung bis zum Widerruf erfolgten Verarbeitung nicht ber\u00fchrt (Art. 7 Abs. 3 DS-GVO). Dies hat zur Folge, dass die Datenverarbeitung, die auf dieser Einwilligung beruht, f\u00fcr die Zukunft nicht mehr fortgef\u00fchrt werden darf und Ihre Daten gel\u00f6scht werden m\u00fcssen. M\u00f6chten Sie Ihre Einwilligung ganz oder teilweise widerrufen, gen\u00fcgt eine E-Mail an den*die o. g. Ansprechpartner*in oder an <a href=\"mailto:datenschutz@uni-paderborn.de\">datenschutz@uni-paderborn.de<\/a>.<\/p>\n\n\n\n<p><strong>8. Recht auf Beschwerde<\/strong><\/p>\n\n\n\n<p>Sie haben \u00fcber die genannten Rechte hinaus das Recht, eine Beschwerde bei der datenschutzrechtlichen Aufsichtsbeh\u00f6rde einzureichen (Art. 77 DS-GVO), wenn Sie der Ansicht sind, dass die Verarbeitung der Sie betreffenden personenbezogenen Daten gegen die datenschutzrechtlichen Anforderungen verst\u00f6\u00dft; bspw. bei der f\u00fcr die Hochschule zust\u00e4ndigen Landesbeauftragten f\u00fcr Datenschutz und Informationsfreiheit Nordrhein-Westfalen, Kavalleriestr. 2-4, 40213 D\u00fcsseldorf, Telefon: +49 211 38424-0, E-Mail: <a href=\"mailto:poststelle@ldi.nrw.de\">poststelle@ldi.nrw.de<\/a><\/p>\n\n\n\n<p><strong>9. Automatisierte Entscheidungsfindung\/Profilbildung<\/strong><\/p>\n\n\n\n<p>Es findet keine automatisierte Entscheidungsfindung oder ein Profiling gem\u00e4\u00df Art. 22 DS-GVO <em>statt<\/em><em>.<\/em><\/p>\n\n\n\n<p><strong>10. G\u00fcltigkeit der Datenschutzerkl\u00e4rung<\/strong><\/p>\n\n\n\n<p>Die Universit\u00e4t Paderborn beh\u00e4lt sich das Recht vor, diese Datenschutzerkl\u00e4rung abzu\u00e4ndern, um sie gegebenenfalls an \u00c4nderungen relevanter Gesetze bzw. Vorschriften anzupassen oder Ihren Bed\u00fcrfnissen besser gerecht zu werden. Diese Datenschutzerkl\u00e4rung gilt in der jeweils zuletzt durch die Universit\u00e4t Paderborn ver\u00f6ffentlichten Fassung. Bitte beachten Sie daher die aktuelle Versionsnummer der Datenschutzerkl\u00e4rung.<\/p>\n","protected":false},"excerpt":{"rendered":"<p>Version 1.1 vom 15.02.2021 Informationen \u00fcber die Verarbeitung Ihrer personenbezogenen Daten im Rahmen der Nutzung der zentralen Blog-\/WordPress-Installation von der Universit\u00e4t Paderborn gem\u00e4\u00df Art. 13 der Datenschutz-Grundverordnung (im Folgenden: DS-GVO). Hinsichtlich der im Folgenden verwendeten Begriffe, bspw. \u201epersonenbezogene Daten\u201c, \u201eVerarbeitung\u201c, \u201eVerantwortlicher\u201c etc., wird auf die Definitionen in Art. 4 der DS-GVO verwiesen. 1. Namen und [&hellip;]<\/p>\n","protected":false},"author":9268,"featured_media":0,"parent":0,"menu_order":0,"comment_status":"closed","ping_status":"closed","template":"","meta":{"footnotes":""},"class_list":["post-170","page","type-page","status-publish","hentry"],"_links":{"self":[{"href":"https:\/\/blogs.uni-paderborn.de\/filmsammlung\/wp-json\/wp\/v2\/pages\/170","targetHints":{"allow":["GET"]}}],"collection":[{"href":"https:\/\/blogs.uni-paderborn.de\/filmsammlung\/wp-json\/wp\/v2\/pages"}],"about":[{"href":"https:\/\/blogs.uni-paderborn.de\/filmsammlung\/wp-json\/wp\/v2\/types\/page"}],"author":[{"embeddable":true,"href":"https:\/\/blogs.uni-paderborn.de\/filmsammlung\/wp-json\/wp\/v2\/users\/9268"}],"replies":[{"embeddable":true,"href":"https:\/\/blogs.uni-paderborn.de\/filmsammlung\/wp-json\/wp\/v2\/comments?post=170"}],"version-history":[{"count":3,"href":"https:\/\/blogs.uni-paderborn.de\/filmsammlung\/wp-json\/wp\/v2\/pages\/170\/revisions"}],"predecessor-version":[{"id":178,"href":"https:\/\/blogs.uni-paderborn.de\/filmsammlung\/wp-json\/wp\/v2\/pages\/170\/revisions\/178"}],"wp:attachment":[{"href":"https:\/\/blogs.uni-paderborn.de\/filmsammlung\/wp-json\/wp\/v2\/media?parent=170"}],"curies":[{"name":"wp","href":"https:\/\/api.w.org\/{rel}","templated":true}]}}