{"id":138,"date":"2023-06-24T12:04:21","date_gmt":"2023-06-24T10:04:21","guid":{"rendered":"https:\/\/blogs.uni-paderborn.de\/filmsammlung\/?page_id=138"},"modified":"2023-11-12T23:12:42","modified_gmt":"2023-11-12T22:12:42","slug":"team","status":"publish","type":"page","link":"https:\/\/blogs.uni-paderborn.de\/filmsammlung\/team\/","title":{"rendered":"Team"},"content":{"rendered":"<div class=\"twoclick_social_bookmarks_post_138 social_share_privacy clearfix 1.6.4 locale-de_DE sprite-de_DE\"><\/div><div class=\"twoclick-js\"><script type=\"text\/javascript\">\/* <![CDATA[ *\/\njQuery(document).ready(function($){if($('.twoclick_social_bookmarks_post_138')){$('.twoclick_social_bookmarks_post_138').socialSharePrivacy({\"txt_help\":\"Wenn Sie diese Felder durch einen Klick aktivieren, werden Informationen an Facebook, Twitter, Flattr, Xing, t3n, LinkedIn, Pinterest oder Google eventuell ins Ausland \\u00fcbertragen und unter Umst\\u00e4nden auch dort gespeichert. N\\u00e4heres erfahren Sie durch einen Klick auf das <em>i<\\\/em>.\",\"settings_perma\":\"Dauerhaft aktivieren und Daten\\u00fcber-tragung zustimmen:\",\"info_link\":\"http:\\\/\\\/www.heise.de\\\/ct\\\/artikel\\\/2-Klicks-fuer-mehr-Datenschutz-1333879.html\",\"uri\":\"https:\\\/\\\/blogs.uni-paderborn.de\\\/filmsammlung\\\/team\\\/\",\"post_id\":138,\"post_title_referrer_track\":\"Team\",\"display_infobox\":\"on\"});}});\n\/* ]]> *\/<\/script><\/div>\n<p>Zum Team, das die Filmsammlung aktuell am Institut f\u00fcr Medienwissenschaften betreut, geh\u00f6ren: <\/p>\n\n\n\n<div class=\"wp-block-media-text is-stacked-on-mobile\" style=\"grid-template-columns:20% auto\"><figure class=\"wp-block-media-text__media\"><img loading=\"lazy\" decoding=\"async\" width=\"350\" height=\"350\" src=\"https:\/\/blogs.uni-paderborn.de\/filmsammlung\/files\/2023\/06\/Eckel_Julia_r.png\" alt=\"\" class=\"wp-image-140 size-full\" srcset=\"https:\/\/blogs.uni-paderborn.de\/filmsammlung\/files\/2023\/06\/Eckel_Julia_r.png 350w, https:\/\/blogs.uni-paderborn.de\/filmsammlung\/files\/2023\/06\/Eckel_Julia_r-300x300.png 300w, https:\/\/blogs.uni-paderborn.de\/filmsammlung\/files\/2023\/06\/Eckel_Julia_r-150x150.png 150w\" sizes=\"auto, (max-width: 350px) 100vw, 350px\" \/><\/figure><div class=\"wp-block-media-text__content\">\n<h4 class=\"wp-block-heading\">Jun. Prof. Dr. Julia Eckel<\/h4>\n\n\n\n<p>Juniorprofessorin f\u00fcr Filmwissenschaft am Institut f\u00fcr Medienwissenschaften der UPB<\/p>\n\n\n\n<p class=\"has-link-color wp-elements-57b771ec19e0bb7c2448702440b8bed9\"><a href=\"http:\/\/www.juliaeckel.de\" target=\"_blank\" rel=\"noreferrer noopener\">Website<\/a><br><a href=\"https:\/\/www.uni-paderborn.de\/person\/94407\" target=\"_blank\" rel=\"noreferrer noopener\">Profil auf der Instituts-Website<\/a><\/p>\n<\/div><\/div>\n\n\n\n<div class=\"wp-block-media-text is-stacked-on-mobile\" style=\"grid-template-columns:20% auto\"><figure class=\"wp-block-media-text__media\"><img loading=\"lazy\" decoding=\"async\" width=\"350\" height=\"350\" src=\"https:\/\/blogs.uni-paderborn.de\/filmsammlung\/files\/2023\/06\/Ahrens_Stephan_r.png\" alt=\"\" class=\"wp-image-139 size-large\" srcset=\"https:\/\/blogs.uni-paderborn.de\/filmsammlung\/files\/2023\/06\/Ahrens_Stephan_r.png 350w, https:\/\/blogs.uni-paderborn.de\/filmsammlung\/files\/2023\/06\/Ahrens_Stephan_r-300x300.png 300w, https:\/\/blogs.uni-paderborn.de\/filmsammlung\/files\/2023\/06\/Ahrens_Stephan_r-150x150.png 150w\" sizes=\"auto, (max-width: 350px) 100vw, 350px\" \/><\/figure><div class=\"wp-block-media-text__content\">\n<h4 class=\"wp-block-heading\">Stephan Ahrens, M.A.<\/h4>\n\n\n\n<p>Wissenschaftlicher Mitarbeiter am Institut f\u00fcr Medienwissenschaften der UPB<br><br><a href=\"https:\/\/www.uni-paderborn.de\/person\/89265\" target=\"_blank\" rel=\"noreferrer noopener\">Profil auf der Instituts-Website<\/a><\/p>\n<\/div><\/div>\n\n\n\n<div class=\"wp-block-media-text is-stacked-on-mobile\" style=\"grid-template-columns:20% auto\"><figure class=\"wp-block-media-text__media\"><img loading=\"lazy\" decoding=\"async\" width=\"350\" height=\"350\" src=\"https:\/\/blogs.uni-paderborn.de\/filmsammlung\/files\/2023\/06\/Schultz_Alexander_r.png\" alt=\"\" class=\"wp-image-141 size-large\" srcset=\"https:\/\/blogs.uni-paderborn.de\/filmsammlung\/files\/2023\/06\/Schultz_Alexander_r.png 350w, https:\/\/blogs.uni-paderborn.de\/filmsammlung\/files\/2023\/06\/Schultz_Alexander_r-300x300.png 300w, https:\/\/blogs.uni-paderborn.de\/filmsammlung\/files\/2023\/06\/Schultz_Alexander_r-150x150.png 150w\" sizes=\"auto, (max-width: 350px) 100vw, 350px\" \/><\/figure><div class=\"wp-block-media-text__content\">\n<h4 class=\"wp-block-heading\">Alexander Schultz, M.A.<\/h4>\n\n\n\n<p>Wissenschaftlicher Mitarbeiter am Institut f\u00fcr Medienwissenschaften der UPB<\/p>\n\n\n\n<p><a href=\"https:\/\/www.uni-paderborn.de\/person\/34214\" target=\"_blank\" rel=\"noreferrer noopener\">Profil auf der Instituts-Website<\/a><\/p>\n<\/div><\/div>\n\n\n\n<div class=\"wp-block-media-text is-stacked-on-mobile\" style=\"grid-template-columns:20% auto\"><figure class=\"wp-block-media-text__media\"><img loading=\"lazy\" decoding=\"async\" width=\"350\" height=\"350\" src=\"https:\/\/blogs.uni-paderborn.de\/filmsammlung\/files\/2023\/06\/Simopoulos_Alexandra_r.png\" alt=\"\" class=\"wp-image-142 size-large\" srcset=\"https:\/\/blogs.uni-paderborn.de\/filmsammlung\/files\/2023\/06\/Simopoulos_Alexandra_r.png 350w, https:\/\/blogs.uni-paderborn.de\/filmsammlung\/files\/2023\/06\/Simopoulos_Alexandra_r-300x300.png 300w, https:\/\/blogs.uni-paderborn.de\/filmsammlung\/files\/2023\/06\/Simopoulos_Alexandra_r-150x150.png 150w\" sizes=\"auto, (max-width: 350px) 100vw, 350px\" \/><\/figure><div class=\"wp-block-media-text__content\">\n<h4 class=\"wp-block-heading\">Alexandra Simopoulos, M.A.<\/h4>\n\n\n\n<p>Wissenschaftliche Mitarbeiterin am Institut f\u00fcr Medienwissenschaften der UPB<br><br><a rel=\"noreferrer noopener\" href=\"https:\/\/lichtblick-kino.de\/blog\/alexandra-simopoulos\/\" target=\"_blank\">Profil auf der Website von Programmkino Lichtblick<\/a><\/p>\n<\/div><\/div>\n","protected":false},"excerpt":{"rendered":"<p>Zum Team, das die Filmsammlung aktuell am Institut f\u00fcr Medienwissenschaften betreut, geh\u00f6ren: Jun. Prof. Dr. Julia Eckel Juniorprofessorin f\u00fcr Filmwissenschaft am Institut f\u00fcr Medienwissenschaften der UPB WebsiteProfil auf der Instituts-Website Stephan Ahrens, M.A. Wissenschaftlicher Mitarbeiter am Institut f\u00fcr Medienwissenschaften der UPB Profil auf der Instituts-Website Alexander Schultz, M.A. Wissenschaftlicher Mitarbeiter am Institut f\u00fcr Medienwissenschaften der [&hellip;]<\/p>\n","protected":false},"author":9268,"featured_media":0,"parent":0,"menu_order":0,"comment_status":"closed","ping_status":"closed","template":"","meta":{"footnotes":""},"class_list":["post-138","page","type-page","status-publish","hentry"],"_links":{"self":[{"href":"https:\/\/blogs.uni-paderborn.de\/filmsammlung\/wp-json\/wp\/v2\/pages\/138","targetHints":{"allow":["GET"]}}],"collection":[{"href":"https:\/\/blogs.uni-paderborn.de\/filmsammlung\/wp-json\/wp\/v2\/pages"}],"about":[{"href":"https:\/\/blogs.uni-paderborn.de\/filmsammlung\/wp-json\/wp\/v2\/types\/page"}],"author":[{"embeddable":true,"href":"https:\/\/blogs.uni-paderborn.de\/filmsammlung\/wp-json\/wp\/v2\/users\/9268"}],"replies":[{"embeddable":true,"href":"https:\/\/blogs.uni-paderborn.de\/filmsammlung\/wp-json\/wp\/v2\/comments?post=138"}],"version-history":[{"count":10,"href":"https:\/\/blogs.uni-paderborn.de\/filmsammlung\/wp-json\/wp\/v2\/pages\/138\/revisions"}],"predecessor-version":[{"id":271,"href":"https:\/\/blogs.uni-paderborn.de\/filmsammlung\/wp-json\/wp\/v2\/pages\/138\/revisions\/271"}],"wp:attachment":[{"href":"https:\/\/blogs.uni-paderborn.de\/filmsammlung\/wp-json\/wp\/v2\/media?parent=138"}],"curies":[{"name":"wp","href":"https:\/\/api.w.org\/{rel}","templated":true}]}}