{"id":4,"date":"2017-04-04T23:13:16","date_gmt":"2017-04-04T21:13:16","guid":{"rendered":"https:\/\/blogs.uni-paderborn.de\/everding\/?page_id=2"},"modified":"2017-06-12T21:55:14","modified_gmt":"2017-06-12T19:55:14","slug":"einfuehrung","status":"publish","type":"page","link":"https:\/\/blogs.uni-paderborn.de\/everding\/einfuehrung\/","title":{"rendered":"Einf\u00fchrung"},"content":{"rendered":"<div class=\"twoclick_social_bookmarks_post_4 social_share_privacy clearfix 1.6.4 locale-de_DE sprite-de_DE\"><\/div><div class=\"twoclick-js\"><script type=\"text\/javascript\">\/* <![CDATA[ *\/\njQuery(document).ready(function($){if($('.twoclick_social_bookmarks_post_4')){$('.twoclick_social_bookmarks_post_4').socialSharePrivacy({\"txt_help\":\"Wenn Sie diese Felder durch einen Klick aktivieren, werden Informationen an Facebook, Twitter, Flattr, Xing, t3n, LinkedIn, Pinterest oder Google eventuell ins Ausland \\u00fcbertragen und unter Umst\\u00e4nden auch dort gespeichert. N\\u00e4heres erfahren Sie durch einen Klick auf das <em>i<\\\/em>.\",\"settings_perma\":\"Dauerhaft aktivieren und Daten\\u00fcber-tragung zustimmen:\",\"info_link\":\"http:\\\/\\\/www.heise.de\\\/ct\\\/artikel\\\/2-Klicks-fuer-mehr-Datenschutz-1333879.html\",\"uri\":\"https:\\\/\\\/blogs.uni-paderborn.de\\\/everding\\\/einfuehrung\\\/\",\"post_id\":4,\"post_title_referrer_track\":\"Einf%C3%BChrung\",\"display_infobox\":\"on\"});}});\n\/* ]]> *\/<\/script><\/div><div id=\"sidebarContainer\">Dieser Blog ist im Rahmen der Spring School Anfang April zum Thema Digital Humanities entstanden. Die Dozenten Martin Dr\u00f6ge, Anna Michel, Peter Stadler und Ramon Voges der Universit\u00e4t Paderborn haben diesen Kurs begleitet.<\/div>\n<div id=\"mainContainer\"><\/div>\n<div class=\"toolbar\">\n<p>Die Spring School zum Thema Digital Humanities fand in den letzten Semesterferien zum ersten Mal statt. Also ist das Thema auch an der Universit\u00e4t ganz aktuell. Angemeldet habe ich mich, da gehofft habe, den Umgang mit verschiedenen Programmen zu erlernen. Ich plane bald mein Studium zu beenden und wei\u00df noch nicht in welche Richtung es genau gehen soll. Die Spring School sprach mich an, da mein Studium insgesamt sehr wissenschaftlich aufgebaut ist. Ich denke, dass mir die ein oder andere Programmkenntnis in beruflicher Hinsicht in Zukunft helfen k\u00f6nnte. W\u00e4hrend meines letzten Praktikums bin ich mit dem Umgang mit dem TYPO3-System vertraut gemacht worden, die hat mir viel Spa\u00df gemacht, da es so ganz andere M\u00f6glichkeiten offenbarte, die mein Studium bisher hatte, deshalb habe ich mich gefreut w\u00e4hrend der Spring School in mehr technische Programme zu schnuppern.<\/p>\n<\/div>\n<div class=\"toolbar\"><\/div>\n<div id=\"mainContainer\">\n<div id=\"viewerContainer\">\n<div id=\"viewer\" class=\"pdfViewer\">\n<div class=\"page\">\n<div class=\"textLayer\">\n<div>Auftakt der Spring School bildete die allgemeine Einf\u00fchrung in die Digital<\/div>\n<div>Humanities, die beruflichen M\u00f6glichkeiten, den geschichtlichen Hintergrund und\u00a0eine genauere Ank\u00fcndigung, welche Methoden in der Spring School erlernt\u00a0werden.<\/div>\n<div>Der aktuelle Forschungsstand ist schwierig in der Komplexit\u00e4t zu fassen.<\/div>\n<div>Empfohlene Literatur zum Einstieg w\u00e4re:<\/div>\n<div>&#8211; Guido Koller, Geschichte digital. Historische Welten neu vermessen, Stuttgart 2016.<\/div>\n<div>&#8211; Clio Guide. Ein Handbuch zu digitalen Ressourcen f\u00fcr die Geschichtswissenschaften<\/div>\n<\/div>\n<\/div>\n<\/div>\n<\/div>\n<\/div>\n<div><\/div>\n<div><\/div>\n<div>\n<p>Digital Humanities, oder kurz DH, steht f\u00fcr die Forschungsarbeit im Bereich der Geisteswissenschaften mit digitalen Medien oder Programmen zur Datenverarbeitung und Erkenntnisgewinn, also einfach <em>Digitalisierte Geisteswissenschaften<\/em>. Die Arbeits- und Forschungsfelder umfassen beispielsweise digitale Editionen, die quantitative Textanalyse, die Arbeit mit Datenbanken und die Visualisierung komplexer Datenstrukturen. Nach Koller bezeichnet Digital Humanities \u201eein wissenschaftliches Praxisfeld, das\u00a0sich gegenw\u00e4rtig aus der Verbindung von traditionellen geisteswissenschaftlichen\u00a0Methoden einerseits und digitalen, informationstechnischen Verfahren und\u00a0Standards andererseits entwickelt.\u201c [Koller, Geschichte digital, 2016, S. 11] Also\u00a0eine Hybridisierung der Arbeit der Geisteswissenschaften mit Methoden und\u00a0Arbeitswerkzeugen aus dem Fachbereich der Informatik.<\/p>\n<\/div>\n<div id=\"mainContainer\">\n<div id=\"viewerContainer\">\n<div id=\"viewer\" class=\"pdfViewer\">\n<div class=\"page\">\n<div class=\"textLayer\">\n<div><\/div>\n<div>\n<p>W\u00e4hrend in vielen anderen wissenschaftlichen Bereichen schon seit vielen Jahren mit digitalen Medien in der Forschung gearbeitet wird, nutzt die Geschichtswissenschaft Digital Humanities zur Analyse von Quellen und weiteren Forschungsarbeit wenig. Abgesehen von den fehlenden Voraussetzungen im Umgang der Digitalisierung und Datenverifizierung von Quellen z\u00f6gern viele Historiker vor technischen Hilfsmitteln zur Analyse, da die qualifizierte Analyse als Alleinstellungsmerkmal des selbst arbeitenden Historikern gilt. Es herrscht der Glaube vor, bei der DH w\u00fcrde der Historiker ersetzt oder schlechtere Arbeit geliefert. Doch es handelt sich nur um ein neues Werkzeug! Au\u00dferdem stehen nur wenige Forschungsgegenst\u00e4nde aus Archiven und Bibliotheken direkt digital zur Bearbeitung bereit. DH widerspricht dem Selbstverst\u00e4ndnis der Historiker, das traditionelle Alleinstellungsmerkmal ist die Interpretation, das Erarbeiten eines tieferen Verstehens von einzelnen Quellen. \u00dcberspitzt gesagt, will man das Denken keiner\u00a0Maschine \u00fcberlassen!\u00a0Die DH z\u00e4hlt also zu einem ganz jungen Medium der Geschichtswissenschaften.\u00a0Dennoch gibt es verschiedene Anwendungen und Tools, auch werden diese auf\u00a0Portalen und in Blogs vorgestellt. Wie Beispielsweise:<\/p>\n<\/div>\n<\/div>\n<\/div>\n<\/div>\n<\/div>\n<\/div>\n<div><\/div>\n<div><\/div>\n<div id=\"mainContainer\">\n<div id=\"viewerContainer\">\n<div>&#8211; Interview der Uni Paderborn \u00fcber DH mit Prof. Dr. Eyke H\u00fcllermeier<br \/>\n<a href=\"https:\/\/deref-web-02.de\/mail\/client\/tp_E7hkXr3E\/dereferrer\/?redirectUrl=https%3A%2F%2Fwww.uni-paderborn.de%2Fnachricht%2F78371%2F\" target=\"_blank\">https:\/\/www.uni-paderborn.de\/nachricht\/78371\/ <\/a>Was sind eigentlich DHG??<\/div>\n<\/div>\n<\/div>\n<div><\/div>\n<div>&#8211; Universit\u00e4t Paderborn Digital Humanities <a href=\"http:\/\/gedigiupb.hypotheses.org\/\">http:\/\/gedigiupb.hypotheses.org\/<\/a><\/div>\n<div id=\"mainContainer\">\n<div id=\"viewerContainer\"><\/div>\n<div>&#8211; Blog der Digital Humanities im deutschsprachigen Raum <a href=\"http:\/\/dhd-blog.org\/?page_id=7\">http:\/\/dhd-blog.org\/?page_id=7<\/a><\/div>\n<div><\/div>\n<div id=\"viewerContainer\">\n<div>&#8211; DIE ZEIT<br \/>\n<a href=\"https:\/\/deref-web-02.de\/mail\/client\/xTvKp1KIOQ8\/dereferrer\/?redirectUrl=https%3A%2F%2Fwww.academics.de%2Fwissenschaft%2Fwas_sind_eigentlich_digital_humanities_56898.html\" target=\"_blank\">https:\/\/www.academics.de\/wissenschaft\/was_sind_eigentlich_digital_humanities_56898.html<\/a><\/div>\n<\/div>\n<\/div>\n","protected":false},"excerpt":{"rendered":"<p>Dieser Blog ist im Rahmen der Spring School Anfang April zum Thema Digital Humanities entstanden. Die Dozenten Martin Dr\u00f6ge, Anna Michel, Peter Stadler und Ramon Voges der Universit\u00e4t Paderborn haben diesen Kurs begleitet. Die Spring School zum Thema Digital Humanities fand in den letzten Semesterferien zum ersten Mal statt. Also ist das Thema auch an &hellip; <\/p>\n<p class=\"link-more\"><a href=\"https:\/\/blogs.uni-paderborn.de\/everding\/einfuehrung\/\" class=\"more-link\"><span class=\"screen-reader-text\">\u201eEinf\u00fchrung\u201c <\/span>weiterlesen<\/a><\/p>\n","protected":false},"author":7862,"featured_media":0,"parent":0,"menu_order":0,"comment_status":"closed","ping_status":"open","template":"","meta":{"footnotes":""},"class_list":["post-4","page","type-page","status-publish","hentry"],"_links":{"self":[{"href":"https:\/\/blogs.uni-paderborn.de\/everding\/wp-json\/wp\/v2\/pages\/4","targetHints":{"allow":["GET"]}}],"collection":[{"href":"https:\/\/blogs.uni-paderborn.de\/everding\/wp-json\/wp\/v2\/pages"}],"about":[{"href":"https:\/\/blogs.uni-paderborn.de\/everding\/wp-json\/wp\/v2\/types\/page"}],"author":[{"embeddable":true,"href":"https:\/\/blogs.uni-paderborn.de\/everding\/wp-json\/wp\/v2\/users\/7862"}],"replies":[{"embeddable":true,"href":"https:\/\/blogs.uni-paderborn.de\/everding\/wp-json\/wp\/v2\/comments?post=4"}],"version-history":[{"count":9,"href":"https:\/\/blogs.uni-paderborn.de\/everding\/wp-json\/wp\/v2\/pages\/4\/revisions"}],"predecessor-version":[{"id":280,"href":"https:\/\/blogs.uni-paderborn.de\/everding\/wp-json\/wp\/v2\/pages\/4\/revisions\/280"}],"wp:attachment":[{"href":"https:\/\/blogs.uni-paderborn.de\/everding\/wp-json\/wp\/v2\/media?parent=4"}],"curies":[{"name":"wp","href":"https:\/\/api.w.org\/{rel}","templated":true}]}}