{"id":36,"date":"2017-06-12T19:27:05","date_gmt":"2017-06-12T17:27:05","guid":{"rendered":"https:\/\/blogs.uni-paderborn.de\/everding\/?page_id=36"},"modified":"2017-06-12T19:31:03","modified_gmt":"2017-06-12T17:31:03","slug":"tei-xml-eine-urkunde-nimmt-gestalt-an","status":"publish","type":"page","link":"https:\/\/blogs.uni-paderborn.de\/everding\/tei-xml-eine-urkunde-nimmt-gestalt-an\/","title":{"rendered":"TEI-XML &#8211; eine Urkunde nimmt Gestalt an"},"content":{"rendered":"<div class=\"twoclick_social_bookmarks_post_36 social_share_privacy clearfix 1.6.4 locale-de_DE sprite-de_DE\"><\/div><div class=\"twoclick-js\"><script type=\"text\/javascript\">\/* <![CDATA[ *\/\njQuery(document).ready(function($){if($('.twoclick_social_bookmarks_post_36')){$('.twoclick_social_bookmarks_post_36').socialSharePrivacy({\"txt_help\":\"Wenn Sie diese Felder durch einen Klick aktivieren, werden Informationen an Facebook, Twitter, Flattr, Xing, t3n, LinkedIn, Pinterest oder Google eventuell ins Ausland \\u00fcbertragen und unter Umst\\u00e4nden auch dort gespeichert. N\\u00e4heres erfahren Sie durch einen Klick auf das <em>i<\\\/em>.\",\"settings_perma\":\"Dauerhaft aktivieren und Daten\\u00fcber-tragung zustimmen:\",\"info_link\":\"http:\\\/\\\/www.heise.de\\\/ct\\\/artikel\\\/2-Klicks-fuer-mehr-Datenschutz-1333879.html\",\"uri\":\"https:\\\/\\\/blogs.uni-paderborn.de\\\/everding\\\/tei-xml-eine-urkunde-nimmt-gestalt-an\\\/\",\"post_id\":36,\"post_title_referrer_track\":\"TEI-XML+%26%238211%3B+eine+Urkunde+nimmt+Gestalt+an\",\"display_infobox\":\"on\"});}});\n\/* ]]> *\/<\/script><\/div><p>Eine TEI-XML-Datei kann den Kern eines Textes herausgeben, ohne ein Faksimile zu sein. Ausgehend vom Original wird nicht nur der Text \u00fcbernommen sondern auch Informationen und Beschreibungen zum Material der Art und Weise wie beschriftet wurde, die Handschrift und Auff\u00e4lligkeiten im Text, weshalb eine TEI-XML-Datei Bezug auf das gesamte Quellenkorpus hat.<\/p>\n<p>XML steht f\u00fcr e<strong>X<\/strong>tensible <strong>M<\/strong>arkup <strong>L<\/strong>anguage, also eine standardisierte Sprache f\u00fcr hierarchisch strukturierte Dateien und wird vom Internet und vielen Computerprogrammen unterst\u00fctzt. Durch immer gleiche Markierungen werden die Texte allgemein gegliedert. Neben dem Header, in dem die grundliegenden Informationen stehen, gibt es noch den Body, den Textteil.<\/p>\n<p>W\u00e4hrend der Spring School haben wir mit XML-Dateien der Urkunden zur Gr\u00fcndung des Jesuitenkollegs bearbeitet. Zun\u00e4chst haben wir versucht selbstst\u00e4ndig den Text in den Body der Datei zu schreiben. Schon bei dieser kleinen Aufgabe haben wir im Vergleich Unterschiede wegen der Abk\u00fcrzungen oder Probleme wegen durchgestrichener Worte festgestellt. Zur weiteren Bearbeitung nutzten wir eine fertige Transkription.<\/p>\n<p>Wir lernten, wie man im Header Informationen \u00fcber die Quelle angibt und wie man den Body in die einzelnen Elemente einer Urkunde unterteilen kann.<\/p>\n<p><img loading=\"lazy\" decoding=\"async\" class=\"aligncenter wp-image-254 size-full\" src=\"https:\/\/blogs.uni-paderborn.de\/everding\/files\/2017\/06\/unterteilung-urkunde.png\" width=\"1298\" height=\"326\" srcset=\"https:\/\/blogs.uni-paderborn.de\/everding\/files\/2017\/06\/unterteilung-urkunde.png 1298w, https:\/\/blogs.uni-paderborn.de\/everding\/files\/2017\/06\/unterteilung-urkunde-300x75.png 300w, https:\/\/blogs.uni-paderborn.de\/everding\/files\/2017\/06\/unterteilung-urkunde-768x193.png 768w, https:\/\/blogs.uni-paderborn.de\/everding\/files\/2017\/06\/unterteilung-urkunde-1024x257.png 1024w\" sizes=\"auto, (max-width: 767px) 89vw, (max-width: 1000px) 54vw, (max-width: 1071px) 543px, 580px\" \/><\/p>\n<p>Durch diese Einteilung kann man schneller und effizienter arbeiten, da man einzelne Abschnitte ein- oder ausblenden kann und so auch nur bestimmte Aspekte untersuchen kann.<\/p>\n<p>Hilfe, wo was stehen darf und wie man die einzelnen Begriffe definieren kann, findet man bei <a href=\"http:\/\/www.tei-c.org\/release\/doc\/tei-p5-doc\/en\/html\/MS.html\">Manuscript Description.<\/a> Dort werden die Abk\u00fcrzungen, die beispielsweise hinter &lt;p&gt;&lt;\/p&gt; stehen im Kontext erkl\u00e4rt.<\/p>\n<p>&nbsp;<\/p>\n<p>&nbsp;<\/p>\n<p><img loading=\"lazy\" decoding=\"async\" class=\"aligncenter wp-image-244 size-full\" src=\"https:\/\/blogs.uni-paderborn.de\/everding\/files\/2017\/06\/Urkunde-3-Matthias.png\" width=\"826\" height=\"720\" srcset=\"https:\/\/blogs.uni-paderborn.de\/everding\/files\/2017\/06\/Urkunde-3-Matthias.png 826w, https:\/\/blogs.uni-paderborn.de\/everding\/files\/2017\/06\/Urkunde-3-Matthias-300x262.png 300w, https:\/\/blogs.uni-paderborn.de\/everding\/files\/2017\/06\/Urkunde-3-Matthias-768x669.png 768w\" sizes=\"auto, (max-width: 767px) 89vw, (max-width: 1000px) 54vw, (max-width: 1071px) 543px, 580px\" \/><\/p>\n<div id=\"yui_3_17_2_1_1497284169089_102\" class=\"box generalbox center clearfix\">\n<p>Zun\u00e4chst sollte f\u00fcr die <strong>Aufgabe<\/strong> eine Beschreibung des Siegels in den TEI-Header eingef\u00fcgt werden. Da das Siegel fehlte, habe ich zus\u00e4tzlich noch eine Beschreibung der Handschrift eingef\u00fcgt.<\/p>\n<\/div>\n<p><img loading=\"lazy\" decoding=\"async\" class=\"aligncenter wp-image-262 size-full\" src=\"https:\/\/blogs.uni-paderborn.de\/everding\/files\/2017\/06\/Beschreibung-Siegel-2.png\" width=\"1177\" height=\"742\" srcset=\"https:\/\/blogs.uni-paderborn.de\/everding\/files\/2017\/06\/Beschreibung-Siegel-2.png 1177w, https:\/\/blogs.uni-paderborn.de\/everding\/files\/2017\/06\/Beschreibung-Siegel-2-300x189.png 300w, https:\/\/blogs.uni-paderborn.de\/everding\/files\/2017\/06\/Beschreibung-Siegel-2-768x484.png 768w, https:\/\/blogs.uni-paderborn.de\/everding\/files\/2017\/06\/Beschreibung-Siegel-2-1024x646.png 1024w\" sizes=\"auto, (max-width: 767px) 89vw, (max-width: 1000px) 54vw, (max-width: 1071px) 543px, 580px\" \/><\/p>\n<p>&nbsp;<\/p>\n<p>Im zweiten Teil sollten Abk\u00fcrzungen und deren Aufl\u00f6sung im Text stehen.<\/p>\n<div id=\"yui_3_17_2_1_1497284169089_102\" class=\"box generalbox center clearfix\">\n<div class=\"no-overflow\"><img loading=\"lazy\" decoding=\"async\" class=\"aligncenter wp-image-260 size-medium\" src=\"https:\/\/blogs.uni-paderborn.de\/everding\/files\/2017\/06\/Abbk\u00fcrzung-SS-300x78.png\" width=\"300\" height=\"78\" srcset=\"https:\/\/blogs.uni-paderborn.de\/everding\/files\/2017\/06\/Abbk\u00fcrzung-SS-300x78.png 300w, https:\/\/blogs.uni-paderborn.de\/everding\/files\/2017\/06\/Abbk\u00fcrzung-SS.png 400w\" sizes=\"auto, (max-width: 300px) 100vw, 300px\" \/><\/div>\n<div class=\"no-overflow\"><\/div>\n<div class=\"no-overflow\">Also S.S. f\u00fcr Sacra Scriptura,<\/div>\n<\/div>\n<div class=\"no-overflow\"><\/div>\n<div class=\"no-overflow\"><\/div>\n<div id=\"yui_3_17_2_1_1497284169089_102\" class=\"box generalbox center clearfix\">\n<div class=\"no-overflow\"><img loading=\"lazy\" decoding=\"async\" class=\"aligncenter wp-image-258 size-medium\" src=\"https:\/\/blogs.uni-paderborn.de\/everding\/files\/2017\/06\/Abbk\u00fcrzung-Deo-Opt-Max-300x86.png\" width=\"300\" height=\"86\" srcset=\"https:\/\/blogs.uni-paderborn.de\/everding\/files\/2017\/06\/Abbk\u00fcrzung-Deo-Opt-Max-300x86.png 300w, https:\/\/blogs.uni-paderborn.de\/everding\/files\/2017\/06\/Abbk\u00fcrzung-Deo-Opt-Max.png 435w\" sizes=\"auto, (max-width: 300px) 100vw, 300px\" \/><\/div>\n<div class=\"no-overflow\"><\/div>\n<\/div>\n<div class=\"no-overflow\">Deo Opt. Max. f\u00fcr Deo Optimo Maximo<\/div>\n<div class=\"no-overflow\"><\/div>\n<div class=\"no-overflow\"><\/div>\n<div id=\"yui_3_17_2_1_1497284169089_102\" class=\"box generalbox center clearfix\">\n<div class=\"no-overflow\"><img loading=\"lazy\" decoding=\"async\" class=\"aligncenter wp-image-256 size-medium\" src=\"https:\/\/blogs.uni-paderborn.de\/everding\/files\/2017\/06\/Abbk\u00fcrzung-AD-300x83.png\" width=\"300\" height=\"83\" srcset=\"https:\/\/blogs.uni-paderborn.de\/everding\/files\/2017\/06\/Abbk\u00fcrzung-AD-300x83.png 300w, https:\/\/blogs.uni-paderborn.de\/everding\/files\/2017\/06\/Abbk\u00fcrzung-AD.png 470w\" sizes=\"auto, (max-width: 300px) 100vw, 300px\" \/><\/div>\n<div class=\"no-overflow\"><\/div>\n<div class=\"no-overflow\">und A.D. f\u00fcr Anno Domini.<\/div>\n<\/div>\n<p>&nbsp;<\/p>\n<div id=\"yui_3_17_2_1_1497284169089_102\" class=\"box generalbox center clearfix\">\n<div id=\"yui_3_17_2_1_1497284169089_101\" class=\"no-overflow\">\n<p>Zu den Arbeitsbereichen der Historischen Methode geh\u00f6ren die Heuristik, die Ausgehende Fragestellung, die Quellenkonstitution und Quellenkritik, also die Bestimmung des Quellenkorpus und seines Aussagewerts, die Interpretation, also die Deutung der Quellen, und die Darstellung, die Pr\u00e4sentation der Ergebnisse. Die Arbeit mit der TEI-XML-Datei ist eine intensive Auseinandersetzung mit der Quellenkonstitution und Quellenkritik. Zun\u00e4chst wird die Quelle untersucht und bearbeitet um anschlie\u00dfend hinsichtlich der Markierungen im Text schon erste Ergebnisse zu liefern.<\/p>\n<\/div>\n<\/div>\n<p>Da man mit dieser anderen Darstellung nicht nur den reinen Text wiedergeben kann, sondern dar\u00fcber hinaus noch Wertungen wie durchgestrichene Worte, \u00dcberarbeitungen oder Ver\u00e4nderungen des Textes \u00fcbernehmen kann, kommt man so dem Original sehr nahe und kann diese Besonderheiten auch noch kommentieren oder markieren. Au\u00dferdem k\u00f6nnen Informationen \u00fcber das Material gegeben werden. Eine TEI-Edition\u00a0 bringt also erst das<br \/>\nQuellenkorpus \u00fcberhaupt erst hervor. Wodurch neue Erkenntnisse gewonnen werden k\u00f6nnen, die mit dem reinen Text nicht m\u00f6glich gewesen w\u00e4ren.<\/p>\n<p>Dementsprechend ist der Nutzen einer gut erarbeiten TEI-XML-Datei auf jeden Fall gegeben. Wir haben w\u00e4hrend der Spring School an mehreren Tagen mit TEI gearbeitet. Zun\u00e4chst war es etwas knifflig die einzelne Struktur der Elemente wie Header und Body, die selbst in Eltern- und Kinderelemente aufgeteilt sind, selbst vorzunehmen. Doch nach und nach hat sich gezeigt, welche M\u00f6glichkeiten zur Kennzeichnung und Markierung ausf\u00fchrbar sind. Im Kurs hatten wir jedoch hin und wieder unterschiedliche L\u00f6sungen und Ergebnisse, da das Programm verschiedene Markierungen anbietet und wir diese unterschiedlich gewertet und umgesetzt haben. Ich denke, wenn man professionell mit TEI arbeitet, kann man schon alleine durch die richtigen Markierungen zu schnellen Ergebnissen kommen. [\u00e4hnlich wie in der Aufgabe zum <a href=\"https:\/\/blogs.uni-paderborn.de\/everding\/programmieren-oder-einfach-hallo-welt\/\">Programmieren<\/a>]<\/p>\n<p>Als ich an meinem Portfolio gearbeitet habe, musste ich jedoch feststellen, dass meine Fertigkeiten noch ausbauf\u00e4hig sind. Da mein L\u00f6sungsvorschlag f\u00fcr die Beschreibung des Siegels rot unterstrichen ist, wird sich doch auch ein kleiner Fehler eingeschlichen haben, jedoch konnte ich ihn bis jetzt noch nicht finden.<\/p>\n","protected":false},"excerpt":{"rendered":"<p>Eine TEI-XML-Datei kann den Kern eines Textes herausgeben, ohne ein Faksimile zu sein. Ausgehend vom Original wird nicht nur der Text \u00fcbernommen sondern auch Informationen und Beschreibungen zum Material der Art und Weise wie beschriftet wurde, die Handschrift und Auff\u00e4lligkeiten im Text, weshalb eine TEI-XML-Datei Bezug auf das gesamte Quellenkorpus hat. XML steht f\u00fcr eXtensible &hellip; <\/p>\n<p class=\"link-more\"><a href=\"https:\/\/blogs.uni-paderborn.de\/everding\/tei-xml-eine-urkunde-nimmt-gestalt-an\/\" class=\"more-link\"><span class=\"screen-reader-text\">\u201eTEI-XML &#8211; eine Urkunde nimmt Gestalt an\u201c <\/span>weiterlesen<\/a><\/p>\n","protected":false},"author":7862,"featured_media":0,"parent":0,"menu_order":0,"comment_status":"closed","ping_status":"closed","template":"","meta":{"footnotes":""},"class_list":["post-36","page","type-page","status-publish","hentry"],"_links":{"self":[{"href":"https:\/\/blogs.uni-paderborn.de\/everding\/wp-json\/wp\/v2\/pages\/36","targetHints":{"allow":["GET"]}}],"collection":[{"href":"https:\/\/blogs.uni-paderborn.de\/everding\/wp-json\/wp\/v2\/pages"}],"about":[{"href":"https:\/\/blogs.uni-paderborn.de\/everding\/wp-json\/wp\/v2\/types\/page"}],"author":[{"embeddable":true,"href":"https:\/\/blogs.uni-paderborn.de\/everding\/wp-json\/wp\/v2\/users\/7862"}],"replies":[{"embeddable":true,"href":"https:\/\/blogs.uni-paderborn.de\/everding\/wp-json\/wp\/v2\/comments?post=36"}],"version-history":[{"count":5,"href":"https:\/\/blogs.uni-paderborn.de\/everding\/wp-json\/wp\/v2\/pages\/36\/revisions"}],"predecessor-version":[{"id":268,"href":"https:\/\/blogs.uni-paderborn.de\/everding\/wp-json\/wp\/v2\/pages\/36\/revisions\/268"}],"wp:attachment":[{"href":"https:\/\/blogs.uni-paderborn.de\/everding\/wp-json\/wp\/v2\/media?parent=36"}],"curies":[{"name":"wp","href":"https:\/\/api.w.org\/{rel}","templated":true}]}}