{"id":28,"date":"2017-06-11T20:40:52","date_gmt":"2017-06-11T18:40:52","guid":{"rendered":"https:\/\/blogs.uni-paderborn.de\/everding\/?page_id=28"},"modified":"2017-06-12T18:20:44","modified_gmt":"2017-06-12T16:20:44","slug":"zotero-literaturrecherche","status":"publish","type":"page","link":"https:\/\/blogs.uni-paderborn.de\/everding\/zotero-literaturrecherche\/","title":{"rendered":"Zotero &#8211; Literaturrecherche"},"content":{"rendered":"<div class=\"twoclick_social_bookmarks_post_28 social_share_privacy clearfix 1.6.4 locale-de_DE sprite-de_DE\"><\/div><div class=\"twoclick-js\"><script type=\"text\/javascript\">\/* <![CDATA[ *\/\njQuery(document).ready(function($){if($('.twoclick_social_bookmarks_post_28')){$('.twoclick_social_bookmarks_post_28').socialSharePrivacy({\"txt_help\":\"Wenn Sie diese Felder durch einen Klick aktivieren, werden Informationen an Facebook, Twitter, Flattr, Xing, t3n, LinkedIn, Pinterest oder Google eventuell ins Ausland \\u00fcbertragen und unter Umst\\u00e4nden auch dort gespeichert. N\\u00e4heres erfahren Sie durch einen Klick auf das <em>i<\\\/em>.\",\"settings_perma\":\"Dauerhaft aktivieren und Daten\\u00fcber-tragung zustimmen:\",\"info_link\":\"http:\\\/\\\/www.heise.de\\\/ct\\\/artikel\\\/2-Klicks-fuer-mehr-Datenschutz-1333879.html\",\"uri\":\"https:\\\/\\\/blogs.uni-paderborn.de\\\/everding\\\/zotero-literaturrecherche\\\/\",\"post_id\":28,\"post_title_referrer_track\":\"Zotero+%26%238211%3B+Literaturrecherche\",\"display_infobox\":\"on\"});}});\n\/* ]]> *\/<\/script><\/div><p>Nach der Einf\u00fchrung in die DH wurde uns von Herrn Dr. Voges ein Programm zur einfacheren Literaturhandhabung vorgestellt: ZOTERO. Das Programm erleichtert die Literaturverwaltung \u00e4hnlich wie Citavi, es hilft Zitate aus B\u00fcchern oder Online-Texten zu sammeln, ordnen, zitieren und bei den literarischen Angaben und ist parallel zu Firefox benutzbar.<\/p>\n<p>Auf der Website werden die Funktionsm\u00f6glichkeiten kurz zusammengefasst:<\/p>\n<p><a href=\"https:\/\/www.zotero.org\/\"><em>\u201eZotero<\/em> is a powerful, easy-to-use research tool that helps you gather, organize, and analyze sources and then share the results of your research.\u201c\u00a0<\/a><\/p>\n<p>&nbsp;<\/p>\n<p><img loading=\"lazy\" decoding=\"async\" class=\"aligncenter wp-image-238 size-full\" src=\"https:\/\/blogs.uni-paderborn.de\/everding\/files\/2017\/06\/Urkunde-1.png\" width=\"955\" height=\"208\" srcset=\"https:\/\/blogs.uni-paderborn.de\/everding\/files\/2017\/06\/Urkunde-1.png 955w, https:\/\/blogs.uni-paderborn.de\/everding\/files\/2017\/06\/Urkunde-1-300x65.png 300w, https:\/\/blogs.uni-paderborn.de\/everding\/files\/2017\/06\/Urkunde-1-768x167.png 768w\" sizes=\"auto, (max-width: 767px) 89vw, (max-width: 1000px) 54vw, (max-width: 1071px) 543px, 580px\" \/><\/p>\n<p><strong>Aufgabe<\/strong> ist es nun mit Hilfe von Zotero drei Titel der Fachliteratur und drei Internetseiten \u00fcber die Urkunden zur Jesuitenuniversit\u00e4t zu verzeichnen. Die vier Urkunden zur Gr\u00fcndung des Jesuitenkollegiums, aus welchem sich die heutige Theologische Fakult\u00e4t in Paderborn entwickelt hat, haben wir bereits w\u00e4hrend der Spring School untersucht und bearbeitet.<\/p>\n<p>Zun\u00e4chst starte ich meine Recherche wie \u00fcblich ausgehend der bekannten Informationen, die den Urkunden zu entnehmen sind, wie beispielsweise die Namen der genannten Personen Theodor von F\u00fcrstenberg, Papst Paul V. und Kaiser Matthias. Anhand der Orte und Jahresdaten, wie Paderborn und 1614, kann man die weitere Suche gegebenenfalls noch weiter eingrenzen.<\/p>\n<p>&nbsp;<\/p>\n<p><img loading=\"lazy\" decoding=\"async\" class=\"aligncenter wp-image-154 size-full\" src=\"https:\/\/blogs.uni-paderborn.de\/everding\/files\/2017\/05\/Zotero-1.png\" width=\"1421\" height=\"573\" srcset=\"https:\/\/blogs.uni-paderborn.de\/everding\/files\/2017\/05\/Zotero-1.png 1421w, https:\/\/blogs.uni-paderborn.de\/everding\/files\/2017\/05\/Zotero-1-300x121.png 300w, https:\/\/blogs.uni-paderborn.de\/everding\/files\/2017\/05\/Zotero-1-768x310.png 768w, https:\/\/blogs.uni-paderborn.de\/everding\/files\/2017\/05\/Zotero-1-1024x413.png 1024w\" sizes=\"auto, (max-width: 767px) 89vw, (max-width: 1000px) 54vw, (max-width: 1071px) 543px, 580px\" \/><\/p>\n<p>&nbsp;<\/p>\n<p>Mit der Suche beim KVK oder OPAC komme ich auf einige Titel, die ich in Zotero anordne und mit einzelnen Schlagworten versehe. Ich habe nicht nur Werke zur Gr\u00fcndung, sondern auch zur Hintergrundgeschichte gefunden: die Ausgangssituation in Paderborn, den Jesuiten in Deutschland und zur Biografie der Akteure.<\/p>\n<p>Mit Hilfe der Schlagworte oder Tags kann ich ganz bestimmte Titel mit zus\u00e4tzlichen Informationen versehen und so gezielt nach Werken zu einem bestimmten Thema suchen. Folgende Tags habe ich benutzt um beispielsweise nach dem Einfluss der Jesuiten oder von Kaiser Matthias suchen zu k\u00f6nnen. Dies erleichert die Suche gerade bei einer langen Literaturliste ernorm.<\/p>\n<p><img loading=\"lazy\" decoding=\"async\" class=\"size-medium wp-image-156 aligncenter\" src=\"https:\/\/blogs.uni-paderborn.de\/everding\/files\/2017\/05\/Zotero-Tag-300x181.png\" alt=\"\" width=\"300\" height=\"181\" srcset=\"https:\/\/blogs.uni-paderborn.de\/everding\/files\/2017\/05\/Zotero-Tag-300x181.png 300w, https:\/\/blogs.uni-paderborn.de\/everding\/files\/2017\/05\/Zotero-Tag.png 423w\" sizes=\"auto, (max-width: 300px) 100vw, 300px\" \/><\/p>\n","protected":false},"excerpt":{"rendered":"<p>Nach der Einf\u00fchrung in die DH wurde uns von Herrn Dr. Voges ein Programm zur einfacheren Literaturhandhabung vorgestellt: ZOTERO. Das Programm erleichtert die Literaturverwaltung \u00e4hnlich wie Citavi, es hilft Zitate aus B\u00fcchern oder Online-Texten zu sammeln, ordnen, zitieren und bei den literarischen Angaben und ist parallel zu Firefox benutzbar. Auf der Website werden die Funktionsm\u00f6glichkeiten &hellip; <\/p>\n<p class=\"link-more\"><a href=\"https:\/\/blogs.uni-paderborn.de\/everding\/zotero-literaturrecherche\/\" class=\"more-link\"><span class=\"screen-reader-text\">\u201eZotero &#8211; Literaturrecherche\u201c <\/span>weiterlesen<\/a><\/p>\n","protected":false},"author":7862,"featured_media":0,"parent":0,"menu_order":0,"comment_status":"closed","ping_status":"closed","template":"","meta":{"footnotes":""},"class_list":["post-28","page","type-page","status-publish","hentry"],"_links":{"self":[{"href":"https:\/\/blogs.uni-paderborn.de\/everding\/wp-json\/wp\/v2\/pages\/28","targetHints":{"allow":["GET"]}}],"collection":[{"href":"https:\/\/blogs.uni-paderborn.de\/everding\/wp-json\/wp\/v2\/pages"}],"about":[{"href":"https:\/\/blogs.uni-paderborn.de\/everding\/wp-json\/wp\/v2\/types\/page"}],"author":[{"embeddable":true,"href":"https:\/\/blogs.uni-paderborn.de\/everding\/wp-json\/wp\/v2\/users\/7862"}],"replies":[{"embeddable":true,"href":"https:\/\/blogs.uni-paderborn.de\/everding\/wp-json\/wp\/v2\/comments?post=28"}],"version-history":[{"count":5,"href":"https:\/\/blogs.uni-paderborn.de\/everding\/wp-json\/wp\/v2\/pages\/28\/revisions"}],"predecessor-version":[{"id":242,"href":"https:\/\/blogs.uni-paderborn.de\/everding\/wp-json\/wp\/v2\/pages\/28\/revisions\/242"}],"wp:attachment":[{"href":"https:\/\/blogs.uni-paderborn.de\/everding\/wp-json\/wp\/v2\/media?parent=28"}],"curies":[{"name":"wp","href":"https:\/\/api.w.org\/{rel}","templated":true}]}}