{"id":18,"date":"2017-06-12T10:38:50","date_gmt":"2017-06-12T08:38:50","guid":{"rendered":"https:\/\/blogs.uni-paderborn.de\/everding\/?page_id=18"},"modified":"2017-06-12T10:38:50","modified_gmt":"2017-06-12T08:38:50","slug":"datenbanken-mit-msaccess","status":"publish","type":"page","link":"https:\/\/blogs.uni-paderborn.de\/everding\/datenbanken-mit-msaccess\/","title":{"rendered":"Datenbanken mit MSAccess"},"content":{"rendered":"<div class=\"twoclick_social_bookmarks_post_18 social_share_privacy clearfix 1.6.4 locale-de_DE sprite-de_DE\"><\/div><div class=\"twoclick-js\"><script type=\"text\/javascript\">\/* <![CDATA[ *\/\njQuery(document).ready(function($){if($('.twoclick_social_bookmarks_post_18')){$('.twoclick_social_bookmarks_post_18').socialSharePrivacy({\"txt_help\":\"Wenn Sie diese Felder durch einen Klick aktivieren, werden Informationen an Facebook, Twitter, Flattr, Xing, t3n, LinkedIn, Pinterest oder Google eventuell ins Ausland \\u00fcbertragen und unter Umst\\u00e4nden auch dort gespeichert. N\\u00e4heres erfahren Sie durch einen Klick auf das <em>i<\\\/em>.\",\"settings_perma\":\"Dauerhaft aktivieren und Daten\\u00fcber-tragung zustimmen:\",\"info_link\":\"http:\\\/\\\/www.heise.de\\\/ct\\\/artikel\\\/2-Klicks-fuer-mehr-Datenschutz-1333879.html\",\"uri\":\"https:\\\/\\\/blogs.uni-paderborn.de\\\/everding\\\/datenbanken-mit-msaccess\\\/\",\"post_id\":18,\"post_title_referrer_track\":\"Datenbanken+mit+MSAccess\",\"display_infobox\":\"on\"});}});\n\/* ]]> *\/<\/script><\/div><p>Datenbanken umgeben uns \u00fcberall im Hintergrund, deshalb sind sie ein zentrales Thema, wie beispielsweise Youtube oder der Katalog der Uni Bibliothek. Im Rahmen der Spring School hielt Dr. Marcus Weidner einen Vortrag zu Datenbanken (DB) und Datenbank-Management-Systeme (DBMS) im Zusammenhang mit seiner Forschungsarbeit zu den NS-Soldaten in Westfalen. Au\u00dferdem betreut Dr. Weidner das Internetportal Westfalen des LWL.<\/p>\n<p>Zun\u00e4chst muss zwischen Datenbanken und Datenbank-Management-Systemen unterschieden werden. Letzteres ist eine Software, mit der Datenbanken erstellt, verwaltet, gespeichert und genutzt werden k\u00f6nnen. Datenbanken sind strukturierte Sammlungen von nicht redundanten, strukturierten Daten zu einem definierten (abgegrenzten) Thema (Dom\u00e4ne) oder (Einsatz-)Zweck sowie ihrer Bedeutungen und Beziehungen. Sie beschreiben Sachverhalte.<\/p>\n<p>Grundlage von Datenbanken bilden Tabellen. Diese dienen als Datenspeicher. Diese Daten werden nach Themen und Inhalten gegliedert, wobei alle Daten nur einmal Abgespeichert werden, wodurch Daten-Redundanz verhindert wird. Diese einzelnen Tabellen bilden eine Relation. Der Tabellenname ist die Entit\u00e4t und die Zeilen die Datens\u00e4tze oder auch Entit\u00e4tsmenge. Eine Zeile ist ein Datensatz, ein Tupel. Ein Feld beinhaltet einen Wert, einen Attributwert und der Spaltenname liefert das Attribut, also die Beschreibung. Die ID bildet den Prim\u00e4rschl\u00fcssel.<\/p>\n<p>Nach der Anlage von Tabellen kann man durch verschiedene Sichten, Berechnungen, Unterformulare oder Schaltfl\u00e4chen Abfragen und Berichte zu den Daten erstellen, indem man den Indikator, den Prim\u00e4rschl\u00fcssel, in Beziehungen setzt. Es gibt 1:1-Beziehungen, bei denen eine Entit\u00e4t exakt einer anderen Entit\u00e4t zugeordnet ist. 1:n-Beziehungen, bei denen eine Entit\u00e4t keine, einer oder mehreren Entit\u00e4ten gegen\u00fcber stehen. Und n:m-Beziehungen, bei denen auf beiden Seiten beliebig viele Entit\u00e4ten in Beziehung stehen k\u00f6nnen.<\/p>\n<p>&nbsp;<\/p>\n<p><img loading=\"lazy\" decoding=\"async\" class=\"wp-image-144 aligncenter\" src=\"https:\/\/blogs.uni-paderborn.de\/everding\/files\/2017\/06\/Aufgabe-Datenbank-300x74.png\" width=\"800\" height=\"199\" srcset=\"https:\/\/blogs.uni-paderborn.de\/everding\/files\/2017\/06\/Aufgabe-Datenbank-300x74.png 300w, https:\/\/blogs.uni-paderborn.de\/everding\/files\/2017\/06\/Aufgabe-Datenbank-768x191.png 768w, https:\/\/blogs.uni-paderborn.de\/everding\/files\/2017\/06\/Aufgabe-Datenbank.png 1003w\" sizes=\"auto, (max-width: 767px) 89vw, (max-width: 1000px) 54vw, (max-width: 1071px) 543px, 580px\" \/><\/p>\n<p>&nbsp;<\/p>\n<p>Inhalt der Aufgabe war es die Daten der oben vorgegebenen Tabelle in eine Datenbank einzupflegen um bestimmte Informationen zu erhalten.<\/p>\n<p>Um m\u00f6glichst wenig Informationen in einer Tabelle zu haben, habe ich die einzelnen Elemente isoliert. Namen habe ich in Vor- und Nachname getrennt.<\/p>\n<p><img loading=\"lazy\" decoding=\"async\" class=\"aligncenter wp-image-138 size-full\" src=\"https:\/\/blogs.uni-paderborn.de\/everding\/files\/2017\/06\/tabelle-Name.png\" width=\"712\" height=\"210\" srcset=\"https:\/\/blogs.uni-paderborn.de\/everding\/files\/2017\/06\/tabelle-Name.png 712w, https:\/\/blogs.uni-paderborn.de\/everding\/files\/2017\/06\/tabelle-Name-300x88.png 300w\" sizes=\"auto, (max-width: 712px) 100vw, 712px\" \/><\/p>\n<p>Geburts- und Sterbedatum habe ich isoliert.<\/p>\n<p>Die Institution habe ich vom Parteiort getrennt.<\/p>\n<p><img loading=\"lazy\" decoding=\"async\" class=\"aligncenter wp-image-142 size-full\" src=\"https:\/\/blogs.uni-paderborn.de\/everding\/files\/2017\/06\/tablPartei.png\" width=\"700\" height=\"158\" srcset=\"https:\/\/blogs.uni-paderborn.de\/everding\/files\/2017\/06\/tablPartei.png 700w, https:\/\/blogs.uni-paderborn.de\/everding\/files\/2017\/06\/tablPartei-300x68.png 300w\" sizes=\"auto, (max-width: 700px) 100vw, 700px\" \/><\/p>\n<p>Ebenso das Eintrittsdatum von der jeweiligen Institution.<\/p>\n<p><img loading=\"lazy\" decoding=\"async\" class=\"aligncenter wp-image-140 size-full\" src=\"https:\/\/blogs.uni-paderborn.de\/everding\/files\/2017\/06\/tablEintritt.png\" width=\"736\" height=\"224\" srcset=\"https:\/\/blogs.uni-paderborn.de\/everding\/files\/2017\/06\/tablEintritt.png 736w, https:\/\/blogs.uni-paderborn.de\/everding\/files\/2017\/06\/tablEintritt-300x91.png 300w\" sizes=\"auto, (max-width: 736px) 100vw, 736px\" \/><\/p>\n<p>&nbsp;<\/p>\n<p>Durch Zusammenf\u00fchrung der jeweiligen Indikatoren ergibt sich dann wieder die urspr\u00fcngliche L\u00f6sung \u00e4hnlich wie in der Ausgangstabelle eine Spalte.<\/p>\n<p>Nun kann man gezielt nach Informationen suchen, wie beispielsweise wann ist wer in welche Institution eingetreten? Oder wie viele aus einer Institution haben den Krieg \u00fcberlebt? In welchen Heimatorten gab es besonders viele Mitglieder einer Institution? Wie alt waren die Mitglieder als sie beitraten? In welche Institution sind sie zuerst eingetreten?<\/p>\n<p>Mir war es vor allem wichtig die einzelnen Institutionen zu trennen. Da das Quellenmaterial oft unvollst\u00e4ndig ist und auch nur nach und nach zusammengetragen werden kann, muss dem DBMS genug M\u00f6glichkeiten gegeben werden noch sp\u00e4tere und weitere Entit\u00e4ten einzutragen. So k\u00f6nnte der Frage nachgegangen werden, wer in welcher Reihenfolge zu welcher Zeit welchen Institutionen wo beigetreten ist.<\/p>\n<p>&nbsp;<\/p>\n","protected":false},"excerpt":{"rendered":"<p>Datenbanken umgeben uns \u00fcberall im Hintergrund, deshalb sind sie ein zentrales Thema, wie beispielsweise Youtube oder der Katalog der Uni Bibliothek. Im Rahmen der Spring School hielt Dr. Marcus Weidner einen Vortrag zu Datenbanken (DB) und Datenbank-Management-Systeme (DBMS) im Zusammenhang mit seiner Forschungsarbeit zu den NS-Soldaten in Westfalen. Au\u00dferdem betreut Dr. Weidner das Internetportal Westfalen &hellip; <\/p>\n<p class=\"link-more\"><a href=\"https:\/\/blogs.uni-paderborn.de\/everding\/datenbanken-mit-msaccess\/\" class=\"more-link\"><span class=\"screen-reader-text\">\u201eDatenbanken mit MSAccess\u201c <\/span>weiterlesen<\/a><\/p>\n","protected":false},"author":7862,"featured_media":0,"parent":0,"menu_order":0,"comment_status":"closed","ping_status":"closed","template":"","meta":{"footnotes":""},"class_list":["post-18","page","type-page","status-publish","hentry"],"_links":{"self":[{"href":"https:\/\/blogs.uni-paderborn.de\/everding\/wp-json\/wp\/v2\/pages\/18","targetHints":{"allow":["GET"]}}],"collection":[{"href":"https:\/\/blogs.uni-paderborn.de\/everding\/wp-json\/wp\/v2\/pages"}],"about":[{"href":"https:\/\/blogs.uni-paderborn.de\/everding\/wp-json\/wp\/v2\/types\/page"}],"author":[{"embeddable":true,"href":"https:\/\/blogs.uni-paderborn.de\/everding\/wp-json\/wp\/v2\/users\/7862"}],"replies":[{"embeddable":true,"href":"https:\/\/blogs.uni-paderborn.de\/everding\/wp-json\/wp\/v2\/comments?post=18"}],"version-history":[{"count":9,"href":"https:\/\/blogs.uni-paderborn.de\/everding\/wp-json\/wp\/v2\/pages\/18\/revisions"}],"predecessor-version":[{"id":230,"href":"https:\/\/blogs.uni-paderborn.de\/everding\/wp-json\/wp\/v2\/pages\/18\/revisions\/230"}],"wp:attachment":[{"href":"https:\/\/blogs.uni-paderborn.de\/everding\/wp-json\/wp\/v2\/media?parent=18"}],"curies":[{"name":"wp","href":"https:\/\/api.w.org\/{rel}","templated":true}]}}