{"id":108,"date":"2017-06-11T20:39:33","date_gmt":"2017-06-11T18:39:33","guid":{"rendered":"https:\/\/blogs.uni-paderborn.de\/everding\/?page_id=108"},"modified":"2017-06-12T18:34:25","modified_gmt":"2017-06-12T16:34:25","slug":"mailingliste-the-humanist","status":"publish","type":"page","link":"https:\/\/blogs.uni-paderborn.de\/everding\/einfuehrung\/mailingliste-the-humanist\/","title":{"rendered":"Mailingliste &#8211; The Humanist"},"content":{"rendered":"<div class=\"twoclick_social_bookmarks_post_108 social_share_privacy clearfix 1.6.4 locale-de_DE sprite-de_DE\"><\/div><div class=\"twoclick-js\"><script type=\"text\/javascript\">\/* <![CDATA[ *\/\njQuery(document).ready(function($){if($('.twoclick_social_bookmarks_post_108')){$('.twoclick_social_bookmarks_post_108').socialSharePrivacy({\"txt_help\":\"Wenn Sie diese Felder durch einen Klick aktivieren, werden Informationen an Facebook, Twitter, Flattr, Xing, t3n, LinkedIn, Pinterest oder Google eventuell ins Ausland \\u00fcbertragen und unter Umst\\u00e4nden auch dort gespeichert. N\\u00e4heres erfahren Sie durch einen Klick auf das <em>i<\\\/em>.\",\"settings_perma\":\"Dauerhaft aktivieren und Daten\\u00fcber-tragung zustimmen:\",\"info_link\":\"http:\\\/\\\/www.heise.de\\\/ct\\\/artikel\\\/2-Klicks-fuer-mehr-Datenschutz-1333879.html\",\"uri\":\"https:\\\/\\\/blogs.uni-paderborn.de\\\/everding\\\/einfuehrung\\\/mailingliste-the-humanist\\\/\",\"post_id\":108,\"post_title_referrer_track\":\"Mailingliste+%26%238211%3B+The+Humanist\",\"display_infobox\":\"on\"});}});\n\/* ]]> *\/<\/script><\/div><p>Eine Mailingliste die die fr\u00fchste und einfachste Form des wissenschaftlichen Austausches. Wer einer Mailingliste beitritt, bekommt die Beitr\u00e4ge der anderen Mitglieder per Mail zugesandt. Im Gegensatz zu heutigen Plattformen, die einen spezifischen Austausch erlauben, werden alle Texte, Fragen, Antworten und Diskussionsbeitr\u00e4ge an alle verschickt.<\/p>\n<p>Eine der \u00e4ltesten Mailinglisten ist &#8222;<a href=\"http:\/\/dhhumanist.org\">The Humanist<\/a>&#8220; von 1987:<\/p>\n<p>&nbsp;<\/p>\n<p><img loading=\"lazy\" decoding=\"async\" class=\"aligncenter wp-image-110 size-full\" src=\"https:\/\/blogs.uni-paderborn.de\/everding\/files\/2017\/06\/The-Humanist-OBEN.png\" width=\"537\" height=\"269\" srcset=\"https:\/\/blogs.uni-paderborn.de\/everding\/files\/2017\/06\/The-Humanist-OBEN.png 537w, https:\/\/blogs.uni-paderborn.de\/everding\/files\/2017\/06\/The-Humanist-OBEN-300x150.png 300w\" sizes=\"auto, (max-width: 537px) 100vw, 537px\" \/><\/p>\n<p>&nbsp;<\/p>\n<p>Welches Ziel hat die Mailingliste \u201eHumanist\u201c?<\/p>\n<ul>\n<li>Austausch zwischen Humanistisch orientierten KollegInnen und Interessierten<\/li>\n<li>Weiterentwicklung der Gedanken zur DH<\/li>\n<li>Anregung von Diskussionen, Fragen, Antworten, Informationen und Hinweise auf Ver\u00f6ffentlichungen, Veranstaltungen, Kongresse, Tagungen, ect.<\/li>\n<\/ul>\n<p>&nbsp;<\/p>\n<p>Wer sind die Adressaten? Wer nicht? Wer kann aufgenommen werden?<\/p>\n<ul>\n<li>Mitglieder des ADHO und ACLS<\/li>\n<li>Personen, die im Bereich DH forschen und lehren<\/li>\n<li>Jeder, der sich f\u00fcr DH interessiert<\/li>\n<\/ul>\n<p>&nbsp;<\/p>\n<p>Wie funktioniert die Kommunikation \u00fcber die Liste?<\/p>\n<ul>\n<li>Kommunikation erfolgt \u00fcber E-Mail<\/li>\n<li>Jedes Mitglied der Mailingliste erh\u00e4lt jede Mail<\/li>\n<\/ul>\n<p>&nbsp;<\/p>\n<p>Durch welche Ma\u00dfnahme soll die Mailingliste institutionell anerkannt werden?<\/p>\n<ul>\n<li>Kooperation mit der Association for Computing in the Humanities (ACH) und der Association for Literary and Linguistic Computing (ALCC)<\/li>\n<\/ul>\n<p>&nbsp;<\/p>\n<p>Wie sch\u00e4tzen Sie den Erfolg\/die Bedeutung der Mailingliste ein?<\/p>\n<ul>\n<li>Zu Beginn der Mailingliste war dieses Medium die einzige Form wie sich Wissenschaftler schnell und mit vielen anderen gleichzeitig verst\u00e4ndigen und kommunizieren konnten. Alle Interessierten bekamen bequem direkt eine Mail nach Hause und konnten sich so mit vielen Mitgliedern unterhalten, mit denen die Kommunikation sonst l\u00e4nger und schwieriger geworden w\u00e4re. Deshalb denke ich, dass die Mailingliste gerade in der Anfangszeit sehr erfolgreich war. Mittlerweile gibt es viele andere Formen des Austausches wie Plattformen, Diskussionsformen oder Konferenzschaltungen via Skype. Deshalb k\u00f6nnte ich mir vorstellen, dass die hohe Bedeutung des Anfangs nachgelassen hat. Dennoch gibt es auch immer noch Mailinglisten, wie zum Beispiel von der H Soz Kult. [<a href=\"http:\/\/www.hsozkult.de\/abonnement\">http:\/\/www.hsozkult.de\/abonnement<\/a>] Die Mailinglisten zeichnen sich durch ein hohes wissenschaftliches Nivau aus, durch die Mitgliedschaft bedingt, weswegen der Erfolg in wissenschaftlicher Hinsicht nicht nachgelassen haben wird.<\/li>\n<\/ul>\n<p>&nbsp;<\/p>\n<p>Wie unterscheidet sich eine Mailingliste wie \u201eHumanist\u201c von heutigen Medien wie beispielsweise Twitter?<\/p>\n<ul>\n<li>Twitter ist f\u00fcr alle direkt zu erreichen und relativ unabh\u00e4ngig, jeder kann zu jedem Thema schreiben, ist aber auf 150 Zeichen begrenzt. Doch nicht jeder wird \u00fcber diese Nachrichten informiert. Bei der Mailingliste hingegen bekommt man, sobald man der Liste beigetreten ist, alle Beitr\u00e4ge und Informationen zu allen Themen zugesandt. Somit ist man rundum informiert und verpasst nichts. Wohingegen bei Twitter jeder schreiben kann, muss man bei der Mailingliste erst als Mitglied aufgenommen werden, wodurch die Mailingliste \u2013 bei aller Offenheit \u2013 immer noch relativ privat ist.<\/li>\n<\/ul>\n<p>&nbsp;<\/p>\n<p>&nbsp;<\/p>\n","protected":false},"excerpt":{"rendered":"<p>Eine Mailingliste die die fr\u00fchste und einfachste Form des wissenschaftlichen Austausches. Wer einer Mailingliste beitritt, bekommt die Beitr\u00e4ge der anderen Mitglieder per Mail zugesandt. Im Gegensatz zu heutigen Plattformen, die einen spezifischen Austausch erlauben, werden alle Texte, Fragen, Antworten und Diskussionsbeitr\u00e4ge an alle verschickt. Eine der \u00e4ltesten Mailinglisten ist &#8222;The Humanist&#8220; von 1987: &nbsp; &nbsp; &hellip; <\/p>\n<p class=\"link-more\"><a href=\"https:\/\/blogs.uni-paderborn.de\/everding\/einfuehrung\/mailingliste-the-humanist\/\" class=\"more-link\"><span class=\"screen-reader-text\">\u201eMailingliste &#8211; The Humanist\u201c <\/span>weiterlesen<\/a><\/p>\n","protected":false},"author":7862,"featured_media":0,"parent":4,"menu_order":2,"comment_status":"closed","ping_status":"closed","template":"","meta":{"footnotes":""},"class_list":["post-108","page","type-page","status-publish","hentry"],"_links":{"self":[{"href":"https:\/\/blogs.uni-paderborn.de\/everding\/wp-json\/wp\/v2\/pages\/108","targetHints":{"allow":["GET"]}}],"collection":[{"href":"https:\/\/blogs.uni-paderborn.de\/everding\/wp-json\/wp\/v2\/pages"}],"about":[{"href":"https:\/\/blogs.uni-paderborn.de\/everding\/wp-json\/wp\/v2\/types\/page"}],"author":[{"embeddable":true,"href":"https:\/\/blogs.uni-paderborn.de\/everding\/wp-json\/wp\/v2\/users\/7862"}],"replies":[{"embeddable":true,"href":"https:\/\/blogs.uni-paderborn.de\/everding\/wp-json\/wp\/v2\/comments?post=108"}],"version-history":[{"count":3,"href":"https:\/\/blogs.uni-paderborn.de\/everding\/wp-json\/wp\/v2\/pages\/108\/revisions"}],"predecessor-version":[{"id":202,"href":"https:\/\/blogs.uni-paderborn.de\/everding\/wp-json\/wp\/v2\/pages\/108\/revisions\/202"}],"up":[{"embeddable":true,"href":"https:\/\/blogs.uni-paderborn.de\/everding\/wp-json\/wp\/v2\/pages\/4"}],"wp:attachment":[{"href":"https:\/\/blogs.uni-paderborn.de\/everding\/wp-json\/wp\/v2\/media?parent=108"}],"curies":[{"name":"wp","href":"https:\/\/api.w.org\/{rel}","templated":true}]}}